{"id":5639,"date":"2023-09-18T09:18:46","date_gmt":"2023-09-18T09:18:46","guid":{"rendered":"https:\/\/camposdehellinqr.com\/?page_id=5639"},"modified":"2023-09-19T17:12:53","modified_gmt":"2023-09-19T17:12:53","slug":"albatana-pueblo","status":"publish","type":"page","link":"https:\/\/camposdehellinqr.com\/index.php\/albatana-pueblo\/","title":{"rendered":"Albatana"},"content":{"rendered":"\t\t<div data-elementor-type=\"wp-page\" data-elementor-id=\"5639\" class=\"elementor elementor-5639\" data-elementor-post-type=\"page\">\n\t\t\t\t\t\t\t\t\t<section class=\"elementor-section elementor-top-section elementor-element elementor-element-89ef3ac elementor-section-boxed elementor-section-height-default elementor-section-height-default\" data-id=\"89ef3ac\" data-element_type=\"section\">\n\t\t\t\t\t\t\t<div class=\"elementor-background-overlay\"><\/div>\n\t\t\t\t\t\t\t<div class=\"elementor-container elementor-column-gap-default\">\n\t\t\t\t\t<div class=\"elementor-column elementor-col-100 elementor-top-column elementor-element elementor-element-e076a23\" data-id=\"e076a23\" data-element_type=\"column\">\n\t\t\t<div class=\"elementor-widget-wrap elementor-element-populated\">\n\t\t\t\t\t\t\t\t<div class=\"elementor-element elementor-element-c7e6a46 elementor-widget elementor-widget-heading\" data-id=\"c7e6a46\" data-element_type=\"widget\" data-widget_type=\"heading.default\">\n\t\t\t\t<div class=\"elementor-widget-container\">\n\t\t\t<h3 class=\"elementor-heading-title elementor-size-default\">Albatana<\/h3>\t\t<\/div>\n\t\t\t\t<\/div>\n\t\t\t\t<div class=\"elementor-element elementor-element-bd15688 elementor-widget elementor-widget-google_maps\" data-id=\"bd15688\" data-element_type=\"widget\" data-widget_type=\"google_maps.default\">\n\t\t\t\t<div class=\"elementor-widget-container\">\n\t\t\t\t\t<div class=\"elementor-custom-embed\">\n\t\t\t<iframe loading=\"lazy\"\n\t\t\t\t\tsrc=\"https:\/\/maps.google.com\/maps?q=albatana&#038;t=m&#038;z=14&#038;output=embed&#038;iwloc=near\"\n\t\t\t\t\ttitle=\"albatana\"\n\t\t\t\t\taria-label=\"albatana\"\n\t\t\t><\/iframe>\n\t\t<\/div>\n\t\t\t\t<\/div>\n\t\t\t\t<\/div>\n\t\t\t\t<div class=\"elementor-element elementor-element-3889d7b elementor-widget elementor-widget-text-editor\" data-id=\"3889d7b\" data-element_type=\"widget\" data-widget_type=\"text-editor.default\">\n\t\t\t\t<div class=\"elementor-widget-container\">\n\t\t\t\t\t\t\t<p><span style=\"font-size: 12pt;\">El municipio de Albatana tiene una superficie de 30,1 km2 y un \u00fanico n\u00facleo urbano de 812 habitantes (INE 2010) con un descenso de m\u00e1s del 6 % en la \u00faltima d\u00e9cada. <\/span><\/p>\t\t\t\t\t\t<\/div>\n\t\t\t\t<\/div>\n\t\t\t\t<div class=\"elementor-element elementor-element-1ba3ed5 elementor-widget elementor-widget-image\" data-id=\"1ba3ed5\" data-element_type=\"widget\" data-widget_type=\"image.default\">\n\t\t\t\t<div class=\"elementor-widget-container\">\n\t\t\t\t\t\t\t\t\t\t\t\t\t\t\t\t<a href=\"\/images\/360\/01\/index.htm\">\n\t\t\t\t\t\t\t<img loading=\"lazy\" decoding=\"async\" width=\"800\" height=\"417\" src=\"https:\/\/camposdehellinqr.com\/wp-content\/uploads\/2023\/09\/albatana4.jpg\" class=\"attachment-large size-large wp-image-5567\" alt=\"\" srcset=\"https:\/\/camposdehellinqr.com\/wp-content\/uploads\/2023\/09\/albatana4.jpg 800w, https:\/\/camposdehellinqr.com\/wp-content\/uploads\/2023\/09\/albatana4-300x156.jpg 300w, https:\/\/camposdehellinqr.com\/wp-content\/uploads\/2023\/09\/albatana4-768x400.jpg 768w\" sizes=\"auto, (max-width: 800px) 100vw, 800px\" \/>\t\t\t\t\t\t\t\t<\/a>\n\t\t\t\t\t\t\t\t\t\t\t\t\t\t\t<\/div>\n\t\t\t\t<\/div>\n\t\t\t\t<div class=\"elementor-element elementor-element-a56a1c7 elementor-widget elementor-widget-text-editor\" data-id=\"a56a1c7\" data-element_type=\"widget\" data-widget_type=\"text-editor.default\">\n\t\t\t\t<div class=\"elementor-widget-container\">\n\t\t\t\t\t\t\t<p><strong><a href=\"http:\/\/www.camposdehellinqr.com\/images\/360\/01\/index.htm\">Acceder a Visita Virtual 360\u00ba<\/a><\/strong><\/p>\t\t\t\t\t\t<\/div>\n\t\t\t\t<\/div>\n\t\t\t\t<div class=\"elementor-element elementor-element-dc941c8 elementor-widget elementor-widget-text-editor\" data-id=\"dc941c8\" data-element_type=\"widget\" data-widget_type=\"text-editor.default\">\n\t\t\t\t<div class=\"elementor-widget-container\">\n\t\t\t\t\t\t\t<p>Las referencias hist\u00f3ricas de las villas de Ontur y Albatana se remontan al siglo XIII, tras la conquista del Reino de Murcia por la Corona de Castilla, cuando pertenecieron al se\u00f1or\u00edo de los S\u00e1nchez de Mazuelo, como tambi\u00e9n Pe\u00f1as de San Pedro, Montealegre del Castillo y Caudete. En 1289 se hace el amojonamiento del t\u00e9rmino de Jumilla que tiene \u201climites con la alquer\u00eda de Ontur\u201d. A mediados del siglo XIV el Concejo de Hell\u00edn compr\u00f3 a Gonzalo P\u00e9rez Calvido la dehesa del t\u00e9rmino de Albatana, para arrendarla a sus ganaderos. Entonces el resto de municipios de esta comarca \u2013 Hell\u00edn, Tobarra y Fuente-\u00c1lamo, que era parte de Chinchilla \u2013 estaban incluidos en el Se\u00f1or\u00edo de Villena, que fue repetidamente reincorporado a la Corona y vuelto a conceder a nuevos se\u00f1ores, hasta la reducci\u00f3n de la mayor\u00eda de las posesiones del Marqu\u00e9s de Villena a favor de los Reyes Cat\u00f3licos. Entonces fue consejero real Garc\u00ed Lope de Chinchilla, cuyos descendientes heredaron \u201c\u2026las villas de Ontur y Albatana con su jurisdicci\u00f3n civil y criminal y mero mixto imperio y con la horca y cuchillo y con sus fuentes de aguas abrevadero, pastos prados y ejidos y con un molino de pan harinero y con las casas y fortaleza de Ontur y con las llanas de la villa de Albatana y vi\u00f1as y con La Venta y tierras de Moj\u00f3n Blanco de regad\u00edos y secanos y con el Jara\u00edz (bodega), tinajas y cepos de prisi\u00f3n\u2026por haber sido de Lope de Chinchilla, vecino que fue de la villa de Hell\u00edn, condenado (a morir en las hogueras del auto de fe celebrado en Murcia el 8 de septiembre de 1560) y sus bienes confiscados por los delitos de herej\u00eda y apostas\u00eda\u2026Francisco de Franquis, receptor,\u2026vendo a D. Pedro de Zambrana y Fajardo\u2026por precio y cuant\u00eda de cuarenta mil ducados\u2026en Murcia a 28 de enero de 1562\u201d .El 20 de septiembre de 1560 fueron vendidos sus bienes de Agram\u00f3n, que volver\u00edan a estar vinculados a estas villas al ser heredados por los marqueses de Espinardo.<\/p>\n<p>Las villas de Ontur y Albatana fueron compradas en 1598 a los hermanos Zambrana, vecinos de Alcaraz, por Alonso de Entenza y Aldonza Cascales, vecinos de Murcia y abuelos de Juan Fajardo, primer marqu\u00e9s de Espinardo. Su descendiente Diego de Vera, para fomentar la agricultura y la repoblaci\u00f3n, consigui\u00f3 en 1751 del rey Fernando VI \u201clas condiciones con que se han de otorgar escrituras, o contratos de tierras, que ha de dar a censo enfit\u00e9utico\u201d.<\/p>\n<p>A finales siglo XVIII se construy\u00f3 la <strong>iglesia<\/strong> dedicada a San Ildefonso y Nuestra Se\u00f1ora de la Paz, las <strong>fiestas patronales<\/strong> son el 23 y 24 de enero. El templo se encuentra en la Plaza del Ayuntamiento, creada en la d\u00e9cada de 1970, y junto al Parque Municipal (1942).<\/p>\n<p>Los marqueses de Espinardo construyeron el molino de Arriba en 1742 y cuando su canal tuvo que ser sustituido en 1844 se realiz\u00f3 una conducci\u00f3n sobre arcos de siller\u00eda que es conocida como <strong>Acueducto de Albatana<\/strong>, declarado Bien de Inter\u00e9s Cultural en 1990.<\/p>\n<p>En 1811 las Cortes de C\u00e1diz decretan la abolici\u00f3n de los se\u00f1or\u00edos feudales, los marqueses perdieron el derecho a elegir los justicias de sus villas, comenzando la&nbsp; organizaci\u00f3n de los actuales ayuntamientos. En la d\u00e9cada de 1830 se crearon el partido judicial de Hell\u00edn y la Audiencia Territorial de Albacete. Entonces los vecinos pidieron la nulidad de la obligaci\u00f3n de pagar el censo, pero los tribunales reconocieron los derechos econ\u00f3micos de los marqueses, que no accedieron a vender hasta 1879. Despu\u00e9s del pago de 300.000 pesetas en 12 anualidades, en 1893 los vecinos-labradores adquirieron la plena propiedad de las tierras y los ayuntamientos asumieron otros bienes como los montes. Los municipios de Ontur y Albatana se unificaron entre 1897 y 1912.<\/p>\n<p>Los vestigios de poblamiento antiguo m\u00e1s importantes est\u00e1n el la zona arqueol\u00f3gica <strong>\u201cEl Castell\u00f3n\u201d<\/strong>, es un poblado de la Edad del Bronce reutilizado en \u00e9poca ib\u00e9rica, con incoaci\u00f3n para Bien de Inter\u00e9s Cultural en 1992.<\/p>\n<p>Albatana es tierra de <strong>vinos y aceites<\/strong> incluidos en la zona de la Denominaci\u00f3n de Origen Vinos de Jumilla y la Marca Colectiva Aceites Campos de Hell\u00edn.<\/p>\t\t\t\t\t\t<\/div>\n\t\t\t\t<\/div>\n\t\t\t\t\t<\/div>\n\t\t<\/div>\n\t\t\t\t\t\t\t<\/div>\n\t\t<\/section>\n\t\t\t\t\t\t\t<\/div>\n\t\t","protected":false},"excerpt":{"rendered":"<p>Albatana El municipio de Albatana tiene una superficie de 30,1 km2 y un \u00fanico n\u00facleo urbano de 812 habitantes (INE 2010) con un descenso de m\u00e1s del 6 % en la \u00faltima d\u00e9cada. Acceder a Visita Virtual 360\u00ba Las referencias hist\u00f3ricas de las villas de Ontur y Albatana se remontan al siglo XIII, tras la &hellip;<\/p>\n<p class=\"read-more\"> <a class=\"\" href=\"https:\/\/camposdehellinqr.com\/index.php\/albatana-pueblo\/\"> <span class=\"screen-reader-text\">Albatana<\/span> Leer m\u00e1s &raquo;<\/a><\/p>\n","protected":false},"author":1,"featured_media":0,"parent":0,"menu_order":0,"comment_status":"closed","ping_status":"closed","template":"","meta":{"site-sidebar-layout":"no-sidebar","site-content-layout":"page-builder","ast-site-content-layout":"full-width-container","site-content-style":"default","site-sidebar-style":"default","ast-global-header-display":"","ast-banner-title-visibility":"","ast-main-header-display":"","ast-hfb-above-header-display":"","ast-hfb-below-header-display":"","ast-hfb-mobile-header-display":"","site-post-title":"disabled","ast-breadcrumbs-content":"","ast-featured-img":"disabled","footer-sml-layout":"","theme-transparent-header-meta":"","adv-header-id-meta":"","stick-header-meta":"","header-above-stick-meta":"","header-main-stick-meta":"","header-below-stick-meta":"","astra-migrate-meta-layouts":"set","footnotes":""},"class_list":["post-5639","page","type-page","status-publish","hentry"],"yoast_head":"<!-- This site is optimized with the Yoast SEO Premium plugin v20.0 (Yoast SEO v21.3) - https:\/\/yoast.com\/wordpress\/plugins\/seo\/ -->\n<title>Albatana - Campos de Hell\u00edn QR<\/title>\n<meta name=\"robots\" content=\"index, follow, max-snippet:-1, max-image-preview:large, max-video-preview:-1\" \/>\n<link rel=\"canonical\" href=\"https:\/\/camposdehellinqr.com\/index.php\/albatana-pueblo\/\" \/>\n<meta property=\"og:locale\" content=\"es_ES\" \/>\n<meta property=\"og:type\" content=\"article\" \/>\n<meta property=\"og:title\" content=\"Albatana\" \/>\n<meta property=\"og:description\" content=\"Albatana El municipio de Albatana tiene una superficie de 30,1 km2 y un \u00fanico n\u00facleo urbano de 812 habitantes (INE 2010) con un descenso de m\u00e1s del 6 % en la \u00faltima d\u00e9cada. Acceder a Visita Virtual 360\u00ba Las referencias hist\u00f3ricas de las villas de Ontur y Albatana se remontan al siglo XIII, tras la &hellip; Albatana Leer m\u00e1s &raquo;\" \/>\n<meta property=\"og:url\" content=\"https:\/\/camposdehellinqr.com\/index.php\/albatana-pueblo\/\" \/>\n<meta property=\"og:site_name\" content=\"Campos de Hell\u00edn QR\" \/>\n<meta property=\"article:modified_time\" content=\"2023-09-19T17:12:53+00:00\" \/>\n<meta property=\"og:image\" content=\"https:\/\/camposdehellinqr.com\/wp-content\/uploads\/2023\/09\/albatana4.jpg\" \/>\n<meta name=\"twitter:card\" content=\"summary_large_image\" \/>\n<meta name=\"twitter:label1\" content=\"Tiempo de lectura\" \/>\n\t<meta name=\"twitter:data1\" content=\"4 minutos\" \/>\n<script type=\"application\/ld+json\" class=\"yoast-schema-graph\">{\"@context\":\"https:\/\/schema.org\",\"@graph\":[{\"@type\":\"WebPage\",\"@id\":\"https:\/\/camposdehellinqr.com\/index.php\/albatana-pueblo\/\",\"url\":\"https:\/\/camposdehellinqr.com\/index.php\/albatana-pueblo\/\",\"name\":\"Albatana - Campos de Hell\u00edn QR\",\"isPartOf\":{\"@id\":\"https:\/\/camposdehellinqr.com\/#website\"},\"datePublished\":\"2023-09-18T09:18:46+00:00\",\"dateModified\":\"2023-09-19T17:12:53+00:00\",\"breadcrumb\":{\"@id\":\"https:\/\/camposdehellinqr.com\/index.php\/albatana-pueblo\/#breadcrumb\"},\"inLanguage\":\"es\",\"potentialAction\":[{\"@type\":\"ReadAction\",\"target\":[\"https:\/\/camposdehellinqr.com\/index.php\/albatana-pueblo\/\"]}]},{\"@type\":\"BreadcrumbList\",\"@id\":\"https:\/\/camposdehellinqr.com\/index.php\/albatana-pueblo\/#breadcrumb\",\"itemListElement\":[{\"@type\":\"ListItem\",\"position\":1,\"name\":\"Home\",\"item\":\"https:\/\/camposdehellinqr.com\/\"},{\"@type\":\"ListItem\",\"position\":2,\"name\":\"Albatana\"}]},{\"@type\":\"WebSite\",\"@id\":\"https:\/\/camposdehellinqr.com\/#website\",\"url\":\"https:\/\/camposdehellinqr.com\/\",\"name\":\"Campos de Hell\u00edn QR\",\"description\":\"La comarca Campos de Hell\u00edn en 360\u00ba\",\"publisher\":{\"@id\":\"https:\/\/camposdehellinqr.com\/#organization\"},\"potentialAction\":[{\"@type\":\"SearchAction\",\"target\":{\"@type\":\"EntryPoint\",\"urlTemplate\":\"https:\/\/camposdehellinqr.com\/?s={search_term_string}\"},\"query-input\":\"required name=search_term_string\"}],\"inLanguage\":\"es\"},{\"@type\":\"Organization\",\"@id\":\"https:\/\/camposdehellinqr.com\/#organization\",\"name\":\"Campos de Hell\u00edn QR\",\"url\":\"https:\/\/camposdehellinqr.com\/\",\"logo\":{\"@type\":\"ImageObject\",\"inLanguage\":\"es\",\"@id\":\"https:\/\/camposdehellinqr.com\/#\/schema\/logo\/image\/\",\"url\":\"https:\/\/camposdehellinqr.com\/wp-content\/uploads\/2020\/02\/logoqr.png\",\"contentUrl\":\"https:\/\/camposdehellinqr.com\/wp-content\/uploads\/2020\/02\/logoqr.png\",\"width\":300,\"height\":50,\"caption\":\"Campos de Hell\u00edn QR\"},\"image\":{\"@id\":\"https:\/\/camposdehellinqr.com\/#\/schema\/logo\/image\/\"}}]}<\/script>\n<!-- \/ Yoast SEO Premium plugin. -->","yoast_head_json":{"title":"Albatana - Campos de Hell\u00edn QR","robots":{"index":"index","follow":"follow","max-snippet":"max-snippet:-1","max-image-preview":"max-image-preview:large","max-video-preview":"max-video-preview:-1"},"canonical":"https:\/\/camposdehellinqr.com\/index.php\/albatana-pueblo\/","og_locale":"es_ES","og_type":"article","og_title":"Albatana","og_description":"Albatana El municipio de Albatana tiene una superficie de 30,1 km2 y un \u00fanico n\u00facleo urbano de 812 habitantes (INE 2010) con un descenso de m\u00e1s del 6 % en la \u00faltima d\u00e9cada. Acceder a Visita Virtual 360\u00ba Las referencias hist\u00f3ricas de las villas de Ontur y Albatana se remontan al siglo XIII, tras la &hellip; Albatana Leer m\u00e1s &raquo;","og_url":"https:\/\/camposdehellinqr.com\/index.php\/albatana-pueblo\/","og_site_name":"Campos de Hell\u00edn QR","article_modified_time":"2023-09-19T17:12:53+00:00","og_image":[{"url":"https:\/\/camposdehellinqr.com\/wp-content\/uploads\/2023\/09\/albatana4.jpg"}],"twitter_card":"summary_large_image","twitter_misc":{"Tiempo de lectura":"4 minutos"},"schema":{"@context":"https:\/\/schema.org","@graph":[{"@type":"WebPage","@id":"https:\/\/camposdehellinqr.com\/index.php\/albatana-pueblo\/","url":"https:\/\/camposdehellinqr.com\/index.php\/albatana-pueblo\/","name":"Albatana - Campos de Hell\u00edn QR","isPartOf":{"@id":"https:\/\/camposdehellinqr.com\/#website"},"datePublished":"2023-09-18T09:18:46+00:00","dateModified":"2023-09-19T17:12:53+00:00","breadcrumb":{"@id":"https:\/\/camposdehellinqr.com\/index.php\/albatana-pueblo\/#breadcrumb"},"inLanguage":"es","potentialAction":[{"@type":"ReadAction","target":["https:\/\/camposdehellinqr.com\/index.php\/albatana-pueblo\/"]}]},{"@type":"BreadcrumbList","@id":"https:\/\/camposdehellinqr.com\/index.php\/albatana-pueblo\/#breadcrumb","itemListElement":[{"@type":"ListItem","position":1,"name":"Home","item":"https:\/\/camposdehellinqr.com\/"},{"@type":"ListItem","position":2,"name":"Albatana"}]},{"@type":"WebSite","@id":"https:\/\/camposdehellinqr.com\/#website","url":"https:\/\/camposdehellinqr.com\/","name":"Campos de Hell\u00edn QR","description":"La comarca Campos de Hell\u00edn en 360\u00ba","publisher":{"@id":"https:\/\/camposdehellinqr.com\/#organization"},"potentialAction":[{"@type":"SearchAction","target":{"@type":"EntryPoint","urlTemplate":"https:\/\/camposdehellinqr.com\/?s={search_term_string}"},"query-input":"required name=search_term_string"}],"inLanguage":"es"},{"@type":"Organization","@id":"https:\/\/camposdehellinqr.com\/#organization","name":"Campos de Hell\u00edn QR","url":"https:\/\/camposdehellinqr.com\/","logo":{"@type":"ImageObject","inLanguage":"es","@id":"https:\/\/camposdehellinqr.com\/#\/schema\/logo\/image\/","url":"https:\/\/camposdehellinqr.com\/wp-content\/uploads\/2020\/02\/logoqr.png","contentUrl":"https:\/\/camposdehellinqr.com\/wp-content\/uploads\/2020\/02\/logoqr.png","width":300,"height":50,"caption":"Campos de Hell\u00edn QR"},"image":{"@id":"https:\/\/camposdehellinqr.com\/#\/schema\/logo\/image\/"}}]}},"_links":{"self":[{"href":"https:\/\/camposdehellinqr.com\/index.php\/wp-json\/wp\/v2\/pages\/5639","targetHints":{"allow":["GET"]}}],"collection":[{"href":"https:\/\/camposdehellinqr.com\/index.php\/wp-json\/wp\/v2\/pages"}],"about":[{"href":"https:\/\/camposdehellinqr.com\/index.php\/wp-json\/wp\/v2\/types\/page"}],"author":[{"embeddable":true,"href":"https:\/\/camposdehellinqr.com\/index.php\/wp-json\/wp\/v2\/users\/1"}],"replies":[{"embeddable":true,"href":"https:\/\/camposdehellinqr.com\/index.php\/wp-json\/wp\/v2\/comments?post=5639"}],"version-history":[{"count":8,"href":"https:\/\/camposdehellinqr.com\/index.php\/wp-json\/wp\/v2\/pages\/5639\/revisions"}],"predecessor-version":[{"id":6422,"href":"https:\/\/camposdehellinqr.com\/index.php\/wp-json\/wp\/v2\/pages\/5639\/revisions\/6422"}],"wp:attachment":[{"href":"https:\/\/camposdehellinqr.com\/index.php\/wp-json\/wp\/v2\/media?parent=5639"}],"curies":[{"name":"wp","href":"https:\/\/api.w.org\/{rel}","templated":true}]}}