{"id":5642,"date":"2023-09-18T09:04:25","date_gmt":"2023-09-18T09:04:25","guid":{"rendered":"https:\/\/camposdehellinqr.com\/?page_id=5642"},"modified":"2023-09-19T17:12:26","modified_gmt":"2023-09-19T17:12:26","slug":"157-plaza-del-ayuntamiento-de-albatana","status":"publish","type":"page","link":"https:\/\/camposdehellinqr.com\/index.php\/157-plaza-del-ayuntamiento-de-albatana\/","title":{"rendered":"Plaza del Ayuntamiento de Albatana"},"content":{"rendered":"\t\t<div data-elementor-type=\"wp-page\" data-elementor-id=\"5642\" class=\"elementor elementor-5642\" data-elementor-post-type=\"page\">\n\t\t\t\t\t\t\t\t\t<section class=\"elementor-section elementor-top-section elementor-element elementor-element-89ef3ac elementor-section-boxed elementor-section-height-default elementor-section-height-default\" data-id=\"89ef3ac\" data-element_type=\"section\">\n\t\t\t\t\t\t\t<div class=\"elementor-background-overlay\"><\/div>\n\t\t\t\t\t\t\t<div class=\"elementor-container elementor-column-gap-default\">\n\t\t\t\t\t<div class=\"elementor-column elementor-col-100 elementor-top-column elementor-element elementor-element-e076a23\" data-id=\"e076a23\" data-element_type=\"column\">\n\t\t\t<div class=\"elementor-widget-wrap elementor-element-populated\">\n\t\t\t\t\t\t\t\t<div class=\"elementor-element elementor-element-c7e6a46 elementor-widget elementor-widget-heading\" data-id=\"c7e6a46\" data-element_type=\"widget\" data-widget_type=\"heading.default\">\n\t\t\t\t<div class=\"elementor-widget-container\">\n\t\t\t<h3 class=\"elementor-heading-title elementor-size-default\">Plaza del Ayuntamiento de Albatana<\/h3>\t\t<\/div>\n\t\t\t\t<\/div>\n\t\t\t\t<div class=\"elementor-element elementor-element-bd15688 elementor-widget elementor-widget-google_maps\" data-id=\"bd15688\" data-element_type=\"widget\" data-widget_type=\"google_maps.default\">\n\t\t\t\t<div class=\"elementor-widget-container\">\n\t\t\t\t\t<div class=\"elementor-custom-embed\">\n\t\t\t<iframe loading=\"lazy\"\n\t\t\t\t\tsrc=\"https:\/\/maps.google.com\/maps?q=plaza%20ayuntamiento%2C%20albatana&#038;t=m&#038;z=16&#038;output=embed&#038;iwloc=near\"\n\t\t\t\t\ttitle=\"plaza ayuntamiento, albatana\"\n\t\t\t\t\taria-label=\"plaza ayuntamiento, albatana\"\n\t\t\t><\/iframe>\n\t\t<\/div>\n\t\t\t\t<\/div>\n\t\t\t\t<\/div>\n\t\t\t\t<div class=\"elementor-element elementor-element-3889d7b elementor-widget elementor-widget-text-editor\" data-id=\"3889d7b\" data-element_type=\"widget\" data-widget_type=\"text-editor.default\">\n\t\t\t\t<div class=\"elementor-widget-container\">\n\t\t\t\t\t\t\t<p><span style=\"font-size: 12pt;\">La <strong>Plaza del Ayuntamiento<\/strong> actual ha tenido una dilatada gestaci\u00f3n. A finales del siglo XVIII se construye la nueva iglesia, al margen del asentamiento original de la calle Ancha y separada del nuevo barrio del Cerro, que se desarroll\u00f3 al otro lado de las huertas inundables, ahora ocupadas por El Parque. En un extremo de la plaza contin\u00faan en uso las escuelas, del plan de construcciones escolares de 1957. En noviembre de 1967 el Ayuntamiento aprob\u00f3 \u2018\u2019el compromiso de venta suscrito por el Sr. Alcalde con D. Ventura Barba Valenciano*, del sal\u00f3n de la punta de la Iglesia, en el precio de 30.000 pesetas\u2019\u2019. Aquel edificio sirvi\u00f3 de cine de invierno y para celebrar banquetes, y desde su demolici\u00f3n la plaza tiene su actual extensi\u00f3n. El conjunto de edificios p\u00fablicos se completo a partir de 1971 cuando la Corporaci\u00f3n acuerda: \u201cque en la lista de obras que necesita el pueblo, se comience incluyendo en primer lugar la de alcantarillado y una vez hecho sigan en lugar preferente el asfaltado de todas las calles y construcci\u00f3n de una casa Ayuntamiento\u201d.<\/span><\/p>\t\t\t\t\t\t<\/div>\n\t\t\t\t<\/div>\n\t\t\t\t<div class=\"elementor-element elementor-element-1ba3ed5 elementor-widget elementor-widget-image\" data-id=\"1ba3ed5\" data-element_type=\"widget\" data-widget_type=\"image.default\">\n\t\t\t\t<div class=\"elementor-widget-container\">\n\t\t\t\t\t\t\t\t\t\t\t\t\t\t\t\t<a href=\"\/images\/360\/03\/index.htm\">\n\t\t\t\t\t\t\t<img loading=\"lazy\" decoding=\"async\" width=\"800\" height=\"327\" src=\"https:\/\/camposdehellinqr.com\/wp-content\/uploads\/2023\/09\/ildefonso.jpg\" class=\"attachment-large size-large wp-image-5666\" alt=\"\" srcset=\"https:\/\/camposdehellinqr.com\/wp-content\/uploads\/2023\/09\/ildefonso.jpg 800w, https:\/\/camposdehellinqr.com\/wp-content\/uploads\/2023\/09\/ildefonso-300x123.jpg 300w, https:\/\/camposdehellinqr.com\/wp-content\/uploads\/2023\/09\/ildefonso-768x314.jpg 768w\" sizes=\"auto, (max-width: 800px) 100vw, 800px\" \/>\t\t\t\t\t\t\t\t<\/a>\n\t\t\t\t\t\t\t\t\t\t\t\t\t\t\t<\/div>\n\t\t\t\t<\/div>\n\t\t\t\t<div class=\"elementor-element elementor-element-a56a1c7 elementor-widget elementor-widget-text-editor\" data-id=\"a56a1c7\" data-element_type=\"widget\" data-widget_type=\"text-editor.default\">\n\t\t\t\t<div class=\"elementor-widget-container\">\n\t\t\t\t\t\t\t<p><strong><a href=\"http:\/\/www.camposdehellinqr.com\/images\/360\/03\/index.htm\">Acceder a Visita Virtual 360\u00ba<\/a><\/strong><\/p>\t\t\t\t\t\t<\/div>\n\t\t\t\t<\/div>\n\t\t\t\t<div class=\"elementor-element elementor-element-dc941c8 elementor-widget elementor-widget-text-editor\" data-id=\"dc941c8\" data-element_type=\"widget\" data-widget_type=\"text-editor.default\">\n\t\t\t\t<div class=\"elementor-widget-container\">\n\t\t\t\t\t\t\t<p>La <strong>Iglesia Parroquial<\/strong> seg\u00fan el \u201cPlano y Perfil de la Portada de la Yglesia nueva de Albatana\u201d firmado en Jumilla, Nove 26 de 1799, por Gil Cerezo, \u00dabeda y R. Berenguer, ser\u00eda promovida por la Parroquia de Santiago de Jumilla, de la que depend\u00edan Ontur y Albatana. A su servicio trabajaba el arquitecto Ram\u00f3n Berenguer y Sabater. Pero sin m\u00e1s datos, tambi\u00e9n se ha considerado la influencia de Lorenzo Alonso Franco, por las semejanzas con sus obras en otras poblaciones cercanas. Este edificio era hermano del desaparecido templo de Ontur, salvo las diferencias en las torres de los campanarios, que fueron construidas posteriormente. Esta torre tiene en com\u00fan con otras de mediados del siglo XIX su cuerpo de campanas ochavado cubierto con c\u00fapula. Ambas iglesias sustituir\u00edan a las que el Marqu\u00e9s de Espinardo tuvo que sufragar seg\u00fan una de las condiciones de 1751 para la repoblaci\u00f3n de sus villas.<\/p>\t\t\t\t\t\t<\/div>\n\t\t\t\t<\/div>\n\t\t\t\t<div class=\"elementor-element elementor-element-e0f8984 elementor-widget elementor-widget-image\" data-id=\"e0f8984\" data-element_type=\"widget\" data-widget_type=\"image.default\">\n\t\t\t\t<div class=\"elementor-widget-container\">\n\t\t\t\t\t\t\t\t\t\t\t\t\t\t\t<img loading=\"lazy\" decoding=\"async\" width=\"779\" height=\"1024\" src=\"https:\/\/camposdehellinqr.com\/wp-content\/uploads\/2023\/09\/albatana-779x1024.jpg\" class=\"attachment-large size-large wp-image-5679\" alt=\"\" srcset=\"https:\/\/camposdehellinqr.com\/wp-content\/uploads\/2023\/09\/albatana-779x1024.jpg 779w, https:\/\/camposdehellinqr.com\/wp-content\/uploads\/2023\/09\/albatana-228x300.jpg 228w, https:\/\/camposdehellinqr.com\/wp-content\/uploads\/2023\/09\/albatana-768x1010.jpg 768w, https:\/\/camposdehellinqr.com\/wp-content\/uploads\/2023\/09\/albatana.jpg 800w\" sizes=\"auto, (max-width: 779px) 100vw, 779px\" \/>\t\t\t\t\t\t\t\t\t\t\t\t\t\t\t<\/div>\n\t\t\t\t<\/div>\n\t\t\t\t<div class=\"elementor-element elementor-element-3687a03 elementor-widget elementor-widget-text-editor\" data-id=\"3687a03\" data-element_type=\"widget\" data-widget_type=\"text-editor.default\">\n\t\t\t\t<div class=\"elementor-widget-container\">\n\t\t\t\t\t\t\t<p>La \u00fanica nave de la iglesia est\u00e1 cubierta por b\u00f3veda con lunetos, las ventanas de medio punto est\u00e1n a la altura de la misma, apoya sobre una cornisa de gran vuelo y la dividen en tres tramos dos arcos fajones, que se corresponden a las pilastras adosadas a los contrafuertes. Hasta la altura del z\u00f3calo toda la obra esta realizada con la piedra biocalcarenita, caracter\u00edstica de esta comarca. Los muros son de sillarejo y las molduras de ladrillo, todo revocado, salvo los elementos con dicha piedra, que tambi\u00e9n se empleo para el nuevo suelo y otros elementos como el altar, durante la restauraci\u00f3n m\u00e1s reciente realizada en 1989. El mural, tras el altar, es obra del pintor afincado en Hell\u00edn, Francisco Reolid, 1990. Entre los contrafuertes hay capillas-hornacinas para las im\u00e1genes, en la primera del lado de la ep\u00edstola est\u00e1 el acceso a la sacrist\u00eda y enfrente, en la primera del lado del evangelio, se ubica el grupo escult\u00f3rico titular de San Ildefonso y Nuestra Se\u00f1ora de la Paz.<\/p>\t\t\t\t\t\t<\/div>\n\t\t\t\t<\/div>\n\t\t\t\t<div class=\"elementor-element elementor-element-cd1768b elementor-widget elementor-widget-image\" data-id=\"cd1768b\" data-element_type=\"widget\" data-widget_type=\"image.default\">\n\t\t\t\t<div class=\"elementor-widget-container\">\n\t\t\t\t\t\t\t\t\t\t\t\t\t\t\t<img loading=\"lazy\" decoding=\"async\" width=\"800\" height=\"420\" src=\"https:\/\/camposdehellinqr.com\/wp-content\/uploads\/2023\/09\/albatana3.jpg\" class=\"attachment-large size-large wp-image-5667\" alt=\"\" srcset=\"https:\/\/camposdehellinqr.com\/wp-content\/uploads\/2023\/09\/albatana3.jpg 800w, https:\/\/camposdehellinqr.com\/wp-content\/uploads\/2023\/09\/albatana3-300x158.jpg 300w, https:\/\/camposdehellinqr.com\/wp-content\/uploads\/2023\/09\/albatana3-768x403.jpg 768w\" sizes=\"auto, (max-width: 800px) 100vw, 800px\" \/>\t\t\t\t\t\t\t\t\t\t\t\t\t\t\t<\/div>\n\t\t\t\t<\/div>\n\t\t\t\t<div class=\"elementor-element elementor-element-75f23be elementor-widget elementor-widget-text-editor\" data-id=\"75f23be\" data-element_type=\"widget\" data-widget_type=\"text-editor.default\">\n\t\t\t\t<div class=\"elementor-widget-container\">\n\t\t\t\t\t\t\t<p>El <strong>Parque Municipal<\/strong> fue creado \u201cSiendo necesario el ensanche, extensi\u00f3n y saneamiento de la poblaci\u00f3n \u2013 seg\u00fan el acta del 28 de febrero de 1942 &#8211; la Corporaci\u00f3n conoci\u00f3 del expediente instruido de aprecio de los terrenos y edificaci\u00f3n situados entre los dos barrios de la poblaci\u00f3n desde el paseo (de las moreras) al camino de abajo, en donde ha de instalarse el parque forestal acordado de utilidad p\u00fablica en sesi\u00f3n del d\u00eda treinta de agosto de mil novecientos cuarenta y uno y acord\u00f3 por unanimidad aprobar los precios estipulados a seiscientas pesetas la taulla\u2026y tambi\u00e9n el plano formado por el Ayudante Facultativo de Minas D. Francisco Lasheras Mar\u00edn.\u201d<\/p><p>En<strong> La Puerta del Casino<\/strong>, en el extremo opuesto del Parque Municipal, abocan las calles m\u00e1s antiguas de la poblaci\u00f3n. Este nombre, no oficial, es en recuerdo de los casinos que precedieron a los bares. En 1941 se procedi\u00f3 al \u2018\u2019ensanche del camino denominado del \u00abMoral\u00bb para que pueda circular por \u00e9l \u00abLa Requenense\u00bb\u201d. Frente al ambulatorio, nombre oficial, estuvo una de las fuentes del primer abastecimiento p\u00fablico logrado en 1952 (Agua de la Casa del Rico). Y aqu\u00ed se instala el mercado de los viernes desde 1969.<\/p>\t\t\t\t\t\t<\/div>\n\t\t\t\t<\/div>\n\t\t\t\t\t<\/div>\n\t\t<\/div>\n\t\t\t\t\t\t\t<\/div>\n\t\t<\/section>\n\t\t\t\t\t\t\t<\/div>\n\t\t","protected":false},"excerpt":{"rendered":"<p>Plaza del Ayuntamiento de Albatana La Plaza del Ayuntamiento actual ha tenido una dilatada gestaci\u00f3n. A finales del siglo XVIII se construye la nueva iglesia, al margen del asentamiento original de la calle Ancha y separada del nuevo barrio del Cerro, que se desarroll\u00f3 al otro lado de las huertas inundables, ahora ocupadas por El &hellip;<\/p>\n<p class=\"read-more\"> <a class=\"\" href=\"https:\/\/camposdehellinqr.com\/index.php\/157-plaza-del-ayuntamiento-de-albatana\/\"> <span class=\"screen-reader-text\">Plaza del Ayuntamiento de Albatana<\/span> Leer m\u00e1s &raquo;<\/a><\/p>\n","protected":false},"author":1,"featured_media":0,"parent":0,"menu_order":0,"comment_status":"closed","ping_status":"closed","template":"","meta":{"site-sidebar-layout":"no-sidebar","site-content-layout":"page-builder","ast-site-content-layout":"full-width-container","site-content-style":"default","site-sidebar-style":"default","ast-global-header-display":"","ast-banner-title-visibility":"","ast-main-header-display":"","ast-hfb-above-header-display":"","ast-hfb-below-header-display":"","ast-hfb-mobile-header-display":"","site-post-title":"disabled","ast-breadcrumbs-content":"","ast-featured-img":"disabled","footer-sml-layout":"","theme-transparent-header-meta":"","adv-header-id-meta":"","stick-header-meta":"","header-above-stick-meta":"","header-main-stick-meta":"","header-below-stick-meta":"","astra-migrate-meta-layouts":"set","footnotes":""},"class_list":["post-5642","page","type-page","status-publish","hentry"],"yoast_head":"<!-- This site is optimized with the Yoast SEO Premium plugin v20.0 (Yoast SEO v21.3) - https:\/\/yoast.com\/wordpress\/plugins\/seo\/ -->\n<title>Plaza del Ayuntamiento de Albatana - Campos de Hell\u00edn QR<\/title>\n<meta name=\"robots\" content=\"index, follow, max-snippet:-1, max-image-preview:large, max-video-preview:-1\" \/>\n<link rel=\"canonical\" href=\"https:\/\/camposdehellinqr.com\/index.php\/157-plaza-del-ayuntamiento-de-albatana\/\" \/>\n<meta property=\"og:locale\" content=\"es_ES\" \/>\n<meta property=\"og:type\" content=\"article\" \/>\n<meta property=\"og:title\" content=\"Plaza del Ayuntamiento de Albatana\" \/>\n<meta property=\"og:description\" content=\"Plaza del Ayuntamiento de Albatana La Plaza del Ayuntamiento actual ha tenido una dilatada gestaci\u00f3n. A finales del siglo XVIII se construye la nueva iglesia, al margen del asentamiento original de la calle Ancha y separada del nuevo barrio del Cerro, que se desarroll\u00f3 al otro lado de las huertas inundables, ahora ocupadas por El &hellip; Plaza del Ayuntamiento de Albatana Leer m\u00e1s &raquo;\" \/>\n<meta property=\"og:url\" content=\"https:\/\/camposdehellinqr.com\/index.php\/157-plaza-del-ayuntamiento-de-albatana\/\" \/>\n<meta property=\"og:site_name\" content=\"Campos de Hell\u00edn QR\" \/>\n<meta property=\"article:modified_time\" content=\"2023-09-19T17:12:26+00:00\" \/>\n<meta property=\"og:image\" content=\"https:\/\/camposdehellinqr.com\/wp-content\/uploads\/2023\/09\/ildefonso.jpg\" \/>\n<meta name=\"twitter:card\" content=\"summary_large_image\" \/>\n<meta name=\"twitter:label1\" content=\"Tiempo de lectura\" \/>\n\t<meta name=\"twitter:data1\" content=\"4 minutos\" \/>\n<script type=\"application\/ld+json\" class=\"yoast-schema-graph\">{\"@context\":\"https:\/\/schema.org\",\"@graph\":[{\"@type\":\"WebPage\",\"@id\":\"https:\/\/camposdehellinqr.com\/index.php\/157-plaza-del-ayuntamiento-de-albatana\/\",\"url\":\"https:\/\/camposdehellinqr.com\/index.php\/157-plaza-del-ayuntamiento-de-albatana\/\",\"name\":\"Plaza del Ayuntamiento de Albatana - Campos de Hell\u00edn QR\",\"isPartOf\":{\"@id\":\"https:\/\/camposdehellinqr.com\/#website\"},\"datePublished\":\"2023-09-18T09:04:25+00:00\",\"dateModified\":\"2023-09-19T17:12:26+00:00\",\"breadcrumb\":{\"@id\":\"https:\/\/camposdehellinqr.com\/index.php\/157-plaza-del-ayuntamiento-de-albatana\/#breadcrumb\"},\"inLanguage\":\"es\",\"potentialAction\":[{\"@type\":\"ReadAction\",\"target\":[\"https:\/\/camposdehellinqr.com\/index.php\/157-plaza-del-ayuntamiento-de-albatana\/\"]}]},{\"@type\":\"BreadcrumbList\",\"@id\":\"https:\/\/camposdehellinqr.com\/index.php\/157-plaza-del-ayuntamiento-de-albatana\/#breadcrumb\",\"itemListElement\":[{\"@type\":\"ListItem\",\"position\":1,\"name\":\"Home\",\"item\":\"https:\/\/camposdehellinqr.com\/\"},{\"@type\":\"ListItem\",\"position\":2,\"name\":\"Plaza del Ayuntamiento de Albatana\"}]},{\"@type\":\"WebSite\",\"@id\":\"https:\/\/camposdehellinqr.com\/#website\",\"url\":\"https:\/\/camposdehellinqr.com\/\",\"name\":\"Campos de Hell\u00edn QR\",\"description\":\"La comarca Campos de Hell\u00edn en 360\u00ba\",\"publisher\":{\"@id\":\"https:\/\/camposdehellinqr.com\/#organization\"},\"potentialAction\":[{\"@type\":\"SearchAction\",\"target\":{\"@type\":\"EntryPoint\",\"urlTemplate\":\"https:\/\/camposdehellinqr.com\/?s={search_term_string}\"},\"query-input\":\"required name=search_term_string\"}],\"inLanguage\":\"es\"},{\"@type\":\"Organization\",\"@id\":\"https:\/\/camposdehellinqr.com\/#organization\",\"name\":\"Campos de Hell\u00edn QR\",\"url\":\"https:\/\/camposdehellinqr.com\/\",\"logo\":{\"@type\":\"ImageObject\",\"inLanguage\":\"es\",\"@id\":\"https:\/\/camposdehellinqr.com\/#\/schema\/logo\/image\/\",\"url\":\"https:\/\/camposdehellinqr.com\/wp-content\/uploads\/2020\/02\/logoqr.png\",\"contentUrl\":\"https:\/\/camposdehellinqr.com\/wp-content\/uploads\/2020\/02\/logoqr.png\",\"width\":300,\"height\":50,\"caption\":\"Campos de Hell\u00edn QR\"},\"image\":{\"@id\":\"https:\/\/camposdehellinqr.com\/#\/schema\/logo\/image\/\"}}]}<\/script>\n<!-- \/ Yoast SEO Premium plugin. -->","yoast_head_json":{"title":"Plaza del Ayuntamiento de Albatana - Campos de Hell\u00edn QR","robots":{"index":"index","follow":"follow","max-snippet":"max-snippet:-1","max-image-preview":"max-image-preview:large","max-video-preview":"max-video-preview:-1"},"canonical":"https:\/\/camposdehellinqr.com\/index.php\/157-plaza-del-ayuntamiento-de-albatana\/","og_locale":"es_ES","og_type":"article","og_title":"Plaza del Ayuntamiento de Albatana","og_description":"Plaza del Ayuntamiento de Albatana La Plaza del Ayuntamiento actual ha tenido una dilatada gestaci\u00f3n. A finales del siglo XVIII se construye la nueva iglesia, al margen del asentamiento original de la calle Ancha y separada del nuevo barrio del Cerro, que se desarroll\u00f3 al otro lado de las huertas inundables, ahora ocupadas por El &hellip; Plaza del Ayuntamiento de Albatana Leer m\u00e1s &raquo;","og_url":"https:\/\/camposdehellinqr.com\/index.php\/157-plaza-del-ayuntamiento-de-albatana\/","og_site_name":"Campos de Hell\u00edn QR","article_modified_time":"2023-09-19T17:12:26+00:00","og_image":[{"url":"https:\/\/camposdehellinqr.com\/wp-content\/uploads\/2023\/09\/ildefonso.jpg"}],"twitter_card":"summary_large_image","twitter_misc":{"Tiempo de lectura":"4 minutos"},"schema":{"@context":"https:\/\/schema.org","@graph":[{"@type":"WebPage","@id":"https:\/\/camposdehellinqr.com\/index.php\/157-plaza-del-ayuntamiento-de-albatana\/","url":"https:\/\/camposdehellinqr.com\/index.php\/157-plaza-del-ayuntamiento-de-albatana\/","name":"Plaza del Ayuntamiento de Albatana - Campos de Hell\u00edn QR","isPartOf":{"@id":"https:\/\/camposdehellinqr.com\/#website"},"datePublished":"2023-09-18T09:04:25+00:00","dateModified":"2023-09-19T17:12:26+00:00","breadcrumb":{"@id":"https:\/\/camposdehellinqr.com\/index.php\/157-plaza-del-ayuntamiento-de-albatana\/#breadcrumb"},"inLanguage":"es","potentialAction":[{"@type":"ReadAction","target":["https:\/\/camposdehellinqr.com\/index.php\/157-plaza-del-ayuntamiento-de-albatana\/"]}]},{"@type":"BreadcrumbList","@id":"https:\/\/camposdehellinqr.com\/index.php\/157-plaza-del-ayuntamiento-de-albatana\/#breadcrumb","itemListElement":[{"@type":"ListItem","position":1,"name":"Home","item":"https:\/\/camposdehellinqr.com\/"},{"@type":"ListItem","position":2,"name":"Plaza del Ayuntamiento de Albatana"}]},{"@type":"WebSite","@id":"https:\/\/camposdehellinqr.com\/#website","url":"https:\/\/camposdehellinqr.com\/","name":"Campos de Hell\u00edn QR","description":"La comarca Campos de Hell\u00edn en 360\u00ba","publisher":{"@id":"https:\/\/camposdehellinqr.com\/#organization"},"potentialAction":[{"@type":"SearchAction","target":{"@type":"EntryPoint","urlTemplate":"https:\/\/camposdehellinqr.com\/?s={search_term_string}"},"query-input":"required name=search_term_string"}],"inLanguage":"es"},{"@type":"Organization","@id":"https:\/\/camposdehellinqr.com\/#organization","name":"Campos de Hell\u00edn QR","url":"https:\/\/camposdehellinqr.com\/","logo":{"@type":"ImageObject","inLanguage":"es","@id":"https:\/\/camposdehellinqr.com\/#\/schema\/logo\/image\/","url":"https:\/\/camposdehellinqr.com\/wp-content\/uploads\/2020\/02\/logoqr.png","contentUrl":"https:\/\/camposdehellinqr.com\/wp-content\/uploads\/2020\/02\/logoqr.png","width":300,"height":50,"caption":"Campos de Hell\u00edn QR"},"image":{"@id":"https:\/\/camposdehellinqr.com\/#\/schema\/logo\/image\/"}}]}},"_links":{"self":[{"href":"https:\/\/camposdehellinqr.com\/index.php\/wp-json\/wp\/v2\/pages\/5642","targetHints":{"allow":["GET"]}}],"collection":[{"href":"https:\/\/camposdehellinqr.com\/index.php\/wp-json\/wp\/v2\/pages"}],"about":[{"href":"https:\/\/camposdehellinqr.com\/index.php\/wp-json\/wp\/v2\/types\/page"}],"author":[{"embeddable":true,"href":"https:\/\/camposdehellinqr.com\/index.php\/wp-json\/wp\/v2\/users\/1"}],"replies":[{"embeddable":true,"href":"https:\/\/camposdehellinqr.com\/index.php\/wp-json\/wp\/v2\/comments?post=5642"}],"version-history":[{"count":5,"href":"https:\/\/camposdehellinqr.com\/index.php\/wp-json\/wp\/v2\/pages\/5642\/revisions"}],"predecessor-version":[{"id":6419,"href":"https:\/\/camposdehellinqr.com\/index.php\/wp-json\/wp\/v2\/pages\/5642\/revisions\/6419"}],"wp:attachment":[{"href":"https:\/\/camposdehellinqr.com\/index.php\/wp-json\/wp\/v2\/media?parent=5642"}],"curies":[{"name":"wp","href":"https:\/\/api.w.org\/{rel}","templated":true}]}}