{"id":5754,"date":"2023-09-18T11:46:05","date_gmt":"2023-09-18T11:46:05","guid":{"rendered":"https:\/\/camposdehellinqr.com\/?page_id=5754"},"modified":"2023-09-19T17:08:46","modified_gmt":"2023-09-19T17:08:46","slug":"fuente-alamo-y-el-agua","status":"publish","type":"page","link":"https:\/\/camposdehellinqr.com\/index.php\/fuente-alamo-y-el-agua\/","title":{"rendered":"Fuente-\u00c1lamo y el agua"},"content":{"rendered":"\t\t<div data-elementor-type=\"wp-page\" data-elementor-id=\"5754\" class=\"elementor elementor-5754\" data-elementor-post-type=\"page\">\n\t\t\t\t\t\t\t\t\t<section class=\"elementor-section elementor-top-section elementor-element elementor-element-89ef3ac elementor-section-boxed elementor-section-height-default elementor-section-height-default\" data-id=\"89ef3ac\" data-element_type=\"section\">\n\t\t\t\t\t\t\t<div class=\"elementor-background-overlay\"><\/div>\n\t\t\t\t\t\t\t<div class=\"elementor-container elementor-column-gap-default\">\n\t\t\t\t\t<div class=\"elementor-column elementor-col-100 elementor-top-column elementor-element elementor-element-e076a23\" data-id=\"e076a23\" data-element_type=\"column\">\n\t\t\t<div class=\"elementor-widget-wrap elementor-element-populated\">\n\t\t\t\t\t\t\t\t<div class=\"elementor-element elementor-element-c7e6a46 elementor-widget elementor-widget-heading\" data-id=\"c7e6a46\" data-element_type=\"widget\" data-widget_type=\"heading.default\">\n\t\t\t\t<div class=\"elementor-widget-container\">\n\t\t\t<h3 class=\"elementor-heading-title elementor-size-default\">Fuente-\u00c1lamo y el Agua<\/h3>\t\t<\/div>\n\t\t\t\t<\/div>\n\t\t\t\t<div class=\"elementor-element elementor-element-bd15688 elementor-widget elementor-widget-google_maps\" data-id=\"bd15688\" data-element_type=\"widget\" data-widget_type=\"google_maps.default\">\n\t\t\t\t<div class=\"elementor-widget-container\">\n\t\t\t\t\t<div class=\"elementor-custom-embed\">\n\t\t\t<iframe loading=\"lazy\"\n\t\t\t\t\tsrc=\"https:\/\/maps.google.com\/maps?q=fuente-alamo%2C%20albacete&#038;t=m&#038;z=16&#038;output=embed&#038;iwloc=near\"\n\t\t\t\t\ttitle=\"fuente-alamo, albacete\"\n\t\t\t\t\taria-label=\"fuente-alamo, albacete\"\n\t\t\t><\/iframe>\n\t\t<\/div>\n\t\t\t\t<\/div>\n\t\t\t\t<\/div>\n\t\t\t\t<div class=\"elementor-element elementor-element-3889d7b elementor-widget elementor-widget-text-editor\" data-id=\"3889d7b\" data-element_type=\"widget\" data-widget_type=\"text-editor.default\">\n\t\t\t\t<div class=\"elementor-widget-container\">\n\t\t\t\t\t\t\t<p><strong>Fuente-\u00c1lamo es agua y naturaleza.<\/strong> Vamos a recorrer una selecci\u00f3n de parajes donde la naturaleza adquiere gran valor por el agua.<\/p><p>En este municipio se pueden diferenciar tres franjas a lo largo de norte a sur, seg\u00fan el relieve y la forma en se manifiesta el agua. La m\u00e1s oriental, que limita con el municipio de Jumilla, es la de mayor altitud, cuyos cerros est\u00e1n ocupados por los parques e\u00f3licos de Los Almendros (Jumilla) y de Los Pedreros (Fuente-\u00c1lamo). Aqu\u00ed, entre las vaguadas se excavaron fuentes artificiales. En la franja intermedia el agua ya se manifiesta en manantiales naturales, en los tramos iniciales de unas ramblas que se abren paso hacia una amplia ca\u00f1ada, es la tercera franja, surcada por los cauces que descienden de norte a sur para coincidir en el extremo meridional del municipio, donde est\u00e1 el embalse que comparte con Ontur. Aguas abajo, el arroyo que forman se une al de Tobarra, cerca de Minateda, para desembocar en el r\u00edo Mundo. Hidrol\u00f3gicamente, Fuente-\u00c1lamo es, sin duda, parte de la comarca natural de los Campos de Hell\u00edn.<\/p><p>En el parque del Cerrico Bellote se puede aprovechar el f\u00e1cil acceso hasta la cumbre de cualquiera de los dos cerros, entre los que se encuentra, para contemplar las vistas que alcanzan la mayor parte del municipio y comprobar la descripci\u00f3n anterior.<\/p>\t\t\t\t\t\t<\/div>\n\t\t\t\t<\/div>\n\t\t\t\t<div class=\"elementor-element elementor-element-1ba3ed5 elementor-widget elementor-widget-image\" data-id=\"1ba3ed5\" data-element_type=\"widget\" data-widget_type=\"image.default\">\n\t\t\t\t<div class=\"elementor-widget-container\">\n\t\t\t\t\t\t\t\t\t\t\t\t\t\t\t\t<a href=\"\/images\/360\/10\/index.htm\">\n\t\t\t\t\t\t\t<img loading=\"lazy\" decoding=\"async\" width=\"800\" height=\"327\" src=\"https:\/\/camposdehellinqr.com\/wp-content\/uploads\/2023\/09\/billote.jpg\" class=\"attachment-large size-large wp-image-5705\" alt=\"\" srcset=\"https:\/\/camposdehellinqr.com\/wp-content\/uploads\/2023\/09\/billote.jpg 800w, https:\/\/camposdehellinqr.com\/wp-content\/uploads\/2023\/09\/billote-300x123.jpg 300w, https:\/\/camposdehellinqr.com\/wp-content\/uploads\/2023\/09\/billote-768x314.jpg 768w\" sizes=\"auto, (max-width: 800px) 100vw, 800px\" \/>\t\t\t\t\t\t\t\t<\/a>\n\t\t\t\t\t\t\t\t\t\t\t\t\t\t\t<\/div>\n\t\t\t\t<\/div>\n\t\t\t\t<div class=\"elementor-element elementor-element-a56a1c7 elementor-widget elementor-widget-text-editor\" data-id=\"a56a1c7\" data-element_type=\"widget\" data-widget_type=\"text-editor.default\">\n\t\t\t\t<div class=\"elementor-widget-container\">\n\t\t\t\t\t\t\t<p><strong><a href=\"http:\/\/www.camposdehellinqr.com\/images\/360\/10\/index.htm\">Acceder a Visita Virtual 360\u00ba<\/a><\/strong><\/p>\t\t\t\t\t\t<\/div>\n\t\t\t\t<\/div>\n\t\t\t\t<div class=\"elementor-element elementor-element-dc941c8 elementor-widget elementor-widget-text-editor\" data-id=\"dc941c8\" data-element_type=\"widget\" data-widget_type=\"text-editor.default\">\n\t\t\t\t<div class=\"elementor-widget-container\">\n\t\t\t\t\t\t\t<p>La plaza del pueblo (donde est\u00e1 el panel) se form\u00f3 entorno a la fuente y el \u00e1lamo que dieron nombre a esta localidad. Pero para conocer un ejemplo en su estado original proponemos desplazarnos hacia el extremo norte y de mayor altitud del municipio. A cinco kil\u00f3metros del n\u00facleo urbano, junto a la carretera hacia Almansa, encontramos la <strong>Fuente del Escaramujo<\/strong> situada en el inicio de la rambla del mismo nombre. Se aprovech\u00f3 el desnivel para la boca de la galer\u00eda (\u201cminao\u201d). El frente de la excavaci\u00f3n se protegi\u00f3 de las aguas torrenciales con un muro de mamposter\u00eda. La longitud de la excavaci\u00f3n depend\u00eda de las condiciones hidrogeol\u00f3gicas y del caudal que se quer\u00eda drenar. Hoy no nace agua, pero m\u00e1s abajo, junto a la carretera, en \u00e9pocas de abundantes lluvias se forma una charca que delatan varios chopos, o \u00e1lamos negros, lombardos (populus nigra var. italica). Con el agua de estas fuentes se pod\u00eda saciar la sed propia, la del ganado y, a m\u00e1s, cultivar las peque\u00f1as huertas de las casas de campo, que subsistieron a lo largo de todo el municipio hasta medidos del siglo XX, cuando fueron abandonadas en busca de las comodidades que ofrec\u00edan los n\u00facleos urbanos.<\/p><p>Al sur del pueblo, junto a la carretera de Hell\u00edn y la ladera meridional del cerro Mainet\u00f3n, encontramos un ejemplo de manantial en el paraje <strong>Los Chortales<\/strong>, que es llamado as\u00ed porque el agua aflora de forma natural formando peque\u00f1as charcas. La existencia de agua y la buena comunicaci\u00f3n eran las condiciones propicias para la existencia de varias casas de campo, donde hubo poblaci\u00f3n estable dedicada a la agricultura. Entorno al cauce prolifero una amplia olmeda. El paraje fue degrad\u00e1ndose a partir del despoblamiento y la devastaci\u00f3n natural de los olmos por la enfermedad de la grafiosis. En la actualidad los s\u00edntomas de regeneraci\u00f3n vegetal, aqu\u00ed y en otros lugares de la comarca, permiten volver a disfrutar de estos espacios, que son peque\u00f1os pero tienen gran inter\u00e9s natural.<\/p>\t\t\t\t\t\t<\/div>\n\t\t\t\t<\/div>\n\t\t\t\t<div class=\"elementor-element elementor-element-2d5684e elementor-widget elementor-widget-image\" data-id=\"2d5684e\" data-element_type=\"widget\" data-widget_type=\"image.default\">\n\t\t\t\t<div class=\"elementor-widget-container\">\n\t\t\t\t\t\t\t\t\t\t\t\t\t\t\t\t<a href=\"\/images\/360\/11\/index.htm\">\n\t\t\t\t\t\t\t<img loading=\"lazy\" decoding=\"async\" width=\"800\" height=\"327\" src=\"https:\/\/camposdehellinqr.com\/wp-content\/uploads\/2023\/09\/chortales.jpg\" class=\"attachment-large size-large wp-image-5707\" alt=\"\" srcset=\"https:\/\/camposdehellinqr.com\/wp-content\/uploads\/2023\/09\/chortales.jpg 800w, https:\/\/camposdehellinqr.com\/wp-content\/uploads\/2023\/09\/chortales-300x123.jpg 300w, https:\/\/camposdehellinqr.com\/wp-content\/uploads\/2023\/09\/chortales-768x314.jpg 768w\" sizes=\"auto, (max-width: 800px) 100vw, 800px\" \/>\t\t\t\t\t\t\t\t<\/a>\n\t\t\t\t\t\t\t\t\t\t\t\t\t\t\t<\/div>\n\t\t\t\t<\/div>\n\t\t\t\t<div class=\"elementor-element elementor-element-10487cb elementor-widget elementor-widget-text-editor\" data-id=\"10487cb\" data-element_type=\"widget\" data-widget_type=\"text-editor.default\">\n\t\t\t\t<div class=\"elementor-widget-container\">\n\t\t\t\t\t\t\t<p><strong><a href=\"http:\/\/www.camposdehellinqr.com\/images\/360\/11\/index.htm\">Acceder a Visita Virtual 360\u00ba<\/a><\/strong><\/p>\t\t\t\t\t\t<\/div>\n\t\t\t\t<\/div>\n\t\t\t\t<div class=\"elementor-element elementor-element-539433e elementor-widget elementor-widget-text-editor\" data-id=\"539433e\" data-element_type=\"widget\" data-widget_type=\"text-editor.default\">\n\t\t\t\t<div class=\"elementor-widget-container\">\n\t\t\t\t\t\t\t<p>Cambiamos la carretera anterior por la de P\u00e9trola o la de Corral-Rubio, las dos cruzan la amplia ca\u00f1ada, a trav\u00e9s de la que se abren paso las numerosas ramblas destacadas por los chopos de sus orillas. Estos son los \u00fanicos \u00e1rboles que sobresalen del extenso manto de vi\u00f1edos. Su cultivo era la raz\u00f3n de haber aqu\u00ed tambi\u00e9n casas de campo, para cuyo abastecimiento, a falta de cauces superficiales continuos, se excavaban pozos o se almacenaba el agua de escorrent\u00eda en aljibes. Recomendamos llegar hasta el tramo de la <strong>Rambla de La Plata<\/strong> que est\u00e1 al norte de El Cotico, porque ambos parajes son los de mayor valor natural de este municipio por su extensi\u00f3n y diversidad de flora.<\/p><p>En el recorrido por el municipio de Fuente-\u00c1lamo comprobaremos que comparte con el resto de esta comarca la agricultura mediterr\u00e1nea de secano basada en los <strong>cultivos<\/strong> de la vid, el olivo y el almendro. Y tambi\u00e9n la diversidad de su <strong>arquitectura<\/strong> rural vern\u00e1cula. En las grandes explotaciones, las m\u00e1s alejadas del n\u00facleo urbano, sus due\u00f1os y trabajadores viv\u00edan en el caser\u00edo de la misma propiedad. Y en los parajes que han sido parcelados en minifundios, donde la poblaci\u00f3n s\u00f3lo acud\u00eda en tiempos de labores, para poder tener un habit\u00e1culo o custodiar \u00fatiles, se constru\u00edan peque\u00f1as edificaciones, como casutos, que tienen las mismas caracter\u00edsticas que una peque\u00f1a vivienda. O bien, era suficiente con un refugio mucho m\u00e1s reducido, de escasa altura y construidos s\u00f3lo con piedra obtenida de la roturaci\u00f3n del terreno, e incluso con \u201cpiedra seca\u201d sin uso de argamasa ni revestimiento. Se les llaman cucos si tienen planta circular y cubierta esf\u00e9rica. Cuando la forma es rectangular son llamados chozos, pero en otros lugares se cubren con ramas, los que existen aqu\u00ed tambi\u00e9n tienen una b\u00f3veda de piedra.<\/p><p>Ninguno de los cauces de este municipio fue suficiente para el funcionamiento de molinos de agua harineros, por ello en el n\u00facleo urbano existieron una tahona, movida con caballer\u00eda, y dos molinos de viento, del tipo cartagenero. Es la \u00faltima prueba que ofrecemos sobre las ra\u00edces culturales que esta comarca tiene entre La Mancha y la Regi\u00f3n de Murcia.<\/p><p><br \/>Para conocer m\u00e1s de la relaci\u00f3n agua y patrimonio recomendamos la visita a <strong>Albatana<\/strong> (su panel est\u00e1 junto al lavadero) y para conocer m\u00e1s de la relaci\u00f3n agua e historia recomendamos la visita a <strong>Ontur<\/strong> (su panel est\u00e1 junto al puente sobre el arroyo).<\/p>\t\t\t\t\t\t<\/div>\n\t\t\t\t<\/div>\n\t\t\t\t\t<\/div>\n\t\t<\/div>\n\t\t\t\t\t\t\t<\/div>\n\t\t<\/section>\n\t\t\t\t\t\t\t<\/div>\n\t\t","protected":false},"excerpt":{"rendered":"<p>Fuente-\u00c1lamo y el Agua Fuente-\u00c1lamo es agua y naturaleza. Vamos a recorrer una selecci\u00f3n de parajes donde la naturaleza adquiere gran valor por el agua. En este municipio se pueden diferenciar tres franjas a lo largo de norte a sur, seg\u00fan el relieve y la forma en se manifiesta el agua. La m\u00e1s oriental, que &hellip;<\/p>\n<p class=\"read-more\"> <a class=\"\" href=\"https:\/\/camposdehellinqr.com\/index.php\/fuente-alamo-y-el-agua\/\"> <span class=\"screen-reader-text\">Fuente-\u00c1lamo y el agua<\/span> Leer m\u00e1s &raquo;<\/a><\/p>\n","protected":false},"author":1,"featured_media":0,"parent":0,"menu_order":0,"comment_status":"closed","ping_status":"closed","template":"","meta":{"site-sidebar-layout":"no-sidebar","site-content-layout":"page-builder","ast-site-content-layout":"full-width-container","site-content-style":"default","site-sidebar-style":"default","ast-global-header-display":"","ast-banner-title-visibility":"","ast-main-header-display":"","ast-hfb-above-header-display":"","ast-hfb-below-header-display":"","ast-hfb-mobile-header-display":"","site-post-title":"disabled","ast-breadcrumbs-content":"","ast-featured-img":"disabled","footer-sml-layout":"","theme-transparent-header-meta":"","adv-header-id-meta":"","stick-header-meta":"","header-above-stick-meta":"","header-main-stick-meta":"","header-below-stick-meta":"","astra-migrate-meta-layouts":"set","footnotes":""},"class_list":["post-5754","page","type-page","status-publish","hentry"],"yoast_head":"<!-- This site is optimized with the Yoast SEO Premium plugin v20.0 (Yoast SEO v21.3) - https:\/\/yoast.com\/wordpress\/plugins\/seo\/ -->\n<title>Fuente-\u00c1lamo y el agua - Campos de Hell\u00edn QR<\/title>\n<meta name=\"robots\" content=\"index, follow, max-snippet:-1, max-image-preview:large, max-video-preview:-1\" \/>\n<link rel=\"canonical\" href=\"https:\/\/camposdehellinqr.com\/index.php\/fuente-alamo-y-el-agua\/\" \/>\n<meta property=\"og:locale\" content=\"es_ES\" \/>\n<meta property=\"og:type\" content=\"article\" \/>\n<meta property=\"og:title\" content=\"Fuente-\u00c1lamo y el agua\" \/>\n<meta property=\"og:description\" content=\"Fuente-\u00c1lamo y el Agua Fuente-\u00c1lamo es agua y naturaleza. Vamos a recorrer una selecci\u00f3n de parajes donde la naturaleza adquiere gran valor por el agua. En este municipio se pueden diferenciar tres franjas a lo largo de norte a sur, seg\u00fan el relieve y la forma en se manifiesta el agua. La m\u00e1s oriental, que &hellip; Fuente-\u00c1lamo y el agua Leer m\u00e1s &raquo;\" \/>\n<meta property=\"og:url\" content=\"https:\/\/camposdehellinqr.com\/index.php\/fuente-alamo-y-el-agua\/\" \/>\n<meta property=\"og:site_name\" content=\"Campos de Hell\u00edn QR\" \/>\n<meta property=\"article:modified_time\" content=\"2023-09-19T17:08:46+00:00\" \/>\n<meta property=\"og:image\" content=\"https:\/\/camposdehellinqr.com\/wp-content\/uploads\/2023\/09\/billote.jpg\" \/>\n<meta name=\"twitter:card\" content=\"summary_large_image\" \/>\n<meta name=\"twitter:label1\" content=\"Tiempo de lectura\" \/>\n\t<meta name=\"twitter:data1\" content=\"5 minutos\" \/>\n<script type=\"application\/ld+json\" class=\"yoast-schema-graph\">{\"@context\":\"https:\/\/schema.org\",\"@graph\":[{\"@type\":\"WebPage\",\"@id\":\"https:\/\/camposdehellinqr.com\/index.php\/fuente-alamo-y-el-agua\/\",\"url\":\"https:\/\/camposdehellinqr.com\/index.php\/fuente-alamo-y-el-agua\/\",\"name\":\"Fuente-\u00c1lamo y el agua - Campos de Hell\u00edn QR\",\"isPartOf\":{\"@id\":\"https:\/\/camposdehellinqr.com\/#website\"},\"datePublished\":\"2023-09-18T11:46:05+00:00\",\"dateModified\":\"2023-09-19T17:08:46+00:00\",\"breadcrumb\":{\"@id\":\"https:\/\/camposdehellinqr.com\/index.php\/fuente-alamo-y-el-agua\/#breadcrumb\"},\"inLanguage\":\"es\",\"potentialAction\":[{\"@type\":\"ReadAction\",\"target\":[\"https:\/\/camposdehellinqr.com\/index.php\/fuente-alamo-y-el-agua\/\"]}]},{\"@type\":\"BreadcrumbList\",\"@id\":\"https:\/\/camposdehellinqr.com\/index.php\/fuente-alamo-y-el-agua\/#breadcrumb\",\"itemListElement\":[{\"@type\":\"ListItem\",\"position\":1,\"name\":\"Home\",\"item\":\"https:\/\/camposdehellinqr.com\/\"},{\"@type\":\"ListItem\",\"position\":2,\"name\":\"Fuente-\u00c1lamo y el agua\"}]},{\"@type\":\"WebSite\",\"@id\":\"https:\/\/camposdehellinqr.com\/#website\",\"url\":\"https:\/\/camposdehellinqr.com\/\",\"name\":\"Campos de Hell\u00edn QR\",\"description\":\"La comarca Campos de Hell\u00edn en 360\u00ba\",\"publisher\":{\"@id\":\"https:\/\/camposdehellinqr.com\/#organization\"},\"potentialAction\":[{\"@type\":\"SearchAction\",\"target\":{\"@type\":\"EntryPoint\",\"urlTemplate\":\"https:\/\/camposdehellinqr.com\/?s={search_term_string}\"},\"query-input\":\"required name=search_term_string\"}],\"inLanguage\":\"es\"},{\"@type\":\"Organization\",\"@id\":\"https:\/\/camposdehellinqr.com\/#organization\",\"name\":\"Campos de Hell\u00edn QR\",\"url\":\"https:\/\/camposdehellinqr.com\/\",\"logo\":{\"@type\":\"ImageObject\",\"inLanguage\":\"es\",\"@id\":\"https:\/\/camposdehellinqr.com\/#\/schema\/logo\/image\/\",\"url\":\"https:\/\/camposdehellinqr.com\/wp-content\/uploads\/2020\/02\/logoqr.png\",\"contentUrl\":\"https:\/\/camposdehellinqr.com\/wp-content\/uploads\/2020\/02\/logoqr.png\",\"width\":300,\"height\":50,\"caption\":\"Campos de Hell\u00edn QR\"},\"image\":{\"@id\":\"https:\/\/camposdehellinqr.com\/#\/schema\/logo\/image\/\"}}]}<\/script>\n<!-- \/ Yoast SEO Premium plugin. -->","yoast_head_json":{"title":"Fuente-\u00c1lamo y el agua - Campos de Hell\u00edn QR","robots":{"index":"index","follow":"follow","max-snippet":"max-snippet:-1","max-image-preview":"max-image-preview:large","max-video-preview":"max-video-preview:-1"},"canonical":"https:\/\/camposdehellinqr.com\/index.php\/fuente-alamo-y-el-agua\/","og_locale":"es_ES","og_type":"article","og_title":"Fuente-\u00c1lamo y el agua","og_description":"Fuente-\u00c1lamo y el Agua Fuente-\u00c1lamo es agua y naturaleza. Vamos a recorrer una selecci\u00f3n de parajes donde la naturaleza adquiere gran valor por el agua. En este municipio se pueden diferenciar tres franjas a lo largo de norte a sur, seg\u00fan el relieve y la forma en se manifiesta el agua. La m\u00e1s oriental, que &hellip; Fuente-\u00c1lamo y el agua Leer m\u00e1s &raquo;","og_url":"https:\/\/camposdehellinqr.com\/index.php\/fuente-alamo-y-el-agua\/","og_site_name":"Campos de Hell\u00edn QR","article_modified_time":"2023-09-19T17:08:46+00:00","og_image":[{"url":"https:\/\/camposdehellinqr.com\/wp-content\/uploads\/2023\/09\/billote.jpg"}],"twitter_card":"summary_large_image","twitter_misc":{"Tiempo de lectura":"5 minutos"},"schema":{"@context":"https:\/\/schema.org","@graph":[{"@type":"WebPage","@id":"https:\/\/camposdehellinqr.com\/index.php\/fuente-alamo-y-el-agua\/","url":"https:\/\/camposdehellinqr.com\/index.php\/fuente-alamo-y-el-agua\/","name":"Fuente-\u00c1lamo y el agua - Campos de Hell\u00edn QR","isPartOf":{"@id":"https:\/\/camposdehellinqr.com\/#website"},"datePublished":"2023-09-18T11:46:05+00:00","dateModified":"2023-09-19T17:08:46+00:00","breadcrumb":{"@id":"https:\/\/camposdehellinqr.com\/index.php\/fuente-alamo-y-el-agua\/#breadcrumb"},"inLanguage":"es","potentialAction":[{"@type":"ReadAction","target":["https:\/\/camposdehellinqr.com\/index.php\/fuente-alamo-y-el-agua\/"]}]},{"@type":"BreadcrumbList","@id":"https:\/\/camposdehellinqr.com\/index.php\/fuente-alamo-y-el-agua\/#breadcrumb","itemListElement":[{"@type":"ListItem","position":1,"name":"Home","item":"https:\/\/camposdehellinqr.com\/"},{"@type":"ListItem","position":2,"name":"Fuente-\u00c1lamo y el agua"}]},{"@type":"WebSite","@id":"https:\/\/camposdehellinqr.com\/#website","url":"https:\/\/camposdehellinqr.com\/","name":"Campos de Hell\u00edn QR","description":"La comarca Campos de Hell\u00edn en 360\u00ba","publisher":{"@id":"https:\/\/camposdehellinqr.com\/#organization"},"potentialAction":[{"@type":"SearchAction","target":{"@type":"EntryPoint","urlTemplate":"https:\/\/camposdehellinqr.com\/?s={search_term_string}"},"query-input":"required name=search_term_string"}],"inLanguage":"es"},{"@type":"Organization","@id":"https:\/\/camposdehellinqr.com\/#organization","name":"Campos de Hell\u00edn QR","url":"https:\/\/camposdehellinqr.com\/","logo":{"@type":"ImageObject","inLanguage":"es","@id":"https:\/\/camposdehellinqr.com\/#\/schema\/logo\/image\/","url":"https:\/\/camposdehellinqr.com\/wp-content\/uploads\/2020\/02\/logoqr.png","contentUrl":"https:\/\/camposdehellinqr.com\/wp-content\/uploads\/2020\/02\/logoqr.png","width":300,"height":50,"caption":"Campos de Hell\u00edn QR"},"image":{"@id":"https:\/\/camposdehellinqr.com\/#\/schema\/logo\/image\/"}}]}},"_links":{"self":[{"href":"https:\/\/camposdehellinqr.com\/index.php\/wp-json\/wp\/v2\/pages\/5754","targetHints":{"allow":["GET"]}}],"collection":[{"href":"https:\/\/camposdehellinqr.com\/index.php\/wp-json\/wp\/v2\/pages"}],"about":[{"href":"https:\/\/camposdehellinqr.com\/index.php\/wp-json\/wp\/v2\/types\/page"}],"author":[{"embeddable":true,"href":"https:\/\/camposdehellinqr.com\/index.php\/wp-json\/wp\/v2\/users\/1"}],"replies":[{"embeddable":true,"href":"https:\/\/camposdehellinqr.com\/index.php\/wp-json\/wp\/v2\/comments?post=5754"}],"version-history":[{"count":8,"href":"https:\/\/camposdehellinqr.com\/index.php\/wp-json\/wp\/v2\/pages\/5754\/revisions"}],"predecessor-version":[{"id":6408,"href":"https:\/\/camposdehellinqr.com\/index.php\/wp-json\/wp\/v2\/pages\/5754\/revisions\/6408"}],"wp:attachment":[{"href":"https:\/\/camposdehellinqr.com\/index.php\/wp-json\/wp\/v2\/media?parent=5754"}],"curies":[{"name":"wp","href":"https:\/\/api.w.org\/{rel}","templated":true}]}}