{"id":5849,"date":"2023-09-18T17:06:43","date_gmt":"2023-09-18T17:06:43","guid":{"rendered":"https:\/\/camposdehellinqr.com\/?page_id=5849"},"modified":"2023-09-19T17:18:33","modified_gmt":"2023-09-19T17:18:33","slug":"onturagua","status":"publish","type":"page","link":"https:\/\/camposdehellinqr.com\/index.php\/onturagua\/","title":{"rendered":"Ontur y el Agua"},"content":{"rendered":"\t\t<div data-elementor-type=\"wp-page\" data-elementor-id=\"5849\" class=\"elementor elementor-5849\" data-elementor-post-type=\"page\">\n\t\t\t\t\t\t\t\t\t<section class=\"elementor-section elementor-top-section elementor-element elementor-element-89ef3ac elementor-section-boxed elementor-section-height-default elementor-section-height-default\" data-id=\"89ef3ac\" data-element_type=\"section\">\n\t\t\t\t\t\t\t<div class=\"elementor-background-overlay\"><\/div>\n\t\t\t\t\t\t\t<div class=\"elementor-container elementor-column-gap-default\">\n\t\t\t\t\t<div class=\"elementor-column elementor-col-100 elementor-top-column elementor-element elementor-element-e076a23\" data-id=\"e076a23\" data-element_type=\"column\">\n\t\t\t<div class=\"elementor-widget-wrap elementor-element-populated\">\n\t\t\t\t\t\t\t\t<div class=\"elementor-element elementor-element-c7e6a46 elementor-widget elementor-widget-heading\" data-id=\"c7e6a46\" data-element_type=\"widget\" data-widget_type=\"heading.default\">\n\t\t\t\t<div class=\"elementor-widget-container\">\n\t\t\t<h3 class=\"elementor-heading-title elementor-size-default\">Ontur y el Agua<\/h3>\t\t<\/div>\n\t\t\t\t<\/div>\n\t\t\t\t<div class=\"elementor-element elementor-element-bd15688 elementor-widget elementor-widget-google_maps\" data-id=\"bd15688\" data-element_type=\"widget\" data-widget_type=\"google_maps.default\">\n\t\t\t\t<div class=\"elementor-widget-container\">\n\t\t\t\t\t<div class=\"elementor-custom-embed\">\n\t\t\t<iframe loading=\"lazy\"\n\t\t\t\t\tsrc=\"https:\/\/maps.google.com\/maps?q=ontur&#038;t=m&#038;z=16&#038;output=embed&#038;iwloc=near\"\n\t\t\t\t\ttitle=\"ontur\"\n\t\t\t\t\taria-label=\"ontur\"\n\t\t\t><\/iframe>\n\t\t<\/div>\n\t\t\t\t<\/div>\n\t\t\t\t<\/div>\n\t\t\t\t<div class=\"elementor-element elementor-element-3889d7b elementor-widget elementor-widget-text-editor\" data-id=\"3889d7b\" data-element_type=\"widget\" data-widget_type=\"text-editor.default\">\n\t\t\t\t<div class=\"elementor-widget-container\">\n\t\t\t\t\t\t\t<p><strong>Ontur es agua e historia.<\/strong> Todas las civilizaciones que pasaron por esta comarca han dejando huella en los m\u00e1rgenes de su curso de agua.<\/p><p>Para explicar el \u201corigen del nombre de Ontur -como se representa en el monumento alzado frente al Ayuntamiento en 2010 &#8211; otros autores nos han indicado, entre ellos el profesor Romero, que ONTUR procede de Font-ur, = fuente del toro, por existir estos animales en \u00e9poca primitiva por estas tierras, Font, se convierte en Hon, hon-tur, que es como en muchos documentos aparece, HONTUR\u2026\u201d (Jos\u00e9 G\u00f3mez, Historia de Ontur, 1993). Seg\u00fan (F. R. L\u00f3pez y M. J. Ortiz, Nuestros Antepasados, 1990) \u201cMen\u00e9ndez Pidal en su Toponimia Prerrom\u00e1nica Hisp\u00e1nica da al sufijo \u2013ur la significaci\u00f3n de &lt;agua&gt;. Este queda unido a la tradici\u00f3n oral que nos dice que por aqu\u00ed discurr\u00eda el r\u00edo TUR, sin embargo, la ra\u00edz On-Ont- podr\u00eda derivar del griego &lt;ontos&gt; y dar\u00eda &lt;Los seres del r\u00edo&gt;, &lt;Las gentes del r\u00edo&gt;,\u00a0 que viven de \u00e9l o pescadores.\u201d<\/p><p>El municipio de Ontur es atravesado de norte a sur por un arroyo (El Royo) y de oeste a este por un camino hist\u00f3rico entre Andaluc\u00eda y Valencia, el paraje donde se vadeaba el arroyo se llam\u00f3 VADICO hasta deformarse en <strong>BAYCO<\/strong> (donde est\u00e1 el panel). Este enclave estrat\u00e9gico ha estado poblado desde muy antiguo.<\/p><p>Las cr\u00f3nicas del siglo XVIII ya describ\u00edan los restos romanos del \u201cCerro de la Horca\u201d, probable emplazamiento de una villa romana. Durante la construcci\u00f3n de las \u201ccasas baratas\u201d del barrio de San Francisco (entonces Las Eras) en 1946 se encontraron las <strong>Mu\u00f1ecas Romanas de Ontur<\/strong>, que son piezas rar\u00edsimas porque hay pocos casos en el resto del antiguo imperio. Hay una replica a escala real en el vest\u00edbulo del Ayuntamiento y otra de gran tama\u00f1o en la rotonda de la circunvalaci\u00f3n.<\/p>\t\t\t\t\t\t<\/div>\n\t\t\t\t<\/div>\n\t\t\t\t<div class=\"elementor-element elementor-element-1ba3ed5 elementor-widget elementor-widget-image\" data-id=\"1ba3ed5\" data-element_type=\"widget\" data-widget_type=\"image.default\">\n\t\t\t\t<div class=\"elementor-widget-container\">\n\t\t\t\t\t\t\t\t\t\t\t\t\t\t\t\t<a href=\"\/images\/360\/83\/index.htm\">\n\t\t\t\t\t\t\t<img loading=\"lazy\" decoding=\"async\" width=\"800\" height=\"175\" src=\"https:\/\/camposdehellinqr.com\/wp-content\/uploads\/2023\/09\/Ontur5-1.jpg\" class=\"attachment-large size-large wp-image-5837\" alt=\"\" srcset=\"https:\/\/camposdehellinqr.com\/wp-content\/uploads\/2023\/09\/Ontur5-1.jpg 800w, https:\/\/camposdehellinqr.com\/wp-content\/uploads\/2023\/09\/Ontur5-1-300x66.jpg 300w, https:\/\/camposdehellinqr.com\/wp-content\/uploads\/2023\/09\/Ontur5-1-768x168.jpg 768w\" sizes=\"auto, (max-width: 800px) 100vw, 800px\" \/>\t\t\t\t\t\t\t\t<\/a>\n\t\t\t\t\t\t\t\t\t\t\t\t\t\t\t<\/div>\n\t\t\t\t<\/div>\n\t\t\t\t<div class=\"elementor-element elementor-element-a56a1c7 elementor-widget elementor-widget-text-editor\" data-id=\"a56a1c7\" data-element_type=\"widget\" data-widget_type=\"text-editor.default\">\n\t\t\t\t<div class=\"elementor-widget-container\">\n\t\t\t\t\t\t\t<p><strong><a href=\"http:\/\/www.camposdehellinqr.com\/images\/360\/83\/index.htm\">Acceder a Visita Virtual 360\u00ba<\/a><\/strong><\/p>\t\t\t\t\t\t<\/div>\n\t\t\t\t<\/div>\n\t\t\t\t<div class=\"elementor-element elementor-element-7b40208 elementor-widget elementor-widget-text-editor\" data-id=\"7b40208\" data-element_type=\"widget\" data-widget_type=\"text-editor.default\">\n\t\t\t\t<div class=\"elementor-widget-container\">\n\t\t\t\t\t\t\t<p>En la margen izquierda, durante siglos el vado fue controlado por la <strong>Torre de Ontur<\/strong>. Debajo de la reconstrucci\u00f3n de la d\u00e9cada de 1980, hay restos de una fortificaci\u00f3n que como todas las conservadas en esta comarca, ser\u00eda del periodo almohade, siglo XII. Y que hasta el XIX sirvi\u00f3 de c\u00e1rcel.<\/p><p>La poblaci\u00f3n de Ontur, despu\u00e9s de la conquista castellana en el siglo XIII, se reduc\u00eda a una alquer\u00eda, que seg\u00fan la escritura de compra-venta de 1562 ten\u00eda fuentes de aguas abrevadero, casas y fortaleza, y dos vecinos (familias) seg\u00fan el censo de 1591. Desde el siglo XVII, los marqueses de Espinardo arrendaron tierras de labor de sus villas de Ontur y Albatana. El n\u00famero de vecinos en Ontur, seg\u00fan los libros parroquiales de Jumilla, pas\u00f3 en dos d\u00e9cadas de 8 a 35 en 1750.<\/p><p>En las respuestas al Catastro de la Ensenada (1755) \u201cdijeron que se compone esta villa de setenta y tres vecinos\u2026como unos diez o doce jornaleros\u2026y como cuarenta y seis casas \u2026las especies de tierra que hay en los t\u00e9rminos de esta villa son de regad\u00edo y secano: que en el regad\u00edo las hay de hortaliza, sembradura con morera y sin ellas, frutales, vi\u00f1as y olivares, y en el secano de sembradura y montes de pasto; que las sembradura de regad\u00edo con moreras producen adem\u00e1s de la hoja, una cosecha de trigo con otro de descanso\u2026\u201d<\/p><p>\u201cBajo las condiciones de la facultad real obtenida por el marqu\u00e9s de Espinardo en el a\u00f1o pasado de cincuenta y uno, para el establecimiento y venta a censo perpetuo enfit\u00e9utico de todas las tierras y aguas de los t\u00e9rminos y jurisdicciones de las villas de Ontur y Albatana, y Moj\u00f3n Blanco\u201d en 1756 para las tierras que ya estaban repartidas entre menos de 30 vecinos de Ontur \u201cse da y reparte perpetuamente\u201d por tandas de 21 d\u00edas las aguas del <strong>estanque de los \u00c1lamos<\/strong> (El Alamico) y de la <strong>balsa del Tri\u00e1ngulo<\/strong> (Los Tres Corneros). Adem\u00e1s, \u201cen la<strong> balsa de la Tejera y Huertos<\/strong> se recoge el agua para el riego de los veintitr\u00e9s huertos de abajo y los trece de arriba\u201d.<\/p><p>El sistema de riego creado entonces se ha mantenido hasta que a finales del siglo XX se desarrolla la red para riego localizado, que por las nuevas captaciones por pozos y el ahorro en la zona de regad\u00edo tradicional ha permitido los riegos de socorro para cultivos le\u00f1osos que eran de secano.<\/p><p>El abrevadero p\u00fablico m\u00e1s antiguo ser\u00edan las <strong>pilas del Vadico<\/strong>, tambi\u00e9n llamadas de la Fuentecica, pero no el \u00fanico, ya que en enero de 1909 \u201cen vista de los altercados que entre las mujeres se produce al ir a recoger agua del Madro\u00f1o a las seis fuentes que hay instaladas por todo el pueblo\u2026se aprueba por la Corporaci\u00f3n se sustituyan todas ellas y que se ponga una con cuatro grifos en la muralla de la plaza de la Iglesia con vigilancia.\u201d<\/p><p>El abastecimiento con agua del <strong>Madro\u00f1o<\/strong> se remonta a mediados del siglo XIX, cuando se obtuvo permiso del marqu\u00e9s para la primera canalizaci\u00f3n de agua destina a la poblaci\u00f3n. Desde entonces para aumentar el caudal de la red p\u00fablica se adquirieron aguas privadas: Fuente de la <strong>Umbr\u00eda<\/strong> (1924), \u201cAguas Potables Pedro <strong>Millares<\/strong>\u201d (1929), \u201cAguas de la Serretica\u201d (1951). En 1980 \u201cse solicita a la Confederaci\u00f3n Hidrogr\u00e1fica del Segura la conducci\u00f3n de agua potable a los dep\u00f3sitos de la poblaci\u00f3n y canalizaci\u00f3n del Estanque Badico.\u201d<\/p><p>Hasta que no se dispuso de agua corriente en las viviendas, para lavar la ropa se aprovechaban las aguas para riego. En julio de 1906 \u201cuna formidable avenida destruy\u00f3 casi la totalidad de la huerta y el <strong>lavadero p\u00fablico<\/strong>\u201d. Y tambi\u00e9n en agosto de 1929, el Ayuntamiento acord\u00f3 \u201cque por haberse derrumbado por fuerza mayor el lavadero p\u00fablico y siendo de urgencia su reparaci\u00f3n, por medida de salud e higiene, se acord\u00f3 que inmediatamente se lleven a efecto las obras correspondientes para su puesta en funcionamiento, habi\u00e9ndose acordado que se haga mayor que antes.\u201d La zona verde \u201cEl Lavadero\u201d se cre\u00f3 en 1990.<\/p><p>En 1935 el Ayuntamiento de Ontur solicit\u00f3 al Ministro de Obras P\u00fablicas \u201cla construcci\u00f3n de un <strong>pantano<\/strong> para sostenimiento de aguas pluviales en el Estrecho, enlazando as\u00ed, la Sierra del Madro\u00f1o y Sierra Parda\u2026\u201d. Tras las graves riadas en octubre de 1982 y en julio de 1986, en el plan de defensa contra avenidas de ese mismo a\u00f1o se incluy\u00f3 el nuevo embalse Bayco u Ort\u00edgosa. (Ontur-Fuente \u00c1lamo). La presa se concluy\u00f3 en 1997. Si el embalse alcanzara su capacidad m\u00e1xima, 6,2 hect\u00f3metros c\u00fabicos, se cubrir\u00eda una superficie de 111,54 hect\u00e1reas. La rambla de la Ort\u00edgosa es una de las muchas que vierten aqu\u00ed desde el t\u00e9rmino municipal de Fuente-\u00c1lamo. Y el arroyo del Bayco recibi\u00f3 el nombre deformado del paraje del Vadico, por donde hemos iniciado esta historia de Ontur.<\/p>\t\t\t\t\t\t<\/div>\n\t\t\t\t<\/div>\n\t\t\t\t<div class=\"elementor-element elementor-element-e1bb0b1 elementor-widget elementor-widget-image\" data-id=\"e1bb0b1\" data-element_type=\"widget\" data-widget_type=\"image.default\">\n\t\t\t\t<div class=\"elementor-widget-container\">\n\t\t\t\t\t\t\t\t\t\t\t\t\t\t\t\t<a href=\"\/images\/360\/86\/index.htm\">\n\t\t\t\t\t\t\t<img loading=\"lazy\" decoding=\"async\" width=\"800\" height=\"397\" src=\"https:\/\/camposdehellinqr.com\/wp-content\/uploads\/2023\/09\/Ontur4.jpg\" class=\"attachment-large size-large wp-image-5836\" alt=\"\" srcset=\"https:\/\/camposdehellinqr.com\/wp-content\/uploads\/2023\/09\/Ontur4.jpg 800w, https:\/\/camposdehellinqr.com\/wp-content\/uploads\/2023\/09\/Ontur4-300x149.jpg 300w, https:\/\/camposdehellinqr.com\/wp-content\/uploads\/2023\/09\/Ontur4-768x381.jpg 768w\" sizes=\"auto, (max-width: 800px) 100vw, 800px\" \/>\t\t\t\t\t\t\t\t<\/a>\n\t\t\t\t\t\t\t\t\t\t\t\t\t\t\t<\/div>\n\t\t\t\t<\/div>\n\t\t\t\t<div class=\"elementor-element elementor-element-ad8ebab elementor-widget elementor-widget-text-editor\" data-id=\"ad8ebab\" data-element_type=\"widget\" data-widget_type=\"text-editor.default\">\n\t\t\t\t<div class=\"elementor-widget-container\">\n\t\t\t\t\t\t\t<p><strong><a href=\"http:\/\/www.camposdehellinqr.com\/images\/360\/86\/index.htm\">Acceder a Visita Virtual 360\u00ba<\/a><\/strong><\/p>\t\t\t\t\t\t<\/div>\n\t\t\t\t<\/div>\n\t\t\t\t<div class=\"elementor-element elementor-element-09c9418 elementor-widget elementor-widget-text-editor\" data-id=\"09c9418\" data-element_type=\"widget\" data-widget_type=\"text-editor.default\">\n\t\t\t\t<div class=\"elementor-widget-container\">\n\t\t\t\t\t\t\t<p>Para conocer m\u00e1s de la relaci\u00f3n agua y patrimonio recomendamos la visita a <strong>Albatana<\/strong> (su panel est\u00e1 junto al lavadero) y para conocer m\u00e1s de la relaci\u00f3n agua y naturaleza recomendamos la visita a<strong> Fuente-\u00c1lamo<\/strong> (su panel est\u00e1 en la plaza).<\/p>\t\t\t\t\t\t<\/div>\n\t\t\t\t<\/div>\n\t\t\t\t\t<\/div>\n\t\t<\/div>\n\t\t\t\t\t\t\t<\/div>\n\t\t<\/section>\n\t\t\t\t\t\t\t<\/div>\n\t\t","protected":false},"excerpt":{"rendered":"<p>Ontur y el Agua Ontur es agua e historia. Todas las civilizaciones que pasaron por esta comarca han dejando huella en los m\u00e1rgenes de su curso de agua. Para explicar el \u201corigen del nombre de Ontur -como se representa en el monumento alzado frente al Ayuntamiento en 2010 &#8211; otros autores nos han indicado, entre &hellip;<\/p>\n<p class=\"read-more\"> <a class=\"\" href=\"https:\/\/camposdehellinqr.com\/index.php\/onturagua\/\"> <span class=\"screen-reader-text\">Ontur y el Agua<\/span> Leer m\u00e1s &raquo;<\/a><\/p>\n","protected":false},"author":1,"featured_media":0,"parent":0,"menu_order":0,"comment_status":"closed","ping_status":"closed","template":"","meta":{"site-sidebar-layout":"no-sidebar","site-content-layout":"page-builder","ast-site-content-layout":"full-width-container","site-content-style":"default","site-sidebar-style":"default","ast-global-header-display":"","ast-banner-title-visibility":"","ast-main-header-display":"","ast-hfb-above-header-display":"","ast-hfb-below-header-display":"","ast-hfb-mobile-header-display":"","site-post-title":"disabled","ast-breadcrumbs-content":"","ast-featured-img":"disabled","footer-sml-layout":"","theme-transparent-header-meta":"","adv-header-id-meta":"","stick-header-meta":"","header-above-stick-meta":"","header-main-stick-meta":"","header-below-stick-meta":"","astra-migrate-meta-layouts":"set","footnotes":""},"class_list":["post-5849","page","type-page","status-publish","hentry"],"yoast_head":"<!-- This site is optimized with the Yoast SEO Premium plugin v20.0 (Yoast SEO v21.3) - https:\/\/yoast.com\/wordpress\/plugins\/seo\/ -->\n<title>Ontur y el Agua - Campos de Hell\u00edn QR<\/title>\n<meta name=\"robots\" content=\"index, follow, max-snippet:-1, max-image-preview:large, max-video-preview:-1\" \/>\n<link rel=\"canonical\" href=\"https:\/\/camposdehellinqr.com\/index.php\/onturagua\/\" \/>\n<meta property=\"og:locale\" content=\"es_ES\" \/>\n<meta property=\"og:type\" content=\"article\" \/>\n<meta property=\"og:title\" content=\"Ontur y el Agua\" \/>\n<meta property=\"og:description\" content=\"Ontur y el Agua Ontur es agua e historia. Todas las civilizaciones que pasaron por esta comarca han dejando huella en los m\u00e1rgenes de su curso de agua. Para explicar el \u201corigen del nombre de Ontur -como se representa en el monumento alzado frente al Ayuntamiento en 2010 &#8211; otros autores nos han indicado, entre &hellip; Ontur y el Agua Leer m\u00e1s &raquo;\" \/>\n<meta property=\"og:url\" content=\"https:\/\/camposdehellinqr.com\/index.php\/onturagua\/\" \/>\n<meta property=\"og:site_name\" content=\"Campos de Hell\u00edn QR\" \/>\n<meta property=\"article:modified_time\" content=\"2023-09-19T17:18:33+00:00\" \/>\n<meta property=\"og:image\" content=\"https:\/\/camposdehellinqr.com\/wp-content\/uploads\/2023\/09\/Ontur5-1.jpg\" \/>\n<meta name=\"twitter:card\" content=\"summary_large_image\" \/>\n<meta name=\"twitter:label1\" content=\"Tiempo de lectura\" \/>\n\t<meta name=\"twitter:data1\" content=\"6 minutos\" \/>\n<script type=\"application\/ld+json\" class=\"yoast-schema-graph\">{\"@context\":\"https:\/\/schema.org\",\"@graph\":[{\"@type\":\"WebPage\",\"@id\":\"https:\/\/camposdehellinqr.com\/index.php\/onturagua\/\",\"url\":\"https:\/\/camposdehellinqr.com\/index.php\/onturagua\/\",\"name\":\"Ontur y el Agua - Campos de Hell\u00edn QR\",\"isPartOf\":{\"@id\":\"https:\/\/camposdehellinqr.com\/#website\"},\"datePublished\":\"2023-09-18T17:06:43+00:00\",\"dateModified\":\"2023-09-19T17:18:33+00:00\",\"breadcrumb\":{\"@id\":\"https:\/\/camposdehellinqr.com\/index.php\/onturagua\/#breadcrumb\"},\"inLanguage\":\"es\",\"potentialAction\":[{\"@type\":\"ReadAction\",\"target\":[\"https:\/\/camposdehellinqr.com\/index.php\/onturagua\/\"]}]},{\"@type\":\"BreadcrumbList\",\"@id\":\"https:\/\/camposdehellinqr.com\/index.php\/onturagua\/#breadcrumb\",\"itemListElement\":[{\"@type\":\"ListItem\",\"position\":1,\"name\":\"Home\",\"item\":\"https:\/\/camposdehellinqr.com\/\"},{\"@type\":\"ListItem\",\"position\":2,\"name\":\"Ontur y el Agua\"}]},{\"@type\":\"WebSite\",\"@id\":\"https:\/\/camposdehellinqr.com\/#website\",\"url\":\"https:\/\/camposdehellinqr.com\/\",\"name\":\"Campos de Hell\u00edn QR\",\"description\":\"La comarca Campos de Hell\u00edn en 360\u00ba\",\"publisher\":{\"@id\":\"https:\/\/camposdehellinqr.com\/#organization\"},\"potentialAction\":[{\"@type\":\"SearchAction\",\"target\":{\"@type\":\"EntryPoint\",\"urlTemplate\":\"https:\/\/camposdehellinqr.com\/?s={search_term_string}\"},\"query-input\":\"required name=search_term_string\"}],\"inLanguage\":\"es\"},{\"@type\":\"Organization\",\"@id\":\"https:\/\/camposdehellinqr.com\/#organization\",\"name\":\"Campos de Hell\u00edn QR\",\"url\":\"https:\/\/camposdehellinqr.com\/\",\"logo\":{\"@type\":\"ImageObject\",\"inLanguage\":\"es\",\"@id\":\"https:\/\/camposdehellinqr.com\/#\/schema\/logo\/image\/\",\"url\":\"https:\/\/camposdehellinqr.com\/wp-content\/uploads\/2020\/02\/logoqr.png\",\"contentUrl\":\"https:\/\/camposdehellinqr.com\/wp-content\/uploads\/2020\/02\/logoqr.png\",\"width\":300,\"height\":50,\"caption\":\"Campos de Hell\u00edn QR\"},\"image\":{\"@id\":\"https:\/\/camposdehellinqr.com\/#\/schema\/logo\/image\/\"}}]}<\/script>\n<!-- \/ Yoast SEO Premium plugin. -->","yoast_head_json":{"title":"Ontur y el Agua - Campos de Hell\u00edn QR","robots":{"index":"index","follow":"follow","max-snippet":"max-snippet:-1","max-image-preview":"max-image-preview:large","max-video-preview":"max-video-preview:-1"},"canonical":"https:\/\/camposdehellinqr.com\/index.php\/onturagua\/","og_locale":"es_ES","og_type":"article","og_title":"Ontur y el Agua","og_description":"Ontur y el Agua Ontur es agua e historia. Todas las civilizaciones que pasaron por esta comarca han dejando huella en los m\u00e1rgenes de su curso de agua. Para explicar el \u201corigen del nombre de Ontur -como se representa en el monumento alzado frente al Ayuntamiento en 2010 &#8211; otros autores nos han indicado, entre &hellip; Ontur y el Agua Leer m\u00e1s &raquo;","og_url":"https:\/\/camposdehellinqr.com\/index.php\/onturagua\/","og_site_name":"Campos de Hell\u00edn QR","article_modified_time":"2023-09-19T17:18:33+00:00","og_image":[{"url":"https:\/\/camposdehellinqr.com\/wp-content\/uploads\/2023\/09\/Ontur5-1.jpg"}],"twitter_card":"summary_large_image","twitter_misc":{"Tiempo de lectura":"6 minutos"},"schema":{"@context":"https:\/\/schema.org","@graph":[{"@type":"WebPage","@id":"https:\/\/camposdehellinqr.com\/index.php\/onturagua\/","url":"https:\/\/camposdehellinqr.com\/index.php\/onturagua\/","name":"Ontur y el Agua - Campos de Hell\u00edn QR","isPartOf":{"@id":"https:\/\/camposdehellinqr.com\/#website"},"datePublished":"2023-09-18T17:06:43+00:00","dateModified":"2023-09-19T17:18:33+00:00","breadcrumb":{"@id":"https:\/\/camposdehellinqr.com\/index.php\/onturagua\/#breadcrumb"},"inLanguage":"es","potentialAction":[{"@type":"ReadAction","target":["https:\/\/camposdehellinqr.com\/index.php\/onturagua\/"]}]},{"@type":"BreadcrumbList","@id":"https:\/\/camposdehellinqr.com\/index.php\/onturagua\/#breadcrumb","itemListElement":[{"@type":"ListItem","position":1,"name":"Home","item":"https:\/\/camposdehellinqr.com\/"},{"@type":"ListItem","position":2,"name":"Ontur y el Agua"}]},{"@type":"WebSite","@id":"https:\/\/camposdehellinqr.com\/#website","url":"https:\/\/camposdehellinqr.com\/","name":"Campos de Hell\u00edn QR","description":"La comarca Campos de Hell\u00edn en 360\u00ba","publisher":{"@id":"https:\/\/camposdehellinqr.com\/#organization"},"potentialAction":[{"@type":"SearchAction","target":{"@type":"EntryPoint","urlTemplate":"https:\/\/camposdehellinqr.com\/?s={search_term_string}"},"query-input":"required name=search_term_string"}],"inLanguage":"es"},{"@type":"Organization","@id":"https:\/\/camposdehellinqr.com\/#organization","name":"Campos de Hell\u00edn QR","url":"https:\/\/camposdehellinqr.com\/","logo":{"@type":"ImageObject","inLanguage":"es","@id":"https:\/\/camposdehellinqr.com\/#\/schema\/logo\/image\/","url":"https:\/\/camposdehellinqr.com\/wp-content\/uploads\/2020\/02\/logoqr.png","contentUrl":"https:\/\/camposdehellinqr.com\/wp-content\/uploads\/2020\/02\/logoqr.png","width":300,"height":50,"caption":"Campos de Hell\u00edn QR"},"image":{"@id":"https:\/\/camposdehellinqr.com\/#\/schema\/logo\/image\/"}}]}},"_links":{"self":[{"href":"https:\/\/camposdehellinqr.com\/index.php\/wp-json\/wp\/v2\/pages\/5849","targetHints":{"allow":["GET"]}}],"collection":[{"href":"https:\/\/camposdehellinqr.com\/index.php\/wp-json\/wp\/v2\/pages"}],"about":[{"href":"https:\/\/camposdehellinqr.com\/index.php\/wp-json\/wp\/v2\/types\/page"}],"author":[{"embeddable":true,"href":"https:\/\/camposdehellinqr.com\/index.php\/wp-json\/wp\/v2\/users\/1"}],"replies":[{"embeddable":true,"href":"https:\/\/camposdehellinqr.com\/index.php\/wp-json\/wp\/v2\/comments?post=5849"}],"version-history":[{"count":5,"href":"https:\/\/camposdehellinqr.com\/index.php\/wp-json\/wp\/v2\/pages\/5849\/revisions"}],"predecessor-version":[{"id":6447,"href":"https:\/\/camposdehellinqr.com\/index.php\/wp-json\/wp\/v2\/pages\/5849\/revisions\/6447"}],"wp:attachment":[{"href":"https:\/\/camposdehellinqr.com\/index.php\/wp-json\/wp\/v2\/media?parent=5849"}],"curies":[{"name":"wp","href":"https:\/\/api.w.org\/{rel}","templated":true}]}}