{"id":5937,"date":"2023-09-19T08:16:09","date_gmt":"2023-09-19T08:16:09","guid":{"rendered":"https:\/\/camposdehellinqr.com\/?page_id=5937"},"modified":"2023-09-19T17:27:11","modified_gmt":"2023-09-19T17:27:11","slug":"castillo-de-tobarra-y-ojos-del-diablo","status":"publish","type":"page","link":"https:\/\/camposdehellinqr.com\/index.php\/castillo-de-tobarra-y-ojos-del-diablo\/","title":{"rendered":"Castillo de Tobarra y Ojos del Diablo"},"content":{"rendered":"\t\t<div data-elementor-type=\"wp-page\" data-elementor-id=\"5937\" class=\"elementor elementor-5937\" data-elementor-post-type=\"page\">\n\t\t\t\t\t\t\t\t\t<section class=\"elementor-section elementor-top-section elementor-element elementor-element-89ef3ac elementor-section-boxed elementor-section-height-default elementor-section-height-default\" data-id=\"89ef3ac\" data-element_type=\"section\">\n\t\t\t\t\t\t\t<div class=\"elementor-background-overlay\"><\/div>\n\t\t\t\t\t\t\t<div class=\"elementor-container elementor-column-gap-default\">\n\t\t\t\t\t<div class=\"elementor-column elementor-col-100 elementor-top-column elementor-element elementor-element-e076a23\" data-id=\"e076a23\" data-element_type=\"column\">\n\t\t\t<div class=\"elementor-widget-wrap elementor-element-populated\">\n\t\t\t\t\t\t\t\t<div class=\"elementor-element elementor-element-c7e6a46 elementor-widget elementor-widget-heading\" data-id=\"c7e6a46\" data-element_type=\"widget\" data-widget_type=\"heading.default\">\n\t\t\t\t<div class=\"elementor-widget-container\">\n\t\t\t<h3 class=\"elementor-heading-title elementor-size-default\">Castillo de Tobarra y Ojos del Diablo (S. XII)<\/h3>\t\t<\/div>\n\t\t\t\t<\/div>\n\t\t\t\t<div class=\"elementor-element elementor-element-bd15688 elementor-widget elementor-widget-google_maps\" data-id=\"bd15688\" data-element_type=\"widget\" data-widget_type=\"google_maps.default\">\n\t\t\t\t<div class=\"elementor-widget-container\">\n\t\t\t\t\t<div class=\"elementor-custom-embed\">\n\t\t\t<iframe loading=\"lazy\"\n\t\t\t\t\tsrc=\"https:\/\/maps.google.com\/maps?q=ojos%20del%20diablo%2C%20tobarra&#038;t=m&#038;z=16&#038;output=embed&#038;iwloc=near\"\n\t\t\t\t\ttitle=\"ojos del diablo, tobarra\"\n\t\t\t\t\taria-label=\"ojos del diablo, tobarra\"\n\t\t\t><\/iframe>\n\t\t<\/div>\n\t\t\t\t<\/div>\n\t\t\t\t<\/div>\n\t\t\t\t<div class=\"elementor-element elementor-element-3889d7b elementor-widget elementor-widget-text-editor\" data-id=\"3889d7b\" data-element_type=\"widget\" data-widget_type=\"text-editor.default\">\n\t\t\t\t<div class=\"elementor-widget-container\">\n\t\t\t\t\t\t\t<p>El poder isl\u00e1mico almohade comenz\u00f3 con la victoria en la Batalla de Temec\u00e9n (Argelia) en 1145. En pocos a\u00f1os conquistaron los segundos reinos taifas de Al-Andalus. Valencia y Murcia resistieron hasta 1172. En 1195 vencen a los castellanos en la Batalla de Alarcos (Ciudad Real). Los reinos cristianos derrotaron a los almohades en la Batalla de las Navas de Tolosa (Ja\u00e9n) en 1212, originando las terceras taifas. Durante el dominio almohade en Al-Andalus se foment\u00f3 la reedificaci\u00f3n de fortalezas.<\/p>\t\t\t\t\t\t<\/div>\n\t\t\t\t<\/div>\n\t\t\t\t<div class=\"elementor-element elementor-element-1ba3ed5 elementor-widget elementor-widget-image\" data-id=\"1ba3ed5\" data-element_type=\"widget\" data-widget_type=\"image.default\">\n\t\t\t\t<div class=\"elementor-widget-container\">\n\t\t\t\t\t\t\t\t\t\t\t\t\t\t\t\t<a href=\"\/images\/360\/101\/index.htm\">\n\t\t\t\t\t\t\t<img loading=\"lazy\" decoding=\"async\" width=\"800\" height=\"520\" src=\"https:\/\/camposdehellinqr.com\/wp-content\/uploads\/2023\/09\/OjosDiablo2.jpg\" class=\"attachment-large size-large wp-image-5922\" alt=\"\" srcset=\"https:\/\/camposdehellinqr.com\/wp-content\/uploads\/2023\/09\/OjosDiablo2.jpg 800w, https:\/\/camposdehellinqr.com\/wp-content\/uploads\/2023\/09\/OjosDiablo2-300x195.jpg 300w, https:\/\/camposdehellinqr.com\/wp-content\/uploads\/2023\/09\/OjosDiablo2-768x499.jpg 768w\" sizes=\"auto, (max-width: 800px) 100vw, 800px\" \/>\t\t\t\t\t\t\t\t<\/a>\n\t\t\t\t\t\t\t\t\t\t\t\t\t\t\t<\/div>\n\t\t\t\t<\/div>\n\t\t\t\t<div class=\"elementor-element elementor-element-a56a1c7 elementor-widget elementor-widget-text-editor\" data-id=\"a56a1c7\" data-element_type=\"widget\" data-widget_type=\"text-editor.default\">\n\t\t\t\t<div class=\"elementor-widget-container\">\n\t\t\t\t\t\t\t<p><strong><a href=\"http:\/\/www.camposdehellinqr.com\/images\/360\/101\/index.htm\">Acceder a Visita Virtual 360\u00ba<\/a><\/strong><\/p>\t\t\t\t\t\t<\/div>\n\t\t\t\t<\/div>\n\t\t\t\t<div class=\"elementor-element elementor-element-dc941c8 elementor-widget elementor-widget-text-editor\" data-id=\"dc941c8\" data-element_type=\"widget\" data-widget_type=\"text-editor.default\">\n\t\t\t\t<div class=\"elementor-widget-container\">\n\t\t\t\t\t\t\t<p>En esta comarca se conservan restos en Hell\u00edn, Isso, Ontur, Sierra, y Tobarra. Todas est\u00e1n relacionadas con el camino hist\u00f3rico que une Andaluc\u00eda y Valencia (actual CM-412) y ocupan lugares desde donde se controlan los principales caminos y las zonas de regad\u00edo tradicional.<\/p>\t\t\t\t\t\t<\/div>\n\t\t\t\t<\/div>\n\t\t\t\t<div class=\"elementor-element elementor-element-ac592e7 elementor-widget elementor-widget-image\" data-id=\"ac592e7\" data-element_type=\"widget\" data-widget_type=\"image.default\">\n\t\t\t\t<div class=\"elementor-widget-container\">\n\t\t\t\t\t\t\t\t\t\t\t\t\t\t\t<img loading=\"lazy\" decoding=\"async\" width=\"641\" height=\"1024\" src=\"https:\/\/camposdehellinqr.com\/wp-content\/uploads\/2023\/09\/castillo1-641x1024.jpg\" class=\"attachment-large size-large wp-image-5921\" alt=\"\" srcset=\"https:\/\/camposdehellinqr.com\/wp-content\/uploads\/2023\/09\/castillo1-641x1024.jpg 641w, https:\/\/camposdehellinqr.com\/wp-content\/uploads\/2023\/09\/castillo1-188x300.jpg 188w, https:\/\/camposdehellinqr.com\/wp-content\/uploads\/2023\/09\/castillo1.jpg 684w\" sizes=\"auto, (max-width: 641px) 100vw, 641px\" \/>\t\t\t\t\t\t\t\t\t\t\t\t\t\t\t<\/div>\n\t\t\t\t<\/div>\n\t\t\t\t<div class=\"elementor-element elementor-element-90c3a35 elementor-widget elementor-widget-text-editor\" data-id=\"90c3a35\" data-element_type=\"widget\" data-widget_type=\"text-editor.default\">\n\t\t\t\t<div class=\"elementor-widget-container\">\n\t\t\t\t\t\t\t<p>Desde la conquista del Reino de Murcia por la Corona de Castilla, en 1244, los castillos de esta comarca fueron perdiendo inter\u00e9s. Y aquellas partes no reutilizadas acabaron en ruinas. Seg\u00fan J. G. Sim\u00f3n Garc\u00eda, 2011:<\/p><p><strong>1)\u00a0<\/strong>\u00a0 \u00a0La \u201cTorre del homenaje\u201d ten\u00eda planta rectangular y el retranqueo de la cara meridional puede indicar una ampliaci\u00f3n en un determinado momento. Est\u00e1 realizada en cajas de tapial de hormig\u00f3n, las cajas inferiores con gravas de r\u00edo y las cajas superiores con tierra.<\/p><p><strong>2)\u00a0\u00a0<\/strong> \u00a0Lienzo de muralla realizado mediante mamposter\u00eda trabada con mortero de cal, con un espesor de 1 m.<br \/><br \/><strong>3)<\/strong>\u00a0\u00a0 \u00a0Torre de planta trapezoidal, asentada sobre la roca natural, realizada mediante tapial de mamposter\u00eda trabada con mortero de cal. Ha perdido el \u00e1ngulo sureste, y hay un hueco en la pared norte, donde pudo estar la puerta.<\/p><p><strong>4)\u00a0\u00a0<\/strong> \u00a0Torre de planta rectangular realizada en tapial de hormig\u00f3n, con muros de un espesor de 1,20 m. Las cajas poseen una altura de 85 cm de altura y una distancia entre las agujas de 55 cm. En la actualidad se ha aprovechado como aljibe.<br \/><br \/><strong>5)\u00a0<\/strong>\u00a0 \u00a0Torre de planta rectangular. La base maciza es de tapial de hormig\u00f3n, que posee una zapata de apoyo a modo de escal\u00f3n.<\/p><p><strong>6)\u00a0<\/strong>\u00a0 \u00a0Torre de los Ojos del Diablo. Tiene planta rectangular. La base maciza es tapial de hormig\u00f3n, tambi\u00e9n posee una zapata de apoyo a modo de escal\u00f3n, sobre la que se desarrolla un muro que configura la torre de forma hueca. Las cajas inferiores son de mamposter\u00eda trabada con mortero de cal y las cajas superiores son de tierra y cal. Se aprecian las agujas de los mechinales y parte del enlucido, presentando las cajas una altura de 85 cm y una distancia entre mechinales de 65 cm.<\/p><p><strong>7)<\/strong>\u00a0\u00a0 \u00a0Lienzo de muralla que se quiebra para adaptarse a la curva de nivel del cerro. Realizada en tapial de mamposter\u00eda y mortero de cal.<\/p><p><strong>8)<\/strong>\u00a0\u00a0 \u00a0Muro de contenci\u00f3n moderno que bordea el jard\u00edn.<\/p><p><strong>9)\u00a0<\/strong>\u00a0 \u00a0Torre casi cuadrada, de cuatro metros de lado, realizada en tapial de mamposter\u00eda trabada con capas de mortero de cal. Las caras exteriores presentan numerosas reparaciones con parches de mamposter\u00eda trabada y enlucida con yeso gris. En la cara norte, tiene dos contrafuertes de mamposter\u00eda trabada con mortero y enlucido de yeso. Parece ser que dichos contrafuertes se adscriben a un momento, a inicios del siglo XX, en el que se uso la torre como plataforma para sustentar el reloj antiguo, anterior al emplazado en 1928 en el Cerro de la Ermita de Santa B\u00e1rbara.<\/p><p>Hoy, el ajardinamiento de la explanada entre los restos de la fortificaci\u00f3n invita a la contemplaci\u00f3n de las vistas del extenso territorio que domin\u00f3 el castillo, de gran parte del municipio y en especial del barrio de la Plaza.<\/p><p>\u201cEl pueblo de Tobarra es un anillo gigante de casas que rodea un cerro pelado\u2026 que tiene por gema la Iglesia parroquial\u2026\u201d (Pedro. A. Hern\u00e1ndez, 1916). La Iglesia de la Asunci\u00f3n est\u00e1 entre aquel \u201ccerro pelado\u201d, el del Reloj, y el cerro del Castillo y del Santuario. Desde la Plaza, se inicia la calle Mayor, pasando entre la Iglesia del Convento y casas blasonadas, hacia el Museo del Tambor, en la antigua Iglesia de la Pur\u00edsima. Siguiendo, se llega a San Roque. Desde la plaza de su ermita se abre la avenida de la Constituci\u00f3n, presidida por el Monumento del Tambor. Retornando hacia El Collado, se puede subir al cerro donde est\u00e1 la Torre del Reloj. En el descenso se llega a la Iglesia del barrio de San Ant\u00f3n, que rodea la ladera del cerro que faltar\u00eda para completar el anillo.<\/p><p>Al sur del cerro discurre el cauce seco del Arroyo de Tobarra al que vierte la rambla de Polope (Pero Lope), zona de regad\u00edo tradicional, cuya acequia era aprovechada por hasta cinco molinos. M\u00e1s al norte est\u00e1 la Sierra de Abenuj, Lugar de Importancia Comunitaria (LIC) desde 1999, que incluye el paraje Entresierras, donde est\u00e1 el embalse de Los Charcos. El nombre de la sierra podr\u00eda recordar al caudillo murciano IbnHud que a comienzos del siglo XIII se rebel\u00f3 contra los almohades e instaur\u00f3 la Taifa de Murcia.<\/p><p>Hacia el este, se extienden las llanuras donde est\u00e1n las seis pedan\u00edas del municipio: Los Mardos. Aljub\u00e9, Cordovilla, Santiago de Mora, Mora de Santa Quiteria y Sierra. Todas estuvieron pobladas en \u00e9poca isl\u00e1mica, como las alquer\u00edas de Alboraj y Alborajico. Cerca de la cual hubo un eremitorio rupestre hispanovisigodo, compuesto por varios habit\u00e1culos excavados en cerro de La Muela. Junto a la que se extiende el \u00e1rea protegida compuesta por la Laguna de Alboraj y el Saladar de Cordovilla, LIC desde 2006. Siguiendo el camino de Murcia paralelo al arroyo, se divisa la Sierra de la Raja, que oculta otra fortaleza hispanomusulmana en El Castellar de Sierra.<\/p>\t\t\t\t\t\t<\/div>\n\t\t\t\t<\/div>\n\t\t\t\t\t<\/div>\n\t\t<\/div>\n\t\t\t\t\t\t\t<\/div>\n\t\t<\/section>\n\t\t\t\t\t\t\t<\/div>\n\t\t","protected":false},"excerpt":{"rendered":"<p>Castillo de Tobarra y Ojos del Diablo (S. XII) El poder isl\u00e1mico almohade comenz\u00f3 con la victoria en la Batalla de Temec\u00e9n (Argelia) en 1145. En pocos a\u00f1os conquistaron los segundos reinos taifas de Al-Andalus. Valencia y Murcia resistieron hasta 1172. En 1195 vencen a los castellanos en la Batalla de Alarcos (Ciudad Real). Los &hellip;<\/p>\n<p class=\"read-more\"> <a class=\"\" href=\"https:\/\/camposdehellinqr.com\/index.php\/castillo-de-tobarra-y-ojos-del-diablo\/\"> <span class=\"screen-reader-text\">Castillo de Tobarra y Ojos del Diablo<\/span> Leer m\u00e1s &raquo;<\/a><\/p>\n","protected":false},"author":1,"featured_media":0,"parent":0,"menu_order":0,"comment_status":"closed","ping_status":"closed","template":"","meta":{"site-sidebar-layout":"no-sidebar","site-content-layout":"page-builder","ast-site-content-layout":"full-width-container","site-content-style":"default","site-sidebar-style":"default","ast-global-header-display":"","ast-banner-title-visibility":"","ast-main-header-display":"","ast-hfb-above-header-display":"","ast-hfb-below-header-display":"","ast-hfb-mobile-header-display":"","site-post-title":"disabled","ast-breadcrumbs-content":"","ast-featured-img":"disabled","footer-sml-layout":"","theme-transparent-header-meta":"","adv-header-id-meta":"","stick-header-meta":"","header-above-stick-meta":"","header-main-stick-meta":"","header-below-stick-meta":"","astra-migrate-meta-layouts":"set","footnotes":""},"class_list":["post-5937","page","type-page","status-publish","hentry"],"yoast_head":"<!-- This site is optimized with the Yoast SEO Premium plugin v20.0 (Yoast SEO v21.3) - https:\/\/yoast.com\/wordpress\/plugins\/seo\/ -->\n<title>Castillo de Tobarra y Ojos del Diablo - Campos de Hell\u00edn QR<\/title>\n<meta name=\"robots\" content=\"index, follow, max-snippet:-1, max-image-preview:large, max-video-preview:-1\" \/>\n<link rel=\"canonical\" href=\"https:\/\/camposdehellinqr.com\/index.php\/castillo-de-tobarra-y-ojos-del-diablo\/\" \/>\n<meta property=\"og:locale\" content=\"es_ES\" \/>\n<meta property=\"og:type\" content=\"article\" \/>\n<meta property=\"og:title\" content=\"Castillo de Tobarra y Ojos del Diablo\" \/>\n<meta property=\"og:description\" content=\"Castillo de Tobarra y Ojos del Diablo (S. XII) El poder isl\u00e1mico almohade comenz\u00f3 con la victoria en la Batalla de Temec\u00e9n (Argelia) en 1145. En pocos a\u00f1os conquistaron los segundos reinos taifas de Al-Andalus. Valencia y Murcia resistieron hasta 1172. En 1195 vencen a los castellanos en la Batalla de Alarcos (Ciudad Real). Los &hellip; Castillo de Tobarra y Ojos del Diablo Leer m\u00e1s &raquo;\" \/>\n<meta property=\"og:url\" content=\"https:\/\/camposdehellinqr.com\/index.php\/castillo-de-tobarra-y-ojos-del-diablo\/\" \/>\n<meta property=\"og:site_name\" content=\"Campos de Hell\u00edn QR\" \/>\n<meta property=\"article:modified_time\" content=\"2023-09-19T17:27:11+00:00\" \/>\n<meta property=\"og:image\" content=\"https:\/\/camposdehellinqr.com\/wp-content\/uploads\/2023\/09\/OjosDiablo2.jpg\" \/>\n<meta name=\"twitter:card\" content=\"summary_large_image\" \/>\n<meta name=\"twitter:label1\" content=\"Tiempo de lectura\" \/>\n\t<meta name=\"twitter:data1\" content=\"5 minutos\" \/>\n<script type=\"application\/ld+json\" class=\"yoast-schema-graph\">{\"@context\":\"https:\/\/schema.org\",\"@graph\":[{\"@type\":\"WebPage\",\"@id\":\"https:\/\/camposdehellinqr.com\/index.php\/castillo-de-tobarra-y-ojos-del-diablo\/\",\"url\":\"https:\/\/camposdehellinqr.com\/index.php\/castillo-de-tobarra-y-ojos-del-diablo\/\",\"name\":\"Castillo de Tobarra y Ojos del Diablo - Campos de Hell\u00edn QR\",\"isPartOf\":{\"@id\":\"https:\/\/camposdehellinqr.com\/#website\"},\"datePublished\":\"2023-09-19T08:16:09+00:00\",\"dateModified\":\"2023-09-19T17:27:11+00:00\",\"breadcrumb\":{\"@id\":\"https:\/\/camposdehellinqr.com\/index.php\/castillo-de-tobarra-y-ojos-del-diablo\/#breadcrumb\"},\"inLanguage\":\"es\",\"potentialAction\":[{\"@type\":\"ReadAction\",\"target\":[\"https:\/\/camposdehellinqr.com\/index.php\/castillo-de-tobarra-y-ojos-del-diablo\/\"]}]},{\"@type\":\"BreadcrumbList\",\"@id\":\"https:\/\/camposdehellinqr.com\/index.php\/castillo-de-tobarra-y-ojos-del-diablo\/#breadcrumb\",\"itemListElement\":[{\"@type\":\"ListItem\",\"position\":1,\"name\":\"Home\",\"item\":\"https:\/\/camposdehellinqr.com\/\"},{\"@type\":\"ListItem\",\"position\":2,\"name\":\"Castillo de Tobarra y Ojos del Diablo\"}]},{\"@type\":\"WebSite\",\"@id\":\"https:\/\/camposdehellinqr.com\/#website\",\"url\":\"https:\/\/camposdehellinqr.com\/\",\"name\":\"Campos de Hell\u00edn QR\",\"description\":\"La comarca Campos de Hell\u00edn en 360\u00ba\",\"publisher\":{\"@id\":\"https:\/\/camposdehellinqr.com\/#organization\"},\"potentialAction\":[{\"@type\":\"SearchAction\",\"target\":{\"@type\":\"EntryPoint\",\"urlTemplate\":\"https:\/\/camposdehellinqr.com\/?s={search_term_string}\"},\"query-input\":\"required name=search_term_string\"}],\"inLanguage\":\"es\"},{\"@type\":\"Organization\",\"@id\":\"https:\/\/camposdehellinqr.com\/#organization\",\"name\":\"Campos de Hell\u00edn QR\",\"url\":\"https:\/\/camposdehellinqr.com\/\",\"logo\":{\"@type\":\"ImageObject\",\"inLanguage\":\"es\",\"@id\":\"https:\/\/camposdehellinqr.com\/#\/schema\/logo\/image\/\",\"url\":\"https:\/\/camposdehellinqr.com\/wp-content\/uploads\/2020\/02\/logoqr.png\",\"contentUrl\":\"https:\/\/camposdehellinqr.com\/wp-content\/uploads\/2020\/02\/logoqr.png\",\"width\":300,\"height\":50,\"caption\":\"Campos de Hell\u00edn QR\"},\"image\":{\"@id\":\"https:\/\/camposdehellinqr.com\/#\/schema\/logo\/image\/\"}}]}<\/script>\n<!-- \/ Yoast SEO Premium plugin. -->","yoast_head_json":{"title":"Castillo de Tobarra y Ojos del Diablo - Campos de Hell\u00edn QR","robots":{"index":"index","follow":"follow","max-snippet":"max-snippet:-1","max-image-preview":"max-image-preview:large","max-video-preview":"max-video-preview:-1"},"canonical":"https:\/\/camposdehellinqr.com\/index.php\/castillo-de-tobarra-y-ojos-del-diablo\/","og_locale":"es_ES","og_type":"article","og_title":"Castillo de Tobarra y Ojos del Diablo","og_description":"Castillo de Tobarra y Ojos del Diablo (S. XII) El poder isl\u00e1mico almohade comenz\u00f3 con la victoria en la Batalla de Temec\u00e9n (Argelia) en 1145. En pocos a\u00f1os conquistaron los segundos reinos taifas de Al-Andalus. Valencia y Murcia resistieron hasta 1172. En 1195 vencen a los castellanos en la Batalla de Alarcos (Ciudad Real). Los &hellip; Castillo de Tobarra y Ojos del Diablo Leer m\u00e1s &raquo;","og_url":"https:\/\/camposdehellinqr.com\/index.php\/castillo-de-tobarra-y-ojos-del-diablo\/","og_site_name":"Campos de Hell\u00edn QR","article_modified_time":"2023-09-19T17:27:11+00:00","og_image":[{"url":"https:\/\/camposdehellinqr.com\/wp-content\/uploads\/2023\/09\/OjosDiablo2.jpg"}],"twitter_card":"summary_large_image","twitter_misc":{"Tiempo de lectura":"5 minutos"},"schema":{"@context":"https:\/\/schema.org","@graph":[{"@type":"WebPage","@id":"https:\/\/camposdehellinqr.com\/index.php\/castillo-de-tobarra-y-ojos-del-diablo\/","url":"https:\/\/camposdehellinqr.com\/index.php\/castillo-de-tobarra-y-ojos-del-diablo\/","name":"Castillo de Tobarra y Ojos del Diablo - Campos de Hell\u00edn QR","isPartOf":{"@id":"https:\/\/camposdehellinqr.com\/#website"},"datePublished":"2023-09-19T08:16:09+00:00","dateModified":"2023-09-19T17:27:11+00:00","breadcrumb":{"@id":"https:\/\/camposdehellinqr.com\/index.php\/castillo-de-tobarra-y-ojos-del-diablo\/#breadcrumb"},"inLanguage":"es","potentialAction":[{"@type":"ReadAction","target":["https:\/\/camposdehellinqr.com\/index.php\/castillo-de-tobarra-y-ojos-del-diablo\/"]}]},{"@type":"BreadcrumbList","@id":"https:\/\/camposdehellinqr.com\/index.php\/castillo-de-tobarra-y-ojos-del-diablo\/#breadcrumb","itemListElement":[{"@type":"ListItem","position":1,"name":"Home","item":"https:\/\/camposdehellinqr.com\/"},{"@type":"ListItem","position":2,"name":"Castillo de Tobarra y Ojos del Diablo"}]},{"@type":"WebSite","@id":"https:\/\/camposdehellinqr.com\/#website","url":"https:\/\/camposdehellinqr.com\/","name":"Campos de Hell\u00edn QR","description":"La comarca Campos de Hell\u00edn en 360\u00ba","publisher":{"@id":"https:\/\/camposdehellinqr.com\/#organization"},"potentialAction":[{"@type":"SearchAction","target":{"@type":"EntryPoint","urlTemplate":"https:\/\/camposdehellinqr.com\/?s={search_term_string}"},"query-input":"required name=search_term_string"}],"inLanguage":"es"},{"@type":"Organization","@id":"https:\/\/camposdehellinqr.com\/#organization","name":"Campos de Hell\u00edn QR","url":"https:\/\/camposdehellinqr.com\/","logo":{"@type":"ImageObject","inLanguage":"es","@id":"https:\/\/camposdehellinqr.com\/#\/schema\/logo\/image\/","url":"https:\/\/camposdehellinqr.com\/wp-content\/uploads\/2020\/02\/logoqr.png","contentUrl":"https:\/\/camposdehellinqr.com\/wp-content\/uploads\/2020\/02\/logoqr.png","width":300,"height":50,"caption":"Campos de Hell\u00edn QR"},"image":{"@id":"https:\/\/camposdehellinqr.com\/#\/schema\/logo\/image\/"}}]}},"_links":{"self":[{"href":"https:\/\/camposdehellinqr.com\/index.php\/wp-json\/wp\/v2\/pages\/5937","targetHints":{"allow":["GET"]}}],"collection":[{"href":"https:\/\/camposdehellinqr.com\/index.php\/wp-json\/wp\/v2\/pages"}],"about":[{"href":"https:\/\/camposdehellinqr.com\/index.php\/wp-json\/wp\/v2\/types\/page"}],"author":[{"embeddable":true,"href":"https:\/\/camposdehellinqr.com\/index.php\/wp-json\/wp\/v2\/users\/1"}],"replies":[{"embeddable":true,"href":"https:\/\/camposdehellinqr.com\/index.php\/wp-json\/wp\/v2\/comments?post=5937"}],"version-history":[{"count":5,"href":"https:\/\/camposdehellinqr.com\/index.php\/wp-json\/wp\/v2\/pages\/5937\/revisions"}],"predecessor-version":[{"id":6458,"href":"https:\/\/camposdehellinqr.com\/index.php\/wp-json\/wp\/v2\/pages\/5937\/revisions\/6458"}],"wp:attachment":[{"href":"https:\/\/camposdehellinqr.com\/index.php\/wp-json\/wp\/v2\/media?parent=5937"}],"curies":[{"name":"wp","href":"https:\/\/api.w.org\/{rel}","templated":true}]}}