{"id":5938,"date":"2023-09-19T08:18:28","date_gmt":"2023-09-19T08:18:28","guid":{"rendered":"https:\/\/camposdehellinqr.com\/?page_id=5938"},"modified":"2023-09-19T17:27:20","modified_gmt":"2023-09-19T17:27:20","slug":"iglesia-de-la-asuncion-de-tobarra-s-xvi-xx","status":"publish","type":"page","link":"https:\/\/camposdehellinqr.com\/index.php\/iglesia-de-la-asuncion-de-tobarra-s-xvi-xx\/","title":{"rendered":"Iglesia de la Asunci\u00f3n de Tobarra"},"content":{"rendered":"\t\t<div data-elementor-type=\"wp-page\" data-elementor-id=\"5938\" class=\"elementor elementor-5938\" data-elementor-post-type=\"page\">\n\t\t\t\t\t\t\t\t\t<section class=\"elementor-section elementor-top-section elementor-element elementor-element-89ef3ac elementor-section-boxed elementor-section-height-default elementor-section-height-default\" data-id=\"89ef3ac\" data-element_type=\"section\">\n\t\t\t\t\t\t\t<div class=\"elementor-background-overlay\"><\/div>\n\t\t\t\t\t\t\t<div class=\"elementor-container elementor-column-gap-default\">\n\t\t\t\t\t<div class=\"elementor-column elementor-col-100 elementor-top-column elementor-element elementor-element-e076a23\" data-id=\"e076a23\" data-element_type=\"column\">\n\t\t\t<div class=\"elementor-widget-wrap elementor-element-populated\">\n\t\t\t\t\t\t\t\t<div class=\"elementor-element elementor-element-c7e6a46 elementor-widget elementor-widget-heading\" data-id=\"c7e6a46\" data-element_type=\"widget\" data-widget_type=\"heading.default\">\n\t\t\t\t<div class=\"elementor-widget-container\">\n\t\t\t<h3 class=\"elementor-heading-title elementor-size-default\">Iglesia de la Asunci\u00f3n de Tobarra (S.XVI-XX)<\/h3>\t\t<\/div>\n\t\t\t\t<\/div>\n\t\t\t\t<div class=\"elementor-element elementor-element-bd15688 elementor-widget elementor-widget-google_maps\" data-id=\"bd15688\" data-element_type=\"widget\" data-widget_type=\"google_maps.default\">\n\t\t\t\t<div class=\"elementor-widget-container\">\n\t\t\t\t\t<div class=\"elementor-custom-embed\">\n\t\t\t<iframe loading=\"lazy\"\n\t\t\t\t\tsrc=\"https:\/\/maps.google.com\/maps?q=iglesia%20asuncion%20tobarra&#038;t=m&#038;z=16&#038;output=embed&#038;iwloc=near\"\n\t\t\t\t\ttitle=\"iglesia asuncion tobarra\"\n\t\t\t\t\taria-label=\"iglesia asuncion tobarra\"\n\t\t\t><\/iframe>\n\t\t<\/div>\n\t\t\t\t<\/div>\n\t\t\t\t<\/div>\n\t\t\t\t<div class=\"elementor-element elementor-element-3889d7b elementor-widget elementor-widget-text-editor\" data-id=\"3889d7b\" data-element_type=\"widget\" data-widget_type=\"text-editor.default\">\n\t\t\t\t<div class=\"elementor-widget-container\">\n\t\t\t\t\t\t\t<p><strong>Incoaci\u00f3n para Bien de Inter\u00e9s Cultural en 2000<\/strong><\/p><p>La principal iglesia de Tobarra, al igual que en Hell\u00edn, ambas dedicadas a la Asunci\u00f3n de Santa Mar\u00eda, fue edificada durante el siglo XVI con donaciones de los feligreses y las destacadas contribuciones de aquellos vecinos m\u00e1s adinerados, que quer\u00edan construir sus propias capillas funerarias separadas de las criptas comunes, cuatro capillas conservan su escudo.<\/p>\t\t\t\t\t\t<\/div>\n\t\t\t\t<\/div>\n\t\t\t\t<div class=\"elementor-element elementor-element-1ba3ed5 elementor-widget elementor-widget-image\" data-id=\"1ba3ed5\" data-element_type=\"widget\" data-widget_type=\"image.default\">\n\t\t\t\t<div class=\"elementor-widget-container\">\n\t\t\t\t\t\t\t\t\t\t\t\t\t\t\t\t<a href=\"\/images\/360\/92\/index.htm\">\n\t\t\t\t\t\t\t<img loading=\"lazy\" decoding=\"async\" width=\"800\" height=\"475\" src=\"https:\/\/camposdehellinqr.com\/wp-content\/uploads\/2023\/09\/AsuncionTobarra2.jpg\" class=\"attachment-large size-large wp-image-5926\" alt=\"\" srcset=\"https:\/\/camposdehellinqr.com\/wp-content\/uploads\/2023\/09\/AsuncionTobarra2.jpg 800w, https:\/\/camposdehellinqr.com\/wp-content\/uploads\/2023\/09\/AsuncionTobarra2-300x178.jpg 300w, https:\/\/camposdehellinqr.com\/wp-content\/uploads\/2023\/09\/AsuncionTobarra2-768x456.jpg 768w\" sizes=\"auto, (max-width: 800px) 100vw, 800px\" \/>\t\t\t\t\t\t\t\t<\/a>\n\t\t\t\t\t\t\t\t\t\t\t\t\t\t\t<\/div>\n\t\t\t\t<\/div>\n\t\t\t\t<div class=\"elementor-element elementor-element-a56a1c7 elementor-widget elementor-widget-text-editor\" data-id=\"a56a1c7\" data-element_type=\"widget\" data-widget_type=\"text-editor.default\">\n\t\t\t\t<div class=\"elementor-widget-container\">\n\t\t\t\t\t\t\t<p><strong><a href=\"http:\/\/www.camposdehellinqr.com\/images\/360\/92\/index.htm\">Acceder a Visita Virtual 360\u00ba<\/a><\/strong><\/p>\t\t\t\t\t\t<\/div>\n\t\t\t\t<\/div>\n\t\t\t\t<div class=\"elementor-element elementor-element-dc941c8 elementor-widget elementor-widget-text-editor\" data-id=\"dc941c8\" data-element_type=\"widget\" data-widget_type=\"text-editor.default\">\n\t\t\t\t<div class=\"elementor-widget-container\">\n\t\t\t\t\t\t\t<p>La dilatada ejecuci\u00f3n se manifiesta en la superposici\u00f3n de elementos de varios estilos arquitect\u00f3nicos. Durante el siglo XVIII se incremento la decoraci\u00f3n con retablos, pinturas, e im\u00e1genes para los pasos de Semana Santa. Pero ya que fueron destruidos durante la Guerra Civil (1936-1939), los elementos repuestos son de la segunda mitad del siglo XX.<\/p>\t\t\t\t\t\t<\/div>\n\t\t\t\t<\/div>\n\t\t\t\t<div class=\"elementor-element elementor-element-986f54b elementor-widget elementor-widget-image\" data-id=\"986f54b\" data-element_type=\"widget\" data-widget_type=\"image.default\">\n\t\t\t\t<div class=\"elementor-widget-container\">\n\t\t\t\t\t\t\t\t\t\t\t\t\t\t\t<img loading=\"lazy\" decoding=\"async\" width=\"798\" height=\"1015\" src=\"https:\/\/camposdehellinqr.com\/wp-content\/uploads\/2023\/09\/asunciontobarra.jpg\" class=\"attachment-large size-large wp-image-5925\" alt=\"\" srcset=\"https:\/\/camposdehellinqr.com\/wp-content\/uploads\/2023\/09\/asunciontobarra.jpg 798w, https:\/\/camposdehellinqr.com\/wp-content\/uploads\/2023\/09\/asunciontobarra-236x300.jpg 236w, https:\/\/camposdehellinqr.com\/wp-content\/uploads\/2023\/09\/asunciontobarra-768x977.jpg 768w\" sizes=\"auto, (max-width: 798px) 100vw, 798px\" \/>\t\t\t\t\t\t\t\t\t\t\t\t\t\t\t<\/div>\n\t\t\t\t<\/div>\n\t\t\t\t<div class=\"elementor-element elementor-element-a247674 elementor-widget elementor-widget-text-editor\" data-id=\"a247674\" data-element_type=\"widget\" data-widget_type=\"text-editor.default\">\n\t\t\t\t<div class=\"elementor-widget-container\">\n\t\t\t\t\t\t\t<p><strong>1)\u00a0<\/strong>\u00a0 \u00a0La torre del campanario original se derrumb\u00f3 el 11 de enero de 1952 arruinando parte de la techumbre y la portada. La reconstrucci\u00f3n, que termin\u00f3 en 1963, reprodujo fielmente el trazado de las b\u00f3vedas originales.<\/p><p><strong>2)\u00a0<\/strong>\u00a0 \u00a0Acceso desde la plaza de Espa\u00f1a. La portada sur se reconstruy\u00f3 simplificando la original. En aquella hab\u00eda una inscripci\u00f3n: \u201cP. ALVAR ME HIZO A\u00d1O MIL 695\u2026\u201d (R. Amador de los R\u00edos, 1912)<\/p><p><strong>3)\u00a0<\/strong>\u00a0 \u00a0La l\u00e1pida del acceso estuvo en el coro antes del derrumbe, donde se coloc\u00f3 para recordar el fin de las obras: \u201cA\u00d1O DE 1546 SE PUSO LA PRIMERA PIEDRA EN ESTE TEMPLO, SIENDO EL OBISPO EL S. D. JUAN MARTINEZ SILICEO Y CON LAS COPIOSAS LIMOSNAS DE LA VILLA SE ACABO CON ESTE CORO, A\u00d1O 1616, PABLO 5\u00ba, SUMO P(ontifice). REINANDO FELIPE 3\u00ba, OBISPO D. FRAN(cis)CO MARTINEZ, CURA EL D(oct)OR GINES GOMEZ, FABRIQUERO DON PEDRO RODRIGUEZ DE VERA\u201d. El Gin\u00e9s G\u00f3mez fue quien don\u00f3 su casa en 1609 para la fundaci\u00f3n del Convento, y el fabriquero era el administrador del dinero para f\u00e1bricar la iglesia, que ten\u00eda tres procedencias: las limosnas de los feligreses, una parte de las \u201ctercias reales\u201d del diezmo, y otra del Obispado de la antigua di\u00f3cesis de Cartagena.<\/p><p><strong>4)<\/strong>\u00a0\u00a0 \u00a0La portada del norte, original, est\u00e1 m\u00e1s elevada porque el edificio se adapt\u00f3 a la ladera del cerro.<\/p><p><strong>5)<\/strong>\u00a0\u00a0 \u00a0Presbiterio con \u00e1bside ochavado. El retablo del altar mayor, destruido en la Guerra Civil, cubr\u00eda los tres lados del fondo, incluidos los accesos a las capillas, con puertas, sobre las que estaban el escudo de la familia titular. Las im\u00e1genes eran pinturas sobre lienzos del siglo XVIII. (R. Amador de los R\u00edos, 1912).<\/p><p><strong>6)<\/strong>\u00a0\u00a0 \u00a0La nave \u00fanica est\u00e1 cubierta con b\u00f3vedas de nervios cruzados y combados, denominadas estrelladas por su forma, siguiendo la tradici\u00f3n de siglos anteriores, mientras que los apoyos son medias columnas adosadas a los contrafuertes, inspiradas en la arquitectura de la Antigua Roma, cuyo estilo renac\u00eda entonces. Tambi\u00e9n manifestado en los arcos de medio punto moldurados de las capillas laterales. No se ha documentado quienes fueron los autores del templo, sin embargo esta cubierta y las arcadas de las capillas tienen el precedente m\u00e1s cercano en la Iglesia de El Salvador en Caravaca de la Cruz, que fue trazada por Jer\u00f3nimo Quijano y construida por Mart\u00edn de Homa (C. Guti\u00e9rrez-Cortines, 1987)<br \/><br \/><strong>7)\u00a0<\/strong>\u00a0 \u00a0Coro de cantores reconstruido. El original fue terminado en 1616 seg\u00fan la l\u00e1pida que estuvo en su barandal. En el muro del hastial se abre el principal hueco que ilumina la nave.<\/p><p><strong>8)\u00a0<\/strong>\u00a0 \u00a0Capilla del Bautismo, situada a los pies del templo. La tradici\u00f3n exig\u00eda estar bautizado para poder asistir a la iglesia. Fue de Gin\u00e9s G\u00f3mez. Hubo un retablo dedicado a Santa Victoria, martirizada en el siglo III, seg\u00fan la Cr\u00f3nica Franciscana del padre Ortega, en \u201cTobarra la vieja\u201d (El Castellar de Sierra).<\/p><p><strong>9)<\/strong>\u00a0\u00a0 \u00a0Capilla funeraria de los Barnuevo. Los primeros propietarios de las capillas se mencionan en la relaci\u00f3n enviada a Felipe II en 1575. La imagen actual de Nuestro Padre Jes\u00fas Nazareno fue realizada por\u00a0<span class=\"_5yl5\" data-reactid=\".o.$mid=11403780932956=2b88cbeaa762f226c38.2:0.0.0.0.0\"><span class=\"null\">Jos\u00e9 Lozano Roca<\/span><\/span> en 1940.<\/p><p><strong>10)<\/strong>\u00a0\u00a0 \u00a0Capilla funeraria de los Pi\u00f1ero. Dedicada a Nuestra Se\u00f1ora del Rosario. Su antiguo retablo ten\u00eda una inscripci\u00f3n de sus cofrades y bienhechores del a\u00f1o de 1741.<\/p><p><strong>11)\u00a0\u00a0<\/strong> \u00a0Capilla funeraria de los Rodr\u00edguez de Vera. La casa de esta familia, n\u00ba 23 de esta misma plaza, conserva la portada blasonada. La capilla est\u00e1 dedicada a La Dolorosa atribuida a Francisco Salzillo, siglo XVIII. Es una imagen de vestir, s\u00f3lo talla de cabeza y manos. Antes estuvo en la Iglesia del Convento. Fue la \u00fanica imagen de la Semana Santa de Tobarra, junto al Ecce Homo, no destruida durante la Guerra Civil. <br \/><br \/><strong>12)\u00a0<\/strong>\u00a0 \u00a0Capilla funeraria de los Carcel\u00e9n. Conserva el escudo nobiliario sobre el arco. La advocaci\u00f3n de la capilla es Nuestra Se\u00f1ora de los \u00c1ngeles.<\/p><p><strong>13)\u00a0<\/strong>\u00a0 \u00a0Capilla funeraria de los Valera. Est\u00e1 dedicada a Nuestra Se\u00f1ora de la Concepci\u00f3n. Otras advocaciones de las capillas fueron La Ascensi\u00f3n, La Asunci\u00f3n, Santa Ana y San Cosme y San Dami\u00e1n. (F. Ruiz Molina, 1990).<\/p><p>La plaza de Espa\u00f1a surgi\u00f3 a principios del siglo XX tras la demolici\u00f3n de las casas situadas entre las dos peque\u00f1as plazas anteriores, que coincid\u00edan aproximadamente con los dos espacios ajardinados actuales. Aqu\u00ed est\u00e1 el monumento a los nazarenos que llevan sobre los hombros los pasos de las procesiones. Es obra de Jes\u00fas Dami\u00e1n Jim\u00e9nez Ram\u00edrez, que firma como \u201cBatanero\u201d, 2011. La Semana Santa de Tobarra fue declarada de Inter\u00e9s Tur\u00edstico Nacional en 1988.<\/p><p>\u201cEl pueblo de Tobarra es un anillo gigante de casas que rodea un cerro pelado\u2026 que tiene por gema la Iglesia parroquial\u2026\u201d (Pedro. A. Hern\u00e1ndez, 1916). La Iglesia de la Asunci\u00f3n est\u00e1 entre aquel \u201ccerro pelado\u201d, el del Reloj, y el cerro del Castillo y del Santuario. Desde la Plaza, se inicia la calle Mayor, pasando entre la Iglesia del Convento y casas blasonadas, hacia el Museo del Tambor, en la antigua Iglesia de la Pur\u00edsima. Siguiendo, se llega a San Roque. Desde la plaza de su ermita se abre la avenida de la Constituci\u00f3n, presidida por el Monumento del Tambor. Retornando hacia El Collado, se puede subir al cerro donde est\u00e1 la Torre del Reloj. En el descenso se llega a la Iglesia del barrio de San Ant\u00f3n, que rodea la ladera del cerro que faltar\u00eda para completar el anillo.<\/p>\t\t\t\t\t\t<\/div>\n\t\t\t\t<\/div>\n\t\t\t\t\t<\/div>\n\t\t<\/div>\n\t\t\t\t\t\t\t<\/div>\n\t\t<\/section>\n\t\t\t\t\t\t\t<\/div>\n\t\t","protected":false},"excerpt":{"rendered":"<p>Iglesia de la Asunci\u00f3n de Tobarra (S.XVI-XX) Incoaci\u00f3n para Bien de Inter\u00e9s Cultural en 2000 La principal iglesia de Tobarra, al igual que en Hell\u00edn, ambas dedicadas a la Asunci\u00f3n de Santa Mar\u00eda, fue edificada durante el siglo XVI con donaciones de los feligreses y las destacadas contribuciones de aquellos vecinos m\u00e1s adinerados, que quer\u00edan &hellip;<\/p>\n<p class=\"read-more\"> <a class=\"\" href=\"https:\/\/camposdehellinqr.com\/index.php\/iglesia-de-la-asuncion-de-tobarra-s-xvi-xx\/\"> <span class=\"screen-reader-text\">Iglesia de la Asunci\u00f3n de Tobarra<\/span> Leer m\u00e1s &raquo;<\/a><\/p>\n","protected":false},"author":1,"featured_media":0,"parent":0,"menu_order":0,"comment_status":"closed","ping_status":"closed","template":"","meta":{"site-sidebar-layout":"no-sidebar","site-content-layout":"page-builder","ast-site-content-layout":"full-width-container","site-content-style":"default","site-sidebar-style":"default","ast-global-header-display":"","ast-banner-title-visibility":"","ast-main-header-display":"","ast-hfb-above-header-display":"","ast-hfb-below-header-display":"","ast-hfb-mobile-header-display":"","site-post-title":"disabled","ast-breadcrumbs-content":"","ast-featured-img":"disabled","footer-sml-layout":"","theme-transparent-header-meta":"","adv-header-id-meta":"","stick-header-meta":"","header-above-stick-meta":"","header-main-stick-meta":"","header-below-stick-meta":"","astra-migrate-meta-layouts":"set","footnotes":""},"class_list":["post-5938","page","type-page","status-publish","hentry"],"yoast_head":"<!-- This site is optimized with the Yoast SEO Premium plugin v20.0 (Yoast SEO v21.3) - https:\/\/yoast.com\/wordpress\/plugins\/seo\/ -->\n<title>Iglesia de la Asunci\u00f3n de Tobarra - Campos de Hell\u00edn QR<\/title>\n<meta name=\"robots\" content=\"index, follow, max-snippet:-1, max-image-preview:large, max-video-preview:-1\" \/>\n<link rel=\"canonical\" href=\"https:\/\/camposdehellinqr.com\/index.php\/iglesia-de-la-asuncion-de-tobarra-s-xvi-xx\/\" \/>\n<meta property=\"og:locale\" content=\"es_ES\" \/>\n<meta property=\"og:type\" content=\"article\" \/>\n<meta property=\"og:title\" content=\"Iglesia de la Asunci\u00f3n de Tobarra\" \/>\n<meta property=\"og:description\" content=\"Iglesia de la Asunci\u00f3n de Tobarra (S.XVI-XX) Incoaci\u00f3n para Bien de Inter\u00e9s Cultural en 2000 La principal iglesia de Tobarra, al igual que en Hell\u00edn, ambas dedicadas a la Asunci\u00f3n de Santa Mar\u00eda, fue edificada durante el siglo XVI con donaciones de los feligreses y las destacadas contribuciones de aquellos vecinos m\u00e1s adinerados, que quer\u00edan &hellip; Iglesia de la Asunci\u00f3n de Tobarra Leer m\u00e1s &raquo;\" \/>\n<meta property=\"og:url\" content=\"https:\/\/camposdehellinqr.com\/index.php\/iglesia-de-la-asuncion-de-tobarra-s-xvi-xx\/\" \/>\n<meta property=\"og:site_name\" content=\"Campos de Hell\u00edn QR\" \/>\n<meta property=\"article:modified_time\" content=\"2023-09-19T17:27:20+00:00\" \/>\n<meta property=\"og:image\" content=\"https:\/\/camposdehellinqr.com\/wp-content\/uploads\/2023\/09\/AsuncionTobarra2.jpg\" \/>\n<meta name=\"twitter:card\" content=\"summary_large_image\" \/>\n<meta name=\"twitter:label1\" content=\"Tiempo de lectura\" \/>\n\t<meta name=\"twitter:data1\" content=\"5 minutos\" \/>\n<script type=\"application\/ld+json\" class=\"yoast-schema-graph\">{\"@context\":\"https:\/\/schema.org\",\"@graph\":[{\"@type\":\"WebPage\",\"@id\":\"https:\/\/camposdehellinqr.com\/index.php\/iglesia-de-la-asuncion-de-tobarra-s-xvi-xx\/\",\"url\":\"https:\/\/camposdehellinqr.com\/index.php\/iglesia-de-la-asuncion-de-tobarra-s-xvi-xx\/\",\"name\":\"Iglesia de la Asunci\u00f3n de Tobarra - Campos de Hell\u00edn QR\",\"isPartOf\":{\"@id\":\"https:\/\/camposdehellinqr.com\/#website\"},\"datePublished\":\"2023-09-19T08:18:28+00:00\",\"dateModified\":\"2023-09-19T17:27:20+00:00\",\"breadcrumb\":{\"@id\":\"https:\/\/camposdehellinqr.com\/index.php\/iglesia-de-la-asuncion-de-tobarra-s-xvi-xx\/#breadcrumb\"},\"inLanguage\":\"es\",\"potentialAction\":[{\"@type\":\"ReadAction\",\"target\":[\"https:\/\/camposdehellinqr.com\/index.php\/iglesia-de-la-asuncion-de-tobarra-s-xvi-xx\/\"]}]},{\"@type\":\"BreadcrumbList\",\"@id\":\"https:\/\/camposdehellinqr.com\/index.php\/iglesia-de-la-asuncion-de-tobarra-s-xvi-xx\/#breadcrumb\",\"itemListElement\":[{\"@type\":\"ListItem\",\"position\":1,\"name\":\"Home\",\"item\":\"https:\/\/camposdehellinqr.com\/\"},{\"@type\":\"ListItem\",\"position\":2,\"name\":\"Iglesia de la Asunci\u00f3n de Tobarra\"}]},{\"@type\":\"WebSite\",\"@id\":\"https:\/\/camposdehellinqr.com\/#website\",\"url\":\"https:\/\/camposdehellinqr.com\/\",\"name\":\"Campos de Hell\u00edn QR\",\"description\":\"La comarca Campos de Hell\u00edn en 360\u00ba\",\"publisher\":{\"@id\":\"https:\/\/camposdehellinqr.com\/#organization\"},\"potentialAction\":[{\"@type\":\"SearchAction\",\"target\":{\"@type\":\"EntryPoint\",\"urlTemplate\":\"https:\/\/camposdehellinqr.com\/?s={search_term_string}\"},\"query-input\":\"required name=search_term_string\"}],\"inLanguage\":\"es\"},{\"@type\":\"Organization\",\"@id\":\"https:\/\/camposdehellinqr.com\/#organization\",\"name\":\"Campos de Hell\u00edn QR\",\"url\":\"https:\/\/camposdehellinqr.com\/\",\"logo\":{\"@type\":\"ImageObject\",\"inLanguage\":\"es\",\"@id\":\"https:\/\/camposdehellinqr.com\/#\/schema\/logo\/image\/\",\"url\":\"https:\/\/camposdehellinqr.com\/wp-content\/uploads\/2020\/02\/logoqr.png\",\"contentUrl\":\"https:\/\/camposdehellinqr.com\/wp-content\/uploads\/2020\/02\/logoqr.png\",\"width\":300,\"height\":50,\"caption\":\"Campos de Hell\u00edn QR\"},\"image\":{\"@id\":\"https:\/\/camposdehellinqr.com\/#\/schema\/logo\/image\/\"}}]}<\/script>\n<!-- \/ Yoast SEO Premium plugin. -->","yoast_head_json":{"title":"Iglesia de la Asunci\u00f3n de Tobarra - Campos de Hell\u00edn QR","robots":{"index":"index","follow":"follow","max-snippet":"max-snippet:-1","max-image-preview":"max-image-preview:large","max-video-preview":"max-video-preview:-1"},"canonical":"https:\/\/camposdehellinqr.com\/index.php\/iglesia-de-la-asuncion-de-tobarra-s-xvi-xx\/","og_locale":"es_ES","og_type":"article","og_title":"Iglesia de la Asunci\u00f3n de Tobarra","og_description":"Iglesia de la Asunci\u00f3n de Tobarra (S.XVI-XX) Incoaci\u00f3n para Bien de Inter\u00e9s Cultural en 2000 La principal iglesia de Tobarra, al igual que en Hell\u00edn, ambas dedicadas a la Asunci\u00f3n de Santa Mar\u00eda, fue edificada durante el siglo XVI con donaciones de los feligreses y las destacadas contribuciones de aquellos vecinos m\u00e1s adinerados, que quer\u00edan &hellip; Iglesia de la Asunci\u00f3n de Tobarra Leer m\u00e1s &raquo;","og_url":"https:\/\/camposdehellinqr.com\/index.php\/iglesia-de-la-asuncion-de-tobarra-s-xvi-xx\/","og_site_name":"Campos de Hell\u00edn QR","article_modified_time":"2023-09-19T17:27:20+00:00","og_image":[{"url":"https:\/\/camposdehellinqr.com\/wp-content\/uploads\/2023\/09\/AsuncionTobarra2.jpg"}],"twitter_card":"summary_large_image","twitter_misc":{"Tiempo de lectura":"5 minutos"},"schema":{"@context":"https:\/\/schema.org","@graph":[{"@type":"WebPage","@id":"https:\/\/camposdehellinqr.com\/index.php\/iglesia-de-la-asuncion-de-tobarra-s-xvi-xx\/","url":"https:\/\/camposdehellinqr.com\/index.php\/iglesia-de-la-asuncion-de-tobarra-s-xvi-xx\/","name":"Iglesia de la Asunci\u00f3n de Tobarra - Campos de Hell\u00edn QR","isPartOf":{"@id":"https:\/\/camposdehellinqr.com\/#website"},"datePublished":"2023-09-19T08:18:28+00:00","dateModified":"2023-09-19T17:27:20+00:00","breadcrumb":{"@id":"https:\/\/camposdehellinqr.com\/index.php\/iglesia-de-la-asuncion-de-tobarra-s-xvi-xx\/#breadcrumb"},"inLanguage":"es","potentialAction":[{"@type":"ReadAction","target":["https:\/\/camposdehellinqr.com\/index.php\/iglesia-de-la-asuncion-de-tobarra-s-xvi-xx\/"]}]},{"@type":"BreadcrumbList","@id":"https:\/\/camposdehellinqr.com\/index.php\/iglesia-de-la-asuncion-de-tobarra-s-xvi-xx\/#breadcrumb","itemListElement":[{"@type":"ListItem","position":1,"name":"Home","item":"https:\/\/camposdehellinqr.com\/"},{"@type":"ListItem","position":2,"name":"Iglesia de la Asunci\u00f3n de Tobarra"}]},{"@type":"WebSite","@id":"https:\/\/camposdehellinqr.com\/#website","url":"https:\/\/camposdehellinqr.com\/","name":"Campos de Hell\u00edn QR","description":"La comarca Campos de Hell\u00edn en 360\u00ba","publisher":{"@id":"https:\/\/camposdehellinqr.com\/#organization"},"potentialAction":[{"@type":"SearchAction","target":{"@type":"EntryPoint","urlTemplate":"https:\/\/camposdehellinqr.com\/?s={search_term_string}"},"query-input":"required name=search_term_string"}],"inLanguage":"es"},{"@type":"Organization","@id":"https:\/\/camposdehellinqr.com\/#organization","name":"Campos de Hell\u00edn QR","url":"https:\/\/camposdehellinqr.com\/","logo":{"@type":"ImageObject","inLanguage":"es","@id":"https:\/\/camposdehellinqr.com\/#\/schema\/logo\/image\/","url":"https:\/\/camposdehellinqr.com\/wp-content\/uploads\/2020\/02\/logoqr.png","contentUrl":"https:\/\/camposdehellinqr.com\/wp-content\/uploads\/2020\/02\/logoqr.png","width":300,"height":50,"caption":"Campos de Hell\u00edn QR"},"image":{"@id":"https:\/\/camposdehellinqr.com\/#\/schema\/logo\/image\/"}}]}},"_links":{"self":[{"href":"https:\/\/camposdehellinqr.com\/index.php\/wp-json\/wp\/v2\/pages\/5938","targetHints":{"allow":["GET"]}}],"collection":[{"href":"https:\/\/camposdehellinqr.com\/index.php\/wp-json\/wp\/v2\/pages"}],"about":[{"href":"https:\/\/camposdehellinqr.com\/index.php\/wp-json\/wp\/v2\/types\/page"}],"author":[{"embeddable":true,"href":"https:\/\/camposdehellinqr.com\/index.php\/wp-json\/wp\/v2\/users\/1"}],"replies":[{"embeddable":true,"href":"https:\/\/camposdehellinqr.com\/index.php\/wp-json\/wp\/v2\/comments?post=5938"}],"version-history":[{"count":5,"href":"https:\/\/camposdehellinqr.com\/index.php\/wp-json\/wp\/v2\/pages\/5938\/revisions"}],"predecessor-version":[{"id":6459,"href":"https:\/\/camposdehellinqr.com\/index.php\/wp-json\/wp\/v2\/pages\/5938\/revisions\/6459"}],"wp:attachment":[{"href":"https:\/\/camposdehellinqr.com\/index.php\/wp-json\/wp\/v2\/media?parent=5938"}],"curies":[{"name":"wp","href":"https:\/\/api.w.org\/{rel}","templated":true}]}}