{"id":5951,"date":"2023-09-19T08:50:43","date_gmt":"2023-09-19T08:50:43","guid":{"rendered":"https:\/\/camposdehellinqr.com\/?page_id=5951"},"modified":"2023-09-19T17:29:24","modified_gmt":"2023-09-19T17:29:24","slug":"153-vista-panoramica-desde-el-la-sierra-del-tomillo","status":"publish","type":"page","link":"https:\/\/camposdehellinqr.com\/index.php\/153-vista-panoramica-desde-el-la-sierra-del-tomillo\/","title":{"rendered":"Vista panor\u00e1mica desde el la Sierra del Tomillo"},"content":{"rendered":"\t\t<div data-elementor-type=\"wp-page\" data-elementor-id=\"5951\" class=\"elementor elementor-5951\" data-elementor-post-type=\"page\">\n\t\t\t\t\t\t\t\t\t<section class=\"elementor-section elementor-top-section elementor-element elementor-element-89ef3ac elementor-section-boxed elementor-section-height-default elementor-section-height-default\" data-id=\"89ef3ac\" data-element_type=\"section\">\n\t\t\t\t\t\t\t<div class=\"elementor-background-overlay\"><\/div>\n\t\t\t\t\t\t\t<div class=\"elementor-container elementor-column-gap-default\">\n\t\t\t\t\t<div class=\"elementor-column elementor-col-100 elementor-top-column elementor-element elementor-element-e076a23\" data-id=\"e076a23\" data-element_type=\"column\">\n\t\t\t<div class=\"elementor-widget-wrap elementor-element-populated\">\n\t\t\t\t\t\t\t\t<div class=\"elementor-element elementor-element-c7e6a46 elementor-widget elementor-widget-heading\" data-id=\"c7e6a46\" data-element_type=\"widget\" data-widget_type=\"heading.default\">\n\t\t\t\t<div class=\"elementor-widget-container\">\n\t\t\t<h3 class=\"elementor-heading-title elementor-size-default\">Vista panor\u00e1mica desde el la Sierra del Tomillo<\/h3>\t\t<\/div>\n\t\t\t\t<\/div>\n\t\t\t\t<div class=\"elementor-element elementor-element-bd15688 elementor-widget elementor-widget-google_maps\" data-id=\"bd15688\" data-element_type=\"widget\" data-widget_type=\"google_maps.default\">\n\t\t\t\t<div class=\"elementor-widget-container\">\n\t\t\t\t\t<div class=\"elementor-custom-embed\">\n\t\t\t<iframe loading=\"lazy\"\n\t\t\t\t\tsrc=\"https:\/\/maps.google.com\/maps?q=38%C2%B035%2715.4%22N%201%C2%B037%2718.6%22W&#038;t=m&#038;z=14&#038;output=embed&#038;iwloc=near\"\n\t\t\t\t\ttitle=\"38\u00b035&#039;15.4&quot;N 1\u00b037&#039;18.6&quot;W\"\n\t\t\t\t\taria-label=\"38\u00b035&#039;15.4&quot;N 1\u00b037&#039;18.6&quot;W\"\n\t\t\t><\/iframe>\n\t\t<\/div>\n\t\t\t\t<\/div>\n\t\t\t\t<\/div>\n\t\t\t\t<div class=\"elementor-element elementor-element-3889d7b elementor-widget elementor-widget-text-editor\" data-id=\"3889d7b\" data-element_type=\"widget\" data-widget_type=\"text-editor.default\">\n\t\t\t\t<div class=\"elementor-widget-container\">\n\t\t\t\t\t\t\t<p>\u201cAl d\u00e9cimo noveno cap\u00edtulo (de la relaci\u00f3n de Tobarra enviada a Felipe II en 1575) dijeron que\u2026las sierras pr\u00f3ximas de son las sierras de Abenuj que est\u00e1 de la dicha villa media legua (una legua equivale a casi 5.600 metros) y otra sierra que se llama la sierra El Molino (o La Raja) que esta otra media legua y otra sierra que se llama Cordovilla&#8230;\u201d<\/p>\t\t\t\t\t\t<\/div>\n\t\t\t\t<\/div>\n\t\t\t\t<div class=\"elementor-element elementor-element-1ba3ed5 elementor-widget elementor-widget-image\" data-id=\"1ba3ed5\" data-element_type=\"widget\" data-widget_type=\"image.default\">\n\t\t\t\t<div class=\"elementor-widget-container\">\n\t\t\t\t\t\t\t\t\t\t\t\t\t\t\t\t<a href=\"\/images\/360\/107\/index.htm\">\n\t\t\t\t\t\t\t<img loading=\"lazy\" decoding=\"async\" width=\"800\" height=\"327\" src=\"https:\/\/camposdehellinqr.com\/wp-content\/uploads\/2023\/09\/tomillo.jpg\" class=\"attachment-large size-large wp-image-5917\" alt=\"\" srcset=\"https:\/\/camposdehellinqr.com\/wp-content\/uploads\/2023\/09\/tomillo.jpg 800w, https:\/\/camposdehellinqr.com\/wp-content\/uploads\/2023\/09\/tomillo-300x123.jpg 300w, https:\/\/camposdehellinqr.com\/wp-content\/uploads\/2023\/09\/tomillo-768x314.jpg 768w\" sizes=\"auto, (max-width: 800px) 100vw, 800px\" \/>\t\t\t\t\t\t\t\t<\/a>\n\t\t\t\t\t\t\t\t\t\t\t\t\t\t\t<\/div>\n\t\t\t\t<\/div>\n\t\t\t\t<div class=\"elementor-element elementor-element-a56a1c7 elementor-widget elementor-widget-text-editor\" data-id=\"a56a1c7\" data-element_type=\"widget\" data-widget_type=\"text-editor.default\">\n\t\t\t\t<div class=\"elementor-widget-container\">\n\t\t\t\t\t\t\t<p><strong><a href=\"http:\/\/www.camposdehellinqr.com\/images\/360\/107\/index.htm\">Acceder a Visita Virtual 360\u00ba<\/a><\/strong><\/p>\t\t\t\t\t\t<\/div>\n\t\t\t\t<\/div>\n\t\t\t\t<div class=\"elementor-element elementor-element-dc941c8 elementor-widget elementor-widget-text-editor\" data-id=\"dc941c8\" data-element_type=\"widget\" data-widget_type=\"text-editor.default\">\n\t\t\t\t<div class=\"elementor-widget-container\">\n\t\t\t\t\t\t\t<p>Dicha sierra se conoce hoy por el nombre del v\u00e9rtice Tomillo, 813 m. de altitud. Su denominaci\u00f3n antigua derivar\u00eda de \u201ccordillera de la villa\u201d, porque fuesen montes comunales. Y a posterior, esta sierra dar\u00eda nombre a la a pedan\u00eda de Cordovilla, que se extiende por la vertiente meridional.<\/p><p>El v\u00e9rtice se encuentra en el centro del \u00e1rea m\u00e1s poblada del municipio, pudiendo ser vistos desde aqu\u00ed el resto de asentamientos, junto al anterior, las sierras de El Castellar y de La Raja abrigan a la poblaci\u00f3n de Sierra, en el este est\u00e1n Santiago de Mora y Mora de Santa Quiteria, en el norte Los Mardos y en el oeste Aljub\u00e9, que es la pedan\u00eda m\u00e1s cercana al n\u00facleo urbano de Tobarra.<\/p>\t\t\t\t\t\t<\/div>\n\t\t\t\t<\/div>\n\t\t\t\t\t<\/div>\n\t\t<\/div>\n\t\t\t\t\t\t\t<\/div>\n\t\t<\/section>\n\t\t\t\t\t\t\t<\/div>\n\t\t","protected":false},"excerpt":{"rendered":"<p>Vista panor\u00e1mica desde el la Sierra del Tomillo \u201cAl d\u00e9cimo noveno cap\u00edtulo (de la relaci\u00f3n de Tobarra enviada a Felipe II en 1575) dijeron que\u2026las sierras pr\u00f3ximas de son las sierras de Abenuj que est\u00e1 de la dicha villa media legua (una legua equivale a casi 5.600 metros) y otra sierra que se llama la &hellip;<\/p>\n<p class=\"read-more\"> <a class=\"\" href=\"https:\/\/camposdehellinqr.com\/index.php\/153-vista-panoramica-desde-el-la-sierra-del-tomillo\/\"> <span class=\"screen-reader-text\">Vista panor\u00e1mica desde el la Sierra del Tomillo<\/span> Leer m\u00e1s &raquo;<\/a><\/p>\n","protected":false},"author":1,"featured_media":0,"parent":0,"menu_order":0,"comment_status":"closed","ping_status":"closed","template":"","meta":{"site-sidebar-layout":"no-sidebar","site-content-layout":"page-builder","ast-site-content-layout":"full-width-container","site-content-style":"default","site-sidebar-style":"default","ast-global-header-display":"","ast-banner-title-visibility":"","ast-main-header-display":"","ast-hfb-above-header-display":"","ast-hfb-below-header-display":"","ast-hfb-mobile-header-display":"","site-post-title":"disabled","ast-breadcrumbs-content":"","ast-featured-img":"disabled","footer-sml-layout":"","theme-transparent-header-meta":"","adv-header-id-meta":"","stick-header-meta":"","header-above-stick-meta":"","header-main-stick-meta":"","header-below-stick-meta":"","astra-migrate-meta-layouts":"set","footnotes":""},"class_list":["post-5951","page","type-page","status-publish","hentry"],"yoast_head":"<!-- This site is optimized with the Yoast SEO Premium plugin v20.0 (Yoast SEO v21.3) - https:\/\/yoast.com\/wordpress\/plugins\/seo\/ -->\n<title>Vista panor\u00e1mica desde el la Sierra del Tomillo - Campos de Hell\u00edn QR<\/title>\n<meta name=\"robots\" content=\"index, follow, max-snippet:-1, max-image-preview:large, max-video-preview:-1\" \/>\n<link rel=\"canonical\" href=\"https:\/\/camposdehellinqr.com\/index.php\/153-vista-panoramica-desde-el-la-sierra-del-tomillo\/\" \/>\n<meta property=\"og:locale\" content=\"es_ES\" \/>\n<meta property=\"og:type\" content=\"article\" \/>\n<meta property=\"og:title\" content=\"Vista panor\u00e1mica desde el la Sierra del Tomillo\" \/>\n<meta property=\"og:description\" content=\"Vista panor\u00e1mica desde el la Sierra del Tomillo \u201cAl d\u00e9cimo noveno cap\u00edtulo (de la relaci\u00f3n de Tobarra enviada a Felipe II en 1575) dijeron que\u2026las sierras pr\u00f3ximas de son las sierras de Abenuj que est\u00e1 de la dicha villa media legua (una legua equivale a casi 5.600 metros) y otra sierra que se llama la &hellip; Vista panor\u00e1mica desde el la Sierra del Tomillo Leer m\u00e1s &raquo;\" \/>\n<meta property=\"og:url\" content=\"https:\/\/camposdehellinqr.com\/index.php\/153-vista-panoramica-desde-el-la-sierra-del-tomillo\/\" \/>\n<meta property=\"og:site_name\" content=\"Campos de Hell\u00edn QR\" \/>\n<meta property=\"article:modified_time\" content=\"2023-09-19T17:29:24+00:00\" \/>\n<meta property=\"og:image\" content=\"https:\/\/camposdehellinqr.com\/wp-content\/uploads\/2023\/09\/tomillo.jpg\" \/>\n<meta name=\"twitter:card\" content=\"summary_large_image\" \/>\n<meta name=\"twitter:label1\" content=\"Tiempo de lectura\" \/>\n\t<meta name=\"twitter:data1\" content=\"1 minuto\" \/>\n<script type=\"application\/ld+json\" class=\"yoast-schema-graph\">{\"@context\":\"https:\/\/schema.org\",\"@graph\":[{\"@type\":\"WebPage\",\"@id\":\"https:\/\/camposdehellinqr.com\/index.php\/153-vista-panoramica-desde-el-la-sierra-del-tomillo\/\",\"url\":\"https:\/\/camposdehellinqr.com\/index.php\/153-vista-panoramica-desde-el-la-sierra-del-tomillo\/\",\"name\":\"Vista panor\u00e1mica desde el la Sierra del Tomillo - Campos de Hell\u00edn QR\",\"isPartOf\":{\"@id\":\"https:\/\/camposdehellinqr.com\/#website\"},\"datePublished\":\"2023-09-19T08:50:43+00:00\",\"dateModified\":\"2023-09-19T17:29:24+00:00\",\"breadcrumb\":{\"@id\":\"https:\/\/camposdehellinqr.com\/index.php\/153-vista-panoramica-desde-el-la-sierra-del-tomillo\/#breadcrumb\"},\"inLanguage\":\"es\",\"potentialAction\":[{\"@type\":\"ReadAction\",\"target\":[\"https:\/\/camposdehellinqr.com\/index.php\/153-vista-panoramica-desde-el-la-sierra-del-tomillo\/\"]}]},{\"@type\":\"BreadcrumbList\",\"@id\":\"https:\/\/camposdehellinqr.com\/index.php\/153-vista-panoramica-desde-el-la-sierra-del-tomillo\/#breadcrumb\",\"itemListElement\":[{\"@type\":\"ListItem\",\"position\":1,\"name\":\"Home\",\"item\":\"https:\/\/camposdehellinqr.com\/\"},{\"@type\":\"ListItem\",\"position\":2,\"name\":\"Vista panor\u00e1mica desde el la Sierra del Tomillo\"}]},{\"@type\":\"WebSite\",\"@id\":\"https:\/\/camposdehellinqr.com\/#website\",\"url\":\"https:\/\/camposdehellinqr.com\/\",\"name\":\"Campos de Hell\u00edn QR\",\"description\":\"La comarca Campos de Hell\u00edn en 360\u00ba\",\"publisher\":{\"@id\":\"https:\/\/camposdehellinqr.com\/#organization\"},\"potentialAction\":[{\"@type\":\"SearchAction\",\"target\":{\"@type\":\"EntryPoint\",\"urlTemplate\":\"https:\/\/camposdehellinqr.com\/?s={search_term_string}\"},\"query-input\":\"required name=search_term_string\"}],\"inLanguage\":\"es\"},{\"@type\":\"Organization\",\"@id\":\"https:\/\/camposdehellinqr.com\/#organization\",\"name\":\"Campos de Hell\u00edn QR\",\"url\":\"https:\/\/camposdehellinqr.com\/\",\"logo\":{\"@type\":\"ImageObject\",\"inLanguage\":\"es\",\"@id\":\"https:\/\/camposdehellinqr.com\/#\/schema\/logo\/image\/\",\"url\":\"https:\/\/camposdehellinqr.com\/wp-content\/uploads\/2020\/02\/logoqr.png\",\"contentUrl\":\"https:\/\/camposdehellinqr.com\/wp-content\/uploads\/2020\/02\/logoqr.png\",\"width\":300,\"height\":50,\"caption\":\"Campos de Hell\u00edn QR\"},\"image\":{\"@id\":\"https:\/\/camposdehellinqr.com\/#\/schema\/logo\/image\/\"}}]}<\/script>\n<!-- \/ Yoast SEO Premium plugin. -->","yoast_head_json":{"title":"Vista panor\u00e1mica desde el la Sierra del Tomillo - Campos de Hell\u00edn QR","robots":{"index":"index","follow":"follow","max-snippet":"max-snippet:-1","max-image-preview":"max-image-preview:large","max-video-preview":"max-video-preview:-1"},"canonical":"https:\/\/camposdehellinqr.com\/index.php\/153-vista-panoramica-desde-el-la-sierra-del-tomillo\/","og_locale":"es_ES","og_type":"article","og_title":"Vista panor\u00e1mica desde el la Sierra del Tomillo","og_description":"Vista panor\u00e1mica desde el la Sierra del Tomillo \u201cAl d\u00e9cimo noveno cap\u00edtulo (de la relaci\u00f3n de Tobarra enviada a Felipe II en 1575) dijeron que\u2026las sierras pr\u00f3ximas de son las sierras de Abenuj que est\u00e1 de la dicha villa media legua (una legua equivale a casi 5.600 metros) y otra sierra que se llama la &hellip; Vista panor\u00e1mica desde el la Sierra del Tomillo Leer m\u00e1s &raquo;","og_url":"https:\/\/camposdehellinqr.com\/index.php\/153-vista-panoramica-desde-el-la-sierra-del-tomillo\/","og_site_name":"Campos de Hell\u00edn QR","article_modified_time":"2023-09-19T17:29:24+00:00","og_image":[{"url":"https:\/\/camposdehellinqr.com\/wp-content\/uploads\/2023\/09\/tomillo.jpg"}],"twitter_card":"summary_large_image","twitter_misc":{"Tiempo de lectura":"1 minuto"},"schema":{"@context":"https:\/\/schema.org","@graph":[{"@type":"WebPage","@id":"https:\/\/camposdehellinqr.com\/index.php\/153-vista-panoramica-desde-el-la-sierra-del-tomillo\/","url":"https:\/\/camposdehellinqr.com\/index.php\/153-vista-panoramica-desde-el-la-sierra-del-tomillo\/","name":"Vista panor\u00e1mica desde el la Sierra del Tomillo - Campos de Hell\u00edn QR","isPartOf":{"@id":"https:\/\/camposdehellinqr.com\/#website"},"datePublished":"2023-09-19T08:50:43+00:00","dateModified":"2023-09-19T17:29:24+00:00","breadcrumb":{"@id":"https:\/\/camposdehellinqr.com\/index.php\/153-vista-panoramica-desde-el-la-sierra-del-tomillo\/#breadcrumb"},"inLanguage":"es","potentialAction":[{"@type":"ReadAction","target":["https:\/\/camposdehellinqr.com\/index.php\/153-vista-panoramica-desde-el-la-sierra-del-tomillo\/"]}]},{"@type":"BreadcrumbList","@id":"https:\/\/camposdehellinqr.com\/index.php\/153-vista-panoramica-desde-el-la-sierra-del-tomillo\/#breadcrumb","itemListElement":[{"@type":"ListItem","position":1,"name":"Home","item":"https:\/\/camposdehellinqr.com\/"},{"@type":"ListItem","position":2,"name":"Vista panor\u00e1mica desde el la Sierra del Tomillo"}]},{"@type":"WebSite","@id":"https:\/\/camposdehellinqr.com\/#website","url":"https:\/\/camposdehellinqr.com\/","name":"Campos de Hell\u00edn QR","description":"La comarca Campos de Hell\u00edn en 360\u00ba","publisher":{"@id":"https:\/\/camposdehellinqr.com\/#organization"},"potentialAction":[{"@type":"SearchAction","target":{"@type":"EntryPoint","urlTemplate":"https:\/\/camposdehellinqr.com\/?s={search_term_string}"},"query-input":"required name=search_term_string"}],"inLanguage":"es"},{"@type":"Organization","@id":"https:\/\/camposdehellinqr.com\/#organization","name":"Campos de Hell\u00edn QR","url":"https:\/\/camposdehellinqr.com\/","logo":{"@type":"ImageObject","inLanguage":"es","@id":"https:\/\/camposdehellinqr.com\/#\/schema\/logo\/image\/","url":"https:\/\/camposdehellinqr.com\/wp-content\/uploads\/2020\/02\/logoqr.png","contentUrl":"https:\/\/camposdehellinqr.com\/wp-content\/uploads\/2020\/02\/logoqr.png","width":300,"height":50,"caption":"Campos de Hell\u00edn QR"},"image":{"@id":"https:\/\/camposdehellinqr.com\/#\/schema\/logo\/image\/"}}]}},"_links":{"self":[{"href":"https:\/\/camposdehellinqr.com\/index.php\/wp-json\/wp\/v2\/pages\/5951","targetHints":{"allow":["GET"]}}],"collection":[{"href":"https:\/\/camposdehellinqr.com\/index.php\/wp-json\/wp\/v2\/pages"}],"about":[{"href":"https:\/\/camposdehellinqr.com\/index.php\/wp-json\/wp\/v2\/types\/page"}],"author":[{"embeddable":true,"href":"https:\/\/camposdehellinqr.com\/index.php\/wp-json\/wp\/v2\/users\/1"}],"replies":[{"embeddable":true,"href":"https:\/\/camposdehellinqr.com\/index.php\/wp-json\/wp\/v2\/comments?post=5951"}],"version-history":[{"count":5,"href":"https:\/\/camposdehellinqr.com\/index.php\/wp-json\/wp\/v2\/pages\/5951\/revisions"}],"predecessor-version":[{"id":6472,"href":"https:\/\/camposdehellinqr.com\/index.php\/wp-json\/wp\/v2\/pages\/5951\/revisions\/6472"}],"wp:attachment":[{"href":"https:\/\/camposdehellinqr.com\/index.php\/wp-json\/wp\/v2\/media?parent=5951"}],"curies":[{"name":"wp","href":"https:\/\/api.w.org\/{rel}","templated":true}]}}