{"id":6116,"date":"2023-09-19T10:52:46","date_gmt":"2023-09-19T10:52:46","guid":{"rendered":"https:\/\/camposdehellinqr.com\/?page_id=6116"},"modified":"2023-09-19T17:48:39","modified_gmt":"2023-09-19T17:48:39","slug":"96-museo-de-arte-contemporaneo-castilla-la-mancha","status":"publish","type":"page","link":"https:\/\/camposdehellinqr.com\/index.php\/96-museo-de-arte-contemporaneo-castilla-la-mancha\/","title":{"rendered":"Museo de Arte Contempor\u00e1neo Castilla-La Mancha"},"content":{"rendered":"\t\t<div data-elementor-type=\"wp-page\" data-elementor-id=\"6116\" class=\"elementor elementor-6116\" data-elementor-post-type=\"page\">\n\t\t\t\t\t\t\t\t\t<section class=\"elementor-section elementor-top-section elementor-element elementor-element-89ef3ac elementor-section-boxed elementor-section-height-default elementor-section-height-default\" data-id=\"89ef3ac\" data-element_type=\"section\">\n\t\t\t\t\t\t\t<div class=\"elementor-background-overlay\"><\/div>\n\t\t\t\t\t\t\t<div class=\"elementor-container elementor-column-gap-default\">\n\t\t\t\t\t<div class=\"elementor-column elementor-col-100 elementor-top-column elementor-element elementor-element-e076a23\" data-id=\"e076a23\" data-element_type=\"column\">\n\t\t\t<div class=\"elementor-widget-wrap elementor-element-populated\">\n\t\t\t\t\t\t\t\t<div class=\"elementor-element elementor-element-c7e6a46 elementor-widget elementor-widget-heading\" data-id=\"c7e6a46\" data-element_type=\"widget\" data-widget_type=\"heading.default\">\n\t\t\t\t<div class=\"elementor-widget-container\">\n\t\t\t<h3 class=\"elementor-heading-title elementor-size-default\">Museo de Arte Contempor\u00e1neo Castilla-La Mancha<\/h3>\t\t<\/div>\n\t\t\t\t<\/div>\n\t\t\t\t<div class=\"elementor-element elementor-element-bd15688 elementor-widget elementor-widget-google_maps\" data-id=\"bd15688\" data-element_type=\"widget\" data-widget_type=\"google_maps.default\">\n\t\t\t\t<div class=\"elementor-widget-container\">\n\t\t\t\t\t<div class=\"elementor-custom-embed\">\n\t\t\t<iframe loading=\"lazy\"\n\t\t\t\t\tsrc=\"https:\/\/maps.google.com\/maps?q=Avda.%20de%20Castilla-La%20Mancha%2C%2014%20%20%20%2002400%20%E2%80%93Hell%C3%ADn%20&#038;t=m&#038;z=16&#038;output=embed&#038;iwloc=near\"\n\t\t\t\t\ttitle=\"Avda. de Castilla-La Mancha, 14    02400 \u2013Hell\u00edn \"\n\t\t\t\t\taria-label=\"Avda. de Castilla-La Mancha, 14    02400 \u2013Hell\u00edn \"\n\t\t\t><\/iframe>\n\t\t<\/div>\n\t\t\t\t<\/div>\n\t\t\t\t<\/div>\n\t\t\t\t<div class=\"elementor-element elementor-element-3889d7b elementor-widget elementor-widget-text-editor\" data-id=\"3889d7b\" data-element_type=\"widget\" data-widget_type=\"text-editor.default\">\n\t\t\t\t<div class=\"elementor-widget-container\">\n\t\t\t\t\t\t\t<p>El Museo privado de Arte Contempor\u00e1neo Castilla-La Mancha naci\u00f3 en el a\u00f1o 2004 en la Ciudad de Hell\u00edn de la mano de la Fundaci\u00f3n Fernando Picornell Cantero. \u00c9sta comienza su andadura en el a\u00f1o 2000 con la donaci\u00f3n de varias centenas de obras del artista Fernando Picornell para iniciar la colecci\u00f3n de arte contempor\u00e1neo que en la actualidad permite recorrer una selecci\u00f3n de grandes artistas referentes de las tendencias pict\u00f3ricas de los a\u00f1os 80 y 90<\/p>\t\t\t\t\t\t<\/div>\n\t\t\t\t<\/div>\n\t\t\t\t<div class=\"elementor-element elementor-element-1ba3ed5 elementor-widget elementor-widget-image\" data-id=\"1ba3ed5\" data-element_type=\"widget\" data-widget_type=\"image.default\">\n\t\t\t\t<div class=\"elementor-widget-container\">\n\t\t\t\t\t\t\t\t\t\t\t\t\t\t\t\t<a href=\"\/images\/360\/77\/index.htm\">\n\t\t\t\t\t\t\t<img loading=\"lazy\" decoding=\"async\" width=\"800\" height=\"400\" src=\"https:\/\/camposdehellinqr.com\/wp-content\/uploads\/2023\/09\/MPicornell.jpg\" class=\"attachment-large size-large wp-image-6042\" alt=\"\" srcset=\"https:\/\/camposdehellinqr.com\/wp-content\/uploads\/2023\/09\/MPicornell.jpg 800w, https:\/\/camposdehellinqr.com\/wp-content\/uploads\/2023\/09\/MPicornell-300x150.jpg 300w, https:\/\/camposdehellinqr.com\/wp-content\/uploads\/2023\/09\/MPicornell-768x384.jpg 768w\" sizes=\"auto, (max-width: 800px) 100vw, 800px\" \/>\t\t\t\t\t\t\t\t<\/a>\n\t\t\t\t\t\t\t\t\t\t\t\t\t\t\t<\/div>\n\t\t\t\t<\/div>\n\t\t\t\t<div class=\"elementor-element elementor-element-a56a1c7 elementor-widget elementor-widget-text-editor\" data-id=\"a56a1c7\" data-element_type=\"widget\" data-widget_type=\"text-editor.default\">\n\t\t\t\t<div class=\"elementor-widget-container\">\n\t\t\t\t\t\t\t<p><strong><a href=\"http:\/\/www.camposdehellinqr.com\/images\/360\/77\/index.htm\">Acceder a Visita Virtual 360\u00ba<\/a><\/strong><\/p>\t\t\t\t\t\t<\/div>\n\t\t\t\t<\/div>\n\t\t\t\t<div class=\"elementor-element elementor-element-dc941c8 elementor-widget elementor-widget-text-editor\" data-id=\"dc941c8\" data-element_type=\"widget\" data-widget_type=\"text-editor.default\">\n\t\t\t\t<div class=\"elementor-widget-container\">\n\t\t\t\t\t\t\t<p>Hoy en d\u00eda, se combina la exposici\u00f3n de distintos fondos, entre los cu\u00e1les se encuentran: la obra de juventud y madurez de Fernando Picornell Cantero, colaboraciones y recuerdos de artistas de prestigio como Antonio L\u00f3pez, Agust\u00edn Ibarrola, Sophie Renoir, etc. o los fondos del Certamen de Pintura de R\u00e1pida Ciudad de Hell\u00edn.<\/p><p>Asimismo la Fundaci\u00f3n desde sus inicios ha venido consiguiendo aportaciones de distintos artistas de distinta naturaleza y prestigio, aumentando considerablemente sus fondos. Artistas como Francisco Ruiz Oliva, Francisco Reolid, Antonio Luzgardo Preciados, Francisco Egea, Jos\u00e9 Rubio, etc.<br \/><br \/>Al mismo tiempo, dispone de un complejo muse\u00edstico con multitud de espacios polivalentes que dan cabida a un gran abanico de actividades: conferencias, cursos, talleres, cert\u00e1menes y otros actos culturales, d\u00f3nde el visitante puede disfrutar contemplando la obra de los mejores artistas nacionales, iniciarse en las artes pl\u00e1sticas o viajar para conocer la riqueza patrimonial.<br \/>La Fundaci\u00f3n se convierte en una nueva plataforma de difusi\u00f3n y divulgaci\u00f3n para personas de todos los \u00e1mbitos: estudiantes, personas mayores, etc., en un punto de encuentro para las inquietudes y necesidades culturales que genera nuestra sociedad, adquiriendo una din\u00e1mica propia y abriendo nuevas v\u00edas que marquen la entrada de expresiones susceptibles de generar visiones distintas.<\/p>\t\t\t\t\t\t<\/div>\n\t\t\t\t<\/div>\n\t\t\t\t\t<\/div>\n\t\t<\/div>\n\t\t\t\t\t\t\t<\/div>\n\t\t<\/section>\n\t\t\t\t\t\t\t<\/div>\n\t\t","protected":false},"excerpt":{"rendered":"<p>Museo de Arte Contempor\u00e1neo Castilla-La Mancha El Museo privado de Arte Contempor\u00e1neo Castilla-La Mancha naci\u00f3 en el a\u00f1o 2004 en la Ciudad de Hell\u00edn de la mano de la Fundaci\u00f3n Fernando Picornell Cantero. \u00c9sta comienza su andadura en el a\u00f1o 2000 con la donaci\u00f3n de varias centenas de obras del artista Fernando Picornell para iniciar &hellip;<\/p>\n<p class=\"read-more\"> <a class=\"\" href=\"https:\/\/camposdehellinqr.com\/index.php\/96-museo-de-arte-contemporaneo-castilla-la-mancha\/\"> <span class=\"screen-reader-text\">Museo de Arte Contempor\u00e1neo Castilla-La Mancha<\/span> Leer m\u00e1s &raquo;<\/a><\/p>\n","protected":false},"author":1,"featured_media":0,"parent":0,"menu_order":0,"comment_status":"closed","ping_status":"closed","template":"","meta":{"site-sidebar-layout":"no-sidebar","site-content-layout":"page-builder","ast-site-content-layout":"full-width-container","site-content-style":"default","site-sidebar-style":"default","ast-global-header-display":"","ast-banner-title-visibility":"","ast-main-header-display":"","ast-hfb-above-header-display":"","ast-hfb-below-header-display":"","ast-hfb-mobile-header-display":"","site-post-title":"disabled","ast-breadcrumbs-content":"","ast-featured-img":"disabled","footer-sml-layout":"","theme-transparent-header-meta":"","adv-header-id-meta":"","stick-header-meta":"","header-above-stick-meta":"","header-main-stick-meta":"","header-below-stick-meta":"","astra-migrate-meta-layouts":"set","footnotes":""},"class_list":["post-6116","page","type-page","status-publish","hentry"],"yoast_head":"<!-- This site is optimized with the Yoast SEO Premium plugin v20.0 (Yoast SEO v21.3) - https:\/\/yoast.com\/wordpress\/plugins\/seo\/ -->\n<title>Museo de Arte Contempor\u00e1neo Castilla-La Mancha - Campos de Hell\u00edn QR<\/title>\n<meta name=\"robots\" content=\"index, follow, max-snippet:-1, max-image-preview:large, max-video-preview:-1\" \/>\n<link rel=\"canonical\" href=\"https:\/\/camposdehellinqr.com\/index.php\/96-museo-de-arte-contemporaneo-castilla-la-mancha\/\" \/>\n<meta property=\"og:locale\" content=\"es_ES\" \/>\n<meta property=\"og:type\" content=\"article\" \/>\n<meta property=\"og:title\" content=\"Museo de Arte Contempor\u00e1neo Castilla-La Mancha\" \/>\n<meta property=\"og:description\" content=\"Museo de Arte Contempor\u00e1neo Castilla-La Mancha El Museo privado de Arte Contempor\u00e1neo Castilla-La Mancha naci\u00f3 en el a\u00f1o 2004 en la Ciudad de Hell\u00edn de la mano de la Fundaci\u00f3n Fernando Picornell Cantero. \u00c9sta comienza su andadura en el a\u00f1o 2000 con la donaci\u00f3n de varias centenas de obras del artista Fernando Picornell para iniciar &hellip; Museo de Arte Contempor\u00e1neo Castilla-La Mancha Leer m\u00e1s &raquo;\" \/>\n<meta property=\"og:url\" content=\"https:\/\/camposdehellinqr.com\/index.php\/96-museo-de-arte-contemporaneo-castilla-la-mancha\/\" \/>\n<meta property=\"og:site_name\" content=\"Campos de Hell\u00edn QR\" \/>\n<meta property=\"article:modified_time\" content=\"2023-09-19T17:48:39+00:00\" \/>\n<meta property=\"og:image\" content=\"https:\/\/camposdehellinqr.com\/wp-content\/uploads\/2023\/09\/MPicornell.jpg\" \/>\n<meta name=\"twitter:card\" content=\"summary_large_image\" \/>\n<meta name=\"twitter:label1\" content=\"Tiempo de lectura\" \/>\n\t<meta name=\"twitter:data1\" content=\"2 minutos\" \/>\n<script type=\"application\/ld+json\" class=\"yoast-schema-graph\">{\"@context\":\"https:\/\/schema.org\",\"@graph\":[{\"@type\":\"WebPage\",\"@id\":\"https:\/\/camposdehellinqr.com\/index.php\/96-museo-de-arte-contemporaneo-castilla-la-mancha\/\",\"url\":\"https:\/\/camposdehellinqr.com\/index.php\/96-museo-de-arte-contemporaneo-castilla-la-mancha\/\",\"name\":\"Museo de Arte Contempor\u00e1neo Castilla-La Mancha - Campos de Hell\u00edn QR\",\"isPartOf\":{\"@id\":\"https:\/\/camposdehellinqr.com\/#website\"},\"datePublished\":\"2023-09-19T10:52:46+00:00\",\"dateModified\":\"2023-09-19T17:48:39+00:00\",\"breadcrumb\":{\"@id\":\"https:\/\/camposdehellinqr.com\/index.php\/96-museo-de-arte-contemporaneo-castilla-la-mancha\/#breadcrumb\"},\"inLanguage\":\"es\",\"potentialAction\":[{\"@type\":\"ReadAction\",\"target\":[\"https:\/\/camposdehellinqr.com\/index.php\/96-museo-de-arte-contemporaneo-castilla-la-mancha\/\"]}]},{\"@type\":\"BreadcrumbList\",\"@id\":\"https:\/\/camposdehellinqr.com\/index.php\/96-museo-de-arte-contemporaneo-castilla-la-mancha\/#breadcrumb\",\"itemListElement\":[{\"@type\":\"ListItem\",\"position\":1,\"name\":\"Home\",\"item\":\"https:\/\/camposdehellinqr.com\/\"},{\"@type\":\"ListItem\",\"position\":2,\"name\":\"Museo de Arte Contempor\u00e1neo Castilla-La Mancha\"}]},{\"@type\":\"WebSite\",\"@id\":\"https:\/\/camposdehellinqr.com\/#website\",\"url\":\"https:\/\/camposdehellinqr.com\/\",\"name\":\"Campos de Hell\u00edn QR\",\"description\":\"La comarca Campos de Hell\u00edn en 360\u00ba\",\"publisher\":{\"@id\":\"https:\/\/camposdehellinqr.com\/#organization\"},\"potentialAction\":[{\"@type\":\"SearchAction\",\"target\":{\"@type\":\"EntryPoint\",\"urlTemplate\":\"https:\/\/camposdehellinqr.com\/?s={search_term_string}\"},\"query-input\":\"required name=search_term_string\"}],\"inLanguage\":\"es\"},{\"@type\":\"Organization\",\"@id\":\"https:\/\/camposdehellinqr.com\/#organization\",\"name\":\"Campos de Hell\u00edn QR\",\"url\":\"https:\/\/camposdehellinqr.com\/\",\"logo\":{\"@type\":\"ImageObject\",\"inLanguage\":\"es\",\"@id\":\"https:\/\/camposdehellinqr.com\/#\/schema\/logo\/image\/\",\"url\":\"https:\/\/camposdehellinqr.com\/wp-content\/uploads\/2020\/02\/logoqr.png\",\"contentUrl\":\"https:\/\/camposdehellinqr.com\/wp-content\/uploads\/2020\/02\/logoqr.png\",\"width\":300,\"height\":50,\"caption\":\"Campos de Hell\u00edn QR\"},\"image\":{\"@id\":\"https:\/\/camposdehellinqr.com\/#\/schema\/logo\/image\/\"}}]}<\/script>\n<!-- \/ Yoast SEO Premium plugin. -->","yoast_head_json":{"title":"Museo de Arte Contempor\u00e1neo Castilla-La Mancha - Campos de Hell\u00edn QR","robots":{"index":"index","follow":"follow","max-snippet":"max-snippet:-1","max-image-preview":"max-image-preview:large","max-video-preview":"max-video-preview:-1"},"canonical":"https:\/\/camposdehellinqr.com\/index.php\/96-museo-de-arte-contemporaneo-castilla-la-mancha\/","og_locale":"es_ES","og_type":"article","og_title":"Museo de Arte Contempor\u00e1neo Castilla-La Mancha","og_description":"Museo de Arte Contempor\u00e1neo Castilla-La Mancha El Museo privado de Arte Contempor\u00e1neo Castilla-La Mancha naci\u00f3 en el a\u00f1o 2004 en la Ciudad de Hell\u00edn de la mano de la Fundaci\u00f3n Fernando Picornell Cantero. \u00c9sta comienza su andadura en el a\u00f1o 2000 con la donaci\u00f3n de varias centenas de obras del artista Fernando Picornell para iniciar &hellip; Museo de Arte Contempor\u00e1neo Castilla-La Mancha Leer m\u00e1s &raquo;","og_url":"https:\/\/camposdehellinqr.com\/index.php\/96-museo-de-arte-contemporaneo-castilla-la-mancha\/","og_site_name":"Campos de Hell\u00edn QR","article_modified_time":"2023-09-19T17:48:39+00:00","og_image":[{"url":"https:\/\/camposdehellinqr.com\/wp-content\/uploads\/2023\/09\/MPicornell.jpg"}],"twitter_card":"summary_large_image","twitter_misc":{"Tiempo de lectura":"2 minutos"},"schema":{"@context":"https:\/\/schema.org","@graph":[{"@type":"WebPage","@id":"https:\/\/camposdehellinqr.com\/index.php\/96-museo-de-arte-contemporaneo-castilla-la-mancha\/","url":"https:\/\/camposdehellinqr.com\/index.php\/96-museo-de-arte-contemporaneo-castilla-la-mancha\/","name":"Museo de Arte Contempor\u00e1neo Castilla-La Mancha - Campos de Hell\u00edn QR","isPartOf":{"@id":"https:\/\/camposdehellinqr.com\/#website"},"datePublished":"2023-09-19T10:52:46+00:00","dateModified":"2023-09-19T17:48:39+00:00","breadcrumb":{"@id":"https:\/\/camposdehellinqr.com\/index.php\/96-museo-de-arte-contemporaneo-castilla-la-mancha\/#breadcrumb"},"inLanguage":"es","potentialAction":[{"@type":"ReadAction","target":["https:\/\/camposdehellinqr.com\/index.php\/96-museo-de-arte-contemporaneo-castilla-la-mancha\/"]}]},{"@type":"BreadcrumbList","@id":"https:\/\/camposdehellinqr.com\/index.php\/96-museo-de-arte-contemporaneo-castilla-la-mancha\/#breadcrumb","itemListElement":[{"@type":"ListItem","position":1,"name":"Home","item":"https:\/\/camposdehellinqr.com\/"},{"@type":"ListItem","position":2,"name":"Museo de Arte Contempor\u00e1neo Castilla-La Mancha"}]},{"@type":"WebSite","@id":"https:\/\/camposdehellinqr.com\/#website","url":"https:\/\/camposdehellinqr.com\/","name":"Campos de Hell\u00edn QR","description":"La comarca Campos de Hell\u00edn en 360\u00ba","publisher":{"@id":"https:\/\/camposdehellinqr.com\/#organization"},"potentialAction":[{"@type":"SearchAction","target":{"@type":"EntryPoint","urlTemplate":"https:\/\/camposdehellinqr.com\/?s={search_term_string}"},"query-input":"required name=search_term_string"}],"inLanguage":"es"},{"@type":"Organization","@id":"https:\/\/camposdehellinqr.com\/#organization","name":"Campos de Hell\u00edn QR","url":"https:\/\/camposdehellinqr.com\/","logo":{"@type":"ImageObject","inLanguage":"es","@id":"https:\/\/camposdehellinqr.com\/#\/schema\/logo\/image\/","url":"https:\/\/camposdehellinqr.com\/wp-content\/uploads\/2020\/02\/logoqr.png","contentUrl":"https:\/\/camposdehellinqr.com\/wp-content\/uploads\/2020\/02\/logoqr.png","width":300,"height":50,"caption":"Campos de Hell\u00edn QR"},"image":{"@id":"https:\/\/camposdehellinqr.com\/#\/schema\/logo\/image\/"}}]}},"_links":{"self":[{"href":"https:\/\/camposdehellinqr.com\/index.php\/wp-json\/wp\/v2\/pages\/6116","targetHints":{"allow":["GET"]}}],"collection":[{"href":"https:\/\/camposdehellinqr.com\/index.php\/wp-json\/wp\/v2\/pages"}],"about":[{"href":"https:\/\/camposdehellinqr.com\/index.php\/wp-json\/wp\/v2\/types\/page"}],"author":[{"embeddable":true,"href":"https:\/\/camposdehellinqr.com\/index.php\/wp-json\/wp\/v2\/users\/1"}],"replies":[{"embeddable":true,"href":"https:\/\/camposdehellinqr.com\/index.php\/wp-json\/wp\/v2\/comments?post=6116"}],"version-history":[{"count":8,"href":"https:\/\/camposdehellinqr.com\/index.php\/wp-json\/wp\/v2\/pages\/6116\/revisions"}],"predecessor-version":[{"id":6537,"href":"https:\/\/camposdehellinqr.com\/index.php\/wp-json\/wp\/v2\/pages\/6116\/revisions\/6537"}],"wp:attachment":[{"href":"https:\/\/camposdehellinqr.com\/index.php\/wp-json\/wp\/v2\/media?parent=6116"}],"curies":[{"name":"wp","href":"https:\/\/api.w.org\/{rel}","templated":true}]}}