{"id":6118,"date":"2023-09-19T15:02:56","date_gmt":"2023-09-19T15:02:56","guid":{"rendered":"https:\/\/camposdehellinqr.com\/?page_id=6118"},"modified":"2023-09-19T17:39:24","modified_gmt":"2023-09-19T17:39:24","slug":"embalse-del-cenajo","status":"publish","type":"page","link":"https:\/\/camposdehellinqr.com\/index.php\/embalse-del-cenajo\/","title":{"rendered":"Embalse del Cenajo"},"content":{"rendered":"\t\t<div data-elementor-type=\"wp-page\" data-elementor-id=\"6118\" class=\"elementor elementor-6118\" data-elementor-post-type=\"page\">\n\t\t\t\t\t\t\t\t\t<section class=\"elementor-section elementor-top-section elementor-element elementor-element-89ef3ac elementor-section-boxed elementor-section-height-default elementor-section-height-default\" data-id=\"89ef3ac\" data-element_type=\"section\">\n\t\t\t\t\t\t\t<div class=\"elementor-background-overlay\"><\/div>\n\t\t\t\t\t\t\t<div class=\"elementor-container elementor-column-gap-default\">\n\t\t\t\t\t<div class=\"elementor-column elementor-col-100 elementor-top-column elementor-element elementor-element-e076a23\" data-id=\"e076a23\" data-element_type=\"column\">\n\t\t\t<div class=\"elementor-widget-wrap elementor-element-populated\">\n\t\t\t\t\t\t\t\t<div class=\"elementor-element elementor-element-c7e6a46 elementor-widget elementor-widget-heading\" data-id=\"c7e6a46\" data-element_type=\"widget\" data-widget_type=\"heading.default\">\n\t\t\t\t<div class=\"elementor-widget-container\">\n\t\t\t<h3 class=\"elementor-heading-title elementor-size-default\">Embalse del Cenajo<\/h3>\t\t<\/div>\n\t\t\t\t<\/div>\n\t\t\t\t<div class=\"elementor-element elementor-element-bd15688 elementor-widget elementor-widget-google_maps\" data-id=\"bd15688\" data-element_type=\"widget\" data-widget_type=\"google_maps.default\">\n\t\t\t\t<div class=\"elementor-widget-container\">\n\t\t\t\t\t<div class=\"elementor-custom-embed\">\n\t\t\t<iframe loading=\"lazy\"\n\t\t\t\t\tsrc=\"https:\/\/maps.google.com\/maps?q=Embalse%20del%20Cenajo&#038;t=m&#038;z=16&#038;output=embed&#038;iwloc=near\"\n\t\t\t\t\ttitle=\"Embalse del Cenajo\"\n\t\t\t\t\taria-label=\"Embalse del Cenajo\"\n\t\t\t><\/iframe>\n\t\t<\/div>\n\t\t\t\t<\/div>\n\t\t\t\t<\/div>\n\t\t\t\t<div class=\"elementor-element elementor-element-3889d7b elementor-widget elementor-widget-text-editor\" data-id=\"3889d7b\" data-element_type=\"widget\" data-widget_type=\"text-editor.default\">\n\t\t\t\t<div class=\"elementor-widget-container\">\n\t\t\t\t\t\t\t<p>La comarca de Hell\u00edn cuenta con tres embalses; Talave, Camarillas y Cenajo, siendo este \u00faltimo el m\u00e1s espectacular.<\/p><p>Se ubica a unos 30km de Hell\u00edn, ocupa una superficie de 1.732 ha,\u00a0 que se distribuye por los t\u00e9rminos municipales de Hell\u00edn, Socovos y F\u00e9rez, en la provincia de Albacete, y de Moratalla, en la provincia de Murcia. La capacidad de embalse es de 437 hm\u00b3, la mayor de todos los de la cuenca. La longitud de costa es de 72 km, mientras que la longitud de cauce inundado por el vaso alcanza los 31 km. Destaca la altura de su presa, que se levanta 84 metros de altura entre la sierra del B\u00faho y las lomas de Las Calaveras y a la que se accede por un largo t\u00fanel que atraviesa la monta\u00f1a.<\/p>\t\t\t\t\t\t<\/div>\n\t\t\t\t<\/div>\n\t\t\t\t<div class=\"elementor-element elementor-element-1ba3ed5 elementor-widget elementor-widget-image\" data-id=\"1ba3ed5\" data-element_type=\"widget\" data-widget_type=\"image.default\">\n\t\t\t\t<div class=\"elementor-widget-container\">\n\t\t\t\t\t\t\t\t\t\t\t\t\t\t\t\t<a href=\"\/images\/360\/34\/index.htm\">\n\t\t\t\t\t\t\t<img loading=\"lazy\" decoding=\"async\" width=\"800\" height=\"339\" src=\"https:\/\/camposdehellinqr.com\/wp-content\/uploads\/2023\/09\/EmbalseCenajo.jpg\" class=\"attachment-large size-large wp-image-6076\" alt=\"\" srcset=\"https:\/\/camposdehellinqr.com\/wp-content\/uploads\/2023\/09\/EmbalseCenajo.jpg 800w, https:\/\/camposdehellinqr.com\/wp-content\/uploads\/2023\/09\/EmbalseCenajo-300x127.jpg 300w, https:\/\/camposdehellinqr.com\/wp-content\/uploads\/2023\/09\/EmbalseCenajo-768x325.jpg 768w\" sizes=\"auto, (max-width: 800px) 100vw, 800px\" \/>\t\t\t\t\t\t\t\t<\/a>\n\t\t\t\t\t\t\t\t\t\t\t\t\t\t\t<\/div>\n\t\t\t\t<\/div>\n\t\t\t\t<div class=\"elementor-element elementor-element-a56a1c7 elementor-widget elementor-widget-text-editor\" data-id=\"a56a1c7\" data-element_type=\"widget\" data-widget_type=\"text-editor.default\">\n\t\t\t\t<div class=\"elementor-widget-container\">\n\t\t\t\t\t\t\t<p><strong><a href=\"http:\/\/www.camposdehellinqr.com\/images\/360\/34\/index.htm\">Acceder a Visita Virtual 360\u00ba<\/a><\/strong><\/p>\t\t\t\t\t\t<\/div>\n\t\t\t\t<\/div>\n\t\t\t\t<div class=\"elementor-element elementor-element-dc941c8 elementor-widget elementor-widget-text-editor\" data-id=\"dc941c8\" data-element_type=\"widget\" data-widget_type=\"text-editor.default\">\n\t\t\t\t<div class=\"elementor-widget-container\">\n\t\t\t\t\t\t\t<p>En el a\u00f1o 1.933 se redact\u00f3 el Plan Nacional de Obras Hidr\u00e1ulicas, en el que estaban incluidos los proyectos de los planes precursores de las obras base de defensas y embalses y, entre ellos, el Proyecto de construcci\u00f3n del pantano del Cenajo.<br \/>Este Proyecto General contemplaba una presa de gravedad cuyos usos principales ser\u00edan el riego y la producci\u00f3n de energ\u00eda el\u00e9ctrica. En enero de 1.942 la Direcci\u00f3n General de Obras Hidr\u00e1ulicas aprob\u00f3 el denominado Proyecto general del pantano del Cenajo. Las obras dieron comienzo en marzo de 1.947; durante el desarrollo de las mismas fue necesaria la redacci\u00f3n de otros ocho Proyectos Reformados, redactados entre los a\u00f1os 1.953 y 1.960, para recoger los cambios e incidencias que se fueron presentando. Finalizado definitivamente el 31 de diciembre de 1.960 fue inaugurado el 6 de junio de 1963 por el jefe de Estado, el General Francisco Franco<br \/><br \/>Es una zona bastante interesante para las actividades de esparcimiento pues cuenta con numerosas sendas y carriles por las que se puede acceder entre otros lugares al monumento a la cruz del obrero que domina las vistas del entorno.<\/p><p>Entre la numerosa fauna acu\u00e1tica destacan truchas, carpas y barbos. Los amantes de las aves rapaces pueden observar \u00e1guilas reales, \u00e1guilas calzadas, b\u00fahos reales, cern\u00edcalos o abejarucos. La fauna salvaje del entorno comprende\u00a0 especies como zorros, jabal\u00edes o cabras montesas.<\/p>\t\t\t\t\t\t<\/div>\n\t\t\t\t<\/div>\n\t\t\t\t\t<\/div>\n\t\t<\/div>\n\t\t\t\t\t\t\t<\/div>\n\t\t<\/section>\n\t\t\t\t\t\t\t<\/div>\n\t\t","protected":false},"excerpt":{"rendered":"<p>Embalse del Cenajo La comarca de Hell\u00edn cuenta con tres embalses; Talave, Camarillas y Cenajo, siendo este \u00faltimo el m\u00e1s espectacular. Se ubica a unos 30km de Hell\u00edn, ocupa una superficie de 1.732 ha,\u00a0 que se distribuye por los t\u00e9rminos municipales de Hell\u00edn, Socovos y F\u00e9rez, en la provincia de Albacete, y de Moratalla, en &hellip;<\/p>\n<p class=\"read-more\"> <a class=\"\" href=\"https:\/\/camposdehellinqr.com\/index.php\/embalse-del-cenajo\/\"> <span class=\"screen-reader-text\">Embalse del Cenajo<\/span> Leer m\u00e1s &raquo;<\/a><\/p>\n","protected":false},"author":1,"featured_media":0,"parent":0,"menu_order":0,"comment_status":"closed","ping_status":"closed","template":"","meta":{"site-sidebar-layout":"no-sidebar","site-content-layout":"page-builder","ast-site-content-layout":"full-width-container","site-content-style":"default","site-sidebar-style":"default","ast-global-header-display":"","ast-banner-title-visibility":"","ast-main-header-display":"","ast-hfb-above-header-display":"","ast-hfb-below-header-display":"","ast-hfb-mobile-header-display":"","site-post-title":"disabled","ast-breadcrumbs-content":"","ast-featured-img":"disabled","footer-sml-layout":"","theme-transparent-header-meta":"","adv-header-id-meta":"","stick-header-meta":"","header-above-stick-meta":"","header-main-stick-meta":"","header-below-stick-meta":"","astra-migrate-meta-layouts":"set","footnotes":""},"class_list":["post-6118","page","type-page","status-publish","hentry"],"yoast_head":"<!-- This site is optimized with the Yoast SEO Premium plugin v20.0 (Yoast SEO v21.3) - https:\/\/yoast.com\/wordpress\/plugins\/seo\/ -->\n<title>Embalse del Cenajo - Campos de Hell\u00edn QR<\/title>\n<meta name=\"robots\" content=\"index, follow, max-snippet:-1, max-image-preview:large, max-video-preview:-1\" \/>\n<link rel=\"canonical\" href=\"https:\/\/camposdehellinqr.com\/index.php\/embalse-del-cenajo\/\" \/>\n<meta property=\"og:locale\" content=\"es_ES\" \/>\n<meta property=\"og:type\" content=\"article\" \/>\n<meta property=\"og:title\" content=\"Embalse del Cenajo\" \/>\n<meta property=\"og:description\" content=\"Embalse del Cenajo La comarca de Hell\u00edn cuenta con tres embalses; Talave, Camarillas y Cenajo, siendo este \u00faltimo el m\u00e1s espectacular. Se ubica a unos 30km de Hell\u00edn, ocupa una superficie de 1.732 ha,\u00a0 que se distribuye por los t\u00e9rminos municipales de Hell\u00edn, Socovos y F\u00e9rez, en la provincia de Albacete, y de Moratalla, en &hellip; Embalse del Cenajo Leer m\u00e1s &raquo;\" \/>\n<meta property=\"og:url\" content=\"https:\/\/camposdehellinqr.com\/index.php\/embalse-del-cenajo\/\" \/>\n<meta property=\"og:site_name\" content=\"Campos de Hell\u00edn QR\" \/>\n<meta property=\"article:modified_time\" content=\"2023-09-19T17:39:24+00:00\" \/>\n<meta property=\"og:image\" content=\"https:\/\/camposdehellinqr.com\/wp-content\/uploads\/2023\/09\/EmbalseCenajo.jpg\" \/>\n<meta name=\"twitter:card\" content=\"summary_large_image\" \/>\n<meta name=\"twitter:label1\" content=\"Tiempo de lectura\" \/>\n\t<meta name=\"twitter:data1\" content=\"2 minutos\" \/>\n<script type=\"application\/ld+json\" class=\"yoast-schema-graph\">{\"@context\":\"https:\/\/schema.org\",\"@graph\":[{\"@type\":\"WebPage\",\"@id\":\"https:\/\/camposdehellinqr.com\/index.php\/embalse-del-cenajo\/\",\"url\":\"https:\/\/camposdehellinqr.com\/index.php\/embalse-del-cenajo\/\",\"name\":\"Embalse del Cenajo - Campos de Hell\u00edn QR\",\"isPartOf\":{\"@id\":\"https:\/\/camposdehellinqr.com\/#website\"},\"datePublished\":\"2023-09-19T15:02:56+00:00\",\"dateModified\":\"2023-09-19T17:39:24+00:00\",\"breadcrumb\":{\"@id\":\"https:\/\/camposdehellinqr.com\/index.php\/embalse-del-cenajo\/#breadcrumb\"},\"inLanguage\":\"es\",\"potentialAction\":[{\"@type\":\"ReadAction\",\"target\":[\"https:\/\/camposdehellinqr.com\/index.php\/embalse-del-cenajo\/\"]}]},{\"@type\":\"BreadcrumbList\",\"@id\":\"https:\/\/camposdehellinqr.com\/index.php\/embalse-del-cenajo\/#breadcrumb\",\"itemListElement\":[{\"@type\":\"ListItem\",\"position\":1,\"name\":\"Home\",\"item\":\"https:\/\/camposdehellinqr.com\/\"},{\"@type\":\"ListItem\",\"position\":2,\"name\":\"Embalse del Cenajo\"}]},{\"@type\":\"WebSite\",\"@id\":\"https:\/\/camposdehellinqr.com\/#website\",\"url\":\"https:\/\/camposdehellinqr.com\/\",\"name\":\"Campos de Hell\u00edn QR\",\"description\":\"La comarca Campos de Hell\u00edn en 360\u00ba\",\"publisher\":{\"@id\":\"https:\/\/camposdehellinqr.com\/#organization\"},\"potentialAction\":[{\"@type\":\"SearchAction\",\"target\":{\"@type\":\"EntryPoint\",\"urlTemplate\":\"https:\/\/camposdehellinqr.com\/?s={search_term_string}\"},\"query-input\":\"required name=search_term_string\"}],\"inLanguage\":\"es\"},{\"@type\":\"Organization\",\"@id\":\"https:\/\/camposdehellinqr.com\/#organization\",\"name\":\"Campos de Hell\u00edn QR\",\"url\":\"https:\/\/camposdehellinqr.com\/\",\"logo\":{\"@type\":\"ImageObject\",\"inLanguage\":\"es\",\"@id\":\"https:\/\/camposdehellinqr.com\/#\/schema\/logo\/image\/\",\"url\":\"https:\/\/camposdehellinqr.com\/wp-content\/uploads\/2020\/02\/logoqr.png\",\"contentUrl\":\"https:\/\/camposdehellinqr.com\/wp-content\/uploads\/2020\/02\/logoqr.png\",\"width\":300,\"height\":50,\"caption\":\"Campos de Hell\u00edn QR\"},\"image\":{\"@id\":\"https:\/\/camposdehellinqr.com\/#\/schema\/logo\/image\/\"}}]}<\/script>\n<!-- \/ Yoast SEO Premium plugin. -->","yoast_head_json":{"title":"Embalse del Cenajo - Campos de Hell\u00edn QR","robots":{"index":"index","follow":"follow","max-snippet":"max-snippet:-1","max-image-preview":"max-image-preview:large","max-video-preview":"max-video-preview:-1"},"canonical":"https:\/\/camposdehellinqr.com\/index.php\/embalse-del-cenajo\/","og_locale":"es_ES","og_type":"article","og_title":"Embalse del Cenajo","og_description":"Embalse del Cenajo La comarca de Hell\u00edn cuenta con tres embalses; Talave, Camarillas y Cenajo, siendo este \u00faltimo el m\u00e1s espectacular. Se ubica a unos 30km de Hell\u00edn, ocupa una superficie de 1.732 ha,\u00a0 que se distribuye por los t\u00e9rminos municipales de Hell\u00edn, Socovos y F\u00e9rez, en la provincia de Albacete, y de Moratalla, en &hellip; Embalse del Cenajo Leer m\u00e1s &raquo;","og_url":"https:\/\/camposdehellinqr.com\/index.php\/embalse-del-cenajo\/","og_site_name":"Campos de Hell\u00edn QR","article_modified_time":"2023-09-19T17:39:24+00:00","og_image":[{"url":"https:\/\/camposdehellinqr.com\/wp-content\/uploads\/2023\/09\/EmbalseCenajo.jpg"}],"twitter_card":"summary_large_image","twitter_misc":{"Tiempo de lectura":"2 minutos"},"schema":{"@context":"https:\/\/schema.org","@graph":[{"@type":"WebPage","@id":"https:\/\/camposdehellinqr.com\/index.php\/embalse-del-cenajo\/","url":"https:\/\/camposdehellinqr.com\/index.php\/embalse-del-cenajo\/","name":"Embalse del Cenajo - Campos de Hell\u00edn QR","isPartOf":{"@id":"https:\/\/camposdehellinqr.com\/#website"},"datePublished":"2023-09-19T15:02:56+00:00","dateModified":"2023-09-19T17:39:24+00:00","breadcrumb":{"@id":"https:\/\/camposdehellinqr.com\/index.php\/embalse-del-cenajo\/#breadcrumb"},"inLanguage":"es","potentialAction":[{"@type":"ReadAction","target":["https:\/\/camposdehellinqr.com\/index.php\/embalse-del-cenajo\/"]}]},{"@type":"BreadcrumbList","@id":"https:\/\/camposdehellinqr.com\/index.php\/embalse-del-cenajo\/#breadcrumb","itemListElement":[{"@type":"ListItem","position":1,"name":"Home","item":"https:\/\/camposdehellinqr.com\/"},{"@type":"ListItem","position":2,"name":"Embalse del Cenajo"}]},{"@type":"WebSite","@id":"https:\/\/camposdehellinqr.com\/#website","url":"https:\/\/camposdehellinqr.com\/","name":"Campos de Hell\u00edn QR","description":"La comarca Campos de Hell\u00edn en 360\u00ba","publisher":{"@id":"https:\/\/camposdehellinqr.com\/#organization"},"potentialAction":[{"@type":"SearchAction","target":{"@type":"EntryPoint","urlTemplate":"https:\/\/camposdehellinqr.com\/?s={search_term_string}"},"query-input":"required name=search_term_string"}],"inLanguage":"es"},{"@type":"Organization","@id":"https:\/\/camposdehellinqr.com\/#organization","name":"Campos de Hell\u00edn QR","url":"https:\/\/camposdehellinqr.com\/","logo":{"@type":"ImageObject","inLanguage":"es","@id":"https:\/\/camposdehellinqr.com\/#\/schema\/logo\/image\/","url":"https:\/\/camposdehellinqr.com\/wp-content\/uploads\/2020\/02\/logoqr.png","contentUrl":"https:\/\/camposdehellinqr.com\/wp-content\/uploads\/2020\/02\/logoqr.png","width":300,"height":50,"caption":"Campos de Hell\u00edn QR"},"image":{"@id":"https:\/\/camposdehellinqr.com\/#\/schema\/logo\/image\/"}}]}},"_links":{"self":[{"href":"https:\/\/camposdehellinqr.com\/index.php\/wp-json\/wp\/v2\/pages\/6118","targetHints":{"allow":["GET"]}}],"collection":[{"href":"https:\/\/camposdehellinqr.com\/index.php\/wp-json\/wp\/v2\/pages"}],"about":[{"href":"https:\/\/camposdehellinqr.com\/index.php\/wp-json\/wp\/v2\/types\/page"}],"author":[{"embeddable":true,"href":"https:\/\/camposdehellinqr.com\/index.php\/wp-json\/wp\/v2\/users\/1"}],"replies":[{"embeddable":true,"href":"https:\/\/camposdehellinqr.com\/index.php\/wp-json\/wp\/v2\/comments?post=6118"}],"version-history":[{"count":5,"href":"https:\/\/camposdehellinqr.com\/index.php\/wp-json\/wp\/v2\/pages\/6118\/revisions"}],"predecessor-version":[{"id":6496,"href":"https:\/\/camposdehellinqr.com\/index.php\/wp-json\/wp\/v2\/pages\/6118\/revisions\/6496"}],"wp:attachment":[{"href":"https:\/\/camposdehellinqr.com\/index.php\/wp-json\/wp\/v2\/media?parent=6118"}],"curies":[{"name":"wp","href":"https:\/\/api.w.org\/{rel}","templated":true}]}}