{"id":6119,"date":"2023-09-19T15:04:33","date_gmt":"2023-09-19T15:04:33","guid":{"rendered":"https:\/\/camposdehellinqr.com\/?page_id=6119"},"modified":"2023-09-19T17:39:30","modified_gmt":"2023-09-19T17:39:30","slug":"camarillas","status":"publish","type":"page","link":"https:\/\/camposdehellinqr.com\/index.php\/camarillas\/","title":{"rendered":"Embalse del Camarillas"},"content":{"rendered":"\t\t<div data-elementor-type=\"wp-page\" data-elementor-id=\"6119\" class=\"elementor elementor-6119\" data-elementor-post-type=\"page\">\n\t\t\t\t\t\t\t\t\t<section class=\"elementor-section elementor-top-section elementor-element elementor-element-89ef3ac elementor-section-boxed elementor-section-height-default elementor-section-height-default\" data-id=\"89ef3ac\" data-element_type=\"section\">\n\t\t\t\t\t\t\t<div class=\"elementor-background-overlay\"><\/div>\n\t\t\t\t\t\t\t<div class=\"elementor-container elementor-column-gap-default\">\n\t\t\t\t\t<div class=\"elementor-column elementor-col-100 elementor-top-column elementor-element elementor-element-e076a23\" data-id=\"e076a23\" data-element_type=\"column\">\n\t\t\t<div class=\"elementor-widget-wrap elementor-element-populated\">\n\t\t\t\t\t\t\t\t<div class=\"elementor-element elementor-element-c7e6a46 elementor-widget elementor-widget-heading\" data-id=\"c7e6a46\" data-element_type=\"widget\" data-widget_type=\"heading.default\">\n\t\t\t\t<div class=\"elementor-widget-container\">\n\t\t\t<h3 class=\"elementor-heading-title elementor-size-default\">Embalse del Camarillas<\/h3>\t\t<\/div>\n\t\t\t\t<\/div>\n\t\t\t\t<div class=\"elementor-element elementor-element-bd15688 elementor-widget elementor-widget-google_maps\" data-id=\"bd15688\" data-element_type=\"widget\" data-widget_type=\"google_maps.default\">\n\t\t\t\t<div class=\"elementor-widget-container\">\n\t\t\t\t\t<div class=\"elementor-custom-embed\">\n\t\t\t<iframe loading=\"lazy\"\n\t\t\t\t\tsrc=\"https:\/\/maps.google.com\/maps?q=Presa%20embalse%20de%20Camarillas&#038;t=m&#038;z=16&#038;output=embed&#038;iwloc=near\"\n\t\t\t\t\ttitle=\"Presa embalse de Camarillas\"\n\t\t\t\t\taria-label=\"Presa embalse de Camarillas\"\n\t\t\t><\/iframe>\n\t\t<\/div>\n\t\t\t\t<\/div>\n\t\t\t\t<\/div>\n\t\t\t\t<div class=\"elementor-element elementor-element-3889d7b elementor-widget elementor-widget-text-editor\" data-id=\"3889d7b\" data-element_type=\"widget\" data-widget_type=\"text-editor.default\">\n\t\t\t\t<div class=\"elementor-widget-container\">\n\t\t\t\t\t\t\t<p>La Vega de Camarillas, regada por el r\u00edo mundo, y el camino que remontaba el cauce, hoy cubiertos por las aguas embalsadas, propiciaron una intensa ocupaci\u00f3n humana desde el neol\u00edtico. En la cumbre de <i>Los Almadenes<\/i> est\u00e1n los vestigios de un poblado orientalizante que hace m\u00e1s de 2.600 a\u00f1os recibi\u00f3 las primeras influencias fenicias.<\/p><p>La cueva de <i>La Camareta<\/i>, excavada en un mont\u00edculo de la margen derecha del r\u00edo, fue usada como eremitorio cristiano a partir de la oficializaci\u00f3n de la nueva religi\u00f3n en el siglo IV, igual que el otro caso de esta comarca en Alborajico. Esta compuesta por cuatro estancias que tienen en total una superficie aproximada de cuarenta metros cuadrados, menor que la original, ya que la ladera ha sufrido grandes desprendimientos, en el pasado podr\u00eda accederse a pie. El elemento de mayor inter\u00e9s para el estudio son sus inscripciones. Adem\u00e1s de s\u00edmbolos y pictogramas de figuras animales, se han identificado graf\u00edas romanas, visigodas y \u00e1rabes, que por ser las \u00faltimas (sin considerar los graffiti modernos) han servido para datar el fin de su uso en el siglo IX. Fue declarada Bien de Inter\u00e9s Cultural en 1991.<\/p>\t\t\t\t\t\t<\/div>\n\t\t\t\t<\/div>\n\t\t\t\t<div class=\"elementor-element elementor-element-1ba3ed5 elementor-widget elementor-widget-image\" data-id=\"1ba3ed5\" data-element_type=\"widget\" data-widget_type=\"image.default\">\n\t\t\t\t<div class=\"elementor-widget-container\">\n\t\t\t\t\t\t\t\t\t\t\t\t\t\t\t\t<a href=\"\/images\/360\/58\/index.htm\">\n\t\t\t\t\t\t\t<img loading=\"lazy\" decoding=\"async\" width=\"800\" height=\"400\" src=\"https:\/\/camposdehellinqr.com\/wp-content\/uploads\/2023\/09\/Presa_camarillas.jpg\" class=\"attachment-large size-large wp-image-6065\" alt=\"\" srcset=\"https:\/\/camposdehellinqr.com\/wp-content\/uploads\/2023\/09\/Presa_camarillas.jpg 800w, https:\/\/camposdehellinqr.com\/wp-content\/uploads\/2023\/09\/Presa_camarillas-300x150.jpg 300w, https:\/\/camposdehellinqr.com\/wp-content\/uploads\/2023\/09\/Presa_camarillas-768x384.jpg 768w\" sizes=\"auto, (max-width: 800px) 100vw, 800px\" \/>\t\t\t\t\t\t\t\t<\/a>\n\t\t\t\t\t\t\t\t\t\t\t\t\t\t\t<\/div>\n\t\t\t\t<\/div>\n\t\t\t\t<div class=\"elementor-element elementor-element-a56a1c7 elementor-widget elementor-widget-text-editor\" data-id=\"a56a1c7\" data-element_type=\"widget\" data-widget_type=\"text-editor.default\">\n\t\t\t\t<div class=\"elementor-widget-container\">\n\t\t\t\t\t\t\t<p><strong><a href=\"http:\/\/www.camposdehellinqr.com\/images\/360\/58\/index.htm\">Acceder a Visita Virtual 360\u00ba<\/a><\/strong><\/p>\t\t\t\t\t\t<\/div>\n\t\t\t\t<\/div>\n\t\t\t\t<div class=\"elementor-element elementor-element-dc941c8 elementor-widget elementor-widget-text-editor\" data-id=\"dc941c8\" data-element_type=\"widget\" data-widget_type=\"text-editor.default\">\n\t\t\t\t<div class=\"elementor-widget-container\">\n\t\t\t\t\t\t\t<p>El r\u00edo Mundo atraviesa la \u00faltima sierra que lo separa del Segura a trav\u00e9s del <i>Ca\u00f1\u00f3n de los Almadenes<\/i>. El agua, como las alm\u00e1denas para picar piedra, ha roto la roca calc\u00e1rea abri\u00e9ndose paso por un estrecho tajo. El ca\u00f1\u00f3n tiene casi un kil\u00f3metro de longitud, la altura de sus paredes verticales alcanza los ochenta metros y el ancho llega a reducirse a cuatro metros. Las \u201c<i>Hoces del r\u00edo Mundo y del r\u00edo Segura<\/i>\u201d est\u00e1n declaradas \u00e1rea de importancia para las aves (IBA). En los cortados rocosos anidan aves rapaces como el \u00e1guila real, el halc\u00f3n peregrino y el hubo real.<\/p><p>La singularidad del ca\u00f1\u00f3n ha sido aprovechada desde hace varios siglos para regular el cauce del r\u00edo, en su salida est\u00e1 la presa de los Almadenes y en su inicio la presa de Camarillas.<\/p><p>El embalse de Camarillas y el canal que partir\u00eda del mismo, seg\u00fan el proyecto de 1928, con una capacidad de 38 hect\u00f3metros c\u00fabicos y el reducido coste de la presa en el ca\u00f1\u00f3n, conseguir\u00edan abaratar el agua en Murcia y Alicante<i>.<\/i> Las obras comenzaron en 1932 y se abandonaron tres a\u00f1os despu\u00e9s.<\/p><p>La construcci\u00f3n del embalse conllev\u00f3 otras obras como la variante del ferrocarril Madrid-Cartagena entre los kil\u00f3metros 375 y 383. Ser\u00edan construidos tres viaductos y un t\u00fanel. Y para la construcci\u00f3n y explotaci\u00f3n del embalse se cre\u00f3 el poblado de Camarillas que esta compuesto por los edificios de la casa-administraci\u00f3n, tres viviendas para personal fijo, pabell\u00f3n para obreros, capilla-escuela, enfermer\u00eda-hospital, varios talleres y almacenes.<\/p><p>Cuando la construcci\u00f3n de la presa se reanud\u00f3 en 1954, sesenta a<i>parceros-cultivadores<\/i> de esta vega piden al ministro de Obras P\u00fablicas que \u201c<i>por la expropiaci\u00f3n de las tierras <\/i>\u2013el embalse ocupa 359 hect\u00e1reas-<i>\u2026nos encontraremos, SIN HOGAR, SIN PAN Y SIN LUMBRE\u2026que se nos conceda lo que en justicia nos pertenece; las mejoras, indemnizaciones y derechos y los posibles asentamientos en las nuevas tierras de regad\u00edo, con preferencia en las de Hell\u00edn\u2026<\/i>\u201d.<\/p><p>El Plan Nacional de Obras Hidr\u00e1ulicas de 1933 inclu\u00eda los riegos de Hell\u00edn y la orden, de 20 de enero de 1936, del Ministerio de Obras P\u00fablicas concedi\u00f3 1.000 litros por segundo de agua del r\u00edo Mundo para los riegos de Hell\u00edn, desde el pantano de Talave, pero los regantes de las vegas del Segura convocaron una gran manifestaci\u00f3n en Madrid contra dicha concesi\u00f3n. Por acuerdos del Consejo de Ministros, del 2 de septiembre de 1941, se autoriz\u00f3 la ejecuci\u00f3n de las obras de abastecimiento y riegos de Hell\u00edn y en 1956 se declara de alto inter\u00e9s nacional la colonizaci\u00f3n de la zona dominada por el canal de Hell\u00edn \u201c<i>al objeto de conseguir la r\u00e1pida transformaci\u00f3n en regad\u00edo de las tierras que han de adjudicarse a las familias afectadas por las expropiaciones de los vasos de los pantanos de Camarillas y Cenajo\u2026<\/i>\u201d. As\u00ed cuando ambos embalses fueron inaugurados el 6 de junio de 1963, ya se estaban construyendo los tres pueblos de colonizaci\u00f3n de Ca\u00f1ada de Agra, Mingogil y Nava de Campa\u00f1a.<\/p>\t\t\t\t\t\t<\/div>\n\t\t\t\t<\/div>\n\t\t\t\t\t<\/div>\n\t\t<\/div>\n\t\t\t\t\t\t\t<\/div>\n\t\t<\/section>\n\t\t\t\t\t\t\t<\/div>\n\t\t","protected":false},"excerpt":{"rendered":"<p>Embalse del Camarillas La Vega de Camarillas, regada por el r\u00edo mundo, y el camino que remontaba el cauce, hoy cubiertos por las aguas embalsadas, propiciaron una intensa ocupaci\u00f3n humana desde el neol\u00edtico. En la cumbre de Los Almadenes est\u00e1n los vestigios de un poblado orientalizante que hace m\u00e1s de 2.600 a\u00f1os recibi\u00f3 las primeras &hellip;<\/p>\n<p class=\"read-more\"> <a class=\"\" href=\"https:\/\/camposdehellinqr.com\/index.php\/camarillas\/\"> <span class=\"screen-reader-text\">Embalse del Camarillas<\/span> Leer m\u00e1s &raquo;<\/a><\/p>\n","protected":false},"author":1,"featured_media":0,"parent":0,"menu_order":0,"comment_status":"closed","ping_status":"closed","template":"","meta":{"site-sidebar-layout":"no-sidebar","site-content-layout":"page-builder","ast-site-content-layout":"full-width-container","site-content-style":"default","site-sidebar-style":"default","ast-global-header-display":"","ast-banner-title-visibility":"","ast-main-header-display":"","ast-hfb-above-header-display":"","ast-hfb-below-header-display":"","ast-hfb-mobile-header-display":"","site-post-title":"disabled","ast-breadcrumbs-content":"","ast-featured-img":"disabled","footer-sml-layout":"","theme-transparent-header-meta":"","adv-header-id-meta":"","stick-header-meta":"","header-above-stick-meta":"","header-main-stick-meta":"","header-below-stick-meta":"","astra-migrate-meta-layouts":"set","footnotes":""},"class_list":["post-6119","page","type-page","status-publish","hentry"],"yoast_head":"<!-- This site is optimized with the Yoast SEO Premium plugin v20.0 (Yoast SEO v21.3) - https:\/\/yoast.com\/wordpress\/plugins\/seo\/ -->\n<title>Embalse del Camarillas - Campos de Hell\u00edn QR<\/title>\n<meta name=\"robots\" content=\"index, follow, max-snippet:-1, max-image-preview:large, max-video-preview:-1\" \/>\n<link rel=\"canonical\" href=\"https:\/\/camposdehellinqr.com\/index.php\/camarillas\/\" \/>\n<meta property=\"og:locale\" content=\"es_ES\" \/>\n<meta property=\"og:type\" content=\"article\" \/>\n<meta property=\"og:title\" content=\"Embalse del Camarillas\" \/>\n<meta property=\"og:description\" content=\"Embalse del Camarillas La Vega de Camarillas, regada por el r\u00edo mundo, y el camino que remontaba el cauce, hoy cubiertos por las aguas embalsadas, propiciaron una intensa ocupaci\u00f3n humana desde el neol\u00edtico. En la cumbre de Los Almadenes est\u00e1n los vestigios de un poblado orientalizante que hace m\u00e1s de 2.600 a\u00f1os recibi\u00f3 las primeras &hellip; Embalse del Camarillas Leer m\u00e1s &raquo;\" \/>\n<meta property=\"og:url\" content=\"https:\/\/camposdehellinqr.com\/index.php\/camarillas\/\" \/>\n<meta property=\"og:site_name\" content=\"Campos de Hell\u00edn QR\" \/>\n<meta property=\"article:modified_time\" content=\"2023-09-19T17:39:30+00:00\" \/>\n<meta property=\"og:image\" content=\"https:\/\/camposdehellinqr.com\/wp-content\/uploads\/2023\/09\/Presa_camarillas.jpg\" \/>\n<meta name=\"twitter:card\" content=\"summary_large_image\" \/>\n<meta name=\"twitter:label1\" content=\"Tiempo de lectura\" \/>\n\t<meta name=\"twitter:data1\" content=\"4 minutos\" \/>\n<script type=\"application\/ld+json\" class=\"yoast-schema-graph\">{\"@context\":\"https:\/\/schema.org\",\"@graph\":[{\"@type\":\"WebPage\",\"@id\":\"https:\/\/camposdehellinqr.com\/index.php\/camarillas\/\",\"url\":\"https:\/\/camposdehellinqr.com\/index.php\/camarillas\/\",\"name\":\"Embalse del Camarillas - Campos de Hell\u00edn QR\",\"isPartOf\":{\"@id\":\"https:\/\/camposdehellinqr.com\/#website\"},\"datePublished\":\"2023-09-19T15:04:33+00:00\",\"dateModified\":\"2023-09-19T17:39:30+00:00\",\"breadcrumb\":{\"@id\":\"https:\/\/camposdehellinqr.com\/index.php\/camarillas\/#breadcrumb\"},\"inLanguage\":\"es\",\"potentialAction\":[{\"@type\":\"ReadAction\",\"target\":[\"https:\/\/camposdehellinqr.com\/index.php\/camarillas\/\"]}]},{\"@type\":\"BreadcrumbList\",\"@id\":\"https:\/\/camposdehellinqr.com\/index.php\/camarillas\/#breadcrumb\",\"itemListElement\":[{\"@type\":\"ListItem\",\"position\":1,\"name\":\"Home\",\"item\":\"https:\/\/camposdehellinqr.com\/\"},{\"@type\":\"ListItem\",\"position\":2,\"name\":\"Embalse del Camarillas\"}]},{\"@type\":\"WebSite\",\"@id\":\"https:\/\/camposdehellinqr.com\/#website\",\"url\":\"https:\/\/camposdehellinqr.com\/\",\"name\":\"Campos de Hell\u00edn QR\",\"description\":\"La comarca Campos de Hell\u00edn en 360\u00ba\",\"publisher\":{\"@id\":\"https:\/\/camposdehellinqr.com\/#organization\"},\"potentialAction\":[{\"@type\":\"SearchAction\",\"target\":{\"@type\":\"EntryPoint\",\"urlTemplate\":\"https:\/\/camposdehellinqr.com\/?s={search_term_string}\"},\"query-input\":\"required name=search_term_string\"}],\"inLanguage\":\"es\"},{\"@type\":\"Organization\",\"@id\":\"https:\/\/camposdehellinqr.com\/#organization\",\"name\":\"Campos de Hell\u00edn QR\",\"url\":\"https:\/\/camposdehellinqr.com\/\",\"logo\":{\"@type\":\"ImageObject\",\"inLanguage\":\"es\",\"@id\":\"https:\/\/camposdehellinqr.com\/#\/schema\/logo\/image\/\",\"url\":\"https:\/\/camposdehellinqr.com\/wp-content\/uploads\/2020\/02\/logoqr.png\",\"contentUrl\":\"https:\/\/camposdehellinqr.com\/wp-content\/uploads\/2020\/02\/logoqr.png\",\"width\":300,\"height\":50,\"caption\":\"Campos de Hell\u00edn QR\"},\"image\":{\"@id\":\"https:\/\/camposdehellinqr.com\/#\/schema\/logo\/image\/\"}}]}<\/script>\n<!-- \/ Yoast SEO Premium plugin. -->","yoast_head_json":{"title":"Embalse del Camarillas - Campos de Hell\u00edn QR","robots":{"index":"index","follow":"follow","max-snippet":"max-snippet:-1","max-image-preview":"max-image-preview:large","max-video-preview":"max-video-preview:-1"},"canonical":"https:\/\/camposdehellinqr.com\/index.php\/camarillas\/","og_locale":"es_ES","og_type":"article","og_title":"Embalse del Camarillas","og_description":"Embalse del Camarillas La Vega de Camarillas, regada por el r\u00edo mundo, y el camino que remontaba el cauce, hoy cubiertos por las aguas embalsadas, propiciaron una intensa ocupaci\u00f3n humana desde el neol\u00edtico. En la cumbre de Los Almadenes est\u00e1n los vestigios de un poblado orientalizante que hace m\u00e1s de 2.600 a\u00f1os recibi\u00f3 las primeras &hellip; Embalse del Camarillas Leer m\u00e1s &raquo;","og_url":"https:\/\/camposdehellinqr.com\/index.php\/camarillas\/","og_site_name":"Campos de Hell\u00edn QR","article_modified_time":"2023-09-19T17:39:30+00:00","og_image":[{"url":"https:\/\/camposdehellinqr.com\/wp-content\/uploads\/2023\/09\/Presa_camarillas.jpg"}],"twitter_card":"summary_large_image","twitter_misc":{"Tiempo de lectura":"4 minutos"},"schema":{"@context":"https:\/\/schema.org","@graph":[{"@type":"WebPage","@id":"https:\/\/camposdehellinqr.com\/index.php\/camarillas\/","url":"https:\/\/camposdehellinqr.com\/index.php\/camarillas\/","name":"Embalse del Camarillas - Campos de Hell\u00edn QR","isPartOf":{"@id":"https:\/\/camposdehellinqr.com\/#website"},"datePublished":"2023-09-19T15:04:33+00:00","dateModified":"2023-09-19T17:39:30+00:00","breadcrumb":{"@id":"https:\/\/camposdehellinqr.com\/index.php\/camarillas\/#breadcrumb"},"inLanguage":"es","potentialAction":[{"@type":"ReadAction","target":["https:\/\/camposdehellinqr.com\/index.php\/camarillas\/"]}]},{"@type":"BreadcrumbList","@id":"https:\/\/camposdehellinqr.com\/index.php\/camarillas\/#breadcrumb","itemListElement":[{"@type":"ListItem","position":1,"name":"Home","item":"https:\/\/camposdehellinqr.com\/"},{"@type":"ListItem","position":2,"name":"Embalse del Camarillas"}]},{"@type":"WebSite","@id":"https:\/\/camposdehellinqr.com\/#website","url":"https:\/\/camposdehellinqr.com\/","name":"Campos de Hell\u00edn QR","description":"La comarca Campos de Hell\u00edn en 360\u00ba","publisher":{"@id":"https:\/\/camposdehellinqr.com\/#organization"},"potentialAction":[{"@type":"SearchAction","target":{"@type":"EntryPoint","urlTemplate":"https:\/\/camposdehellinqr.com\/?s={search_term_string}"},"query-input":"required name=search_term_string"}],"inLanguage":"es"},{"@type":"Organization","@id":"https:\/\/camposdehellinqr.com\/#organization","name":"Campos de Hell\u00edn QR","url":"https:\/\/camposdehellinqr.com\/","logo":{"@type":"ImageObject","inLanguage":"es","@id":"https:\/\/camposdehellinqr.com\/#\/schema\/logo\/image\/","url":"https:\/\/camposdehellinqr.com\/wp-content\/uploads\/2020\/02\/logoqr.png","contentUrl":"https:\/\/camposdehellinqr.com\/wp-content\/uploads\/2020\/02\/logoqr.png","width":300,"height":50,"caption":"Campos de Hell\u00edn QR"},"image":{"@id":"https:\/\/camposdehellinqr.com\/#\/schema\/logo\/image\/"}}]}},"_links":{"self":[{"href":"https:\/\/camposdehellinqr.com\/index.php\/wp-json\/wp\/v2\/pages\/6119","targetHints":{"allow":["GET"]}}],"collection":[{"href":"https:\/\/camposdehellinqr.com\/index.php\/wp-json\/wp\/v2\/pages"}],"about":[{"href":"https:\/\/camposdehellinqr.com\/index.php\/wp-json\/wp\/v2\/types\/page"}],"author":[{"embeddable":true,"href":"https:\/\/camposdehellinqr.com\/index.php\/wp-json\/wp\/v2\/users\/1"}],"replies":[{"embeddable":true,"href":"https:\/\/camposdehellinqr.com\/index.php\/wp-json\/wp\/v2\/comments?post=6119"}],"version-history":[{"count":5,"href":"https:\/\/camposdehellinqr.com\/index.php\/wp-json\/wp\/v2\/pages\/6119\/revisions"}],"predecessor-version":[{"id":6497,"href":"https:\/\/camposdehellinqr.com\/index.php\/wp-json\/wp\/v2\/pages\/6119\/revisions\/6497"}],"wp:attachment":[{"href":"https:\/\/camposdehellinqr.com\/index.php\/wp-json\/wp\/v2\/media?parent=6119"}],"curies":[{"name":"wp","href":"https:\/\/api.w.org\/{rel}","templated":true}]}}