{"id":6127,"date":"2023-09-19T15:19:20","date_gmt":"2023-09-19T15:19:20","guid":{"rendered":"https:\/\/camposdehellinqr.com\/?page_id=6127"},"modified":"2023-09-19T17:40:26","modified_gmt":"2023-09-19T17:40:26","slug":"monumento-al-tamborilero-de-agramon","status":"publish","type":"page","link":"https:\/\/camposdehellinqr.com\/index.php\/monumento-al-tamborilero-de-agramon\/","title":{"rendered":"Monumento al Tamborilero de Agram\u00f3n"},"content":{"rendered":"\t\t<div data-elementor-type=\"wp-page\" data-elementor-id=\"6127\" class=\"elementor elementor-6127\" data-elementor-post-type=\"page\">\n\t\t\t\t\t\t\t\t\t<section class=\"elementor-section elementor-top-section elementor-element elementor-element-89ef3ac elementor-section-boxed elementor-section-height-default elementor-section-height-default\" data-id=\"89ef3ac\" data-element_type=\"section\">\n\t\t\t\t\t\t\t<div class=\"elementor-background-overlay\"><\/div>\n\t\t\t\t\t\t\t<div class=\"elementor-container elementor-column-gap-default\">\n\t\t\t\t\t<div class=\"elementor-column elementor-col-100 elementor-top-column elementor-element elementor-element-e076a23\" data-id=\"e076a23\" data-element_type=\"column\">\n\t\t\t<div class=\"elementor-widget-wrap elementor-element-populated\">\n\t\t\t\t\t\t\t\t<div class=\"elementor-element elementor-element-c7e6a46 elementor-widget elementor-widget-heading\" data-id=\"c7e6a46\" data-element_type=\"widget\" data-widget_type=\"heading.default\">\n\t\t\t\t<div class=\"elementor-widget-container\">\n\t\t\t<h3 class=\"elementor-heading-title elementor-size-default\">Monumento al Tamborilero de Agram\u00f3n<\/h3>\t\t<\/div>\n\t\t\t\t<\/div>\n\t\t\t\t<div class=\"elementor-element elementor-element-bd15688 elementor-widget elementor-widget-google_maps\" data-id=\"bd15688\" data-element_type=\"widget\" data-widget_type=\"google_maps.default\">\n\t\t\t\t<div class=\"elementor-widget-container\">\n\t\t\t\t\t<div class=\"elementor-custom-embed\">\n\t\t\t<iframe loading=\"lazy\"\n\t\t\t\t\tsrc=\"https:\/\/maps.google.com\/maps?q=Monumento%20al%20Tamborilero%20de%20Agram%C3%B3n&#038;t=m&#038;z=16&#038;output=embed&#038;iwloc=near\"\n\t\t\t\t\ttitle=\"Monumento al Tamborilero de Agram\u00f3n\"\n\t\t\t\t\taria-label=\"Monumento al Tamborilero de Agram\u00f3n\"\n\t\t\t><\/iframe>\n\t\t<\/div>\n\t\t\t\t<\/div>\n\t\t\t\t<\/div>\n\t\t\t\t<div class=\"elementor-element elementor-element-3889d7b elementor-widget elementor-widget-text-editor\" data-id=\"3889d7b\" data-element_type=\"widget\" data-widget_type=\"text-editor.default\">\n\t\t\t\t<div class=\"elementor-widget-container\">\n\t\t\t\t\t\t\t<p>El pueblo de Agram\u00f3n al tamborilero. Agram\u00f3n 19 de marzo de 2004. En una placa se puede leer la frase anteriormente citada. Se trata de una escultura en hierro que representa a un tamborilero con el atuendo t\u00edpico de la poblaci\u00f3n.Est\u00e1 realizado por el escultor hellinero Francisco Ruiz Oliva. Autor entre otros de los monumentos al tamborilero (1975) y al Nazareno (2004) de la ciudad de Hell\u00edn. <br \/>Ruiz Oliva naci\u00f3 en 1942 y se cri\u00f3 en el pintoresco barrio de San Rafael. De formaci\u00f3n art\u00edstica autodidacta, comenz\u00f3 a trabajar de chapista a los ocho a\u00f1os. Ha realizado numerosas obras, incluso la Casa Real le hizo un encargo en 1978. Adem\u00e1s de ser un magn\u00edfico escultor tambi\u00e9n destaca en pintura.<\/p>\t\t\t\t\t\t<\/div>\n\t\t\t\t<\/div>\n\t\t\t\t<div class=\"elementor-element elementor-element-1ba3ed5 elementor-widget elementor-widget-image\" data-id=\"1ba3ed5\" data-element_type=\"widget\" data-widget_type=\"image.default\">\n\t\t\t\t<div class=\"elementor-widget-container\">\n\t\t\t\t\t\t\t\t\t\t\t\t\t\t\t\t<a href=\"\/images\/360\/792\/index.htm\">\n\t\t\t\t\t\t\t<img loading=\"lazy\" decoding=\"async\" width=\"728\" height=\"450\" src=\"https:\/\/camposdehellinqr.com\/wp-content\/uploads\/2023\/09\/tambor_agramon.jpg\" class=\"attachment-large size-large wp-image-6099\" alt=\"\" srcset=\"https:\/\/camposdehellinqr.com\/wp-content\/uploads\/2023\/09\/tambor_agramon.jpg 728w, https:\/\/camposdehellinqr.com\/wp-content\/uploads\/2023\/09\/tambor_agramon-300x185.jpg 300w\" sizes=\"auto, (max-width: 728px) 100vw, 728px\" \/>\t\t\t\t\t\t\t\t<\/a>\n\t\t\t\t\t\t\t\t\t\t\t\t\t\t\t<\/div>\n\t\t\t\t<\/div>\n\t\t\t\t<div class=\"elementor-element elementor-element-a56a1c7 elementor-widget elementor-widget-text-editor\" data-id=\"a56a1c7\" data-element_type=\"widget\" data-widget_type=\"text-editor.default\">\n\t\t\t\t<div class=\"elementor-widget-container\">\n\t\t\t\t\t\t\t<p><strong><a href=\"http:\/\/www.camposdehellinqr.com\/images\/360\/792\/index.htm\">Acceder a Visita Virtual 360\u00ba<\/a><\/strong><\/p>\t\t\t\t\t\t<\/div>\n\t\t\t\t<\/div>\n\t\t\t\t<div class=\"elementor-element elementor-element-dc941c8 elementor-widget elementor-widget-text-editor\" data-id=\"dc941c8\" data-element_type=\"widget\" data-widget_type=\"text-editor.default\">\n\t\t\t\t<div class=\"elementor-widget-container\">\n\t\t\t\t\t\t\t<p>Coincidiendo con las Jornadas Nacionales de Exaltaci\u00f3n del Tambor y del Bombo, Agram\u00f3n inaugurar\u00eda en 2004 el reconocimiento a su pasi\u00f3n por el tambor, su Monumento al Tamborilero, aprovechando tan importante momento, con la reuni\u00f3n de todos los pueblos tamborileros reunidos en torno a la idea de compartir unos d\u00edas de hermandad bajo la sombra del tambor, simbolizado en un tamborilero agramonero, con tambor de metal apretado por palometas, y agremanes dorados destacando sobre el tono monocrom\u00e1tico del hierro.La singularidad de la Semana Santa de Agram\u00f3n radica tanto en sus procesiones como en sus t\u00fanicas y toques, sus tamborileros y tamborileras visten t\u00fanicas y pa\u00f1uelos o capuces morados, adornados con agremanes en color oro viejo en pecho, pu\u00f1os y bajos, con el s\u00edmbolo de la cruz en el brazo izquierdo formado por el cruce de agremanes, y en la cintura cordones dorados. No se disponen de fuentes documentales escritas que nos profundicen en la historia de la tamborada en Agram\u00f3n, sin embargo se sabe que se viene celebrando desde el siglo pasado, algunos autores la han asociado a la influencia de la ciudad de Hell\u00edn de la que depende, desconoci\u00e9ndose, no obstante, el porqu\u00e9 de la singularidad y uniformidad de su indumentaria, que pudiera situarse en un s\u00edntoma de rebeld\u00eda e independencia de la ciudad.<br \/>\u00a0El toque de tambor en Agram\u00f3n lo podr\u00edamos focalizar en tres tamboradas, la primera se sit\u00faa en el Viernes de Dolores, los tamborileros, sin la indumentaria tradicional (t\u00fanica, capuz o pa\u00f1uelo y cordones), se re\u00fanen en la plaza de la Iglesia subiendo posteriormente al monte Calvario. En la noche de Jueves Santo, sobre las doce, comienza la segunda y m\u00e1s tradicional de todas ellas, y donde ya no se deja de tocar hasta el mediod\u00eda del Viernes Santo, los tambores acompa\u00f1an a la procesi\u00f3n hasta el monte Calvario y a la entrada de los tronos y pasos los tamborileros van despidiendo a cada uno de los pasos y tronos que la integran haciendo redoblar sus tambores, convirtiendo dicho acto en el momento m\u00e1s culminante de la semana santa agramonera.El S\u00e1bado Santo, alrededor de las doce de la noche tiene lugar la tercera y \u00faltima que terminar\u00e1 con la procesi\u00f3n del Encuentro, acompa\u00f1ando igualmente los tambores a la procesi\u00f3n y despidi\u00e9ndola a la entrada de la Iglesia.<\/p><p><i>El pueblo de Agram\u00f3n al tamborilero. Agram\u00f3n 19 de marzo de 2004.<\/i> En una placa se puede leer la frase anteriormente citada. Se trata de una escultura en hierro que representa a un tamborilero con el atuendo t\u00edpico de la poblaci\u00f3n.<\/p><p>Est\u00e1 realizado por el escultor hellinero Francisco Ruiz Oliva. Autor entre otros de los monumentos al tamborilero (1975) y al Nazareno (2004) de la ciudad de Hell\u00edn.<\/p><p>Ruiz Oliva naci\u00f3 en 1942 y se cri\u00f3 en el pintoresco barrio de San Rafael. De formaci\u00f3n art\u00edstica autodidacta, comenz\u00f3 a trabajar de chapista a los ocho a\u00f1os. Ha realizado numerosas obras, incluso la Casa Real le hizo un encargo en 1978. Adem\u00e1s de ser un magn\u00edfico escultor tambi\u00e9n destaca en pintura.<\/p><p>Coincidiendo con las Jornadas Nacionales de Exaltaci\u00f3n del Tambor y del Bombo, Agram\u00f3n inaugurar\u00eda en 2004 el reconocimiento a su pasi\u00f3n por el tambor, su Monumento al Tamborilero, aprovechando tan importante momento, con la reuni\u00f3n de todos los pueblos tamborileros reunidos en torno a la idea de compartir unos d\u00edas de hermandad bajo la sombra del tambor, simbolizado en un tamborilero agramonero, con tambor de metal apretado por palometas, y agremanes dorados destacando sobre el tono monocrom\u00e1tico del hierro.<\/p><p>La singularidad de la Semana Santa de Agram\u00f3n radica tanto en sus procesiones como en sus t\u00fanicas y toques, sus tamborileros y tamborileras visten t\u00fanicas y pa\u00f1uelos o capuces morados, adornados con agremanes en color oro viejo en pecho, pu\u00f1os y bajos, con el s\u00edmbolo de la cruz en el brazo izquierdo formado por el cruce de agremanes, y en la cintura cordones dorados. No se disponen de fuentes documentales escritasque nos profundicen en la historia de la tamborada en Agram\u00f3n, sin embargo se sabe que se viene celebrando desde el siglo pasado, algunos autores la han asociado a la influencia de la ciudad de Hell\u00edn de la que depende, desconoci\u00e9ndose, no obstante, el porqu\u00e9 de la singularidad y uniformidad de su indumentaria, que pudiera situarse en un s\u00edntoma de rebeld\u00eda e independencia de la ciudad.<\/p><p>\u00a0El toque de tambor en Agram\u00f3n lo podr\u00edamos focalizar en tres tamboradas, la primera se sit\u00faa en el Viernes de Dolores, los tamborileros, sin la indumentaria tradicional (t\u00fanica, capuz o pa\u00f1uelo y cordones), se re\u00fanen en la plaza de la Iglesia subiendo posteriormente al monte Calvario. En la noche de Jueves Santo, sobre las doce, comienza la segunda y m\u00e1s tradicional de todas ellas, y donde ya no se deja de tocar hasta el mediod\u00eda del Viernes Santo, los tambores acompa\u00f1an a la procesi\u00f3n hasta el monte Calvario y a la entrada de los tronos y pasos los tamborileros van despidiendo a cada uno de los pasos y tronos que la integran haciendo redoblar sus tambores, convirtiendo dicho acto en el momento m\u00e1s culminante de la semana santa agramonera.<\/p><p>El S\u00e1bado Santo, alrededor de las doce de la noche tiene lugar la tercera y \u00faltima que terminar\u00e1 con la procesi\u00f3n delEncuentro, acompa\u00f1ando igualmente los tambores a la procesi\u00f3n y despidi\u00e9ndola a la entrada de la Iglesia.<\/p>\t\t\t\t\t\t<\/div>\n\t\t\t\t<\/div>\n\t\t\t\t\t<\/div>\n\t\t<\/div>\n\t\t\t\t\t\t\t<\/div>\n\t\t<\/section>\n\t\t\t\t\t\t\t<\/div>\n\t\t","protected":false},"excerpt":{"rendered":"<p>Monumento al Tamborilero de Agram\u00f3n El pueblo de Agram\u00f3n al tamborilero. Agram\u00f3n 19 de marzo de 2004. En una placa se puede leer la frase anteriormente citada. Se trata de una escultura en hierro que representa a un tamborilero con el atuendo t\u00edpico de la poblaci\u00f3n.Est\u00e1 realizado por el escultor hellinero Francisco Ruiz Oliva. Autor &hellip;<\/p>\n<p class=\"read-more\"> <a class=\"\" href=\"https:\/\/camposdehellinqr.com\/index.php\/monumento-al-tamborilero-de-agramon\/\"> <span class=\"screen-reader-text\">Monumento al Tamborilero de Agram\u00f3n<\/span> Leer m\u00e1s &raquo;<\/a><\/p>\n","protected":false},"author":1,"featured_media":0,"parent":0,"menu_order":0,"comment_status":"closed","ping_status":"closed","template":"","meta":{"site-sidebar-layout":"no-sidebar","site-content-layout":"page-builder","ast-site-content-layout":"full-width-container","site-content-style":"default","site-sidebar-style":"default","ast-global-header-display":"","ast-banner-title-visibility":"","ast-main-header-display":"","ast-hfb-above-header-display":"","ast-hfb-below-header-display":"","ast-hfb-mobile-header-display":"","site-post-title":"disabled","ast-breadcrumbs-content":"","ast-featured-img":"disabled","footer-sml-layout":"","theme-transparent-header-meta":"","adv-header-id-meta":"","stick-header-meta":"","header-above-stick-meta":"","header-main-stick-meta":"","header-below-stick-meta":"","astra-migrate-meta-layouts":"set","footnotes":""},"class_list":["post-6127","page","type-page","status-publish","hentry"],"yoast_head":"<!-- This site is optimized with the Yoast SEO Premium plugin v20.0 (Yoast SEO v21.3) - https:\/\/yoast.com\/wordpress\/plugins\/seo\/ -->\n<title>Monumento al Tamborilero de Agram\u00f3n - Campos de Hell\u00edn QR<\/title>\n<meta name=\"robots\" content=\"index, follow, max-snippet:-1, max-image-preview:large, max-video-preview:-1\" \/>\n<link rel=\"canonical\" href=\"https:\/\/camposdehellinqr.com\/index.php\/monumento-al-tamborilero-de-agramon\/\" \/>\n<meta property=\"og:locale\" content=\"es_ES\" \/>\n<meta property=\"og:type\" content=\"article\" \/>\n<meta property=\"og:title\" content=\"Monumento al Tamborilero de Agram\u00f3n\" \/>\n<meta property=\"og:description\" content=\"Monumento al Tamborilero de Agram\u00f3n El pueblo de Agram\u00f3n al tamborilero. Agram\u00f3n 19 de marzo de 2004. En una placa se puede leer la frase anteriormente citada. Se trata de una escultura en hierro que representa a un tamborilero con el atuendo t\u00edpico de la poblaci\u00f3n.Est\u00e1 realizado por el escultor hellinero Francisco Ruiz Oliva. Autor &hellip; Monumento al Tamborilero de Agram\u00f3n Leer m\u00e1s &raquo;\" \/>\n<meta property=\"og:url\" content=\"https:\/\/camposdehellinqr.com\/index.php\/monumento-al-tamborilero-de-agramon\/\" \/>\n<meta property=\"og:site_name\" content=\"Campos de Hell\u00edn QR\" \/>\n<meta property=\"article:modified_time\" content=\"2023-09-19T17:40:26+00:00\" \/>\n<meta property=\"og:image\" content=\"https:\/\/camposdehellinqr.com\/wp-content\/uploads\/2023\/09\/tambor_agramon.jpg\" \/>\n<meta name=\"twitter:card\" content=\"summary_large_image\" \/>\n<meta name=\"twitter:label1\" content=\"Tiempo de lectura\" \/>\n\t<meta name=\"twitter:data1\" content=\"5 minutos\" \/>\n<script type=\"application\/ld+json\" class=\"yoast-schema-graph\">{\"@context\":\"https:\/\/schema.org\",\"@graph\":[{\"@type\":\"WebPage\",\"@id\":\"https:\/\/camposdehellinqr.com\/index.php\/monumento-al-tamborilero-de-agramon\/\",\"url\":\"https:\/\/camposdehellinqr.com\/index.php\/monumento-al-tamborilero-de-agramon\/\",\"name\":\"Monumento al Tamborilero de Agram\u00f3n - Campos de Hell\u00edn QR\",\"isPartOf\":{\"@id\":\"https:\/\/camposdehellinqr.com\/#website\"},\"datePublished\":\"2023-09-19T15:19:20+00:00\",\"dateModified\":\"2023-09-19T17:40:26+00:00\",\"breadcrumb\":{\"@id\":\"https:\/\/camposdehellinqr.com\/index.php\/monumento-al-tamborilero-de-agramon\/#breadcrumb\"},\"inLanguage\":\"es\",\"potentialAction\":[{\"@type\":\"ReadAction\",\"target\":[\"https:\/\/camposdehellinqr.com\/index.php\/monumento-al-tamborilero-de-agramon\/\"]}]},{\"@type\":\"BreadcrumbList\",\"@id\":\"https:\/\/camposdehellinqr.com\/index.php\/monumento-al-tamborilero-de-agramon\/#breadcrumb\",\"itemListElement\":[{\"@type\":\"ListItem\",\"position\":1,\"name\":\"Home\",\"item\":\"https:\/\/camposdehellinqr.com\/\"},{\"@type\":\"ListItem\",\"position\":2,\"name\":\"Monumento al Tamborilero de Agram\u00f3n\"}]},{\"@type\":\"WebSite\",\"@id\":\"https:\/\/camposdehellinqr.com\/#website\",\"url\":\"https:\/\/camposdehellinqr.com\/\",\"name\":\"Campos de Hell\u00edn QR\",\"description\":\"La comarca Campos de Hell\u00edn en 360\u00ba\",\"publisher\":{\"@id\":\"https:\/\/camposdehellinqr.com\/#organization\"},\"potentialAction\":[{\"@type\":\"SearchAction\",\"target\":{\"@type\":\"EntryPoint\",\"urlTemplate\":\"https:\/\/camposdehellinqr.com\/?s={search_term_string}\"},\"query-input\":\"required name=search_term_string\"}],\"inLanguage\":\"es\"},{\"@type\":\"Organization\",\"@id\":\"https:\/\/camposdehellinqr.com\/#organization\",\"name\":\"Campos de Hell\u00edn QR\",\"url\":\"https:\/\/camposdehellinqr.com\/\",\"logo\":{\"@type\":\"ImageObject\",\"inLanguage\":\"es\",\"@id\":\"https:\/\/camposdehellinqr.com\/#\/schema\/logo\/image\/\",\"url\":\"https:\/\/camposdehellinqr.com\/wp-content\/uploads\/2020\/02\/logoqr.png\",\"contentUrl\":\"https:\/\/camposdehellinqr.com\/wp-content\/uploads\/2020\/02\/logoqr.png\",\"width\":300,\"height\":50,\"caption\":\"Campos de Hell\u00edn QR\"},\"image\":{\"@id\":\"https:\/\/camposdehellinqr.com\/#\/schema\/logo\/image\/\"}}]}<\/script>\n<!-- \/ Yoast SEO Premium plugin. -->","yoast_head_json":{"title":"Monumento al Tamborilero de Agram\u00f3n - Campos de Hell\u00edn QR","robots":{"index":"index","follow":"follow","max-snippet":"max-snippet:-1","max-image-preview":"max-image-preview:large","max-video-preview":"max-video-preview:-1"},"canonical":"https:\/\/camposdehellinqr.com\/index.php\/monumento-al-tamborilero-de-agramon\/","og_locale":"es_ES","og_type":"article","og_title":"Monumento al Tamborilero de Agram\u00f3n","og_description":"Monumento al Tamborilero de Agram\u00f3n El pueblo de Agram\u00f3n al tamborilero. Agram\u00f3n 19 de marzo de 2004. En una placa se puede leer la frase anteriormente citada. Se trata de una escultura en hierro que representa a un tamborilero con el atuendo t\u00edpico de la poblaci\u00f3n.Est\u00e1 realizado por el escultor hellinero Francisco Ruiz Oliva. Autor &hellip; Monumento al Tamborilero de Agram\u00f3n Leer m\u00e1s &raquo;","og_url":"https:\/\/camposdehellinqr.com\/index.php\/monumento-al-tamborilero-de-agramon\/","og_site_name":"Campos de Hell\u00edn QR","article_modified_time":"2023-09-19T17:40:26+00:00","og_image":[{"url":"https:\/\/camposdehellinqr.com\/wp-content\/uploads\/2023\/09\/tambor_agramon.jpg"}],"twitter_card":"summary_large_image","twitter_misc":{"Tiempo de lectura":"5 minutos"},"schema":{"@context":"https:\/\/schema.org","@graph":[{"@type":"WebPage","@id":"https:\/\/camposdehellinqr.com\/index.php\/monumento-al-tamborilero-de-agramon\/","url":"https:\/\/camposdehellinqr.com\/index.php\/monumento-al-tamborilero-de-agramon\/","name":"Monumento al Tamborilero de Agram\u00f3n - Campos de Hell\u00edn QR","isPartOf":{"@id":"https:\/\/camposdehellinqr.com\/#website"},"datePublished":"2023-09-19T15:19:20+00:00","dateModified":"2023-09-19T17:40:26+00:00","breadcrumb":{"@id":"https:\/\/camposdehellinqr.com\/index.php\/monumento-al-tamborilero-de-agramon\/#breadcrumb"},"inLanguage":"es","potentialAction":[{"@type":"ReadAction","target":["https:\/\/camposdehellinqr.com\/index.php\/monumento-al-tamborilero-de-agramon\/"]}]},{"@type":"BreadcrumbList","@id":"https:\/\/camposdehellinqr.com\/index.php\/monumento-al-tamborilero-de-agramon\/#breadcrumb","itemListElement":[{"@type":"ListItem","position":1,"name":"Home","item":"https:\/\/camposdehellinqr.com\/"},{"@type":"ListItem","position":2,"name":"Monumento al Tamborilero de Agram\u00f3n"}]},{"@type":"WebSite","@id":"https:\/\/camposdehellinqr.com\/#website","url":"https:\/\/camposdehellinqr.com\/","name":"Campos de Hell\u00edn QR","description":"La comarca Campos de Hell\u00edn en 360\u00ba","publisher":{"@id":"https:\/\/camposdehellinqr.com\/#organization"},"potentialAction":[{"@type":"SearchAction","target":{"@type":"EntryPoint","urlTemplate":"https:\/\/camposdehellinqr.com\/?s={search_term_string}"},"query-input":"required name=search_term_string"}],"inLanguage":"es"},{"@type":"Organization","@id":"https:\/\/camposdehellinqr.com\/#organization","name":"Campos de Hell\u00edn QR","url":"https:\/\/camposdehellinqr.com\/","logo":{"@type":"ImageObject","inLanguage":"es","@id":"https:\/\/camposdehellinqr.com\/#\/schema\/logo\/image\/","url":"https:\/\/camposdehellinqr.com\/wp-content\/uploads\/2020\/02\/logoqr.png","contentUrl":"https:\/\/camposdehellinqr.com\/wp-content\/uploads\/2020\/02\/logoqr.png","width":300,"height":50,"caption":"Campos de Hell\u00edn QR"},"image":{"@id":"https:\/\/camposdehellinqr.com\/#\/schema\/logo\/image\/"}}]}},"_links":{"self":[{"href":"https:\/\/camposdehellinqr.com\/index.php\/wp-json\/wp\/v2\/pages\/6127","targetHints":{"allow":["GET"]}}],"collection":[{"href":"https:\/\/camposdehellinqr.com\/index.php\/wp-json\/wp\/v2\/pages"}],"about":[{"href":"https:\/\/camposdehellinqr.com\/index.php\/wp-json\/wp\/v2\/types\/page"}],"author":[{"embeddable":true,"href":"https:\/\/camposdehellinqr.com\/index.php\/wp-json\/wp\/v2\/users\/1"}],"replies":[{"embeddable":true,"href":"https:\/\/camposdehellinqr.com\/index.php\/wp-json\/wp\/v2\/comments?post=6127"}],"version-history":[{"count":10,"href":"https:\/\/camposdehellinqr.com\/index.php\/wp-json\/wp\/v2\/pages\/6127\/revisions"}],"predecessor-version":[{"id":6505,"href":"https:\/\/camposdehellinqr.com\/index.php\/wp-json\/wp\/v2\/pages\/6127\/revisions\/6505"}],"wp:attachment":[{"href":"https:\/\/camposdehellinqr.com\/index.php\/wp-json\/wp\/v2\/media?parent=6127"}],"curies":[{"name":"wp","href":"https:\/\/api.w.org\/{rel}","templated":true}]}}