{"id":6133,"date":"2023-09-19T15:49:57","date_gmt":"2023-09-19T15:49:57","guid":{"rendered":"https:\/\/camposdehellinqr.com\/?page_id=6133"},"modified":"2023-09-19T17:41:13","modified_gmt":"2023-09-19T17:41:13","slug":"142-vista-panoramica-desde-la-sierra-de-las-cabras","status":"publish","type":"page","link":"https:\/\/camposdehellinqr.com\/index.php\/142-vista-panoramica-desde-la-sierra-de-las-cabras\/","title":{"rendered":"Vista panor\u00e1mica desde la Sierra de las Cabras"},"content":{"rendered":"\t\t<div data-elementor-type=\"wp-page\" data-elementor-id=\"6133\" class=\"elementor elementor-6133\" data-elementor-post-type=\"page\">\n\t\t\t\t\t\t\t\t\t<section class=\"elementor-section elementor-top-section elementor-element elementor-element-89ef3ac elementor-section-boxed elementor-section-height-default elementor-section-height-default\" data-id=\"89ef3ac\" data-element_type=\"section\">\n\t\t\t\t\t\t\t<div class=\"elementor-background-overlay\"><\/div>\n\t\t\t\t\t\t\t<div class=\"elementor-container elementor-column-gap-default\">\n\t\t\t\t\t<div class=\"elementor-column elementor-col-100 elementor-top-column elementor-element elementor-element-e076a23\" data-id=\"e076a23\" data-element_type=\"column\">\n\t\t\t<div class=\"elementor-widget-wrap elementor-element-populated\">\n\t\t\t\t\t\t\t\t<div class=\"elementor-element elementor-element-c7e6a46 elementor-widget elementor-widget-heading\" data-id=\"c7e6a46\" data-element_type=\"widget\" data-widget_type=\"heading.default\">\n\t\t\t\t<div class=\"elementor-widget-container\">\n\t\t\t<h3 class=\"elementor-heading-title elementor-size-default\">Vista panor\u00e1mica desde la Sierra de las Cabras<\/h3>\t\t<\/div>\n\t\t\t\t<\/div>\n\t\t\t\t<div class=\"elementor-element elementor-element-bd15688 elementor-widget elementor-widget-google_maps\" data-id=\"bd15688\" data-element_type=\"widget\" data-widget_type=\"google_maps.default\">\n\t\t\t\t<div class=\"elementor-widget-container\">\n\t\t\t\t\t<div class=\"elementor-custom-embed\">\n\t\t\t<iframe loading=\"lazy\"\n\t\t\t\t\tsrc=\"https:\/\/maps.google.com\/maps?q=Pit%C3%B3n%20volc%C3%A1nico%20de%20Cancarix%20%28V%C3%A9rtice%20Geod%C3%A9sico%29&#038;t=m&#038;z=14&#038;output=embed&#038;iwloc=near\"\n\t\t\t\t\ttitle=\"Pit\u00f3n volc\u00e1nico de Cancarix (V\u00e9rtice Geod\u00e9sico)\"\n\t\t\t\t\taria-label=\"Pit\u00f3n volc\u00e1nico de Cancarix (V\u00e9rtice Geod\u00e9sico)\"\n\t\t\t><\/iframe>\n\t\t<\/div>\n\t\t\t\t<\/div>\n\t\t\t\t<\/div>\n\t\t\t\t<div class=\"elementor-element elementor-element-3889d7b elementor-widget elementor-widget-text-editor\" data-id=\"3889d7b\" data-element_type=\"widget\" data-widget_type=\"text-editor.default\">\n\t\t\t\t<div class=\"elementor-widget-container\">\n\t\t\t\t\t\t\t<p>Al oeste de Cancarix se sit\u00faa la Sierra de las Cabras, donde todav\u00eda sobreviven ejemplares de cabra mont\u00e9s (Capra pyrenaica). Su v\u00e9rtice de 721 metros de altitud, es la cumbre del Volc\u00e1n de Cancarix, declarado Monumento Natural en 1998.<\/p>\t\t\t\t\t\t<\/div>\n\t\t\t\t<\/div>\n\t\t\t\t<div class=\"elementor-element elementor-element-1ba3ed5 elementor-widget elementor-widget-image\" data-id=\"1ba3ed5\" data-element_type=\"widget\" data-widget_type=\"image.default\">\n\t\t\t\t<div class=\"elementor-widget-container\">\n\t\t\t\t\t\t\t\t\t\t\t\t\t\t\t\t<a href=\"\/images\/360\/53\/index.htm\">\n\t\t\t\t\t\t\t<img loading=\"lazy\" decoding=\"async\" width=\"800\" height=\"327\" src=\"https:\/\/camposdehellinqr.com\/wp-content\/uploads\/2023\/09\/panocabras.jpg\" class=\"attachment-large size-large wp-image-6057\" alt=\"\" srcset=\"https:\/\/camposdehellinqr.com\/wp-content\/uploads\/2023\/09\/panocabras.jpg 800w, https:\/\/camposdehellinqr.com\/wp-content\/uploads\/2023\/09\/panocabras-300x123.jpg 300w, https:\/\/camposdehellinqr.com\/wp-content\/uploads\/2023\/09\/panocabras-768x314.jpg 768w\" sizes=\"auto, (max-width: 800px) 100vw, 800px\" \/>\t\t\t\t\t\t\t\t<\/a>\n\t\t\t\t\t\t\t\t\t\t\t\t\t\t\t<\/div>\n\t\t\t\t<\/div>\n\t\t\t\t<div class=\"elementor-element elementor-element-a56a1c7 elementor-widget elementor-widget-text-editor\" data-id=\"a56a1c7\" data-element_type=\"widget\" data-widget_type=\"text-editor.default\">\n\t\t\t\t<div class=\"elementor-widget-container\">\n\t\t\t\t\t\t\t<p><strong><a href=\"http:\/\/www.camposdehellinqr.com\/images\/360\/53\/index.htm\">Acceder a Visita Virtual 360\u00ba<\/a><\/strong><\/p>\t\t\t\t\t\t<\/div>\n\t\t\t\t<\/div>\n\t\t\t\t<div class=\"elementor-element elementor-element-dc941c8 elementor-widget elementor-widget-text-editor\" data-id=\"dc941c8\" data-element_type=\"widget\" data-widget_type=\"text-editor.default\">\n\t\t\t\t<div class=\"elementor-widget-container\">\n\t\t\t\t\t\t\t<p>Esta sierra est\u00e1 en la falla de Los Gargantones, que desde el suroeste, se inicia en el Volc\u00e1n de Salmer\u00f3n, junto a las minas de azufre, pasando por el manantial de aguas sulfurosas de Azaraque, sigue por aqu\u00ed hacia el noreste, por las salinas de Madax, hasta el Volc\u00e1n de La Celia, donde hubo otras minas para extraer apatita. La direcci\u00f3n de la falla es paralela a la Sierra de la Cabeza del Asno y a la Sierra del Picacho, que separan esta comarca de la regi\u00f3n de Murcia. Entre estas sierras est\u00e1 el Puerto de la Mala Mujer, donde se exig\u00eda un derecho de portazgo, como en La Gineta, para toda persona, animal o mercanc\u00eda que por el camino de Castilla a Murcia deb\u00edan atravesar los municipios de la actual provincia de Albacete que pertenecieron al Se\u00f1or\u00edo de Villena.<\/p>\t\t\t\t\t\t<\/div>\n\t\t\t\t<\/div>\n\t\t\t\t\t<\/div>\n\t\t<\/div>\n\t\t\t\t\t\t\t<\/div>\n\t\t<\/section>\n\t\t\t\t\t\t\t<\/div>\n\t\t","protected":false},"excerpt":{"rendered":"<p>Vista panor\u00e1mica desde la Sierra de las Cabras Al oeste de Cancarix se sit\u00faa la Sierra de las Cabras, donde todav\u00eda sobreviven ejemplares de cabra mont\u00e9s (Capra pyrenaica). Su v\u00e9rtice de 721 metros de altitud, es la cumbre del Volc\u00e1n de Cancarix, declarado Monumento Natural en 1998. Acceder a Visita Virtual 360\u00ba Esta sierra est\u00e1 &hellip;<\/p>\n<p class=\"read-more\"> <a class=\"\" href=\"https:\/\/camposdehellinqr.com\/index.php\/142-vista-panoramica-desde-la-sierra-de-las-cabras\/\"> <span class=\"screen-reader-text\">Vista panor\u00e1mica desde la Sierra de las Cabras<\/span> Leer m\u00e1s &raquo;<\/a><\/p>\n","protected":false},"author":1,"featured_media":0,"parent":0,"menu_order":0,"comment_status":"closed","ping_status":"closed","template":"","meta":{"site-sidebar-layout":"no-sidebar","site-content-layout":"page-builder","ast-site-content-layout":"full-width-container","site-content-style":"default","site-sidebar-style":"default","ast-global-header-display":"","ast-banner-title-visibility":"","ast-main-header-display":"","ast-hfb-above-header-display":"","ast-hfb-below-header-display":"","ast-hfb-mobile-header-display":"","site-post-title":"disabled","ast-breadcrumbs-content":"","ast-featured-img":"disabled","footer-sml-layout":"","theme-transparent-header-meta":"","adv-header-id-meta":"","stick-header-meta":"","header-above-stick-meta":"","header-main-stick-meta":"","header-below-stick-meta":"","astra-migrate-meta-layouts":"set","footnotes":""},"class_list":["post-6133","page","type-page","status-publish","hentry"],"yoast_head":"<!-- This site is optimized with the Yoast SEO Premium plugin v20.0 (Yoast SEO v21.3) - https:\/\/yoast.com\/wordpress\/plugins\/seo\/ -->\n<title>Vista panor\u00e1mica desde la Sierra de las Cabras - Campos de Hell\u00edn QR<\/title>\n<meta name=\"robots\" content=\"index, follow, max-snippet:-1, max-image-preview:large, max-video-preview:-1\" \/>\n<link rel=\"canonical\" href=\"https:\/\/camposdehellinqr.com\/index.php\/142-vista-panoramica-desde-la-sierra-de-las-cabras\/\" \/>\n<meta property=\"og:locale\" content=\"es_ES\" \/>\n<meta property=\"og:type\" content=\"article\" \/>\n<meta property=\"og:title\" content=\"Vista panor\u00e1mica desde la Sierra de las Cabras\" \/>\n<meta property=\"og:description\" content=\"Vista panor\u00e1mica desde la Sierra de las Cabras Al oeste de Cancarix se sit\u00faa la Sierra de las Cabras, donde todav\u00eda sobreviven ejemplares de cabra mont\u00e9s (Capra pyrenaica). Su v\u00e9rtice de 721 metros de altitud, es la cumbre del Volc\u00e1n de Cancarix, declarado Monumento Natural en 1998. Acceder a Visita Virtual 360\u00ba Esta sierra est\u00e1 &hellip; Vista panor\u00e1mica desde la Sierra de las Cabras Leer m\u00e1s &raquo;\" \/>\n<meta property=\"og:url\" content=\"https:\/\/camposdehellinqr.com\/index.php\/142-vista-panoramica-desde-la-sierra-de-las-cabras\/\" \/>\n<meta property=\"og:site_name\" content=\"Campos de Hell\u00edn QR\" \/>\n<meta property=\"article:modified_time\" content=\"2023-09-19T17:41:13+00:00\" \/>\n<meta property=\"og:image\" content=\"https:\/\/camposdehellinqr.com\/wp-content\/uploads\/2023\/09\/panocabras.jpg\" \/>\n<meta name=\"twitter:card\" content=\"summary_large_image\" \/>\n<meta name=\"twitter:label1\" content=\"Tiempo de lectura\" \/>\n\t<meta name=\"twitter:data1\" content=\"1 minuto\" \/>\n<script type=\"application\/ld+json\" class=\"yoast-schema-graph\">{\"@context\":\"https:\/\/schema.org\",\"@graph\":[{\"@type\":\"WebPage\",\"@id\":\"https:\/\/camposdehellinqr.com\/index.php\/142-vista-panoramica-desde-la-sierra-de-las-cabras\/\",\"url\":\"https:\/\/camposdehellinqr.com\/index.php\/142-vista-panoramica-desde-la-sierra-de-las-cabras\/\",\"name\":\"Vista panor\u00e1mica desde la Sierra de las Cabras - Campos de Hell\u00edn QR\",\"isPartOf\":{\"@id\":\"https:\/\/camposdehellinqr.com\/#website\"},\"datePublished\":\"2023-09-19T15:49:57+00:00\",\"dateModified\":\"2023-09-19T17:41:13+00:00\",\"breadcrumb\":{\"@id\":\"https:\/\/camposdehellinqr.com\/index.php\/142-vista-panoramica-desde-la-sierra-de-las-cabras\/#breadcrumb\"},\"inLanguage\":\"es\",\"potentialAction\":[{\"@type\":\"ReadAction\",\"target\":[\"https:\/\/camposdehellinqr.com\/index.php\/142-vista-panoramica-desde-la-sierra-de-las-cabras\/\"]}]},{\"@type\":\"BreadcrumbList\",\"@id\":\"https:\/\/camposdehellinqr.com\/index.php\/142-vista-panoramica-desde-la-sierra-de-las-cabras\/#breadcrumb\",\"itemListElement\":[{\"@type\":\"ListItem\",\"position\":1,\"name\":\"Home\",\"item\":\"https:\/\/camposdehellinqr.com\/\"},{\"@type\":\"ListItem\",\"position\":2,\"name\":\"Vista panor\u00e1mica desde la Sierra de las Cabras\"}]},{\"@type\":\"WebSite\",\"@id\":\"https:\/\/camposdehellinqr.com\/#website\",\"url\":\"https:\/\/camposdehellinqr.com\/\",\"name\":\"Campos de Hell\u00edn QR\",\"description\":\"La comarca Campos de Hell\u00edn en 360\u00ba\",\"publisher\":{\"@id\":\"https:\/\/camposdehellinqr.com\/#organization\"},\"potentialAction\":[{\"@type\":\"SearchAction\",\"target\":{\"@type\":\"EntryPoint\",\"urlTemplate\":\"https:\/\/camposdehellinqr.com\/?s={search_term_string}\"},\"query-input\":\"required name=search_term_string\"}],\"inLanguage\":\"es\"},{\"@type\":\"Organization\",\"@id\":\"https:\/\/camposdehellinqr.com\/#organization\",\"name\":\"Campos de Hell\u00edn QR\",\"url\":\"https:\/\/camposdehellinqr.com\/\",\"logo\":{\"@type\":\"ImageObject\",\"inLanguage\":\"es\",\"@id\":\"https:\/\/camposdehellinqr.com\/#\/schema\/logo\/image\/\",\"url\":\"https:\/\/camposdehellinqr.com\/wp-content\/uploads\/2020\/02\/logoqr.png\",\"contentUrl\":\"https:\/\/camposdehellinqr.com\/wp-content\/uploads\/2020\/02\/logoqr.png\",\"width\":300,\"height\":50,\"caption\":\"Campos de Hell\u00edn QR\"},\"image\":{\"@id\":\"https:\/\/camposdehellinqr.com\/#\/schema\/logo\/image\/\"}}]}<\/script>\n<!-- \/ Yoast SEO Premium plugin. -->","yoast_head_json":{"title":"Vista panor\u00e1mica desde la Sierra de las Cabras - Campos de Hell\u00edn QR","robots":{"index":"index","follow":"follow","max-snippet":"max-snippet:-1","max-image-preview":"max-image-preview:large","max-video-preview":"max-video-preview:-1"},"canonical":"https:\/\/camposdehellinqr.com\/index.php\/142-vista-panoramica-desde-la-sierra-de-las-cabras\/","og_locale":"es_ES","og_type":"article","og_title":"Vista panor\u00e1mica desde la Sierra de las Cabras","og_description":"Vista panor\u00e1mica desde la Sierra de las Cabras Al oeste de Cancarix se sit\u00faa la Sierra de las Cabras, donde todav\u00eda sobreviven ejemplares de cabra mont\u00e9s (Capra pyrenaica). Su v\u00e9rtice de 721 metros de altitud, es la cumbre del Volc\u00e1n de Cancarix, declarado Monumento Natural en 1998. Acceder a Visita Virtual 360\u00ba Esta sierra est\u00e1 &hellip; Vista panor\u00e1mica desde la Sierra de las Cabras Leer m\u00e1s &raquo;","og_url":"https:\/\/camposdehellinqr.com\/index.php\/142-vista-panoramica-desde-la-sierra-de-las-cabras\/","og_site_name":"Campos de Hell\u00edn QR","article_modified_time":"2023-09-19T17:41:13+00:00","og_image":[{"url":"https:\/\/camposdehellinqr.com\/wp-content\/uploads\/2023\/09\/panocabras.jpg"}],"twitter_card":"summary_large_image","twitter_misc":{"Tiempo de lectura":"1 minuto"},"schema":{"@context":"https:\/\/schema.org","@graph":[{"@type":"WebPage","@id":"https:\/\/camposdehellinqr.com\/index.php\/142-vista-panoramica-desde-la-sierra-de-las-cabras\/","url":"https:\/\/camposdehellinqr.com\/index.php\/142-vista-panoramica-desde-la-sierra-de-las-cabras\/","name":"Vista panor\u00e1mica desde la Sierra de las Cabras - Campos de Hell\u00edn QR","isPartOf":{"@id":"https:\/\/camposdehellinqr.com\/#website"},"datePublished":"2023-09-19T15:49:57+00:00","dateModified":"2023-09-19T17:41:13+00:00","breadcrumb":{"@id":"https:\/\/camposdehellinqr.com\/index.php\/142-vista-panoramica-desde-la-sierra-de-las-cabras\/#breadcrumb"},"inLanguage":"es","potentialAction":[{"@type":"ReadAction","target":["https:\/\/camposdehellinqr.com\/index.php\/142-vista-panoramica-desde-la-sierra-de-las-cabras\/"]}]},{"@type":"BreadcrumbList","@id":"https:\/\/camposdehellinqr.com\/index.php\/142-vista-panoramica-desde-la-sierra-de-las-cabras\/#breadcrumb","itemListElement":[{"@type":"ListItem","position":1,"name":"Home","item":"https:\/\/camposdehellinqr.com\/"},{"@type":"ListItem","position":2,"name":"Vista panor\u00e1mica desde la Sierra de las Cabras"}]},{"@type":"WebSite","@id":"https:\/\/camposdehellinqr.com\/#website","url":"https:\/\/camposdehellinqr.com\/","name":"Campos de Hell\u00edn QR","description":"La comarca Campos de Hell\u00edn en 360\u00ba","publisher":{"@id":"https:\/\/camposdehellinqr.com\/#organization"},"potentialAction":[{"@type":"SearchAction","target":{"@type":"EntryPoint","urlTemplate":"https:\/\/camposdehellinqr.com\/?s={search_term_string}"},"query-input":"required name=search_term_string"}],"inLanguage":"es"},{"@type":"Organization","@id":"https:\/\/camposdehellinqr.com\/#organization","name":"Campos de Hell\u00edn QR","url":"https:\/\/camposdehellinqr.com\/","logo":{"@type":"ImageObject","inLanguage":"es","@id":"https:\/\/camposdehellinqr.com\/#\/schema\/logo\/image\/","url":"https:\/\/camposdehellinqr.com\/wp-content\/uploads\/2020\/02\/logoqr.png","contentUrl":"https:\/\/camposdehellinqr.com\/wp-content\/uploads\/2020\/02\/logoqr.png","width":300,"height":50,"caption":"Campos de Hell\u00edn QR"},"image":{"@id":"https:\/\/camposdehellinqr.com\/#\/schema\/logo\/image\/"}}]}},"_links":{"self":[{"href":"https:\/\/camposdehellinqr.com\/index.php\/wp-json\/wp\/v2\/pages\/6133","targetHints":{"allow":["GET"]}}],"collection":[{"href":"https:\/\/camposdehellinqr.com\/index.php\/wp-json\/wp\/v2\/pages"}],"about":[{"href":"https:\/\/camposdehellinqr.com\/index.php\/wp-json\/wp\/v2\/types\/page"}],"author":[{"embeddable":true,"href":"https:\/\/camposdehellinqr.com\/index.php\/wp-json\/wp\/v2\/users\/1"}],"replies":[{"embeddable":true,"href":"https:\/\/camposdehellinqr.com\/index.php\/wp-json\/wp\/v2\/comments?post=6133"}],"version-history":[{"count":5,"href":"https:\/\/camposdehellinqr.com\/index.php\/wp-json\/wp\/v2\/pages\/6133\/revisions"}],"predecessor-version":[{"id":6511,"href":"https:\/\/camposdehellinqr.com\/index.php\/wp-json\/wp\/v2\/pages\/6133\/revisions\/6511"}],"wp:attachment":[{"href":"https:\/\/camposdehellinqr.com\/index.php\/wp-json\/wp\/v2\/media?parent=6133"}],"curies":[{"name":"wp","href":"https:\/\/api.w.org\/{rel}","templated":true}]}}