{"id":6135,"date":"2023-09-19T15:53:47","date_gmt":"2023-09-19T15:53:47","guid":{"rendered":"https:\/\/camposdehellinqr.com\/?page_id=6135"},"modified":"2023-09-19T17:41:30","modified_gmt":"2023-09-19T17:41:30","slug":"plaza-de-la-portali","status":"publish","type":"page","link":"https:\/\/camposdehellinqr.com\/index.php\/plaza-de-la-portali\/","title":{"rendered":"Plaza de la Portal\u00ed"},"content":{"rendered":"\t\t<div data-elementor-type=\"wp-page\" data-elementor-id=\"6135\" class=\"elementor elementor-6135\" data-elementor-post-type=\"page\">\n\t\t\t\t\t\t\t\t\t<section class=\"elementor-section elementor-top-section elementor-element elementor-element-89ef3ac elementor-section-boxed elementor-section-height-default elementor-section-height-default\" data-id=\"89ef3ac\" data-element_type=\"section\">\n\t\t\t\t\t\t\t<div class=\"elementor-background-overlay\"><\/div>\n\t\t\t\t\t\t\t<div class=\"elementor-container elementor-column-gap-default\">\n\t\t\t\t\t<div class=\"elementor-column elementor-col-100 elementor-top-column elementor-element elementor-element-e076a23\" data-id=\"e076a23\" data-element_type=\"column\">\n\t\t\t<div class=\"elementor-widget-wrap elementor-element-populated\">\n\t\t\t\t\t\t\t\t<div class=\"elementor-element elementor-element-c7e6a46 elementor-widget elementor-widget-heading\" data-id=\"c7e6a46\" data-element_type=\"widget\" data-widget_type=\"heading.default\">\n\t\t\t\t<div class=\"elementor-widget-container\">\n\t\t\t<h3 class=\"elementor-heading-title elementor-size-default\">Plaza de la Portal\u00ed<\/h3>\t\t<\/div>\n\t\t\t\t<\/div>\n\t\t\t\t<div class=\"elementor-element elementor-element-bd15688 elementor-widget elementor-widget-google_maps\" data-id=\"bd15688\" data-element_type=\"widget\" data-widget_type=\"google_maps.default\">\n\t\t\t\t<div class=\"elementor-widget-container\">\n\t\t\t\t\t<div class=\"elementor-custom-embed\">\n\t\t\t<iframe loading=\"lazy\"\n\t\t\t\t\tsrc=\"https:\/\/maps.google.com\/maps?q=Plaza%20de%20la%20Portal%C3%AD&#038;t=m&#038;z=16&#038;output=embed&#038;iwloc=near\"\n\t\t\t\t\ttitle=\"Plaza de la Portal\u00ed\"\n\t\t\t\t\taria-label=\"Plaza de la Portal\u00ed\"\n\t\t\t><\/iframe>\n\t\t<\/div>\n\t\t\t\t<\/div>\n\t\t\t\t<\/div>\n\t\t\t\t<div class=\"elementor-element elementor-element-3889d7b elementor-widget elementor-widget-text-editor\" data-id=\"3889d7b\" data-element_type=\"widget\" data-widget_type=\"text-editor.default\">\n\t\t\t\t<div class=\"elementor-widget-container\">\n\t\t\t\t\t\t\t<p>\u2026 Est\u00e1 situada [la poblaci\u00f3n] a los 38\u00ba 30\u00b4 06\u00b4\u00b4 de latitud y 806 varas de elevaci\u00f3n sobre el nivel del mar, en un cerrito de mediana elevaci\u00f3n, sobre el que est\u00e1n las ruinas de su gran fortaleza, escarpado por O y de suave subida por otros lados, donde estaba edificado el pueblo antiguo, cuyos restos de muralla se conservan, y una puerta en las carnecer\u00edas, llamada al presente Portal\u00f3 [sic] la plazuela en que est\u00e1\u2026<\/p><p>Mi\u00f1ano, S; Suplemento al Diccionario geogr\u00e1fico estad\u00edstico de Espa\u00f1a y Portugal. Tomo XI. Madrid. 1829. p\u00e1g 342.<\/p><p>La toponimia del lugar parece indicar que tiene or\u00edgenes \u00e1rabes y que derive de Puerta de Al\u00ed ya que como indica el texto citado deber\u00eda haber una puerta de acceso en las murallas del castillo en la actual plaza. Podemos reforzar la hip\u00f3tesis ya que una de las calles a las que desemboca la plaza tiene el nombre de \u201cArco\u201d.<\/p>\t\t\t\t\t\t<\/div>\n\t\t\t\t<\/div>\n\t\t\t\t<div class=\"elementor-element elementor-element-1ba3ed5 elementor-widget elementor-widget-image\" data-id=\"1ba3ed5\" data-element_type=\"widget\" data-widget_type=\"image.default\">\n\t\t\t\t<div class=\"elementor-widget-container\">\n\t\t\t\t\t\t\t\t\t\t\t\t\t\t\t\t<a href=\"\/images\/360\/43\/index.htm\">\n\t\t\t\t\t\t\t<img loading=\"lazy\" decoding=\"async\" width=\"800\" height=\"440\" src=\"https:\/\/camposdehellinqr.com\/wp-content\/uploads\/2023\/09\/Portali.jpg\" class=\"attachment-large size-large wp-image-6105\" alt=\"\" srcset=\"https:\/\/camposdehellinqr.com\/wp-content\/uploads\/2023\/09\/Portali.jpg 800w, https:\/\/camposdehellinqr.com\/wp-content\/uploads\/2023\/09\/Portali-300x165.jpg 300w, https:\/\/camposdehellinqr.com\/wp-content\/uploads\/2023\/09\/Portali-768x422.jpg 768w\" sizes=\"auto, (max-width: 800px) 100vw, 800px\" \/>\t\t\t\t\t\t\t\t<\/a>\n\t\t\t\t\t\t\t\t\t\t\t\t\t\t\t<\/div>\n\t\t\t\t<\/div>\n\t\t\t\t<div class=\"elementor-element elementor-element-a56a1c7 elementor-widget elementor-widget-text-editor\" data-id=\"a56a1c7\" data-element_type=\"widget\" data-widget_type=\"text-editor.default\">\n\t\t\t\t<div class=\"elementor-widget-container\">\n\t\t\t\t\t\t\t<p><strong><a href=\"http:\/\/www.camposdehellinqr.com\/images\/360\/43\/index.htm\">Acceder a Visita Virtual 360\u00ba<\/a><\/strong><\/p>\t\t\t\t\t\t<\/div>\n\t\t\t\t<\/div>\n\t\t\t\t<div class=\"elementor-element elementor-element-dc941c8 elementor-widget elementor-widget-text-editor\" data-id=\"dc941c8\" data-element_type=\"widget\" data-widget_type=\"text-editor.default\">\n\t\t\t\t<div class=\"elementor-widget-container\">\n\t\t\t\t\t\t\t<p>T\u00edpico rinc\u00f3n hellinero bien documentado en fotograf\u00edas hist\u00f3ricas por los ca\u00f1os que se encontraban adosados a la pared de la antigua c\u00e1rcel y que surt\u00edan a la poblaci\u00f3n con la llamada \u201cagua mala\u201d que proven\u00eda de la Fuente Principal, al norte de la localidad.<br \/>Se trataba de un lugar concurrido por mujeres que recog\u00edan el agua en c\u00e1ntaros y de muchos mozos que se acercaban a coquetear con ellas.<\/p><p>En las inmediaciones se pueden apreciar varios ejemplos de casas se\u00f1oriales. Si nos dirigimos por la calle Morotes en direcci\u00f3n al Jard\u00edn daremos con la llamada \u201cCasa Falc\u00f3n\u201d con un precioso escudo her\u00e1ldico en el chafl\u00e1n y una decoraci\u00f3n de veneras en las ventanas de la cornisa. Si nos dirigimos por la calle Perier nos encontraremos con el convento de San Francisco y la enorme construcci\u00f3n de la solariega \u201cCasa de Salazar\u201d.<\/p>\t\t\t\t\t\t<\/div>\n\t\t\t\t<\/div>\n\t\t\t\t\t<\/div>\n\t\t<\/div>\n\t\t\t\t\t\t\t<\/div>\n\t\t<\/section>\n\t\t\t\t\t\t\t<\/div>\n\t\t","protected":false},"excerpt":{"rendered":"<p>Plaza de la Portal\u00ed \u2026 Est\u00e1 situada [la poblaci\u00f3n] a los 38\u00ba 30\u00b4 06\u00b4\u00b4 de latitud y 806 varas de elevaci\u00f3n sobre el nivel del mar, en un cerrito de mediana elevaci\u00f3n, sobre el que est\u00e1n las ruinas de su gran fortaleza, escarpado por O y de suave subida por otros lados, donde estaba edificado &hellip;<\/p>\n<p class=\"read-more\"> <a class=\"\" href=\"https:\/\/camposdehellinqr.com\/index.php\/plaza-de-la-portali\/\"> <span class=\"screen-reader-text\">Plaza de la Portal\u00ed<\/span> Leer m\u00e1s &raquo;<\/a><\/p>\n","protected":false},"author":1,"featured_media":0,"parent":0,"menu_order":0,"comment_status":"closed","ping_status":"closed","template":"","meta":{"site-sidebar-layout":"no-sidebar","site-content-layout":"page-builder","ast-site-content-layout":"full-width-container","site-content-style":"default","site-sidebar-style":"default","ast-global-header-display":"","ast-banner-title-visibility":"","ast-main-header-display":"","ast-hfb-above-header-display":"","ast-hfb-below-header-display":"","ast-hfb-mobile-header-display":"","site-post-title":"disabled","ast-breadcrumbs-content":"","ast-featured-img":"disabled","footer-sml-layout":"","theme-transparent-header-meta":"","adv-header-id-meta":"","stick-header-meta":"","header-above-stick-meta":"","header-main-stick-meta":"","header-below-stick-meta":"","astra-migrate-meta-layouts":"set","footnotes":""},"class_list":["post-6135","page","type-page","status-publish","hentry"],"yoast_head":"<!-- This site is optimized with the Yoast SEO Premium plugin v20.0 (Yoast SEO v21.3) - https:\/\/yoast.com\/wordpress\/plugins\/seo\/ -->\n<title>Plaza de la Portal\u00ed - Campos de Hell\u00edn QR<\/title>\n<meta name=\"robots\" content=\"index, follow, max-snippet:-1, max-image-preview:large, max-video-preview:-1\" \/>\n<link rel=\"canonical\" href=\"https:\/\/camposdehellinqr.com\/index.php\/plaza-de-la-portali\/\" \/>\n<meta property=\"og:locale\" content=\"es_ES\" \/>\n<meta property=\"og:type\" content=\"article\" \/>\n<meta property=\"og:title\" content=\"Plaza de la Portal\u00ed\" \/>\n<meta property=\"og:description\" content=\"Plaza de la Portal\u00ed \u2026 Est\u00e1 situada [la poblaci\u00f3n] a los 38\u00ba 30\u00b4 06\u00b4\u00b4 de latitud y 806 varas de elevaci\u00f3n sobre el nivel del mar, en un cerrito de mediana elevaci\u00f3n, sobre el que est\u00e1n las ruinas de su gran fortaleza, escarpado por O y de suave subida por otros lados, donde estaba edificado &hellip; Plaza de la Portal\u00ed Leer m\u00e1s &raquo;\" \/>\n<meta property=\"og:url\" content=\"https:\/\/camposdehellinqr.com\/index.php\/plaza-de-la-portali\/\" \/>\n<meta property=\"og:site_name\" content=\"Campos de Hell\u00edn QR\" \/>\n<meta property=\"article:modified_time\" content=\"2023-09-19T17:41:30+00:00\" \/>\n<meta property=\"og:image\" content=\"https:\/\/camposdehellinqr.com\/wp-content\/uploads\/2023\/09\/Portali.jpg\" \/>\n<meta name=\"twitter:card\" content=\"summary_large_image\" \/>\n<meta name=\"twitter:label1\" content=\"Tiempo de lectura\" \/>\n\t<meta name=\"twitter:data1\" content=\"2 minutos\" \/>\n<script type=\"application\/ld+json\" class=\"yoast-schema-graph\">{\"@context\":\"https:\/\/schema.org\",\"@graph\":[{\"@type\":\"WebPage\",\"@id\":\"https:\/\/camposdehellinqr.com\/index.php\/plaza-de-la-portali\/\",\"url\":\"https:\/\/camposdehellinqr.com\/index.php\/plaza-de-la-portali\/\",\"name\":\"Plaza de la Portal\u00ed - Campos de Hell\u00edn QR\",\"isPartOf\":{\"@id\":\"https:\/\/camposdehellinqr.com\/#website\"},\"datePublished\":\"2023-09-19T15:53:47+00:00\",\"dateModified\":\"2023-09-19T17:41:30+00:00\",\"breadcrumb\":{\"@id\":\"https:\/\/camposdehellinqr.com\/index.php\/plaza-de-la-portali\/#breadcrumb\"},\"inLanguage\":\"es\",\"potentialAction\":[{\"@type\":\"ReadAction\",\"target\":[\"https:\/\/camposdehellinqr.com\/index.php\/plaza-de-la-portali\/\"]}]},{\"@type\":\"BreadcrumbList\",\"@id\":\"https:\/\/camposdehellinqr.com\/index.php\/plaza-de-la-portali\/#breadcrumb\",\"itemListElement\":[{\"@type\":\"ListItem\",\"position\":1,\"name\":\"Home\",\"item\":\"https:\/\/camposdehellinqr.com\/\"},{\"@type\":\"ListItem\",\"position\":2,\"name\":\"Plaza de la Portal\u00ed\"}]},{\"@type\":\"WebSite\",\"@id\":\"https:\/\/camposdehellinqr.com\/#website\",\"url\":\"https:\/\/camposdehellinqr.com\/\",\"name\":\"Campos de Hell\u00edn QR\",\"description\":\"La comarca Campos de Hell\u00edn en 360\u00ba\",\"publisher\":{\"@id\":\"https:\/\/camposdehellinqr.com\/#organization\"},\"potentialAction\":[{\"@type\":\"SearchAction\",\"target\":{\"@type\":\"EntryPoint\",\"urlTemplate\":\"https:\/\/camposdehellinqr.com\/?s={search_term_string}\"},\"query-input\":\"required name=search_term_string\"}],\"inLanguage\":\"es\"},{\"@type\":\"Organization\",\"@id\":\"https:\/\/camposdehellinqr.com\/#organization\",\"name\":\"Campos de Hell\u00edn QR\",\"url\":\"https:\/\/camposdehellinqr.com\/\",\"logo\":{\"@type\":\"ImageObject\",\"inLanguage\":\"es\",\"@id\":\"https:\/\/camposdehellinqr.com\/#\/schema\/logo\/image\/\",\"url\":\"https:\/\/camposdehellinqr.com\/wp-content\/uploads\/2020\/02\/logoqr.png\",\"contentUrl\":\"https:\/\/camposdehellinqr.com\/wp-content\/uploads\/2020\/02\/logoqr.png\",\"width\":300,\"height\":50,\"caption\":\"Campos de Hell\u00edn QR\"},\"image\":{\"@id\":\"https:\/\/camposdehellinqr.com\/#\/schema\/logo\/image\/\"}}]}<\/script>\n<!-- \/ Yoast SEO Premium plugin. -->","yoast_head_json":{"title":"Plaza de la Portal\u00ed - Campos de Hell\u00edn QR","robots":{"index":"index","follow":"follow","max-snippet":"max-snippet:-1","max-image-preview":"max-image-preview:large","max-video-preview":"max-video-preview:-1"},"canonical":"https:\/\/camposdehellinqr.com\/index.php\/plaza-de-la-portali\/","og_locale":"es_ES","og_type":"article","og_title":"Plaza de la Portal\u00ed","og_description":"Plaza de la Portal\u00ed \u2026 Est\u00e1 situada [la poblaci\u00f3n] a los 38\u00ba 30\u00b4 06\u00b4\u00b4 de latitud y 806 varas de elevaci\u00f3n sobre el nivel del mar, en un cerrito de mediana elevaci\u00f3n, sobre el que est\u00e1n las ruinas de su gran fortaleza, escarpado por O y de suave subida por otros lados, donde estaba edificado &hellip; Plaza de la Portal\u00ed Leer m\u00e1s &raquo;","og_url":"https:\/\/camposdehellinqr.com\/index.php\/plaza-de-la-portali\/","og_site_name":"Campos de Hell\u00edn QR","article_modified_time":"2023-09-19T17:41:30+00:00","og_image":[{"url":"https:\/\/camposdehellinqr.com\/wp-content\/uploads\/2023\/09\/Portali.jpg"}],"twitter_card":"summary_large_image","twitter_misc":{"Tiempo de lectura":"2 minutos"},"schema":{"@context":"https:\/\/schema.org","@graph":[{"@type":"WebPage","@id":"https:\/\/camposdehellinqr.com\/index.php\/plaza-de-la-portali\/","url":"https:\/\/camposdehellinqr.com\/index.php\/plaza-de-la-portali\/","name":"Plaza de la Portal\u00ed - Campos de Hell\u00edn QR","isPartOf":{"@id":"https:\/\/camposdehellinqr.com\/#website"},"datePublished":"2023-09-19T15:53:47+00:00","dateModified":"2023-09-19T17:41:30+00:00","breadcrumb":{"@id":"https:\/\/camposdehellinqr.com\/index.php\/plaza-de-la-portali\/#breadcrumb"},"inLanguage":"es","potentialAction":[{"@type":"ReadAction","target":["https:\/\/camposdehellinqr.com\/index.php\/plaza-de-la-portali\/"]}]},{"@type":"BreadcrumbList","@id":"https:\/\/camposdehellinqr.com\/index.php\/plaza-de-la-portali\/#breadcrumb","itemListElement":[{"@type":"ListItem","position":1,"name":"Home","item":"https:\/\/camposdehellinqr.com\/"},{"@type":"ListItem","position":2,"name":"Plaza de la Portal\u00ed"}]},{"@type":"WebSite","@id":"https:\/\/camposdehellinqr.com\/#website","url":"https:\/\/camposdehellinqr.com\/","name":"Campos de Hell\u00edn QR","description":"La comarca Campos de Hell\u00edn en 360\u00ba","publisher":{"@id":"https:\/\/camposdehellinqr.com\/#organization"},"potentialAction":[{"@type":"SearchAction","target":{"@type":"EntryPoint","urlTemplate":"https:\/\/camposdehellinqr.com\/?s={search_term_string}"},"query-input":"required name=search_term_string"}],"inLanguage":"es"},{"@type":"Organization","@id":"https:\/\/camposdehellinqr.com\/#organization","name":"Campos de Hell\u00edn QR","url":"https:\/\/camposdehellinqr.com\/","logo":{"@type":"ImageObject","inLanguage":"es","@id":"https:\/\/camposdehellinqr.com\/#\/schema\/logo\/image\/","url":"https:\/\/camposdehellinqr.com\/wp-content\/uploads\/2020\/02\/logoqr.png","contentUrl":"https:\/\/camposdehellinqr.com\/wp-content\/uploads\/2020\/02\/logoqr.png","width":300,"height":50,"caption":"Campos de Hell\u00edn QR"},"image":{"@id":"https:\/\/camposdehellinqr.com\/#\/schema\/logo\/image\/"}}]}},"_links":{"self":[{"href":"https:\/\/camposdehellinqr.com\/index.php\/wp-json\/wp\/v2\/pages\/6135","targetHints":{"allow":["GET"]}}],"collection":[{"href":"https:\/\/camposdehellinqr.com\/index.php\/wp-json\/wp\/v2\/pages"}],"about":[{"href":"https:\/\/camposdehellinqr.com\/index.php\/wp-json\/wp\/v2\/types\/page"}],"author":[{"embeddable":true,"href":"https:\/\/camposdehellinqr.com\/index.php\/wp-json\/wp\/v2\/users\/1"}],"replies":[{"embeddable":true,"href":"https:\/\/camposdehellinqr.com\/index.php\/wp-json\/wp\/v2\/comments?post=6135"}],"version-history":[{"count":5,"href":"https:\/\/camposdehellinqr.com\/index.php\/wp-json\/wp\/v2\/pages\/6135\/revisions"}],"predecessor-version":[{"id":6513,"href":"https:\/\/camposdehellinqr.com\/index.php\/wp-json\/wp\/v2\/pages\/6135\/revisions\/6513"}],"wp:attachment":[{"href":"https:\/\/camposdehellinqr.com\/index.php\/wp-json\/wp\/v2\/media?parent=6135"}],"curies":[{"name":"wp","href":"https:\/\/api.w.org\/{rel}","templated":true}]}}