{"id":6146,"date":"2023-09-19T10:27:09","date_gmt":"2023-09-19T10:27:09","guid":{"rendered":"https:\/\/camposdehellinqr.com\/?page_id=6146"},"modified":"2023-09-19T17:36:03","modified_gmt":"2023-09-19T17:36:03","slug":"museo-comarcal-de-hellin","status":"publish","type":"page","link":"https:\/\/camposdehellinqr.com\/index.php\/museo-comarcal-de-hellin\/","title":{"rendered":"Museo Comarcal de Hell\u00edn"},"content":{"rendered":"\t\t<div data-elementor-type=\"wp-page\" data-elementor-id=\"6146\" class=\"elementor elementor-6146\" data-elementor-post-type=\"page\">\n\t\t\t\t\t\t\t\t\t<section class=\"elementor-section elementor-top-section elementor-element elementor-element-89ef3ac elementor-section-boxed elementor-section-height-default elementor-section-height-default\" data-id=\"89ef3ac\" data-element_type=\"section\">\n\t\t\t\t\t\t\t<div class=\"elementor-background-overlay\"><\/div>\n\t\t\t\t\t\t\t<div class=\"elementor-container elementor-column-gap-default\">\n\t\t\t\t\t<div class=\"elementor-column elementor-col-100 elementor-top-column elementor-element elementor-element-e076a23\" data-id=\"e076a23\" data-element_type=\"column\">\n\t\t\t<div class=\"elementor-widget-wrap elementor-element-populated\">\n\t\t\t\t\t\t\t\t<div class=\"elementor-element elementor-element-c7e6a46 elementor-widget elementor-widget-heading\" data-id=\"c7e6a46\" data-element_type=\"widget\" data-widget_type=\"heading.default\">\n\t\t\t\t<div class=\"elementor-widget-container\">\n\t\t\t<h3 class=\"elementor-heading-title elementor-size-default\">Museo Comarcal de Hell\u00edn<\/h3>\t\t<\/div>\n\t\t\t\t<\/div>\n\t\t\t\t<div class=\"elementor-element elementor-element-bd15688 elementor-widget elementor-widget-google_maps\" data-id=\"bd15688\" data-element_type=\"widget\" data-widget_type=\"google_maps.default\">\n\t\t\t\t<div class=\"elementor-widget-container\">\n\t\t\t\t\t<div class=\"elementor-custom-embed\">\n\t\t\t<iframe loading=\"lazy\"\n\t\t\t\t\tsrc=\"https:\/\/maps.google.com\/maps?q=Museo%20Comarcal%20de%20Hell%C3%ADn&#038;t=m&#038;z=16&#038;output=embed&#038;iwloc=near\"\n\t\t\t\t\ttitle=\"Museo Comarcal de Hell\u00edn\"\n\t\t\t\t\taria-label=\"Museo Comarcal de Hell\u00edn\"\n\t\t\t><\/iframe>\n\t\t<\/div>\n\t\t\t\t<\/div>\n\t\t\t\t<\/div>\n\t\t\t\t<div class=\"elementor-element elementor-element-3889d7b elementor-widget elementor-widget-text-editor\" data-id=\"3889d7b\" data-element_type=\"widget\" data-widget_type=\"text-editor.default\">\n\t\t\t\t<div class=\"elementor-widget-container\">\n\t\t\t\t\t\t\t<p>Situado en un edificio modernista de finales del siglo XIX en la calle Benito Toboso, en el centro hist\u00f3rico de la localidad. Las instalaciones, una vivienda particular, fueron rehabilitadas por los alumnos de la Escuela Taller de la ciudad. La fachada se articula en tres cuerpos, destacando el central, jalonado de balcones con hermosas molduras. Pero sin duda alguna lo que m\u00e1s llama la atenci\u00f3n es la puerta de entrada, tallada por el maestro ebanista Sebasti\u00e1n Guill\u00e9n y que muestra dos cabezas de faunos, dragones y otros motivos florales. Una vez se traspasa la puerta de entrada nos encontramos con una cancela de hierro forjado y numerosos apliques y motivos vegetales enmarcados dentro del m\u00e1s puro estilo modernista.<\/p>\t\t\t\t\t\t<\/div>\n\t\t\t\t<\/div>\n\t\t\t\t<div class=\"elementor-element elementor-element-1ba3ed5 elementor-widget elementor-widget-image\" data-id=\"1ba3ed5\" data-element_type=\"widget\" data-widget_type=\"image.default\">\n\t\t\t\t<div class=\"elementor-widget-container\">\n\t\t\t\t\t\t\t\t\t\t\t\t\t\t\t\t<a href=\"\/images\/360\/47\/index.htm\">\n\t\t\t\t\t\t\t<img loading=\"lazy\" decoding=\"async\" width=\"800\" height=\"402\" src=\"https:\/\/camposdehellinqr.com\/wp-content\/uploads\/2023\/09\/Museo_hellin.jpg\" class=\"attachment-large size-large wp-image-6100\" alt=\"\" srcset=\"https:\/\/camposdehellinqr.com\/wp-content\/uploads\/2023\/09\/Museo_hellin.jpg 800w, https:\/\/camposdehellinqr.com\/wp-content\/uploads\/2023\/09\/Museo_hellin-300x151.jpg 300w, https:\/\/camposdehellinqr.com\/wp-content\/uploads\/2023\/09\/Museo_hellin-768x386.jpg 768w\" sizes=\"auto, (max-width: 800px) 100vw, 800px\" \/>\t\t\t\t\t\t\t\t<\/a>\n\t\t\t\t\t\t\t\t\t\t\t\t\t\t\t<\/div>\n\t\t\t\t<\/div>\n\t\t\t\t<div class=\"elementor-element elementor-element-a56a1c7 elementor-widget elementor-widget-text-editor\" data-id=\"a56a1c7\" data-element_type=\"widget\" data-widget_type=\"text-editor.default\">\n\t\t\t\t<div class=\"elementor-widget-container\">\n\t\t\t\t\t\t\t<p><strong><a href=\"http:\/\/www.camposdehellinqr.com\/images\/360\/47\/index.htm\">Acceder a Visita Virtual 360\u00ba<\/a><\/strong><\/p>\t\t\t\t\t\t<\/div>\n\t\t\t\t<\/div>\n\t\t\t\t<div class=\"elementor-element elementor-element-dc941c8 elementor-widget elementor-widget-text-editor\" data-id=\"dc941c8\" data-element_type=\"widget\" data-widget_type=\"text-editor.default\">\n\t\t\t\t<div class=\"elementor-widget-container\">\n\t\t\t\t\t\t\t<p>El edificio, adaptado para personas con discapacidad, cuenta con tres plantas dedicadas a exposici\u00f3n. En la planta baja se encuentran las oficinas, una galer\u00eda con la exposici\u00f3n de pintura permanente perteneciente al fondo Escandell y una galer\u00eda de exposiciones temporales y sala de audiovisuales. Destaca en la zona de oficinas una l\u00e1pida funeraria del siglo II procedente del Tolmo de Minateda.<\/p><p>La planta primera se dedica exclusivamente a la arqueolog\u00eda de la comarca, desde el paleol\u00edtico inferior, con una serie de materiales e instrumentos procedentes del yacimiento de la Fuente de Hell\u00edn, hasta \u00e9poca isl\u00e1mica. Destaca la sala dedicada al Tolmo de Minateda en la que podemos encontrar una r\u00e9plica del sarc\u00f3fago paleocristiano de Hell\u00edn, encontrado a principios de siglo XX.<\/p><p>La segunda planta se dedica a la etnograf\u00eda y los oficios tradicionales de la comarca. As\u00ed podemos observar una zona dedicada a la alpargater\u00eda y otros oficios textiles. El mundo del esparto est\u00e1 bien documentado con numerosas herramientas y productos elaborados con \u00e9ste material. Otra sala exhibe la colecci\u00f3n Escandell con piezas decorativas, ajuares, vidrios, cer\u00e1micas, etc. que muestran las condiciones dom\u00e9sticas de varios estratos sociales durante el siglo XIX principalmente. Destaca la colecci\u00f3n de cer\u00e1mica local, que abarca los siglos XVIII y XIX, principalmente con motivos vegetales.<\/p><p>Adem\u00e1s, el edificio cuenta con biblioteca, salas de trabajo, almacenes para el dep\u00f3sito y estudio de los nuevos materiales. Recientemente cuenta con una sala dedicada al cronista oficial de la ciudad \u201cAntonio Moreno\u201d con biblioteca de temas y autores hellineros y numerosa documentaci\u00f3n donada por el escritor.<\/p>\t\t\t\t\t\t<\/div>\n\t\t\t\t<\/div>\n\t\t\t\t\t<\/div>\n\t\t<\/div>\n\t\t\t\t\t\t\t<\/div>\n\t\t<\/section>\n\t\t\t\t\t\t\t<\/div>\n\t\t","protected":false},"excerpt":{"rendered":"<p>Museo Comarcal de Hell\u00edn Situado en un edificio modernista de finales del siglo XIX en la calle Benito Toboso, en el centro hist\u00f3rico de la localidad. Las instalaciones, una vivienda particular, fueron rehabilitadas por los alumnos de la Escuela Taller de la ciudad. La fachada se articula en tres cuerpos, destacando el central, jalonado de &hellip;<\/p>\n<p class=\"read-more\"> <a class=\"\" href=\"https:\/\/camposdehellinqr.com\/index.php\/museo-comarcal-de-hellin\/\"> <span class=\"screen-reader-text\">Museo Comarcal de Hell\u00edn<\/span> Leer m\u00e1s &raquo;<\/a><\/p>\n","protected":false},"author":1,"featured_media":0,"parent":0,"menu_order":0,"comment_status":"closed","ping_status":"closed","template":"","meta":{"site-sidebar-layout":"no-sidebar","site-content-layout":"page-builder","ast-site-content-layout":"full-width-container","site-content-style":"default","site-sidebar-style":"default","ast-global-header-display":"","ast-banner-title-visibility":"","ast-main-header-display":"","ast-hfb-above-header-display":"","ast-hfb-below-header-display":"","ast-hfb-mobile-header-display":"","site-post-title":"disabled","ast-breadcrumbs-content":"","ast-featured-img":"disabled","footer-sml-layout":"","theme-transparent-header-meta":"","adv-header-id-meta":"","stick-header-meta":"","header-above-stick-meta":"","header-main-stick-meta":"","header-below-stick-meta":"","astra-migrate-meta-layouts":"set","footnotes":""},"class_list":["post-6146","page","type-page","status-publish","hentry"],"yoast_head":"<!-- This site is optimized with the Yoast SEO Premium plugin v20.0 (Yoast SEO v21.3) - https:\/\/yoast.com\/wordpress\/plugins\/seo\/ -->\n<title>Museo Comarcal de Hell\u00edn - Campos de Hell\u00edn QR<\/title>\n<meta name=\"robots\" content=\"index, follow, max-snippet:-1, max-image-preview:large, max-video-preview:-1\" \/>\n<link rel=\"canonical\" href=\"https:\/\/camposdehellinqr.com\/index.php\/museo-comarcal-de-hellin\/\" \/>\n<meta property=\"og:locale\" content=\"es_ES\" \/>\n<meta property=\"og:type\" content=\"article\" \/>\n<meta property=\"og:title\" content=\"Museo Comarcal de Hell\u00edn\" \/>\n<meta property=\"og:description\" content=\"Museo Comarcal de Hell\u00edn Situado en un edificio modernista de finales del siglo XIX en la calle Benito Toboso, en el centro hist\u00f3rico de la localidad. Las instalaciones, una vivienda particular, fueron rehabilitadas por los alumnos de la Escuela Taller de la ciudad. La fachada se articula en tres cuerpos, destacando el central, jalonado de &hellip; Museo Comarcal de Hell\u00edn Leer m\u00e1s &raquo;\" \/>\n<meta property=\"og:url\" content=\"https:\/\/camposdehellinqr.com\/index.php\/museo-comarcal-de-hellin\/\" \/>\n<meta property=\"og:site_name\" content=\"Campos de Hell\u00edn QR\" \/>\n<meta property=\"article:modified_time\" content=\"2023-09-19T17:36:03+00:00\" \/>\n<meta property=\"og:image\" content=\"https:\/\/camposdehellinqr.com\/wp-content\/uploads\/2023\/09\/Museo_hellin.jpg\" \/>\n<meta name=\"twitter:card\" content=\"summary_large_image\" \/>\n<meta name=\"twitter:label1\" content=\"Tiempo de lectura\" \/>\n\t<meta name=\"twitter:data1\" content=\"2 minutos\" \/>\n<script type=\"application\/ld+json\" class=\"yoast-schema-graph\">{\"@context\":\"https:\/\/schema.org\",\"@graph\":[{\"@type\":\"WebPage\",\"@id\":\"https:\/\/camposdehellinqr.com\/index.php\/museo-comarcal-de-hellin\/\",\"url\":\"https:\/\/camposdehellinqr.com\/index.php\/museo-comarcal-de-hellin\/\",\"name\":\"Museo Comarcal de Hell\u00edn - Campos de Hell\u00edn QR\",\"isPartOf\":{\"@id\":\"https:\/\/camposdehellinqr.com\/#website\"},\"datePublished\":\"2023-09-19T10:27:09+00:00\",\"dateModified\":\"2023-09-19T17:36:03+00:00\",\"breadcrumb\":{\"@id\":\"https:\/\/camposdehellinqr.com\/index.php\/museo-comarcal-de-hellin\/#breadcrumb\"},\"inLanguage\":\"es\",\"potentialAction\":[{\"@type\":\"ReadAction\",\"target\":[\"https:\/\/camposdehellinqr.com\/index.php\/museo-comarcal-de-hellin\/\"]}]},{\"@type\":\"BreadcrumbList\",\"@id\":\"https:\/\/camposdehellinqr.com\/index.php\/museo-comarcal-de-hellin\/#breadcrumb\",\"itemListElement\":[{\"@type\":\"ListItem\",\"position\":1,\"name\":\"Home\",\"item\":\"https:\/\/camposdehellinqr.com\/\"},{\"@type\":\"ListItem\",\"position\":2,\"name\":\"Museo Comarcal de Hell\u00edn\"}]},{\"@type\":\"WebSite\",\"@id\":\"https:\/\/camposdehellinqr.com\/#website\",\"url\":\"https:\/\/camposdehellinqr.com\/\",\"name\":\"Campos de Hell\u00edn QR\",\"description\":\"La comarca Campos de Hell\u00edn en 360\u00ba\",\"publisher\":{\"@id\":\"https:\/\/camposdehellinqr.com\/#organization\"},\"potentialAction\":[{\"@type\":\"SearchAction\",\"target\":{\"@type\":\"EntryPoint\",\"urlTemplate\":\"https:\/\/camposdehellinqr.com\/?s={search_term_string}\"},\"query-input\":\"required name=search_term_string\"}],\"inLanguage\":\"es\"},{\"@type\":\"Organization\",\"@id\":\"https:\/\/camposdehellinqr.com\/#organization\",\"name\":\"Campos de Hell\u00edn QR\",\"url\":\"https:\/\/camposdehellinqr.com\/\",\"logo\":{\"@type\":\"ImageObject\",\"inLanguage\":\"es\",\"@id\":\"https:\/\/camposdehellinqr.com\/#\/schema\/logo\/image\/\",\"url\":\"https:\/\/camposdehellinqr.com\/wp-content\/uploads\/2020\/02\/logoqr.png\",\"contentUrl\":\"https:\/\/camposdehellinqr.com\/wp-content\/uploads\/2020\/02\/logoqr.png\",\"width\":300,\"height\":50,\"caption\":\"Campos de Hell\u00edn QR\"},\"image\":{\"@id\":\"https:\/\/camposdehellinqr.com\/#\/schema\/logo\/image\/\"}}]}<\/script>\n<!-- \/ Yoast SEO Premium plugin. -->","yoast_head_json":{"title":"Museo Comarcal de Hell\u00edn - Campos de Hell\u00edn QR","robots":{"index":"index","follow":"follow","max-snippet":"max-snippet:-1","max-image-preview":"max-image-preview:large","max-video-preview":"max-video-preview:-1"},"canonical":"https:\/\/camposdehellinqr.com\/index.php\/museo-comarcal-de-hellin\/","og_locale":"es_ES","og_type":"article","og_title":"Museo Comarcal de Hell\u00edn","og_description":"Museo Comarcal de Hell\u00edn Situado en un edificio modernista de finales del siglo XIX en la calle Benito Toboso, en el centro hist\u00f3rico de la localidad. Las instalaciones, una vivienda particular, fueron rehabilitadas por los alumnos de la Escuela Taller de la ciudad. La fachada se articula en tres cuerpos, destacando el central, jalonado de &hellip; Museo Comarcal de Hell\u00edn Leer m\u00e1s &raquo;","og_url":"https:\/\/camposdehellinqr.com\/index.php\/museo-comarcal-de-hellin\/","og_site_name":"Campos de Hell\u00edn QR","article_modified_time":"2023-09-19T17:36:03+00:00","og_image":[{"url":"https:\/\/camposdehellinqr.com\/wp-content\/uploads\/2023\/09\/Museo_hellin.jpg"}],"twitter_card":"summary_large_image","twitter_misc":{"Tiempo de lectura":"2 minutos"},"schema":{"@context":"https:\/\/schema.org","@graph":[{"@type":"WebPage","@id":"https:\/\/camposdehellinqr.com\/index.php\/museo-comarcal-de-hellin\/","url":"https:\/\/camposdehellinqr.com\/index.php\/museo-comarcal-de-hellin\/","name":"Museo Comarcal de Hell\u00edn - Campos de Hell\u00edn QR","isPartOf":{"@id":"https:\/\/camposdehellinqr.com\/#website"},"datePublished":"2023-09-19T10:27:09+00:00","dateModified":"2023-09-19T17:36:03+00:00","breadcrumb":{"@id":"https:\/\/camposdehellinqr.com\/index.php\/museo-comarcal-de-hellin\/#breadcrumb"},"inLanguage":"es","potentialAction":[{"@type":"ReadAction","target":["https:\/\/camposdehellinqr.com\/index.php\/museo-comarcal-de-hellin\/"]}]},{"@type":"BreadcrumbList","@id":"https:\/\/camposdehellinqr.com\/index.php\/museo-comarcal-de-hellin\/#breadcrumb","itemListElement":[{"@type":"ListItem","position":1,"name":"Home","item":"https:\/\/camposdehellinqr.com\/"},{"@type":"ListItem","position":2,"name":"Museo Comarcal de Hell\u00edn"}]},{"@type":"WebSite","@id":"https:\/\/camposdehellinqr.com\/#website","url":"https:\/\/camposdehellinqr.com\/","name":"Campos de Hell\u00edn QR","description":"La comarca Campos de Hell\u00edn en 360\u00ba","publisher":{"@id":"https:\/\/camposdehellinqr.com\/#organization"},"potentialAction":[{"@type":"SearchAction","target":{"@type":"EntryPoint","urlTemplate":"https:\/\/camposdehellinqr.com\/?s={search_term_string}"},"query-input":"required name=search_term_string"}],"inLanguage":"es"},{"@type":"Organization","@id":"https:\/\/camposdehellinqr.com\/#organization","name":"Campos de Hell\u00edn QR","url":"https:\/\/camposdehellinqr.com\/","logo":{"@type":"ImageObject","inLanguage":"es","@id":"https:\/\/camposdehellinqr.com\/#\/schema\/logo\/image\/","url":"https:\/\/camposdehellinqr.com\/wp-content\/uploads\/2020\/02\/logoqr.png","contentUrl":"https:\/\/camposdehellinqr.com\/wp-content\/uploads\/2020\/02\/logoqr.png","width":300,"height":50,"caption":"Campos de Hell\u00edn QR"},"image":{"@id":"https:\/\/camposdehellinqr.com\/#\/schema\/logo\/image\/"}}]}},"_links":{"self":[{"href":"https:\/\/camposdehellinqr.com\/index.php\/wp-json\/wp\/v2\/pages\/6146","targetHints":{"allow":["GET"]}}],"collection":[{"href":"https:\/\/camposdehellinqr.com\/index.php\/wp-json\/wp\/v2\/pages"}],"about":[{"href":"https:\/\/camposdehellinqr.com\/index.php\/wp-json\/wp\/v2\/types\/page"}],"author":[{"embeddable":true,"href":"https:\/\/camposdehellinqr.com\/index.php\/wp-json\/wp\/v2\/users\/1"}],"replies":[{"embeddable":true,"href":"https:\/\/camposdehellinqr.com\/index.php\/wp-json\/wp\/v2\/comments?post=6146"}],"version-history":[{"count":5,"href":"https:\/\/camposdehellinqr.com\/index.php\/wp-json\/wp\/v2\/pages\/6146\/revisions"}],"predecessor-version":[{"id":6481,"href":"https:\/\/camposdehellinqr.com\/index.php\/wp-json\/wp\/v2\/pages\/6146\/revisions\/6481"}],"wp:attachment":[{"href":"https:\/\/camposdehellinqr.com\/index.php\/wp-json\/wp\/v2\/media?parent=6146"}],"curies":[{"name":"wp","href":"https:\/\/api.w.org\/{rel}","templated":true}]}}