{"id":6149,"date":"2023-09-19T10:21:21","date_gmt":"2023-09-19T10:21:21","guid":{"rendered":"https:\/\/camposdehellinqr.com\/?page_id=6149"},"modified":"2023-09-19T17:35:43","modified_gmt":"2023-09-19T17:35:43","slug":"santuario-de-ntra-sr-a-del-rosario-s-xviii-xix","status":"publish","type":"page","link":"https:\/\/camposdehellinqr.com\/index.php\/santuario-de-ntra-sr-a-del-rosario-s-xviii-xix\/","title":{"rendered":"Santuario de Ntra. Sr.a del Rosario"},"content":{"rendered":"\t\t<div data-elementor-type=\"wp-page\" data-elementor-id=\"6149\" class=\"elementor elementor-6149\" data-elementor-post-type=\"page\">\n\t\t\t\t\t\t\t\t\t<section class=\"elementor-section elementor-top-section elementor-element elementor-element-89ef3ac elementor-section-boxed elementor-section-height-default elementor-section-height-default\" data-id=\"89ef3ac\" data-element_type=\"section\">\n\t\t\t\t\t\t\t<div class=\"elementor-background-overlay\"><\/div>\n\t\t\t\t\t\t\t<div class=\"elementor-container elementor-column-gap-default\">\n\t\t\t\t\t<div class=\"elementor-column elementor-col-100 elementor-top-column elementor-element elementor-element-e076a23\" data-id=\"e076a23\" data-element_type=\"column\">\n\t\t\t<div class=\"elementor-widget-wrap elementor-element-populated\">\n\t\t\t\t\t\t\t\t<div class=\"elementor-element elementor-element-c7e6a46 elementor-widget elementor-widget-heading\" data-id=\"c7e6a46\" data-element_type=\"widget\" data-widget_type=\"heading.default\">\n\t\t\t\t<div class=\"elementor-widget-container\">\n\t\t\t<h3 class=\"elementor-heading-title elementor-size-default\">Santuario de Ntra. Sra del Rosario (S. XVIII-XIX)<\/h3>\t\t<\/div>\n\t\t\t\t<\/div>\n\t\t\t\t<div class=\"elementor-element elementor-element-bd15688 elementor-widget elementor-widget-google_maps\" data-id=\"bd15688\" data-element_type=\"widget\" data-widget_type=\"google_maps.default\">\n\t\t\t\t<div class=\"elementor-widget-container\">\n\t\t\t\t\t<div class=\"elementor-custom-embed\">\n\t\t\t<iframe loading=\"lazy\"\n\t\t\t\t\tsrc=\"https:\/\/maps.google.com\/maps?q=Santuario%20de%20Ntra.%20Sra%20del%20Rosario%20hellin&#038;t=m&#038;z=16&#038;output=embed&#038;iwloc=near\"\n\t\t\t\t\ttitle=\"Santuario de Ntra. Sra del Rosario hellin\"\n\t\t\t\t\taria-label=\"Santuario de Ntra. Sra del Rosario hellin\"\n\t\t\t><\/iframe>\n\t\t<\/div>\n\t\t\t\t<\/div>\n\t\t\t\t<\/div>\n\t\t\t\t<div class=\"elementor-element elementor-element-3889d7b elementor-widget elementor-widget-text-editor\" data-id=\"3889d7b\" data-element_type=\"widget\" data-widget_type=\"text-editor.default\">\n\t\t\t\t<div class=\"elementor-widget-container\">\n\t\t\t\t\t\t\t<p><strong>Incoaci\u00f3n para Bien de Inter\u00e9s Cultural en 2002<\/strong><\/p><p>Las leyendas que explican el origen de los santuarios de Hell\u00edn y Tobarra, alzados junto a los restos de sus castillos del per\u00edodo almohade, coinciden en que tras la repoblaci\u00f3n castellana, en el siglo XIII, se construy\u00f3 una ermita para venerar la imagen encontrada en una cueva del mismo cerro, donde ser\u00eda ocultada durante la dominaci\u00f3n isl\u00e1mica.<\/p>\t\t\t\t\t\t<\/div>\n\t\t\t\t<\/div>\n\t\t\t\t<div class=\"elementor-element elementor-element-1ba3ed5 elementor-widget elementor-widget-image\" data-id=\"1ba3ed5\" data-element_type=\"widget\" data-widget_type=\"image.default\">\n\t\t\t\t<div class=\"elementor-widget-container\">\n\t\t\t\t\t\t\t\t\t\t\t\t\t\t\t\t<a href=\"\/images\/360\/37\/index.htm\">\n\t\t\t\t\t\t\t<img loading=\"lazy\" decoding=\"async\" width=\"800\" height=\"574\" src=\"https:\/\/camposdehellinqr.com\/wp-content\/uploads\/2023\/09\/rosario6.jpg\" class=\"attachment-large size-large wp-image-6106\" alt=\"\" srcset=\"https:\/\/camposdehellinqr.com\/wp-content\/uploads\/2023\/09\/rosario6.jpg 800w, https:\/\/camposdehellinqr.com\/wp-content\/uploads\/2023\/09\/rosario6-300x215.jpg 300w, https:\/\/camposdehellinqr.com\/wp-content\/uploads\/2023\/09\/rosario6-768x551.jpg 768w\" sizes=\"auto, (max-width: 800px) 100vw, 800px\" \/>\t\t\t\t\t\t\t\t<\/a>\n\t\t\t\t\t\t\t\t\t\t\t\t\t\t\t<\/div>\n\t\t\t\t<\/div>\n\t\t\t\t<div class=\"elementor-element elementor-element-a56a1c7 elementor-widget elementor-widget-text-editor\" data-id=\"a56a1c7\" data-element_type=\"widget\" data-widget_type=\"text-editor.default\">\n\t\t\t\t<div class=\"elementor-widget-container\">\n\t\t\t\t\t\t\t<p><strong><a href=\"http:\/\/www.camposdehellinqr.com\/images\/360\/37\/index.htm\">Acceder a Visita Virtual 360\u00ba<\/a><\/strong><\/p>\t\t\t\t\t\t<\/div>\n\t\t\t\t<\/div>\n\t\t\t\t<div class=\"elementor-element elementor-element-dc941c8 elementor-widget elementor-widget-text-editor\" data-id=\"dc941c8\" data-element_type=\"widget\" data-widget_type=\"text-editor.default\">\n\t\t\t\t<div class=\"elementor-widget-container\">\n\t\t\t\t\t\t\t<p>A lo largo de varios siglos, el templo fue ampliado seg\u00fan crec\u00eda la devoci\u00f3n, superando en importancia a otras ermitas, hasta que Nuestra Se\u00f1ora del Rosario fue nombrada patrona de la ciudad en 1907. Hoy, en el conjunto del santuario se diferencian tres periodos sucesivos: <strong>(1)<\/strong> la construcci\u00f3n del camar\u00edn a mediados del siglo XVIII, para albergar la imagen titular, <strong>(2)<\/strong> la ampliaci\u00f3n de las naves en el mismo siglo y<strong> (9)<\/strong> la reforma del arquitecto local Justo Mill\u00e1n, durante la d\u00e9cada de 1870.<\/p>\t\t\t\t\t\t<\/div>\n\t\t\t\t<\/div>\n\t\t\t\t<div class=\"elementor-element elementor-element-85c527b elementor-widget elementor-widget-image\" data-id=\"85c527b\" data-element_type=\"widget\" data-widget_type=\"image.default\">\n\t\t\t\t<div class=\"elementor-widget-container\">\n\t\t\t\t\t\t\t\t\t\t\t\t\t\t\t<img loading=\"lazy\" decoding=\"async\" width=\"790\" height=\"934\" src=\"https:\/\/camposdehellinqr.com\/wp-content\/uploads\/2023\/09\/rosariohellin.jpg\" class=\"attachment-large size-large wp-image-6107\" alt=\"\" srcset=\"https:\/\/camposdehellinqr.com\/wp-content\/uploads\/2023\/09\/rosariohellin.jpg 790w, https:\/\/camposdehellinqr.com\/wp-content\/uploads\/2023\/09\/rosariohellin-254x300.jpg 254w, https:\/\/camposdehellinqr.com\/wp-content\/uploads\/2023\/09\/rosariohellin-768x908.jpg 768w\" sizes=\"auto, (max-width: 790px) 100vw, 790px\" \/>\t\t\t\t\t\t\t\t\t\t\t\t\t\t\t<\/div>\n\t\t\t\t<\/div>\n\t\t\t\t<div class=\"elementor-element elementor-element-25386a6 elementor-widget elementor-widget-text-editor\" data-id=\"25386a6\" data-element_type=\"widget\" data-widget_type=\"text-editor.default\">\n\t\t\t\t<div class=\"elementor-widget-container\">\n\t\t\t\t\t\t\t<p><strong>1)\u00a0<\/strong>\u00a0 \u00a0El <strong>camar\u00edn <\/strong>est\u00e1 elevado sobre una cripta. Es de planta poligonal formada por el \u00e1bside ochavado y el muro recto que lo separa del altar mayor. Las pilastras, cornisa y radiales de la b\u00f3veda est\u00e1n decorados con elementos del gusto rococ\u00f3. Las pinturas no tienen autor\u00eda conocida, las que cubren las superficies triangulares de la b\u00f3veda, son escenas de las vidas de Mar\u00eda y de Jes\u00fas, y en los muros, son escenas del G\u00e9nesis y sobre los patriarcas del Antiguo Testamento, las pilastras tienen decoraci\u00f3n vegetal y s\u00edmbolos presentados por \u00e1ngeles. Fueron restauradas en 1945 por el pintor Manuel Mu\u00f1oz Barber\u00e1n. Los azulejos del pavimento est\u00e1n considerados valencianos del siglo XVIII. De las fechas de la construcci\u00f3n hay dos inscripciones, 1740 en el marco exterior de la ventana y, seg\u00fan otra en el muro interior, el camar\u00edn \u201cse acab\u00f3 de dorar en 1763\u201d. La actual imagen de la patrona fue realizada por el sevillano Jos\u00e9 Manuel Fern\u00e1ndez Andes en 1939.<\/p><p><strong>2)\u00a0<\/strong>\u00a0 \u00a0La <strong>iglesia<\/strong> es de planta basilical con tres naves, la central es la m\u00e1s ancha y alta, cubierta con b\u00f3veda de ca\u00f1\u00f3n dividida en tres tramos por arcos fajones. Se comunica con las naves laterales por arcos de medio punto sobre pilares, iguales a los que las dividen tambi\u00e9n en tres tramos cubiertos por b\u00f3vedas de arista.<\/p><p><strong>3)\u00a0\u00a0<\/strong> \u00a0La <strong>sacrist\u00eda <\/strong>est\u00e1 al mismo nivel que el presbiterio, que se levanta sobre una tribuna. Las barandas de forja son del siglo XVIII.<\/p><p><strong>4)\u00a0\u00a0<\/strong> \u00a0El descenso a la <strong>cripta<\/strong> se produce por dos escaleras, a ambos lados de la escalinata del presbiterio. Las puertas, con balaustres y tallas de madera, son del siglo XVIII. El uso de la cripta era funerario. Los sepulcros de las iglesias de Hell\u00edn se eliminaron tras ser creado el primer cementerio en 1805. La reforma dej\u00f3 a la vista la b\u00f3veda de crucer\u00eda. Hoy es uno de los espacios donde se exponen piezas del patrimonio art\u00edstico del santuario.<\/p><p><strong>5)\u00a0\u00a0<\/strong> \u00a0El <strong>museo<\/strong> del santuario tiene una colecci\u00f3n de rosarios. El rezo con rosario fue iniciado a comienzos del siglo XIII por Santo Domingo de Guzm\u00e1n, fundador de la Orden de los Predicadores. En 1411 predic\u00f3 en Hell\u00edn el dominico valenciano San Vicente Ferrer. La primera noticia sobre la Cofrad\u00eda del Rosario es un testamento de 1564. Y la relaci\u00f3n de 1576 enviada a Felipe II menciona la \u201ccasa y ermita de Nuestra Se\u00f1ora del Rosel\u201d<\/p><p><strong>6)\u00a0<\/strong>\u00a0 \u00a0La nave lateral de la derecha se construy\u00f3 sobre restos de torreones que formaban parte de la muralla del castillo.<br \/><br \/><strong>7)\u00a0<\/strong>\u00a0 \u00a0Las dos naves laterales ten\u00edan anexas <strong>capillas-hornacinas<\/strong> donde se introduc\u00edan los pasos de Semana Santa. Fueron eliminadas durante la reforma de 1977, dejando las ventanas actuales.<\/p><p><strong>8)\u00a0\u00a0<\/strong> \u00a0Las b\u00f3veda de la nave central est\u00e1 recubierta por las <strong>pinturas<\/strong> al \u00f3leo sobre lienzo realizadas por Francisco Reolid entre 1969 y 1972. Son de tem\u00e1tica mariana y las que cubren el coro, a los pies de la nave, representan los milagros atribuidos a la Patrona. Destacamos el relacionado con la Batalla de Lepanto, 7 de octubre de 1571, pues en conmemoraci\u00f3n de la victoria de los cristianos sobre los turcos la Iglesia cre\u00f3 la fiesta anual al rezo del Rosario, tal como hab\u00edan hecho antes de entrar en batalla.<\/p><p><strong>9)<\/strong>\u00a0\u00a0 \u00a0En la reforma durante la d\u00e9cada de 1870, Justo Mill\u00e1n aport\u00f3 su estilo personal a la portada de acceso al plano del santuario, la fachada principal y la torre del campanario. La restauraci\u00f3n del de 1989 fue realizada por la Escuela-Taller El gran <strong>atrio <\/strong>delante de la iglesia est\u00e1 formado por triple front\u00f3n que reproduce el contorno ochavado del camar\u00edn. Se divide en dos cuerpos. En el superior tiene arcos de herradura con barandilla de piedra y dobles ventanas bajo un \u00f3vulo, en fachada. En el cuerpo inferior, los vanos son dintelados. Los frontones y las pilastras est\u00e1n decorados con diversos motivos destacando el anagrama de \u201cAve Mar\u00eda\u201d sobre un rosario. La <strong>torre<\/strong> de planta octogonal tiene tres cuerpos separados por cornisas. En el cuerpo central se abren aspilleras abocinadas. El cuerpo de las campanas tiene una cubierta met\u00e1lica c\u00f3nico-convexa rematada con una gran aguja, una veleta y una cruz. Es el elemento m\u00e1s elevado del perfil de la ciudad. La torre es considerada el faro de Hell\u00edn.<\/p><p>En el <strong>plano<\/strong> del santuario encontramos otros elementos de inter\u00e9s art\u00edstico como el V\u00eda Crucis con azulejos de Manises de 1948. Fij\u00e1ndonos en los bancos de piedra, identificaremos algunas de las dovelas que formaban el arco de la primitiva puerta de la iglesia, sustituido por la obra de Justo Mill\u00e1n. Y tienen especial atractivo las vistas hacia las zonas oeste y norte de la ciudad.<\/p><p>El <strong>Conjunto Hist\u00f3rico de Hell\u00edn<\/strong>, declarado Bien de Inter\u00e9s Cultural en 2007, ejemplifica la evoluci\u00f3n del urbanismo en los \u00faltimos mil a\u00f1os. Entorno al <strong>Castillo<\/strong>, se conserva desde su fundaci\u00f3n isl\u00e1mica una trama laber\u00edntica de calles estrechas, retorcidas y con callejones ciegos. Entre ellas surge el primer templo cristiano dedicado a Nuestra Se\u00f1ora del <strong>Rosario<\/strong>, reconstruido en los siglos XVIII y XIX. Este n\u00facleo comenz\u00f3 su expansi\u00f3n en el siglo XVI por plazas como la de la <strong>Iglesia de la Asunci\u00f3n<\/strong> y la del Convento de los <strong>Franciscanos<\/strong>. Los cerros de<strong> San Rafael<\/strong> y <strong>San Roque<\/strong> se ocuparon con viviendas sencillas en calles igualmente estrechas que abrazan las ermitas que les dan nombre. Mientras que en las laderas, junto a los huertos, se construyeron casas se\u00f1oriales, como las viviendas convertidas en el Convento de Santa Clara durante el siglo XVII. Ejemplos del XVIII son la Casa Salazar y la Casa de la Fundaci\u00f3n, del XIX es la Casa Falc\u00f3n, en el barrio de<strong> La Portal\u00ed<\/strong>, y de principios del XX es el edificio del <strong>Museo Comarcal<\/strong>.<\/p>\t\t\t\t\t\t<\/div>\n\t\t\t\t<\/div>\n\t\t\t\t\t<\/div>\n\t\t<\/div>\n\t\t\t\t\t\t\t<\/div>\n\t\t<\/section>\n\t\t\t\t\t\t\t<\/div>\n\t\t","protected":false},"excerpt":{"rendered":"<p>Santuario de Ntra. Sra del Rosario (S. XVIII-XIX) Incoaci\u00f3n para Bien de Inter\u00e9s Cultural en 2002 Las leyendas que explican el origen de los santuarios de Hell\u00edn y Tobarra, alzados junto a los restos de sus castillos del per\u00edodo almohade, coinciden en que tras la repoblaci\u00f3n castellana, en el siglo XIII, se construy\u00f3 una ermita &hellip;<\/p>\n<p class=\"read-more\"> <a class=\"\" href=\"https:\/\/camposdehellinqr.com\/index.php\/santuario-de-ntra-sr-a-del-rosario-s-xviii-xix\/\"> <span class=\"screen-reader-text\">Santuario de Ntra. Sr.a del Rosario<\/span> Leer m\u00e1s &raquo;<\/a><\/p>\n","protected":false},"author":1,"featured_media":0,"parent":0,"menu_order":0,"comment_status":"closed","ping_status":"closed","template":"","meta":{"site-sidebar-layout":"no-sidebar","site-content-layout":"page-builder","ast-site-content-layout":"full-width-container","site-content-style":"default","site-sidebar-style":"default","ast-global-header-display":"","ast-banner-title-visibility":"","ast-main-header-display":"","ast-hfb-above-header-display":"","ast-hfb-below-header-display":"","ast-hfb-mobile-header-display":"","site-post-title":"disabled","ast-breadcrumbs-content":"","ast-featured-img":"disabled","footer-sml-layout":"","theme-transparent-header-meta":"","adv-header-id-meta":"","stick-header-meta":"","header-above-stick-meta":"","header-main-stick-meta":"","header-below-stick-meta":"","astra-migrate-meta-layouts":"set","footnotes":""},"class_list":["post-6149","page","type-page","status-publish","hentry"],"yoast_head":"<!-- This site is optimized with the Yoast SEO Premium plugin v20.0 (Yoast SEO v21.3) - https:\/\/yoast.com\/wordpress\/plugins\/seo\/ -->\n<title>Santuario de Ntra. Sr.a del Rosario - Campos de Hell\u00edn QR<\/title>\n<meta name=\"robots\" content=\"index, follow, max-snippet:-1, max-image-preview:large, max-video-preview:-1\" \/>\n<link rel=\"canonical\" href=\"https:\/\/camposdehellinqr.com\/index.php\/santuario-de-ntra-sr-a-del-rosario-s-xviii-xix\/\" \/>\n<meta property=\"og:locale\" content=\"es_ES\" \/>\n<meta property=\"og:type\" content=\"article\" \/>\n<meta property=\"og:title\" content=\"Santuario de Ntra. Sr.a del Rosario\" \/>\n<meta property=\"og:description\" content=\"Santuario de Ntra. Sra del Rosario (S. XVIII-XIX) Incoaci\u00f3n para Bien de Inter\u00e9s Cultural en 2002 Las leyendas que explican el origen de los santuarios de Hell\u00edn y Tobarra, alzados junto a los restos de sus castillos del per\u00edodo almohade, coinciden en que tras la repoblaci\u00f3n castellana, en el siglo XIII, se construy\u00f3 una ermita &hellip; Santuario de Ntra. Sr.a del Rosario Leer m\u00e1s &raquo;\" \/>\n<meta property=\"og:url\" content=\"https:\/\/camposdehellinqr.com\/index.php\/santuario-de-ntra-sr-a-del-rosario-s-xviii-xix\/\" \/>\n<meta property=\"og:site_name\" content=\"Campos de Hell\u00edn QR\" \/>\n<meta property=\"article:modified_time\" content=\"2023-09-19T17:35:43+00:00\" \/>\n<meta property=\"og:image\" content=\"https:\/\/camposdehellinqr.com\/wp-content\/uploads\/2023\/09\/rosario6.jpg\" \/>\n<meta name=\"twitter:card\" content=\"summary_large_image\" \/>\n<meta name=\"twitter:label1\" content=\"Tiempo de lectura\" \/>\n\t<meta name=\"twitter:data1\" content=\"6 minutos\" \/>\n<script type=\"application\/ld+json\" class=\"yoast-schema-graph\">{\"@context\":\"https:\/\/schema.org\",\"@graph\":[{\"@type\":\"WebPage\",\"@id\":\"https:\/\/camposdehellinqr.com\/index.php\/santuario-de-ntra-sr-a-del-rosario-s-xviii-xix\/\",\"url\":\"https:\/\/camposdehellinqr.com\/index.php\/santuario-de-ntra-sr-a-del-rosario-s-xviii-xix\/\",\"name\":\"Santuario de Ntra. Sr.a del Rosario - Campos de Hell\u00edn QR\",\"isPartOf\":{\"@id\":\"https:\/\/camposdehellinqr.com\/#website\"},\"datePublished\":\"2023-09-19T10:21:21+00:00\",\"dateModified\":\"2023-09-19T17:35:43+00:00\",\"breadcrumb\":{\"@id\":\"https:\/\/camposdehellinqr.com\/index.php\/santuario-de-ntra-sr-a-del-rosario-s-xviii-xix\/#breadcrumb\"},\"inLanguage\":\"es\",\"potentialAction\":[{\"@type\":\"ReadAction\",\"target\":[\"https:\/\/camposdehellinqr.com\/index.php\/santuario-de-ntra-sr-a-del-rosario-s-xviii-xix\/\"]}]},{\"@type\":\"BreadcrumbList\",\"@id\":\"https:\/\/camposdehellinqr.com\/index.php\/santuario-de-ntra-sr-a-del-rosario-s-xviii-xix\/#breadcrumb\",\"itemListElement\":[{\"@type\":\"ListItem\",\"position\":1,\"name\":\"Home\",\"item\":\"https:\/\/camposdehellinqr.com\/\"},{\"@type\":\"ListItem\",\"position\":2,\"name\":\"Santuario de Ntra. Sr.a del Rosario\"}]},{\"@type\":\"WebSite\",\"@id\":\"https:\/\/camposdehellinqr.com\/#website\",\"url\":\"https:\/\/camposdehellinqr.com\/\",\"name\":\"Campos de Hell\u00edn QR\",\"description\":\"La comarca Campos de Hell\u00edn en 360\u00ba\",\"publisher\":{\"@id\":\"https:\/\/camposdehellinqr.com\/#organization\"},\"potentialAction\":[{\"@type\":\"SearchAction\",\"target\":{\"@type\":\"EntryPoint\",\"urlTemplate\":\"https:\/\/camposdehellinqr.com\/?s={search_term_string}\"},\"query-input\":\"required name=search_term_string\"}],\"inLanguage\":\"es\"},{\"@type\":\"Organization\",\"@id\":\"https:\/\/camposdehellinqr.com\/#organization\",\"name\":\"Campos de Hell\u00edn QR\",\"url\":\"https:\/\/camposdehellinqr.com\/\",\"logo\":{\"@type\":\"ImageObject\",\"inLanguage\":\"es\",\"@id\":\"https:\/\/camposdehellinqr.com\/#\/schema\/logo\/image\/\",\"url\":\"https:\/\/camposdehellinqr.com\/wp-content\/uploads\/2020\/02\/logoqr.png\",\"contentUrl\":\"https:\/\/camposdehellinqr.com\/wp-content\/uploads\/2020\/02\/logoqr.png\",\"width\":300,\"height\":50,\"caption\":\"Campos de Hell\u00edn QR\"},\"image\":{\"@id\":\"https:\/\/camposdehellinqr.com\/#\/schema\/logo\/image\/\"}}]}<\/script>\n<!-- \/ Yoast SEO Premium plugin. -->","yoast_head_json":{"title":"Santuario de Ntra. Sr.a del Rosario - Campos de Hell\u00edn QR","robots":{"index":"index","follow":"follow","max-snippet":"max-snippet:-1","max-image-preview":"max-image-preview:large","max-video-preview":"max-video-preview:-1"},"canonical":"https:\/\/camposdehellinqr.com\/index.php\/santuario-de-ntra-sr-a-del-rosario-s-xviii-xix\/","og_locale":"es_ES","og_type":"article","og_title":"Santuario de Ntra. Sr.a del Rosario","og_description":"Santuario de Ntra. Sra del Rosario (S. XVIII-XIX) Incoaci\u00f3n para Bien de Inter\u00e9s Cultural en 2002 Las leyendas que explican el origen de los santuarios de Hell\u00edn y Tobarra, alzados junto a los restos de sus castillos del per\u00edodo almohade, coinciden en que tras la repoblaci\u00f3n castellana, en el siglo XIII, se construy\u00f3 una ermita &hellip; Santuario de Ntra. Sr.a del Rosario Leer m\u00e1s &raquo;","og_url":"https:\/\/camposdehellinqr.com\/index.php\/santuario-de-ntra-sr-a-del-rosario-s-xviii-xix\/","og_site_name":"Campos de Hell\u00edn QR","article_modified_time":"2023-09-19T17:35:43+00:00","og_image":[{"url":"https:\/\/camposdehellinqr.com\/wp-content\/uploads\/2023\/09\/rosario6.jpg"}],"twitter_card":"summary_large_image","twitter_misc":{"Tiempo de lectura":"6 minutos"},"schema":{"@context":"https:\/\/schema.org","@graph":[{"@type":"WebPage","@id":"https:\/\/camposdehellinqr.com\/index.php\/santuario-de-ntra-sr-a-del-rosario-s-xviii-xix\/","url":"https:\/\/camposdehellinqr.com\/index.php\/santuario-de-ntra-sr-a-del-rosario-s-xviii-xix\/","name":"Santuario de Ntra. Sr.a del Rosario - Campos de Hell\u00edn QR","isPartOf":{"@id":"https:\/\/camposdehellinqr.com\/#website"},"datePublished":"2023-09-19T10:21:21+00:00","dateModified":"2023-09-19T17:35:43+00:00","breadcrumb":{"@id":"https:\/\/camposdehellinqr.com\/index.php\/santuario-de-ntra-sr-a-del-rosario-s-xviii-xix\/#breadcrumb"},"inLanguage":"es","potentialAction":[{"@type":"ReadAction","target":["https:\/\/camposdehellinqr.com\/index.php\/santuario-de-ntra-sr-a-del-rosario-s-xviii-xix\/"]}]},{"@type":"BreadcrumbList","@id":"https:\/\/camposdehellinqr.com\/index.php\/santuario-de-ntra-sr-a-del-rosario-s-xviii-xix\/#breadcrumb","itemListElement":[{"@type":"ListItem","position":1,"name":"Home","item":"https:\/\/camposdehellinqr.com\/"},{"@type":"ListItem","position":2,"name":"Santuario de Ntra. Sr.a del Rosario"}]},{"@type":"WebSite","@id":"https:\/\/camposdehellinqr.com\/#website","url":"https:\/\/camposdehellinqr.com\/","name":"Campos de Hell\u00edn QR","description":"La comarca Campos de Hell\u00edn en 360\u00ba","publisher":{"@id":"https:\/\/camposdehellinqr.com\/#organization"},"potentialAction":[{"@type":"SearchAction","target":{"@type":"EntryPoint","urlTemplate":"https:\/\/camposdehellinqr.com\/?s={search_term_string}"},"query-input":"required name=search_term_string"}],"inLanguage":"es"},{"@type":"Organization","@id":"https:\/\/camposdehellinqr.com\/#organization","name":"Campos de Hell\u00edn QR","url":"https:\/\/camposdehellinqr.com\/","logo":{"@type":"ImageObject","inLanguage":"es","@id":"https:\/\/camposdehellinqr.com\/#\/schema\/logo\/image\/","url":"https:\/\/camposdehellinqr.com\/wp-content\/uploads\/2020\/02\/logoqr.png","contentUrl":"https:\/\/camposdehellinqr.com\/wp-content\/uploads\/2020\/02\/logoqr.png","width":300,"height":50,"caption":"Campos de Hell\u00edn QR"},"image":{"@id":"https:\/\/camposdehellinqr.com\/#\/schema\/logo\/image\/"}}]}},"_links":{"self":[{"href":"https:\/\/camposdehellinqr.com\/index.php\/wp-json\/wp\/v2\/pages\/6149","targetHints":{"allow":["GET"]}}],"collection":[{"href":"https:\/\/camposdehellinqr.com\/index.php\/wp-json\/wp\/v2\/pages"}],"about":[{"href":"https:\/\/camposdehellinqr.com\/index.php\/wp-json\/wp\/v2\/types\/page"}],"author":[{"embeddable":true,"href":"https:\/\/camposdehellinqr.com\/index.php\/wp-json\/wp\/v2\/users\/1"}],"replies":[{"embeddable":true,"href":"https:\/\/camposdehellinqr.com\/index.php\/wp-json\/wp\/v2\/comments?post=6149"}],"version-history":[{"count":5,"href":"https:\/\/camposdehellinqr.com\/index.php\/wp-json\/wp\/v2\/pages\/6149\/revisions"}],"predecessor-version":[{"id":6478,"href":"https:\/\/camposdehellinqr.com\/index.php\/wp-json\/wp\/v2\/pages\/6149\/revisions\/6478"}],"wp:attachment":[{"href":"https:\/\/camposdehellinqr.com\/index.php\/wp-json\/wp\/v2\/media?parent=6149"}],"curies":[{"name":"wp","href":"https:\/\/api.w.org\/{rel}","templated":true}]}}