{"id":6151,"date":"2023-09-19T10:17:49","date_gmt":"2023-09-19T10:17:49","guid":{"rendered":"https:\/\/camposdehellinqr.com\/?page_id=6151"},"modified":"2023-09-19T17:35:25","modified_gmt":"2023-09-19T17:35:25","slug":"iglesia-de-ntra-sra-de-la-asuncion-xvi","status":"publish","type":"page","link":"https:\/\/camposdehellinqr.com\/index.php\/iglesia-de-ntra-sra-de-la-asuncion-xvi\/","title":{"rendered":"Iglesia de Ntra. Sra. de la Asunci\u00f3n de Hell\u00edn (XVI)"},"content":{"rendered":"\t\t<div data-elementor-type=\"wp-page\" data-elementor-id=\"6151\" class=\"elementor elementor-6151\" data-elementor-post-type=\"page\">\n\t\t\t\t\t\t\t\t\t<section class=\"elementor-section elementor-top-section elementor-element elementor-element-89ef3ac elementor-section-boxed elementor-section-height-default elementor-section-height-default\" data-id=\"89ef3ac\" data-element_type=\"section\">\n\t\t\t\t\t\t\t<div class=\"elementor-background-overlay\"><\/div>\n\t\t\t\t\t\t\t<div class=\"elementor-container elementor-column-gap-default\">\n\t\t\t\t\t<div class=\"elementor-column elementor-col-100 elementor-top-column elementor-element elementor-element-e076a23\" data-id=\"e076a23\" data-element_type=\"column\">\n\t\t\t<div class=\"elementor-widget-wrap elementor-element-populated\">\n\t\t\t\t\t\t\t\t<div class=\"elementor-element elementor-element-c7e6a46 elementor-widget elementor-widget-heading\" data-id=\"c7e6a46\" data-element_type=\"widget\" data-widget_type=\"heading.default\">\n\t\t\t\t<div class=\"elementor-widget-container\">\n\t\t\t<h3 class=\"elementor-heading-title elementor-size-default\">Iglesia de Ntra. Sra. de la Asunci\u00f3n de Hell\u00edn (XVI)<\/h3>\t\t<\/div>\n\t\t\t\t<\/div>\n\t\t\t\t<div class=\"elementor-element elementor-element-bd15688 elementor-widget elementor-widget-google_maps\" data-id=\"bd15688\" data-element_type=\"widget\" data-widget_type=\"google_maps.default\">\n\t\t\t\t<div class=\"elementor-widget-container\">\n\t\t\t\t\t<div class=\"elementor-custom-embed\">\n\t\t\t<iframe loading=\"lazy\"\n\t\t\t\t\tsrc=\"https:\/\/maps.google.com\/maps?q=Iglesia%20de%20Ntra.%20Sra.%20de%20la%20Asunci%C3%B3n%20de%20Hell%C3%ADn&#038;t=m&#038;z=16&#038;output=embed&#038;iwloc=near\"\n\t\t\t\t\ttitle=\"Iglesia de Ntra. Sra. de la Asunci\u00f3n de Hell\u00edn\"\n\t\t\t\t\taria-label=\"Iglesia de Ntra. Sra. de la Asunci\u00f3n de Hell\u00edn\"\n\t\t\t><\/iframe>\n\t\t<\/div>\n\t\t\t\t<\/div>\n\t\t\t\t<\/div>\n\t\t\t\t<div class=\"elementor-element elementor-element-3889d7b elementor-widget elementor-widget-text-editor\" data-id=\"3889d7b\" data-element_type=\"widget\" data-widget_type=\"text-editor.default\">\n\t\t\t\t<div class=\"elementor-widget-container\">\n\t\t\t\t\t\t\t<p><strong>Monumento Nacional desde 1981<\/strong><\/p><p>La principal iglesia de Hell\u00edn, al igual que en Tobarra, ambas dedicadas a la Asunci\u00f3n de Santa Mar\u00eda, fue edificada durante el siglo XVI, con donaciones de los feligreses y las destacadas contribuciones de aquellos vecinos m\u00e1s adinerados, que quer\u00edan construir sus propias capillas funerarias separadas de las criptas comunes. Las obras comenzaron, seg\u00fan un documento de 1523, veinticinco a\u00f1os antes. La dilatada ejecuci\u00f3n se manifiesta en la superposici\u00f3n de elementos de varios estilos arquitect\u00f3nicos.<\/p>\t\t\t\t\t\t<\/div>\n\t\t\t\t<\/div>\n\t\t\t\t<div class=\"elementor-element elementor-element-1ba3ed5 elementor-widget elementor-widget-image\" data-id=\"1ba3ed5\" data-element_type=\"widget\" data-widget_type=\"image.default\">\n\t\t\t\t<div class=\"elementor-widget-container\">\n\t\t\t\t\t\t\t\t\t\t\t\t\t\t\t\t<a href=\"\/images\/360\/78\/index.htm\">\n\t\t\t\t\t\t\t<img loading=\"lazy\" decoding=\"async\" width=\"800\" height=\"327\" src=\"https:\/\/camposdehellinqr.com\/wp-content\/uploads\/2023\/09\/pano_asuncion.jpg\" class=\"attachment-large size-large wp-image-6085\" alt=\"\" srcset=\"https:\/\/camposdehellinqr.com\/wp-content\/uploads\/2023\/09\/pano_asuncion.jpg 800w, https:\/\/camposdehellinqr.com\/wp-content\/uploads\/2023\/09\/pano_asuncion-300x123.jpg 300w, https:\/\/camposdehellinqr.com\/wp-content\/uploads\/2023\/09\/pano_asuncion-768x314.jpg 768w\" sizes=\"auto, (max-width: 800px) 100vw, 800px\" \/>\t\t\t\t\t\t\t\t<\/a>\n\t\t\t\t\t\t\t\t\t\t\t\t\t\t\t<\/div>\n\t\t\t\t<\/div>\n\t\t\t\t<div class=\"elementor-element elementor-element-a56a1c7 elementor-widget elementor-widget-text-editor\" data-id=\"a56a1c7\" data-element_type=\"widget\" data-widget_type=\"text-editor.default\">\n\t\t\t\t<div class=\"elementor-widget-container\">\n\t\t\t\t\t\t\t<p><strong><a href=\"http:\/\/www.camposdehellinqr.com\/images\/360\/78\/index.htm\">Acceder a Visita Virtual 360\u00ba<\/a><\/strong><\/p>\t\t\t\t\t\t<\/div>\n\t\t\t\t<\/div>\n\t\t\t\t<div class=\"elementor-element elementor-element-dc941c8 elementor-widget elementor-widget-text-editor\" data-id=\"dc941c8\" data-element_type=\"widget\" data-widget_type=\"text-editor.default\">\n\t\t\t\t<div class=\"elementor-widget-container\">\n\t\t\t\t\t\t\t<p>A la sede del arciprestazgo de Hell\u00edn quisieron darle dimensiones catedralicias con una estructura basilical tradicional, de tres naves, la central m\u00e1s alta que las laterales, y cabecera poligonal, y le fueron sumando peque\u00f1os detalles del nuevo gusto por las antig\u00fcedades romanas, mostrados en parte de la decoraci\u00f3n de las capillas, y plenamente manifestado en la portada de la plaza. Durante el siglo XVIII el templo fue profusamente ornamentado, pero los da\u00f1os durante la Guerra Civil (1936-1939) motivaron la restauraci\u00f3n que le dio la fisonom\u00eda sobria actual. Los retablos e imaginer\u00eda fueron repuestos durante la segunda mitad del siglo XX.<\/p>\t\t\t\t\t\t<\/div>\n\t\t\t\t<\/div>\n\t\t\t\t<div class=\"elementor-element elementor-element-f5a7a09 elementor-widget elementor-widget-image\" data-id=\"f5a7a09\" data-element_type=\"widget\" data-widget_type=\"image.default\">\n\t\t\t\t<div class=\"elementor-widget-container\">\n\t\t\t\t\t\t\t\t\t\t\t\t\t\t\t<img loading=\"lazy\" decoding=\"async\" width=\"796\" height=\"880\" src=\"https:\/\/camposdehellinqr.com\/wp-content\/uploads\/2023\/09\/asuncionhellin.jpg\" class=\"attachment-large size-large wp-image-6084\" alt=\"\" srcset=\"https:\/\/camposdehellinqr.com\/wp-content\/uploads\/2023\/09\/asuncionhellin.jpg 796w, https:\/\/camposdehellinqr.com\/wp-content\/uploads\/2023\/09\/asuncionhellin-271x300.jpg 271w, https:\/\/camposdehellinqr.com\/wp-content\/uploads\/2023\/09\/asuncionhellin-768x849.jpg 768w\" sizes=\"auto, (max-width: 796px) 100vw, 796px\" \/>\t\t\t\t\t\t\t\t\t\t\t\t\t\t\t<\/div>\n\t\t\t\t<\/div>\n\t\t\t\t<div class=\"elementor-element elementor-element-0ed3c53 elementor-widget elementor-widget-text-editor\" data-id=\"0ed3c53\" data-element_type=\"widget\" data-widget_type=\"text-editor.default\">\n\t\t\t\t<div class=\"elementor-widget-container\">\n\t\t\t\t\t\t\t<p><strong>1)\u00a0<\/strong>\u00a0 \u00a0El <strong>presbiterio<\/strong> es un \u00e1bside ochavado que est\u00e1 cubierto por una b\u00f3veda estrellada. En los muros se abren \u00f3culos con tracer\u00eda de piedra y vidrieras. Aqu\u00ed aparece la firma de Juan de la Hermosa, es la \u00fanica inscripci\u00f3n en todo el edificio que hace referencia a los autores.<\/p><p><strong>2)\u00a0<\/strong>\u00a0 \u00a0La <strong>nave<\/strong> central se cubre con b\u00f3vedas estrelladas y arcos de medio punto sobre columnas con capiteles, que cambian de decoraci\u00f3n, correspondientes a tres fases de construcci\u00f3n: \u201cen un primer momento la cabecera y los dos tramos inmediatos a ella; el tramo intermedio, donde est\u00e1 la puerta, ser\u00eda algo posterior; y en una tercera etapa, tal vez hacia los a\u00f1os cuarenta o cincuenta, podr\u00edan situarse las unidades de los pies\u201d (Guti\u00e9rrez-Cortines, 1987). Las naves laterales se cubren con b\u00f3vedas de crucer\u00eda simple. Tambi\u00e9n destaca el pavimento, que podr\u00eda ser el original del siglo XVI.<\/p><p><strong>3)<\/strong>\u00a0\u00a0 \u00a0El <strong>coro<\/strong> est\u00e1 cerrado por una reja y elevado 40 cm. por encima del resto de la nave central. La ventana del fondo fue la tercera puerta de la iglesia.<\/p><p><strong>4)<\/strong>\u00a0\u00a0 \u00a0La <strong>sacrist\u00eda <\/strong>tiene b\u00f3veda de ca\u00f1\u00f3n. De esta parte, en la fachada de la plaza, destaca la doble ventana con arcos de medio punto, que se significa por la elaborada decoraci\u00f3n, con imposta, pilastras y cornisamento.<\/p><p><strong>5)\u00a0\u00a0<\/strong> \u00a0<strong>Capilla de Jes\u00fas Nazareno<\/strong>, cubierta por una sencilla b\u00f3veda de arista. Es la base de la <strong>torre <\/strong>del campanario, que consta de cuatro cuerpos. El cuerpo de las campanas tiene arcos de medio punto entre pilastras j\u00f3nicas estriadas. El cuerpo superior, m\u00e1s moderno, consiste en un tambor octogonal con arcos apuntados y rematado con c\u00fapula de tejas vidriadas en color azul.<br \/><br \/><strong>6)<\/strong>\u00a0\u00a0 \u00a0<strong>Capilla de La Antigua y del Coraz\u00f3n de Jes\u00fas<\/strong>, con b\u00f3veda el\u00edptica cubierta de casetones de flores y bustos masculinos. En los medallones de las pechinas est\u00e1n representados los cuatro evangelistas. El arco rebajado est\u00e1 decorado con casetones y apoya sobre columnas estriadas de capitel compuesto. Su primera advocaci\u00f3n tiene origen en Sevilla donde su promotor, el hellinero Esteb\u00e1n P\u00e9rez Osorio, fue C\u00f3nsul de la Universidad. Quien encargo un retablo terminado en 1579.<br \/><br \/><strong>7)<\/strong>\u00a0\u00a0 \u00a0<strong>Capilla de La Pur\u00edsima<\/strong> con b\u00f3veda estriada y arco de medio punto de rosca y columnas torsas.<\/p><p><strong>8)\u00a0<\/strong>\u00a0 \u00a0La <strong>portada <\/strong>del acceso desde la plaza se incluye en la escuela vandelviresca, finales del siglo XVI y comienzos del XVII. Est\u00e1 formada por dos cuerpos, cada uno consta de dos pares de columnas de orden corintio, entre las que hay hornacinas para esculturas, repuestas recientemente, son im\u00e1genes de los evangelistas, San Pedro y el rey David. En el centro del cuerpo superior hay un relieve que representa La Anunciaci\u00f3n del \u00c1ngel Gabriel a Mar\u00eda. En todo el trabajo de canter\u00eda se empleo la piedra biocalcarenita, que es la m\u00e1s com\u00fan en los edificios singulares de esta comarca. La escalinata semicircular es de la \u00faltima d\u00e9cada del siglo XIX.<\/p><p><strong>9)\u00a0<\/strong>\u00a0 \u00a0Capilla de San Antonio de Padua, b\u00f3veda de medio ca\u00f1\u00f3n con casetones de flores y veneras, medallones sobre el arco y pilastras j\u00f3nicas. Tiene una cripta funeraria a la que se accede por la entrada de la iglesia. En ella estuvo el sepulcro del ilustre pol\u00edtico hellinero Melchor de Macanaz (1670-1760).<\/p><p><strong>10)\u00a0\u00a0<\/strong> \u00a0L\u00e1pida que ha sido relacionada con el Obispado de Ello, siglo VII, por lo que debi\u00f3 ser hallada en El Tolmo de Minateda.<\/p><p><strong>11)\u00a0<\/strong>\u00a0 \u00a0<strong>Capilla de San Ildefonso<\/strong> y retablo del Cristo de los Cautivos, con b\u00f3veda de medio ca\u00f1\u00f3n y linterna avenerada ciega, dos hornacinas tambi\u00e9n con forma de venera y arco decorado con casetones lisos.<\/p><p><strong>12)\u00a0<\/strong>\u00a0 \u00a0<strong>Capilla de Bautismo<\/strong>, situada a los pies del templo. La tradici\u00f3n exig\u00eda estar bautizado para poder asistir a la iglesia.<\/p><p><strong>13)\u00a0\u00a0<\/strong> \u00a0La entrada desde la calle Salvador se hace a nivel de la misma, a diferencia de la entrada por la plaza, ya que el templo se adapt\u00f3 a la pendiente del cerro del Castillo, justific\u00e1ndose as\u00ed que la cabecera est\u00e9 orientada hacia el norte.<br \/><br \/><strong>14)\u00a0<\/strong>\u00a0 \u00a0El <strong>arco de la calle Salvador<\/strong> fue necesario para desplazar el contrafuerte y ampliar el ancho libre de la calle.<\/p><p><strong>15)<\/strong>\u00a0\u00a0 \u00a0<strong>Capilla de San Jos\u00e9<\/strong> con b\u00f3veda de medio ca\u00f1\u00f3n.<\/p><p><strong>16)<\/strong>\u00a0\u00a0 \u00a0<strong>Capilla de La Dolorosa<\/strong>. Destaca su original c\u00fapula de forma el\u00edptica con dos veneras enfrentadas. El arco es rebajado y se apoya en columnas j\u00f3nicas.<\/p><p><strong>17)<\/strong>\u00a0\u00a0 \u00a0<strong>Capilla de las \u00c1nimas<\/strong> con b\u00f3veda estrellada. En el pavimento bajo el umbral hay l\u00e1pidas de sepulturas.<\/p><p><strong>18)<\/strong>\u00a0\u00a0 \u00a0<strong>Capilla de Nuestra Se\u00f1ora de la Soledad<\/strong> o del Calvario. La cubierta es una c\u00fapula el\u00edptica con linterna perforada. La decoraci\u00f3n incluye s\u00edmbolos de la Pasi\u00f3n de Cristo.<\/p><p><strong>\u201cPlaza de la Iglesia\u201d<\/strong> es su \u00faltima denominaci\u00f3n, dedicada al edificio que la preside desde el siglo XVI. Su nombre fue cambiando conforme lo hac\u00eda el r\u00e9gimen pol\u00edtico. En el siglo XVIII era la \u201cPlaza Mayor\u201d donde se realizaban todos los actos p\u00fablicos, empezando por el mercado de los mi\u00e9rcoles seg\u00fan privilegio de los Reyes Cat\u00f3licos. Entonces la villa de origen isl\u00e1mico, entorno al castillo, comenz\u00f3 su expansi\u00f3n y aqu\u00ed se construyeron las primeras casas se\u00f1oriales. Se conserva la fachada de la Casa de la Inquisici\u00f3n o Casa del Conde (de Lum\u00edares), reformada en 1731, y actual <strong>Museo de Semana Santa y Tamborada<\/strong>, proyectado en 1998. En LA PLAZA conflu\u00edan los principales caminos, la antigua calle de Murcia, que est\u00e1 alineada con el campanario, y la que se dirige a las Puertas de Madrid, llamada \u201cCalle Mayor del Arrabal de San Sebasti\u00e1n\u201d, EL RABAL. En su esquina est\u00e1 el <strong>Ayuntamiento<\/strong>, reconstruido en 1932 y ampliado en 1995. \u00c9ste es el punto de inicio oficial para todas las calles y el m\u00e1s recomendable para cualquier recorrido por la ciudad.<\/p><p>El <strong>Conjunto Hist\u00f3rico de Hell\u00edn<\/strong>, declarado Bien de Inter\u00e9s Cultural en 2007, ejemplifica la evoluci\u00f3n del urbanismo en los \u00faltimos mil a\u00f1os. Entorno al <strong>Castillo<\/strong>, se conserva desde su fundaci\u00f3n isl\u00e1mica una trama laber\u00edntica de calles estrechas, retorcidas y con callejones ciegos. Entre ellas surge el primer templo cristiano dedicado a Nuestra Se\u00f1ora del <strong>Rosario<\/strong>, reconstruido en los siglos XVIII y XIX. Este n\u00facleo comenz\u00f3 su expansi\u00f3n en el siglo XVI por plazas como la de la <strong>Iglesia de la Asunci\u00f3n<\/strong> y la del Convento de los <strong>Franciscanos<\/strong>. Los cerros de<strong> San Rafael<\/strong> y <strong>San Roque<\/strong> se ocuparon con viviendas sencillas en calles igualmente estrechas que abrazan las ermitas que les dan nombre. Mientras que en las laderas, junto a los huertos, se construyeron casas se\u00f1oriales, como las viviendas convertidas en el Convento de Santa Clara durante el siglo XVII. Ejemplos del XVIII son la Casa Salazar y la Casa de la Fundaci\u00f3n, del XIX es la Casa Falc\u00f3n, en el barrio de<strong> La Portal\u00ed<\/strong>, y de principios del XX es el edificio del <strong>Museo Comarcal<\/strong>.<\/p>\t\t\t\t\t\t<\/div>\n\t\t\t\t<\/div>\n\t\t\t\t\t<\/div>\n\t\t<\/div>\n\t\t\t\t\t\t\t<\/div>\n\t\t<\/section>\n\t\t\t\t\t\t\t<\/div>\n\t\t","protected":false},"excerpt":{"rendered":"<p>Iglesia de Ntra. Sra. de la Asunci\u00f3n de Hell\u00edn (XVI) Monumento Nacional desde 1981 La principal iglesia de Hell\u00edn, al igual que en Tobarra, ambas dedicadas a la Asunci\u00f3n de Santa Mar\u00eda, fue edificada durante el siglo XVI, con donaciones de los feligreses y las destacadas contribuciones de aquellos vecinos m\u00e1s adinerados, que quer\u00edan construir &hellip;<\/p>\n<p class=\"read-more\"> <a class=\"\" href=\"https:\/\/camposdehellinqr.com\/index.php\/iglesia-de-ntra-sra-de-la-asuncion-xvi\/\"> <span class=\"screen-reader-text\">Iglesia de Ntra. Sra. de la Asunci\u00f3n de Hell\u00edn (XVI)<\/span> Leer m\u00e1s &raquo;<\/a><\/p>\n","protected":false},"author":1,"featured_media":0,"parent":0,"menu_order":0,"comment_status":"closed","ping_status":"closed","template":"","meta":{"site-sidebar-layout":"no-sidebar","site-content-layout":"page-builder","ast-site-content-layout":"full-width-container","site-content-style":"default","site-sidebar-style":"default","ast-global-header-display":"","ast-banner-title-visibility":"","ast-main-header-display":"","ast-hfb-above-header-display":"","ast-hfb-below-header-display":"","ast-hfb-mobile-header-display":"","site-post-title":"disabled","ast-breadcrumbs-content":"","ast-featured-img":"disabled","footer-sml-layout":"","theme-transparent-header-meta":"","adv-header-id-meta":"","stick-header-meta":"","header-above-stick-meta":"","header-main-stick-meta":"","header-below-stick-meta":"","astra-migrate-meta-layouts":"set","footnotes":""},"class_list":["post-6151","page","type-page","status-publish","hentry"],"yoast_head":"<!-- This site is optimized with the Yoast SEO Premium plugin v20.0 (Yoast SEO v21.3) - https:\/\/yoast.com\/wordpress\/plugins\/seo\/ -->\n<title>Iglesia de Ntra. Sra. de la Asunci\u00f3n de Hell\u00edn (XVI) - Campos de Hell\u00edn QR<\/title>\n<meta name=\"robots\" content=\"index, follow, max-snippet:-1, max-image-preview:large, max-video-preview:-1\" \/>\n<link rel=\"canonical\" href=\"https:\/\/camposdehellinqr.com\/index.php\/iglesia-de-ntra-sra-de-la-asuncion-xvi\/\" \/>\n<meta property=\"og:locale\" content=\"es_ES\" \/>\n<meta property=\"og:type\" content=\"article\" \/>\n<meta property=\"og:title\" content=\"Iglesia de Ntra. Sra. de la Asunci\u00f3n de Hell\u00edn (XVI)\" \/>\n<meta property=\"og:description\" content=\"Iglesia de Ntra. Sra. de la Asunci\u00f3n de Hell\u00edn (XVI) Monumento Nacional desde 1981 La principal iglesia de Hell\u00edn, al igual que en Tobarra, ambas dedicadas a la Asunci\u00f3n de Santa Mar\u00eda, fue edificada durante el siglo XVI, con donaciones de los feligreses y las destacadas contribuciones de aquellos vecinos m\u00e1s adinerados, que quer\u00edan construir &hellip; Iglesia de Ntra. Sra. de la Asunci\u00f3n de Hell\u00edn (XVI) Leer m\u00e1s &raquo;\" \/>\n<meta property=\"og:url\" content=\"https:\/\/camposdehellinqr.com\/index.php\/iglesia-de-ntra-sra-de-la-asuncion-xvi\/\" \/>\n<meta property=\"og:site_name\" content=\"Campos de Hell\u00edn QR\" \/>\n<meta property=\"article:modified_time\" content=\"2023-09-19T17:35:25+00:00\" \/>\n<meta property=\"og:image\" content=\"https:\/\/camposdehellinqr.com\/wp-content\/uploads\/2023\/09\/pano_asuncion.jpg\" \/>\n<meta name=\"twitter:card\" content=\"summary_large_image\" \/>\n<meta name=\"twitter:label1\" content=\"Tiempo de lectura\" \/>\n\t<meta name=\"twitter:data1\" content=\"7 minutos\" \/>\n<script type=\"application\/ld+json\" class=\"yoast-schema-graph\">{\"@context\":\"https:\/\/schema.org\",\"@graph\":[{\"@type\":\"WebPage\",\"@id\":\"https:\/\/camposdehellinqr.com\/index.php\/iglesia-de-ntra-sra-de-la-asuncion-xvi\/\",\"url\":\"https:\/\/camposdehellinqr.com\/index.php\/iglesia-de-ntra-sra-de-la-asuncion-xvi\/\",\"name\":\"Iglesia de Ntra. Sra. de la Asunci\u00f3n de Hell\u00edn (XVI) - Campos de Hell\u00edn QR\",\"isPartOf\":{\"@id\":\"https:\/\/camposdehellinqr.com\/#website\"},\"datePublished\":\"2023-09-19T10:17:49+00:00\",\"dateModified\":\"2023-09-19T17:35:25+00:00\",\"breadcrumb\":{\"@id\":\"https:\/\/camposdehellinqr.com\/index.php\/iglesia-de-ntra-sra-de-la-asuncion-xvi\/#breadcrumb\"},\"inLanguage\":\"es\",\"potentialAction\":[{\"@type\":\"ReadAction\",\"target\":[\"https:\/\/camposdehellinqr.com\/index.php\/iglesia-de-ntra-sra-de-la-asuncion-xvi\/\"]}]},{\"@type\":\"BreadcrumbList\",\"@id\":\"https:\/\/camposdehellinqr.com\/index.php\/iglesia-de-ntra-sra-de-la-asuncion-xvi\/#breadcrumb\",\"itemListElement\":[{\"@type\":\"ListItem\",\"position\":1,\"name\":\"Home\",\"item\":\"https:\/\/camposdehellinqr.com\/\"},{\"@type\":\"ListItem\",\"position\":2,\"name\":\"Iglesia de Ntra. Sra. de la Asunci\u00f3n de Hell\u00edn (XVI)\"}]},{\"@type\":\"WebSite\",\"@id\":\"https:\/\/camposdehellinqr.com\/#website\",\"url\":\"https:\/\/camposdehellinqr.com\/\",\"name\":\"Campos de Hell\u00edn QR\",\"description\":\"La comarca Campos de Hell\u00edn en 360\u00ba\",\"publisher\":{\"@id\":\"https:\/\/camposdehellinqr.com\/#organization\"},\"potentialAction\":[{\"@type\":\"SearchAction\",\"target\":{\"@type\":\"EntryPoint\",\"urlTemplate\":\"https:\/\/camposdehellinqr.com\/?s={search_term_string}\"},\"query-input\":\"required name=search_term_string\"}],\"inLanguage\":\"es\"},{\"@type\":\"Organization\",\"@id\":\"https:\/\/camposdehellinqr.com\/#organization\",\"name\":\"Campos de Hell\u00edn QR\",\"url\":\"https:\/\/camposdehellinqr.com\/\",\"logo\":{\"@type\":\"ImageObject\",\"inLanguage\":\"es\",\"@id\":\"https:\/\/camposdehellinqr.com\/#\/schema\/logo\/image\/\",\"url\":\"https:\/\/camposdehellinqr.com\/wp-content\/uploads\/2020\/02\/logoqr.png\",\"contentUrl\":\"https:\/\/camposdehellinqr.com\/wp-content\/uploads\/2020\/02\/logoqr.png\",\"width\":300,\"height\":50,\"caption\":\"Campos de Hell\u00edn QR\"},\"image\":{\"@id\":\"https:\/\/camposdehellinqr.com\/#\/schema\/logo\/image\/\"}}]}<\/script>\n<!-- \/ Yoast SEO Premium plugin. -->","yoast_head_json":{"title":"Iglesia de Ntra. Sra. de la Asunci\u00f3n de Hell\u00edn (XVI) - Campos de Hell\u00edn QR","robots":{"index":"index","follow":"follow","max-snippet":"max-snippet:-1","max-image-preview":"max-image-preview:large","max-video-preview":"max-video-preview:-1"},"canonical":"https:\/\/camposdehellinqr.com\/index.php\/iglesia-de-ntra-sra-de-la-asuncion-xvi\/","og_locale":"es_ES","og_type":"article","og_title":"Iglesia de Ntra. Sra. de la Asunci\u00f3n de Hell\u00edn (XVI)","og_description":"Iglesia de Ntra. Sra. de la Asunci\u00f3n de Hell\u00edn (XVI) Monumento Nacional desde 1981 La principal iglesia de Hell\u00edn, al igual que en Tobarra, ambas dedicadas a la Asunci\u00f3n de Santa Mar\u00eda, fue edificada durante el siglo XVI, con donaciones de los feligreses y las destacadas contribuciones de aquellos vecinos m\u00e1s adinerados, que quer\u00edan construir &hellip; Iglesia de Ntra. Sra. de la Asunci\u00f3n de Hell\u00edn (XVI) Leer m\u00e1s &raquo;","og_url":"https:\/\/camposdehellinqr.com\/index.php\/iglesia-de-ntra-sra-de-la-asuncion-xvi\/","og_site_name":"Campos de Hell\u00edn QR","article_modified_time":"2023-09-19T17:35:25+00:00","og_image":[{"url":"https:\/\/camposdehellinqr.com\/wp-content\/uploads\/2023\/09\/pano_asuncion.jpg"}],"twitter_card":"summary_large_image","twitter_misc":{"Tiempo de lectura":"7 minutos"},"schema":{"@context":"https:\/\/schema.org","@graph":[{"@type":"WebPage","@id":"https:\/\/camposdehellinqr.com\/index.php\/iglesia-de-ntra-sra-de-la-asuncion-xvi\/","url":"https:\/\/camposdehellinqr.com\/index.php\/iglesia-de-ntra-sra-de-la-asuncion-xvi\/","name":"Iglesia de Ntra. Sra. de la Asunci\u00f3n de Hell\u00edn (XVI) - Campos de Hell\u00edn QR","isPartOf":{"@id":"https:\/\/camposdehellinqr.com\/#website"},"datePublished":"2023-09-19T10:17:49+00:00","dateModified":"2023-09-19T17:35:25+00:00","breadcrumb":{"@id":"https:\/\/camposdehellinqr.com\/index.php\/iglesia-de-ntra-sra-de-la-asuncion-xvi\/#breadcrumb"},"inLanguage":"es","potentialAction":[{"@type":"ReadAction","target":["https:\/\/camposdehellinqr.com\/index.php\/iglesia-de-ntra-sra-de-la-asuncion-xvi\/"]}]},{"@type":"BreadcrumbList","@id":"https:\/\/camposdehellinqr.com\/index.php\/iglesia-de-ntra-sra-de-la-asuncion-xvi\/#breadcrumb","itemListElement":[{"@type":"ListItem","position":1,"name":"Home","item":"https:\/\/camposdehellinqr.com\/"},{"@type":"ListItem","position":2,"name":"Iglesia de Ntra. Sra. de la Asunci\u00f3n de Hell\u00edn (XVI)"}]},{"@type":"WebSite","@id":"https:\/\/camposdehellinqr.com\/#website","url":"https:\/\/camposdehellinqr.com\/","name":"Campos de Hell\u00edn QR","description":"La comarca Campos de Hell\u00edn en 360\u00ba","publisher":{"@id":"https:\/\/camposdehellinqr.com\/#organization"},"potentialAction":[{"@type":"SearchAction","target":{"@type":"EntryPoint","urlTemplate":"https:\/\/camposdehellinqr.com\/?s={search_term_string}"},"query-input":"required name=search_term_string"}],"inLanguage":"es"},{"@type":"Organization","@id":"https:\/\/camposdehellinqr.com\/#organization","name":"Campos de Hell\u00edn QR","url":"https:\/\/camposdehellinqr.com\/","logo":{"@type":"ImageObject","inLanguage":"es","@id":"https:\/\/camposdehellinqr.com\/#\/schema\/logo\/image\/","url":"https:\/\/camposdehellinqr.com\/wp-content\/uploads\/2020\/02\/logoqr.png","contentUrl":"https:\/\/camposdehellinqr.com\/wp-content\/uploads\/2020\/02\/logoqr.png","width":300,"height":50,"caption":"Campos de Hell\u00edn QR"},"image":{"@id":"https:\/\/camposdehellinqr.com\/#\/schema\/logo\/image\/"}}]}},"_links":{"self":[{"href":"https:\/\/camposdehellinqr.com\/index.php\/wp-json\/wp\/v2\/pages\/6151","targetHints":{"allow":["GET"]}}],"collection":[{"href":"https:\/\/camposdehellinqr.com\/index.php\/wp-json\/wp\/v2\/pages"}],"about":[{"href":"https:\/\/camposdehellinqr.com\/index.php\/wp-json\/wp\/v2\/types\/page"}],"author":[{"embeddable":true,"href":"https:\/\/camposdehellinqr.com\/index.php\/wp-json\/wp\/v2\/users\/1"}],"replies":[{"embeddable":true,"href":"https:\/\/camposdehellinqr.com\/index.php\/wp-json\/wp\/v2\/comments?post=6151"}],"version-history":[{"count":5,"href":"https:\/\/camposdehellinqr.com\/index.php\/wp-json\/wp\/v2\/pages\/6151\/revisions"}],"predecessor-version":[{"id":6476,"href":"https:\/\/camposdehellinqr.com\/index.php\/wp-json\/wp\/v2\/pages\/6151\/revisions\/6476"}],"wp:attachment":[{"href":"https:\/\/camposdehellinqr.com\/index.php\/wp-json\/wp\/v2\/media?parent=6151"}],"curies":[{"name":"wp","href":"https:\/\/api.w.org\/{rel}","templated":true}]}}