{"id":6152,"date":"2023-09-19T10:14:09","date_gmt":"2023-09-19T10:14:09","guid":{"rendered":"https:\/\/camposdehellinqr.com\/?page_id=6152"},"modified":"2023-09-19T17:35:18","modified_gmt":"2023-09-19T17:35:18","slug":"93-el-tolmo-de-minateda","status":"publish","type":"page","link":"https:\/\/camposdehellinqr.com\/index.php\/93-el-tolmo-de-minateda\/","title":{"rendered":"El Tolmo de Minateda"},"content":{"rendered":"\t\t<div data-elementor-type=\"wp-page\" data-elementor-id=\"6152\" class=\"elementor elementor-6152\" data-elementor-post-type=\"page\">\n\t\t\t\t\t\t\t\t\t<section class=\"elementor-section elementor-top-section elementor-element elementor-element-89ef3ac elementor-section-boxed elementor-section-height-default elementor-section-height-default\" data-id=\"89ef3ac\" data-element_type=\"section\">\n\t\t\t\t\t\t\t<div class=\"elementor-background-overlay\"><\/div>\n\t\t\t\t\t\t\t<div class=\"elementor-container elementor-column-gap-default\">\n\t\t\t\t\t<div class=\"elementor-column elementor-col-100 elementor-top-column elementor-element elementor-element-e076a23\" data-id=\"e076a23\" data-element_type=\"column\">\n\t\t\t<div class=\"elementor-widget-wrap elementor-element-populated\">\n\t\t\t\t\t\t\t\t<div class=\"elementor-element elementor-element-c7e6a46 elementor-widget elementor-widget-heading\" data-id=\"c7e6a46\" data-element_type=\"widget\" data-widget_type=\"heading.default\">\n\t\t\t\t<div class=\"elementor-widget-container\">\n\t\t\t<h3 class=\"elementor-heading-title elementor-size-default\">El Tolmo de Minateda<\/h3>\t\t<\/div>\n\t\t\t\t<\/div>\n\t\t\t\t<div class=\"elementor-element elementor-element-bd15688 elementor-widget elementor-widget-google_maps\" data-id=\"bd15688\" data-element_type=\"widget\" data-widget_type=\"google_maps.default\">\n\t\t\t\t<div class=\"elementor-widget-container\">\n\t\t\t\t\t<div class=\"elementor-custom-embed\">\n\t\t\t<iframe loading=\"lazy\"\n\t\t\t\t\tsrc=\"https:\/\/maps.google.com\/maps?q=El%20Tolmo%20de%20Minateda&#038;t=m&#038;z=16&#038;output=embed&#038;iwloc=near\"\n\t\t\t\t\ttitle=\"El Tolmo de Minateda\"\n\t\t\t\t\taria-label=\"El Tolmo de Minateda\"\n\t\t\t><\/iframe>\n\t\t<\/div>\n\t\t\t\t<\/div>\n\t\t\t\t<\/div>\n\t\t\t\t<div class=\"elementor-element elementor-element-3889d7b elementor-widget elementor-widget-text-editor\" data-id=\"3889d7b\" data-element_type=\"widget\" data-widget_type=\"text-editor.default\">\n\t\t\t\t<div class=\"elementor-widget-container\">\n\t\t\t\t\t\t\t<p><i>El Tolmo<\/i> de Minateda es el primer parque arqueol\u00f3gico creado en la provincia de Albacete por el Gobierno de Castilla-La Mancha. Esta \u201cciudad en el camino\u201d est\u00e1 junto a v\u00eda romana que comunicaba Cartago Nova (Cartagena) con Complutum (Alcal\u00e1 de Henares) y que actualmente lo hacen la carretera nacional N-301 y la autov\u00eda A-30.<\/p><p>Tambi\u00e9n se ha vinculado este enclave estrat\u00e9gico con el Camino de An\u00edbal. Cuando su ej\u00e9rcito, con elefantes, parti\u00f3 hacia la conquista de Roma, durante la guerra entre cartagineses y romanos por el dominio de Hispania, recorrer\u00edan el Camino de H\u00e9rcules, m\u00e1s tarde llamado V\u00eda Augusta, que atravesaba la provincia de Albacete enlazando Alcaraz, Chinchilla y Caudete. El Camino de An\u00edbal por el Municipio de Hell\u00edn se ha relacionado con la expedici\u00f3n anterior, en el a\u00f1o 222 antes de nuestra era, que parti\u00f3 de Cartagena hacia la conquista del interior de la pen\u00ednsula. En sentido contrar\u00edo, si partimos desde <i>El Tolmo<\/i>, seguimos el Arroyo de Tobarra, que recorre el Valle de Agram\u00f3n hasta desembocar en el r\u00edo Mundo, por este cauce hasta el r\u00edo Segura y continuando por \u00e9l hacia el litoral de Cartagena.<\/p>\t\t\t\t\t\t<\/div>\n\t\t\t\t<\/div>\n\t\t\t\t<div class=\"elementor-element elementor-element-1ba3ed5 elementor-widget elementor-widget-image\" data-id=\"1ba3ed5\" data-element_type=\"widget\" data-widget_type=\"image.default\">\n\t\t\t\t<div class=\"elementor-widget-container\">\n\t\t\t\t\t\t\t\t\t\t\t\t\t\t\t\t<a href=\"\/images\/360\/74\/index.htm\">\n\t\t\t\t\t\t\t<img loading=\"lazy\" decoding=\"async\" width=\"800\" height=\"239\" src=\"https:\/\/camposdehellinqr.com\/wp-content\/uploads\/2023\/09\/tolmo.jpg\" class=\"attachment-large size-large wp-image-6082\" alt=\"\" srcset=\"https:\/\/camposdehellinqr.com\/wp-content\/uploads\/2023\/09\/tolmo.jpg 800w, https:\/\/camposdehellinqr.com\/wp-content\/uploads\/2023\/09\/tolmo-300x90.jpg 300w, https:\/\/camposdehellinqr.com\/wp-content\/uploads\/2023\/09\/tolmo-768x229.jpg 768w\" sizes=\"auto, (max-width: 800px) 100vw, 800px\" \/>\t\t\t\t\t\t\t\t<\/a>\n\t\t\t\t\t\t\t\t\t\t\t\t\t\t\t<\/div>\n\t\t\t\t<\/div>\n\t\t\t\t<div class=\"elementor-element elementor-element-a56a1c7 elementor-widget elementor-widget-text-editor\" data-id=\"a56a1c7\" data-element_type=\"widget\" data-widget_type=\"text-editor.default\">\n\t\t\t\t<div class=\"elementor-widget-container\">\n\t\t\t\t\t\t\t<p><strong><a href=\"http:\/\/www.camposdehellinqr.com\/images\/360\/74\/index.htm\">Acceder a Visita Virtual 360\u00ba<\/a><\/strong><\/p>\t\t\t\t\t\t<\/div>\n\t\t\t\t<\/div>\n\t\t\t\t<div class=\"elementor-element elementor-element-dc941c8 elementor-widget elementor-widget-text-editor\" data-id=\"dc941c8\" data-element_type=\"widget\" data-widget_type=\"text-editor.default\">\n\t\t\t\t<div class=\"elementor-widget-container\">\n\t\t\t\t\t\t\t<p>En <i>El Tolmo<\/i> estuvo la capital de esta comarca durante 1.500 a\u00f1os, desde la cultura ib\u00e9rica hasta la dominaci\u00f3n isl\u00e1mica, despobl\u00e1ndose en el siglo IX a favor de las incipientes poblaciones desarrolladas entorno a los castillos de Isso, Sierra, Tobarra o Hell\u00edn. La actual capital comarcal fue identificada por los historiadores con la antigua ciudad romana de <i>Ilunum<\/i>, hasta que ha sido situada en <i>El Tolmo<\/i> por la arqueolog\u00eda.<\/p><p>Las excavaciones modernas comenzaron en 1988, tras las lluvias torrenciales que dejaron al descubierto restos de las murallas del <i>Reguer\u00f3n<\/i>, por donde se acced\u00eda a la ciudad siguiendo la calzada tallada en la roca. Los trabajos arqueol\u00f3gicos continuaron por la necr\u00f3polis de la ladera norte, poniendo al descubierto un conjunto de monumentos funerarios de \u00e9poca ib\u00e9rica y tumbas romanas, visigodas e isl\u00e1micas. Estos estudios fueron suficientes para que esta zona arqueol\u00f3gica, que incluye los dos peque\u00f1os tolmos de la margen derecha del arroyo, fuera declarada Bien de Inter\u00e9s Cultural en 1991.<\/p><p>En 1995 se reanud\u00f3 la excavaci\u00f3n de la cima, que hab\u00eda iniciado medio siglo antes el arque\u00f3logo provincial Joaqu\u00edn S\u00e1nchez Jim\u00e9nez, hasta ser identificados, bajo las estructuras dom\u00e9sticas del periodo isl\u00e1mico, los restos de un conjunto religioso hispanovisigodo compuesto por bas\u00edlica, baptisterio, necr\u00f3polis y la vivienda atribuida al obispo de la di\u00f3cesis elotana. Este hallazgo probar\u00eda que esta fue la controvertida localizaci\u00f3n de la antigua Elo que fue sede episcopal, al igual que Begastri (Ceheg\u00edn), durante la ocupaci\u00f3n de Elche y Cartagena por el Imperio Romano de Oriente en el sigo VI.<\/p><p>Tambi\u00e9n es enigm\u00e1tico el motivo de la despoblaci\u00f3n de esta ciudad. Con la conquista isl\u00e1mica, esta regi\u00f3n conserv\u00f3 cierta autonom\u00eda seg\u00fan el pacto del conde visigodo Teodomiro con los \u00e1rabes en el a\u00f1o 713. Pero una rebeli\u00f3n a principios de siglo IX motivo el traslado de la capital del condado de Orihuela a Murcia. Y la nueva organizaci\u00f3n territorial propicio un poblamiento m\u00e1s rural all\u00ed donde era posible el desarrollo de la agricultura, en detrimento de las urbes anteriores. As\u00ed nacer\u00eda Medina-Iyyu(h), ciudad en el llano, cuyo nombre derivar\u00eda a Medinatea y hoy es Minateda.<\/p><p>En la Edad Moderna, <i>El Tolmo<\/i> ha estado incluido en la extensa finca que ha pertenecido durante siglos al linaje hellinero de los Velasco. Las Casas del Tolmo estaban en la ladera sur del cerro, cerca del actual centro de interpretaci\u00f3n. La titularidad del yacimiento arqueol\u00f3gico pas\u00f3 al Ayuntamiento de Hell\u00edn cuando se declar\u00f3 incoado el expediente para crear el parque arqueol\u00f3gico en 2003. La declaraci\u00f3n definitiva fue aprobada en 2012.<\/p>\t\t\t\t\t\t<\/div>\n\t\t\t\t<\/div>\n\t\t\t\t\t<\/div>\n\t\t<\/div>\n\t\t\t\t\t\t\t<\/div>\n\t\t<\/section>\n\t\t\t\t\t\t\t<\/div>\n\t\t","protected":false},"excerpt":{"rendered":"<p>El Tolmo de Minateda El Tolmo de Minateda es el primer parque arqueol\u00f3gico creado en la provincia de Albacete por el Gobierno de Castilla-La Mancha. Esta \u201cciudad en el camino\u201d est\u00e1 junto a v\u00eda romana que comunicaba Cartago Nova (Cartagena) con Complutum (Alcal\u00e1 de Henares) y que actualmente lo hacen la carretera nacional N-301 y &hellip;<\/p>\n<p class=\"read-more\"> <a class=\"\" href=\"https:\/\/camposdehellinqr.com\/index.php\/93-el-tolmo-de-minateda\/\"> <span class=\"screen-reader-text\">El Tolmo de Minateda<\/span> Leer m\u00e1s &raquo;<\/a><\/p>\n","protected":false},"author":1,"featured_media":0,"parent":0,"menu_order":0,"comment_status":"closed","ping_status":"closed","template":"","meta":{"site-sidebar-layout":"no-sidebar","site-content-layout":"page-builder","ast-site-content-layout":"full-width-container","site-content-style":"default","site-sidebar-style":"default","ast-global-header-display":"","ast-banner-title-visibility":"","ast-main-header-display":"","ast-hfb-above-header-display":"","ast-hfb-below-header-display":"","ast-hfb-mobile-header-display":"","site-post-title":"disabled","ast-breadcrumbs-content":"","ast-featured-img":"disabled","footer-sml-layout":"","theme-transparent-header-meta":"","adv-header-id-meta":"","stick-header-meta":"","header-above-stick-meta":"","header-main-stick-meta":"","header-below-stick-meta":"","astra-migrate-meta-layouts":"set","footnotes":""},"class_list":["post-6152","page","type-page","status-publish","hentry"],"yoast_head":"<!-- This site is optimized with the Yoast SEO Premium plugin v20.0 (Yoast SEO v21.3) - https:\/\/yoast.com\/wordpress\/plugins\/seo\/ -->\n<title>El Tolmo de Minateda - Campos de Hell\u00edn QR<\/title>\n<meta name=\"robots\" content=\"index, follow, max-snippet:-1, max-image-preview:large, max-video-preview:-1\" \/>\n<link rel=\"canonical\" href=\"https:\/\/camposdehellinqr.com\/index.php\/93-el-tolmo-de-minateda\/\" \/>\n<meta property=\"og:locale\" content=\"es_ES\" \/>\n<meta property=\"og:type\" content=\"article\" \/>\n<meta property=\"og:title\" content=\"El Tolmo de Minateda\" \/>\n<meta property=\"og:description\" content=\"El Tolmo de Minateda El Tolmo de Minateda es el primer parque arqueol\u00f3gico creado en la provincia de Albacete por el Gobierno de Castilla-La Mancha. Esta \u201cciudad en el camino\u201d est\u00e1 junto a v\u00eda romana que comunicaba Cartago Nova (Cartagena) con Complutum (Alcal\u00e1 de Henares) y que actualmente lo hacen la carretera nacional N-301 y &hellip; El Tolmo de Minateda Leer m\u00e1s &raquo;\" \/>\n<meta property=\"og:url\" content=\"https:\/\/camposdehellinqr.com\/index.php\/93-el-tolmo-de-minateda\/\" \/>\n<meta property=\"og:site_name\" content=\"Campos de Hell\u00edn QR\" \/>\n<meta property=\"article:modified_time\" content=\"2023-09-19T17:35:18+00:00\" \/>\n<meta property=\"og:image\" content=\"https:\/\/camposdehellinqr.com\/wp-content\/uploads\/2023\/09\/tolmo.jpg\" \/>\n<meta name=\"twitter:card\" content=\"summary_large_image\" \/>\n<meta name=\"twitter:label1\" content=\"Tiempo de lectura\" \/>\n\t<meta name=\"twitter:data1\" content=\"3 minutos\" \/>\n<script type=\"application\/ld+json\" class=\"yoast-schema-graph\">{\"@context\":\"https:\/\/schema.org\",\"@graph\":[{\"@type\":\"WebPage\",\"@id\":\"https:\/\/camposdehellinqr.com\/index.php\/93-el-tolmo-de-minateda\/\",\"url\":\"https:\/\/camposdehellinqr.com\/index.php\/93-el-tolmo-de-minateda\/\",\"name\":\"El Tolmo de Minateda - Campos de Hell\u00edn QR\",\"isPartOf\":{\"@id\":\"https:\/\/camposdehellinqr.com\/#website\"},\"datePublished\":\"2023-09-19T10:14:09+00:00\",\"dateModified\":\"2023-09-19T17:35:18+00:00\",\"breadcrumb\":{\"@id\":\"https:\/\/camposdehellinqr.com\/index.php\/93-el-tolmo-de-minateda\/#breadcrumb\"},\"inLanguage\":\"es\",\"potentialAction\":[{\"@type\":\"ReadAction\",\"target\":[\"https:\/\/camposdehellinqr.com\/index.php\/93-el-tolmo-de-minateda\/\"]}]},{\"@type\":\"BreadcrumbList\",\"@id\":\"https:\/\/camposdehellinqr.com\/index.php\/93-el-tolmo-de-minateda\/#breadcrumb\",\"itemListElement\":[{\"@type\":\"ListItem\",\"position\":1,\"name\":\"Home\",\"item\":\"https:\/\/camposdehellinqr.com\/\"},{\"@type\":\"ListItem\",\"position\":2,\"name\":\"El Tolmo de Minateda\"}]},{\"@type\":\"WebSite\",\"@id\":\"https:\/\/camposdehellinqr.com\/#website\",\"url\":\"https:\/\/camposdehellinqr.com\/\",\"name\":\"Campos de Hell\u00edn QR\",\"description\":\"La comarca Campos de Hell\u00edn en 360\u00ba\",\"publisher\":{\"@id\":\"https:\/\/camposdehellinqr.com\/#organization\"},\"potentialAction\":[{\"@type\":\"SearchAction\",\"target\":{\"@type\":\"EntryPoint\",\"urlTemplate\":\"https:\/\/camposdehellinqr.com\/?s={search_term_string}\"},\"query-input\":\"required name=search_term_string\"}],\"inLanguage\":\"es\"},{\"@type\":\"Organization\",\"@id\":\"https:\/\/camposdehellinqr.com\/#organization\",\"name\":\"Campos de Hell\u00edn QR\",\"url\":\"https:\/\/camposdehellinqr.com\/\",\"logo\":{\"@type\":\"ImageObject\",\"inLanguage\":\"es\",\"@id\":\"https:\/\/camposdehellinqr.com\/#\/schema\/logo\/image\/\",\"url\":\"https:\/\/camposdehellinqr.com\/wp-content\/uploads\/2020\/02\/logoqr.png\",\"contentUrl\":\"https:\/\/camposdehellinqr.com\/wp-content\/uploads\/2020\/02\/logoqr.png\",\"width\":300,\"height\":50,\"caption\":\"Campos de Hell\u00edn QR\"},\"image\":{\"@id\":\"https:\/\/camposdehellinqr.com\/#\/schema\/logo\/image\/\"}}]}<\/script>\n<!-- \/ Yoast SEO Premium plugin. -->","yoast_head_json":{"title":"El Tolmo de Minateda - Campos de Hell\u00edn QR","robots":{"index":"index","follow":"follow","max-snippet":"max-snippet:-1","max-image-preview":"max-image-preview:large","max-video-preview":"max-video-preview:-1"},"canonical":"https:\/\/camposdehellinqr.com\/index.php\/93-el-tolmo-de-minateda\/","og_locale":"es_ES","og_type":"article","og_title":"El Tolmo de Minateda","og_description":"El Tolmo de Minateda El Tolmo de Minateda es el primer parque arqueol\u00f3gico creado en la provincia de Albacete por el Gobierno de Castilla-La Mancha. Esta \u201cciudad en el camino\u201d est\u00e1 junto a v\u00eda romana que comunicaba Cartago Nova (Cartagena) con Complutum (Alcal\u00e1 de Henares) y que actualmente lo hacen la carretera nacional N-301 y &hellip; El Tolmo de Minateda Leer m\u00e1s &raquo;","og_url":"https:\/\/camposdehellinqr.com\/index.php\/93-el-tolmo-de-minateda\/","og_site_name":"Campos de Hell\u00edn QR","article_modified_time":"2023-09-19T17:35:18+00:00","og_image":[{"url":"https:\/\/camposdehellinqr.com\/wp-content\/uploads\/2023\/09\/tolmo.jpg"}],"twitter_card":"summary_large_image","twitter_misc":{"Tiempo de lectura":"3 minutos"},"schema":{"@context":"https:\/\/schema.org","@graph":[{"@type":"WebPage","@id":"https:\/\/camposdehellinqr.com\/index.php\/93-el-tolmo-de-minateda\/","url":"https:\/\/camposdehellinqr.com\/index.php\/93-el-tolmo-de-minateda\/","name":"El Tolmo de Minateda - Campos de Hell\u00edn QR","isPartOf":{"@id":"https:\/\/camposdehellinqr.com\/#website"},"datePublished":"2023-09-19T10:14:09+00:00","dateModified":"2023-09-19T17:35:18+00:00","breadcrumb":{"@id":"https:\/\/camposdehellinqr.com\/index.php\/93-el-tolmo-de-minateda\/#breadcrumb"},"inLanguage":"es","potentialAction":[{"@type":"ReadAction","target":["https:\/\/camposdehellinqr.com\/index.php\/93-el-tolmo-de-minateda\/"]}]},{"@type":"BreadcrumbList","@id":"https:\/\/camposdehellinqr.com\/index.php\/93-el-tolmo-de-minateda\/#breadcrumb","itemListElement":[{"@type":"ListItem","position":1,"name":"Home","item":"https:\/\/camposdehellinqr.com\/"},{"@type":"ListItem","position":2,"name":"El Tolmo de Minateda"}]},{"@type":"WebSite","@id":"https:\/\/camposdehellinqr.com\/#website","url":"https:\/\/camposdehellinqr.com\/","name":"Campos de Hell\u00edn QR","description":"La comarca Campos de Hell\u00edn en 360\u00ba","publisher":{"@id":"https:\/\/camposdehellinqr.com\/#organization"},"potentialAction":[{"@type":"SearchAction","target":{"@type":"EntryPoint","urlTemplate":"https:\/\/camposdehellinqr.com\/?s={search_term_string}"},"query-input":"required name=search_term_string"}],"inLanguage":"es"},{"@type":"Organization","@id":"https:\/\/camposdehellinqr.com\/#organization","name":"Campos de Hell\u00edn QR","url":"https:\/\/camposdehellinqr.com\/","logo":{"@type":"ImageObject","inLanguage":"es","@id":"https:\/\/camposdehellinqr.com\/#\/schema\/logo\/image\/","url":"https:\/\/camposdehellinqr.com\/wp-content\/uploads\/2020\/02\/logoqr.png","contentUrl":"https:\/\/camposdehellinqr.com\/wp-content\/uploads\/2020\/02\/logoqr.png","width":300,"height":50,"caption":"Campos de Hell\u00edn QR"},"image":{"@id":"https:\/\/camposdehellinqr.com\/#\/schema\/logo\/image\/"}}]}},"_links":{"self":[{"href":"https:\/\/camposdehellinqr.com\/index.php\/wp-json\/wp\/v2\/pages\/6152","targetHints":{"allow":["GET"]}}],"collection":[{"href":"https:\/\/camposdehellinqr.com\/index.php\/wp-json\/wp\/v2\/pages"}],"about":[{"href":"https:\/\/camposdehellinqr.com\/index.php\/wp-json\/wp\/v2\/types\/page"}],"author":[{"embeddable":true,"href":"https:\/\/camposdehellinqr.com\/index.php\/wp-json\/wp\/v2\/users\/1"}],"replies":[{"embeddable":true,"href":"https:\/\/camposdehellinqr.com\/index.php\/wp-json\/wp\/v2\/comments?post=6152"}],"version-history":[{"count":5,"href":"https:\/\/camposdehellinqr.com\/index.php\/wp-json\/wp\/v2\/pages\/6152\/revisions"}],"predecessor-version":[{"id":6475,"href":"https:\/\/camposdehellinqr.com\/index.php\/wp-json\/wp\/v2\/pages\/6152\/revisions\/6475"}],"wp:attachment":[{"href":"https:\/\/camposdehellinqr.com\/index.php\/wp-json\/wp\/v2\/media?parent=6152"}],"curies":[{"name":"wp","href":"https:\/\/api.w.org\/{rel}","templated":true}]}}