{"id":6339,"date":"2023-09-19T16:32:58","date_gmt":"2023-09-19T16:32:58","guid":{"rendered":"https:\/\/camposdehellinqr.com\/?page_id=6339"},"modified":"2023-09-19T17:43:39","modified_gmt":"2023-09-19T17:43:39","slug":"sierra-de-los-donceles","status":"publish","type":"page","link":"https:\/\/camposdehellinqr.com\/index.php\/sierra-de-los-donceles\/","title":{"rendered":"Sierra de los Donceles"},"content":{"rendered":"\t\t<div data-elementor-type=\"wp-page\" data-elementor-id=\"6339\" class=\"elementor elementor-6339\" data-elementor-post-type=\"page\">\n\t\t\t\t\t\t\t\t\t<section class=\"elementor-section elementor-top-section elementor-element elementor-element-89ef3ac elementor-section-boxed elementor-section-height-default elementor-section-height-default\" data-id=\"89ef3ac\" data-element_type=\"section\">\n\t\t\t\t\t\t\t<div class=\"elementor-background-overlay\"><\/div>\n\t\t\t\t\t\t\t<div class=\"elementor-container elementor-column-gap-default\">\n\t\t\t\t\t<div class=\"elementor-column elementor-col-100 elementor-top-column elementor-element elementor-element-e076a23\" data-id=\"e076a23\" data-element_type=\"column\">\n\t\t\t<div class=\"elementor-widget-wrap elementor-element-populated\">\n\t\t\t\t\t\t\t\t<div class=\"elementor-element elementor-element-c7e6a46 elementor-widget elementor-widget-heading\" data-id=\"c7e6a46\" data-element_type=\"widget\" data-widget_type=\"heading.default\">\n\t\t\t\t<div class=\"elementor-widget-container\">\n\t\t\t<h3 class=\"elementor-heading-title elementor-size-default\">Sierra de los Donceles<\/h3>\t\t<\/div>\n\t\t\t\t<\/div>\n\t\t\t\t<div class=\"elementor-element elementor-element-bd15688 elementor-widget elementor-widget-google_maps\" data-id=\"bd15688\" data-element_type=\"widget\" data-widget_type=\"google_maps.default\">\n\t\t\t\t<div class=\"elementor-widget-container\">\n\t\t\t\t\t<div class=\"elementor-custom-embed\">\n\t\t\t<iframe loading=\"lazy\"\n\t\t\t\t\tsrc=\"https:\/\/maps.google.com\/maps?q=38%C2%B023%2719.8%22N%201%C2%B039%2710.4%22W&#038;t=m&#038;z=14&#038;output=embed&#038;iwloc=near\"\n\t\t\t\t\ttitle=\"38\u00b023&#039;19.8&quot;N 1\u00b039&#039;10.4&quot;W\"\n\t\t\t\t\taria-label=\"38\u00b023&#039;19.8&quot;N 1\u00b039&#039;10.4&quot;W\"\n\t\t\t><\/iframe>\n\t\t<\/div>\n\t\t\t\t<\/div>\n\t\t\t\t<\/div>\n\t\t\t\t<div class=\"elementor-element elementor-element-3889d7b elementor-widget elementor-widget-text-editor\" data-id=\"3889d7b\" data-element_type=\"widget\" data-widget_type=\"text-editor.default\">\n\t\t\t\t<div class=\"elementor-widget-container\">\n\t\t\t\t\t\t\t<p>En el Valle de Agram\u00f3n existen varios espacios naturales protegidos: el Monumento Natural \u201cPit\u00f3n volc\u00e1nico de Cancarix\u201d, en la Sierra de la Cabras, la Microrreserva \u201cSaladar de Agram\u00f3n\u201d y la Sierra de los Donceles.<\/p><p>La <strong>Sierra de los Donceles<\/strong> tambi\u00e9n est\u00e1 incluida en el LIC \u201c<i>Sierras de Alcaraz y de Segura y Ca\u00f1ones del Segura y del Mundo<\/i>\u201d, siendo el espol\u00f3n m\u00e1s oriental que separa los valles de ambos r\u00edos. La umbr\u00eda de esta sierra fue de la mejor librada del incendio de los primeros d\u00edas de julio de 2012, que se extendi\u00f3 por aproximadamente cinco mil hect\u00e1reas de las sierras de Hell\u00edn, y en la vertiente meridional afect\u00f3 especialmente al <i>Prado Pi\u00f1ero<\/i>, que era el paraje con mayor concentraci\u00f3n de pinos carrascos y pi\u00f1oneros, tambi\u00e9n llamados donceles.<\/p>\t\t\t\t\t\t<\/div>\n\t\t\t\t<\/div>\n\t\t\t\t<div class=\"elementor-element elementor-element-1ba3ed5 elementor-widget elementor-widget-image\" data-id=\"1ba3ed5\" data-element_type=\"widget\" data-widget_type=\"image.default\">\n\t\t\t\t<div class=\"elementor-widget-container\">\n\t\t\t\t\t\t\t\t\t\t\t\t\t\t\t\t<a href=\"\/images\/360\/52b\/index.htm\">\n\t\t\t\t\t\t\t<img loading=\"lazy\" decoding=\"async\" width=\"800\" height=\"403\" src=\"https:\/\/camposdehellinqr.com\/wp-content\/uploads\/2023\/09\/donceles.jpg\" class=\"attachment-large size-large wp-image-6108\" alt=\"\" srcset=\"https:\/\/camposdehellinqr.com\/wp-content\/uploads\/2023\/09\/donceles.jpg 800w, https:\/\/camposdehellinqr.com\/wp-content\/uploads\/2023\/09\/donceles-300x151.jpg 300w, https:\/\/camposdehellinqr.com\/wp-content\/uploads\/2023\/09\/donceles-768x387.jpg 768w\" sizes=\"auto, (max-width: 800px) 100vw, 800px\" \/>\t\t\t\t\t\t\t\t<\/a>\n\t\t\t\t\t\t\t\t\t\t\t\t\t\t\t<\/div>\n\t\t\t\t<\/div>\n\t\t\t\t<div class=\"elementor-element elementor-element-a56a1c7 elementor-widget elementor-widget-text-editor\" data-id=\"a56a1c7\" data-element_type=\"widget\" data-widget_type=\"text-editor.default\">\n\t\t\t\t<div class=\"elementor-widget-container\">\n\t\t\t\t\t\t\t<p><strong><a href=\"http:\/\/www.camposdehellinqr.com\/images\/360\/52b\/index.htm\">Acceder a Visita Virtual 360\u00ba<\/a><\/strong><\/p>\t\t\t\t\t\t<\/div>\n\t\t\t\t<\/div>\n\t\t\t\t<div class=\"elementor-element elementor-element-dc941c8 elementor-widget elementor-widget-text-editor\" data-id=\"dc941c8\" data-element_type=\"widget\" data-widget_type=\"text-editor.default\">\n\t\t\t\t<div class=\"elementor-widget-container\">\n\t\t\t\t\t\t\t<p>El decreto 82\/2005 del Gobierno de Castilla-La Mancha design\u00f3 36 zonas de especial protecci\u00f3n para las aves (ZEPA), en toda la regi\u00f3n, y las declar\u00f3 zonas sensibles, entre ellas las \u201c<i>Sierras de Alcaraz y Segura y Ca\u00f1ones del Segura y del Mundo<\/i>\u201d. Seg\u00fan la directiva europea, relativa a la conservaci\u00f3n de las aves silvestres, se clasificar\u00e1n como ZEPA los territorios m\u00e1s adecuados en n\u00famero y superficie para la conservaci\u00f3n de las especies se\u00f1aladas en dicha directiva, as\u00ed como para las dem\u00e1s especies migratorias de presencia regular, especialmente en lo que se refiere a la protecci\u00f3n de sus enclaves de reproducci\u00f3n, muda, invernada y descanso. En los Donceles, las paredes terrosas con muchas cavidades suelen servir de refugio a multitud de aves (Antonio Manzanares, 2009) como chovas, grajillas, carrascas, cern\u00edcalos y multitud de peque\u00f1os p\u00e1jaros. Pero a veces esos agujeros son utilizados por los halcones peregrinos para descansar e incluso para anidar.<\/p><p>La pista forestal que atraviesa esta sierra es llamada Camino de An\u00edbal porque se ha relacionado con la expedici\u00f3n que hizo el ejercito cartagin\u00e9s, en el a\u00f1o 222 antes de nuestra era, desde Cartagena hacia la conquista del interior de la pen\u00ednsula, remontando los r\u00edos Segura y Mundo hasta llegar al Valle de Agram\u00f3n, donde encontrar\u00edan un importante poblado \u00edbero en <i>El Tolmo<\/i> de Minateda.<\/p><p>El \u00e1rea protegida del <strong>Saladar de Agram\u00f3n<\/strong> tiene una superficie de 162,9 hect\u00e1reas que se extiende por una estrecha franja en ambas m\u00e1rgenes del arroyo de Tobarra. Los saladares son \u00e1reas de terreno donde el suelo se caracteriza por la presencia de sales solubles de sodio o magnesio y por falta de agua durante largos periodos de tiempo, lo cual provoca una modificaci\u00f3n sustancial en la vegetaci\u00f3n. En consecuencia s\u00f3lo aparecen un tipo de plantas muy especializadas que se han adaptado a condiciones de extrema subsistencia. Estas zonas fueron muy comunes en la comarca, donde se cultivaba la barrilla para la producci\u00f3n de sosa. Este saladar se mantiene por una red hidrogr\u00e1fica de escorrent\u00eda superficial, con inundaciones naturales de cierta intensidad en los periodos de m\u00e1xima pluviometr\u00eda. La importancia y singularidad de los h\u00e1bitats y especies de la zona, motiv\u00f3 su declaraci\u00f3n como microrreserva en 2005 por el Gobierno de Castilla-La Mancha y desde el a\u00f1o siguiente comparte reconocimiento como Lugar de Importancia Comunitaria (LIC) con el <i>Saladar de Cordovilla <\/i>y la <i>Laguna de Alboraj<\/i>.<\/p>\t\t\t\t\t\t<\/div>\n\t\t\t\t<\/div>\n\t\t\t\t\t<\/div>\n\t\t<\/div>\n\t\t\t\t\t\t\t<\/div>\n\t\t<\/section>\n\t\t\t\t\t\t\t<\/div>\n\t\t","protected":false},"excerpt":{"rendered":"<p>Sierra de los Donceles En el Valle de Agram\u00f3n existen varios espacios naturales protegidos: el Monumento Natural \u201cPit\u00f3n volc\u00e1nico de Cancarix\u201d, en la Sierra de la Cabras, la Microrreserva \u201cSaladar de Agram\u00f3n\u201d y la Sierra de los Donceles. La Sierra de los Donceles tambi\u00e9n est\u00e1 incluida en el LIC \u201cSierras de Alcaraz y de Segura &hellip;<\/p>\n<p class=\"read-more\"> <a class=\"\" href=\"https:\/\/camposdehellinqr.com\/index.php\/sierra-de-los-donceles\/\"> <span class=\"screen-reader-text\">Sierra de los Donceles<\/span> Leer m\u00e1s &raquo;<\/a><\/p>\n","protected":false},"author":1,"featured_media":0,"parent":0,"menu_order":0,"comment_status":"closed","ping_status":"closed","template":"","meta":{"site-sidebar-layout":"no-sidebar","site-content-layout":"page-builder","ast-site-content-layout":"full-width-container","site-content-style":"default","site-sidebar-style":"default","ast-global-header-display":"","ast-banner-title-visibility":"","ast-main-header-display":"","ast-hfb-above-header-display":"","ast-hfb-below-header-display":"","ast-hfb-mobile-header-display":"","site-post-title":"disabled","ast-breadcrumbs-content":"","ast-featured-img":"disabled","footer-sml-layout":"","theme-transparent-header-meta":"","adv-header-id-meta":"","stick-header-meta":"","header-above-stick-meta":"","header-main-stick-meta":"","header-below-stick-meta":"","astra-migrate-meta-layouts":"set","footnotes":""},"class_list":["post-6339","page","type-page","status-publish","hentry"],"yoast_head":"<!-- This site is optimized with the Yoast SEO Premium plugin v20.0 (Yoast SEO v21.3) - https:\/\/yoast.com\/wordpress\/plugins\/seo\/ -->\n<title>Sierra de los Donceles - Campos de Hell\u00edn QR<\/title>\n<meta name=\"robots\" content=\"index, follow, max-snippet:-1, max-image-preview:large, max-video-preview:-1\" \/>\n<link rel=\"canonical\" href=\"https:\/\/camposdehellinqr.com\/index.php\/sierra-de-los-donceles\/\" \/>\n<meta property=\"og:locale\" content=\"es_ES\" \/>\n<meta property=\"og:type\" content=\"article\" \/>\n<meta property=\"og:title\" content=\"Sierra de los Donceles\" \/>\n<meta property=\"og:description\" content=\"Sierra de los Donceles En el Valle de Agram\u00f3n existen varios espacios naturales protegidos: el Monumento Natural \u201cPit\u00f3n volc\u00e1nico de Cancarix\u201d, en la Sierra de la Cabras, la Microrreserva \u201cSaladar de Agram\u00f3n\u201d y la Sierra de los Donceles. La Sierra de los Donceles tambi\u00e9n est\u00e1 incluida en el LIC \u201cSierras de Alcaraz y de Segura &hellip; Sierra de los Donceles Leer m\u00e1s &raquo;\" \/>\n<meta property=\"og:url\" content=\"https:\/\/camposdehellinqr.com\/index.php\/sierra-de-los-donceles\/\" \/>\n<meta property=\"og:site_name\" content=\"Campos de Hell\u00edn QR\" \/>\n<meta property=\"article:modified_time\" content=\"2023-09-19T17:43:39+00:00\" \/>\n<meta property=\"og:image\" content=\"https:\/\/camposdehellinqr.com\/wp-content\/uploads\/2023\/09\/donceles.jpg\" \/>\n<meta name=\"twitter:card\" content=\"summary_large_image\" \/>\n<meta name=\"twitter:label1\" content=\"Tiempo de lectura\" \/>\n\t<meta name=\"twitter:data1\" content=\"3 minutos\" \/>\n<script type=\"application\/ld+json\" class=\"yoast-schema-graph\">{\"@context\":\"https:\/\/schema.org\",\"@graph\":[{\"@type\":\"WebPage\",\"@id\":\"https:\/\/camposdehellinqr.com\/index.php\/sierra-de-los-donceles\/\",\"url\":\"https:\/\/camposdehellinqr.com\/index.php\/sierra-de-los-donceles\/\",\"name\":\"Sierra de los Donceles - Campos de Hell\u00edn QR\",\"isPartOf\":{\"@id\":\"https:\/\/camposdehellinqr.com\/#website\"},\"datePublished\":\"2023-09-19T16:32:58+00:00\",\"dateModified\":\"2023-09-19T17:43:39+00:00\",\"breadcrumb\":{\"@id\":\"https:\/\/camposdehellinqr.com\/index.php\/sierra-de-los-donceles\/#breadcrumb\"},\"inLanguage\":\"es\",\"potentialAction\":[{\"@type\":\"ReadAction\",\"target\":[\"https:\/\/camposdehellinqr.com\/index.php\/sierra-de-los-donceles\/\"]}]},{\"@type\":\"BreadcrumbList\",\"@id\":\"https:\/\/camposdehellinqr.com\/index.php\/sierra-de-los-donceles\/#breadcrumb\",\"itemListElement\":[{\"@type\":\"ListItem\",\"position\":1,\"name\":\"Home\",\"item\":\"https:\/\/camposdehellinqr.com\/\"},{\"@type\":\"ListItem\",\"position\":2,\"name\":\"Sierra de los Donceles\"}]},{\"@type\":\"WebSite\",\"@id\":\"https:\/\/camposdehellinqr.com\/#website\",\"url\":\"https:\/\/camposdehellinqr.com\/\",\"name\":\"Campos de Hell\u00edn QR\",\"description\":\"La comarca Campos de Hell\u00edn en 360\u00ba\",\"publisher\":{\"@id\":\"https:\/\/camposdehellinqr.com\/#organization\"},\"potentialAction\":[{\"@type\":\"SearchAction\",\"target\":{\"@type\":\"EntryPoint\",\"urlTemplate\":\"https:\/\/camposdehellinqr.com\/?s={search_term_string}\"},\"query-input\":\"required name=search_term_string\"}],\"inLanguage\":\"es\"},{\"@type\":\"Organization\",\"@id\":\"https:\/\/camposdehellinqr.com\/#organization\",\"name\":\"Campos de Hell\u00edn QR\",\"url\":\"https:\/\/camposdehellinqr.com\/\",\"logo\":{\"@type\":\"ImageObject\",\"inLanguage\":\"es\",\"@id\":\"https:\/\/camposdehellinqr.com\/#\/schema\/logo\/image\/\",\"url\":\"https:\/\/camposdehellinqr.com\/wp-content\/uploads\/2020\/02\/logoqr.png\",\"contentUrl\":\"https:\/\/camposdehellinqr.com\/wp-content\/uploads\/2020\/02\/logoqr.png\",\"width\":300,\"height\":50,\"caption\":\"Campos de Hell\u00edn QR\"},\"image\":{\"@id\":\"https:\/\/camposdehellinqr.com\/#\/schema\/logo\/image\/\"}}]}<\/script>\n<!-- \/ Yoast SEO Premium plugin. -->","yoast_head_json":{"title":"Sierra de los Donceles - Campos de Hell\u00edn QR","robots":{"index":"index","follow":"follow","max-snippet":"max-snippet:-1","max-image-preview":"max-image-preview:large","max-video-preview":"max-video-preview:-1"},"canonical":"https:\/\/camposdehellinqr.com\/index.php\/sierra-de-los-donceles\/","og_locale":"es_ES","og_type":"article","og_title":"Sierra de los Donceles","og_description":"Sierra de los Donceles En el Valle de Agram\u00f3n existen varios espacios naturales protegidos: el Monumento Natural \u201cPit\u00f3n volc\u00e1nico de Cancarix\u201d, en la Sierra de la Cabras, la Microrreserva \u201cSaladar de Agram\u00f3n\u201d y la Sierra de los Donceles. La Sierra de los Donceles tambi\u00e9n est\u00e1 incluida en el LIC \u201cSierras de Alcaraz y de Segura &hellip; Sierra de los Donceles Leer m\u00e1s &raquo;","og_url":"https:\/\/camposdehellinqr.com\/index.php\/sierra-de-los-donceles\/","og_site_name":"Campos de Hell\u00edn QR","article_modified_time":"2023-09-19T17:43:39+00:00","og_image":[{"url":"https:\/\/camposdehellinqr.com\/wp-content\/uploads\/2023\/09\/donceles.jpg"}],"twitter_card":"summary_large_image","twitter_misc":{"Tiempo de lectura":"3 minutos"},"schema":{"@context":"https:\/\/schema.org","@graph":[{"@type":"WebPage","@id":"https:\/\/camposdehellinqr.com\/index.php\/sierra-de-los-donceles\/","url":"https:\/\/camposdehellinqr.com\/index.php\/sierra-de-los-donceles\/","name":"Sierra de los Donceles - Campos de Hell\u00edn QR","isPartOf":{"@id":"https:\/\/camposdehellinqr.com\/#website"},"datePublished":"2023-09-19T16:32:58+00:00","dateModified":"2023-09-19T17:43:39+00:00","breadcrumb":{"@id":"https:\/\/camposdehellinqr.com\/index.php\/sierra-de-los-donceles\/#breadcrumb"},"inLanguage":"es","potentialAction":[{"@type":"ReadAction","target":["https:\/\/camposdehellinqr.com\/index.php\/sierra-de-los-donceles\/"]}]},{"@type":"BreadcrumbList","@id":"https:\/\/camposdehellinqr.com\/index.php\/sierra-de-los-donceles\/#breadcrumb","itemListElement":[{"@type":"ListItem","position":1,"name":"Home","item":"https:\/\/camposdehellinqr.com\/"},{"@type":"ListItem","position":2,"name":"Sierra de los Donceles"}]},{"@type":"WebSite","@id":"https:\/\/camposdehellinqr.com\/#website","url":"https:\/\/camposdehellinqr.com\/","name":"Campos de Hell\u00edn QR","description":"La comarca Campos de Hell\u00edn en 360\u00ba","publisher":{"@id":"https:\/\/camposdehellinqr.com\/#organization"},"potentialAction":[{"@type":"SearchAction","target":{"@type":"EntryPoint","urlTemplate":"https:\/\/camposdehellinqr.com\/?s={search_term_string}"},"query-input":"required name=search_term_string"}],"inLanguage":"es"},{"@type":"Organization","@id":"https:\/\/camposdehellinqr.com\/#organization","name":"Campos de Hell\u00edn QR","url":"https:\/\/camposdehellinqr.com\/","logo":{"@type":"ImageObject","inLanguage":"es","@id":"https:\/\/camposdehellinqr.com\/#\/schema\/logo\/image\/","url":"https:\/\/camposdehellinqr.com\/wp-content\/uploads\/2020\/02\/logoqr.png","contentUrl":"https:\/\/camposdehellinqr.com\/wp-content\/uploads\/2020\/02\/logoqr.png","width":300,"height":50,"caption":"Campos de Hell\u00edn QR"},"image":{"@id":"https:\/\/camposdehellinqr.com\/#\/schema\/logo\/image\/"}}]}},"_links":{"self":[{"href":"https:\/\/camposdehellinqr.com\/index.php\/wp-json\/wp\/v2\/pages\/6339","targetHints":{"allow":["GET"]}}],"collection":[{"href":"https:\/\/camposdehellinqr.com\/index.php\/wp-json\/wp\/v2\/pages"}],"about":[{"href":"https:\/\/camposdehellinqr.com\/index.php\/wp-json\/wp\/v2\/types\/page"}],"author":[{"embeddable":true,"href":"https:\/\/camposdehellinqr.com\/index.php\/wp-json\/wp\/v2\/users\/1"}],"replies":[{"embeddable":true,"href":"https:\/\/camposdehellinqr.com\/index.php\/wp-json\/wp\/v2\/comments?post=6339"}],"version-history":[{"count":5,"href":"https:\/\/camposdehellinqr.com\/index.php\/wp-json\/wp\/v2\/pages\/6339\/revisions"}],"predecessor-version":[{"id":6526,"href":"https:\/\/camposdehellinqr.com\/index.php\/wp-json\/wp\/v2\/pages\/6339\/revisions\/6526"}],"wp:attachment":[{"href":"https:\/\/camposdehellinqr.com\/index.php\/wp-json\/wp\/v2\/media?parent=6339"}],"curies":[{"name":"wp","href":"https:\/\/api.w.org\/{rel}","templated":true}]}}