{"id":6343,"date":"2023-09-19T16:24:48","date_gmt":"2023-09-19T16:24:48","guid":{"rendered":"https:\/\/camposdehellinqr.com\/?page_id=6343"},"modified":"2023-09-19T17:43:10","modified_gmt":"2023-09-19T17:43:10","slug":"iglesia-de-san-roque","status":"publish","type":"page","link":"https:\/\/camposdehellinqr.com\/index.php\/iglesia-de-san-roque\/","title":{"rendered":"Iglesia de San Roque"},"content":{"rendered":"\t\t<div data-elementor-type=\"wp-page\" data-elementor-id=\"6343\" class=\"elementor elementor-6343\" data-elementor-post-type=\"page\">\n\t\t\t\t\t\t\t\t\t<section class=\"elementor-section elementor-top-section elementor-element elementor-element-89ef3ac elementor-section-boxed elementor-section-height-default elementor-section-height-default\" data-id=\"89ef3ac\" data-element_type=\"section\">\n\t\t\t\t\t\t\t<div class=\"elementor-background-overlay\"><\/div>\n\t\t\t\t\t\t\t<div class=\"elementor-container elementor-column-gap-default\">\n\t\t\t\t\t<div class=\"elementor-column elementor-col-100 elementor-top-column elementor-element elementor-element-e076a23\" data-id=\"e076a23\" data-element_type=\"column\">\n\t\t\t<div class=\"elementor-widget-wrap elementor-element-populated\">\n\t\t\t\t\t\t\t\t<div class=\"elementor-element elementor-element-c7e6a46 elementor-widget elementor-widget-heading\" data-id=\"c7e6a46\" data-element_type=\"widget\" data-widget_type=\"heading.default\">\n\t\t\t\t<div class=\"elementor-widget-container\">\n\t\t\t<h3 class=\"elementor-heading-title elementor-size-default\">Iglesia de San Roque (S. XVIII)<\/h3>\t\t<\/div>\n\t\t\t\t<\/div>\n\t\t\t\t<div class=\"elementor-element elementor-element-bd15688 elementor-widget elementor-widget-google_maps\" data-id=\"bd15688\" data-element_type=\"widget\" data-widget_type=\"google_maps.default\">\n\t\t\t\t<div class=\"elementor-widget-container\">\n\t\t\t\t\t<div class=\"elementor-custom-embed\">\n\t\t\t<iframe loading=\"lazy\"\n\t\t\t\t\tsrc=\"https:\/\/maps.google.com\/maps?q=Iglesia%20de%20San%20Roque%20hellin&#038;t=m&#038;z=16&#038;output=embed&#038;iwloc=near\"\n\t\t\t\t\ttitle=\"Iglesia de San Roque hellin\"\n\t\t\t\t\taria-label=\"Iglesia de San Roque hellin\"\n\t\t\t><\/iframe>\n\t\t<\/div>\n\t\t\t\t<\/div>\n\t\t\t\t<\/div>\n\t\t\t\t<div class=\"elementor-element elementor-element-3889d7b elementor-widget elementor-widget-text-editor\" data-id=\"3889d7b\" data-element_type=\"widget\" data-widget_type=\"text-editor.default\">\n\t\t\t\t<div class=\"elementor-widget-container\">\n\t\t\t\t\t\t\t<p>Las primeras noticias que tenemos en relaci\u00f3n al culto a San Roque en Hell\u00edn provienen de las relaciones topogr\u00e1ficas de Felipe II, del a\u00f1o 1576, donde se cita que en la poblaci\u00f3n se ven\u00edan celebrando las fiestas del Santo protector de la peste el d\u00eda 16 de agosto. Sin embargo no se cont\u00f3 con ermita dedicada al santo hasta el siglo XVIII.<\/p>\t\t\t\t\t\t<\/div>\n\t\t\t\t<\/div>\n\t\t\t\t<div class=\"elementor-element elementor-element-1ba3ed5 elementor-widget elementor-widget-image\" data-id=\"1ba3ed5\" data-element_type=\"widget\" data-widget_type=\"image.default\">\n\t\t\t\t<div class=\"elementor-widget-container\">\n\t\t\t\t\t\t\t\t\t\t\t\t\t\t\t\t<a href=\"\/images\/360\/72\/index.htm\">\n\t\t\t\t\t\t\t<img loading=\"lazy\" decoding=\"async\" width=\"800\" height=\"310\" src=\"https:\/\/camposdehellinqr.com\/wp-content\/uploads\/2023\/09\/sanroque4.jpg\" class=\"attachment-large size-large wp-image-6088\" alt=\"\" srcset=\"https:\/\/camposdehellinqr.com\/wp-content\/uploads\/2023\/09\/sanroque4.jpg 800w, https:\/\/camposdehellinqr.com\/wp-content\/uploads\/2023\/09\/sanroque4-300x116.jpg 300w, https:\/\/camposdehellinqr.com\/wp-content\/uploads\/2023\/09\/sanroque4-768x298.jpg 768w\" sizes=\"auto, (max-width: 800px) 100vw, 800px\" \/>\t\t\t\t\t\t\t\t<\/a>\n\t\t\t\t\t\t\t\t\t\t\t\t\t\t\t<\/div>\n\t\t\t\t<\/div>\n\t\t\t\t<div class=\"elementor-element elementor-element-a56a1c7 elementor-widget elementor-widget-text-editor\" data-id=\"a56a1c7\" data-element_type=\"widget\" data-widget_type=\"text-editor.default\">\n\t\t\t\t<div class=\"elementor-widget-container\">\n\t\t\t\t\t\t\t<p><strong><a href=\"http:\/\/www.camposdehellinqr.com\/images\/360\/72\/index.htm\">Acceder a Visita Virtual 360\u00ba<\/a><\/strong><\/p>\t\t\t\t\t\t<\/div>\n\t\t\t\t<\/div>\n\t\t\t\t<div class=\"elementor-element elementor-element-dc941c8 elementor-widget elementor-widget-text-editor\" data-id=\"dc941c8\" data-element_type=\"widget\" data-widget_type=\"text-editor.default\">\n\t\t\t\t<div class=\"elementor-widget-container\">\n\t\t\t\t\t\t\t<p>Poco m\u00e1s sabemos sobre el primitivo edificio. Se ha publicado que ten\u00eda una espada\u00f1a en la parte izquierda, la que linda con la calle Campana \u2013 de ah\u00ed el posible origen del nombre de la calle- y que fue demolida en 1880.<\/p><p>Seg\u00fan fuentes del a\u00f1o 1883, tenemos noticias de la demolici\u00f3n del viejo edificio de San Roque y construcci\u00f3n del actual:<br \/>\u201cLa iglesia de San Roque se est\u00e1 levantando en planta, porque estaba en estado ruinoso y no correspond\u00eda a las necesidades del culto [\u2026] Ser\u00e1 espaciosa: figurando una cruz latina, dividida en tres naves que formar\u00e1n bonito crucero en cuyo centro se levanta una esbelta media naranja y en su fachada se servir\u00e1n de ornamento dos torres de aguja que puedan sostener el juego de campanas. [\u2026] el presb\u00edtero Manuel O\u00f1ate, a cuya iniciativa e incansable actividad se deben los trabajos que van hechos y los materiales que hay preparados para continuarlos\u201d.<\/p><p>Concluido en el \u00faltimo cuarto del siglo XIX, el templo y dependencias anexas ocupan una superficie de 389m2. Est\u00e1 delimitada por las calles Esparcia, Campana y Huerta. La \u00fanica portada del edificio preside la plaza a la que da nombre. \u00c9sta sobresale ligeramente del cuerpo del templo y tiene alg\u00fan elemento decorativo como estrellas de cuatro puntas y una cruz.<\/p><p>Exteriormente su estilo puede definirse como popular. El edificio est\u00e1 revocado y, salvo la escasa decoraci\u00f3n de la fachada principal, a\u00f1adida recientemente, carece de cualquier tipo de elemento ornamental. Tanto el revoco como sus materiales \u2013enfoscado de cemento y cubierta de teja \u00e1rabe- se emplean en la mayor parte de viviendas del entorno, diferenci\u00e1ndose el templo de las casas de alrededor por sus mayores proporciones y presencia de torre y campanario. <br \/>La torre, de planta cuadrangular, se sit\u00faa de manera oblicua a la fachada, presenta dos arcos de medio punto en un lateral y cuatro, uno por cada cara, en la parte superior, donde se alojan las campanas. Su remate es triangular con cubierta de teja \u00e1rabe, al igual que el resto del edificio. Se accede a la iglesia mediante un peque\u00f1o vest\u00edbulo o n\u00e1rtex sobre el que se alza un arco rebajado o escarzano que soporta el peso del coro. La planta es centralizada, enmarcada en un pol\u00edgono irregular, su cabecera es plana y coro alto a los pies.<\/p><p>Los cuatro enormes pilares que soportan el peso de la c\u00fapula articulan la planta en tres naves siendo la central de mayor tama\u00f1o que las laterales. Cada una tiene tres tramos, que se comunican entre s\u00ed por arcos de medio punto. La b\u00f3veda se asienta sobre grandes arcos torales, que a su vez descansan en los pilares citados. El coro se cubre con b\u00f3veda de medio ca\u00f1\u00f3n decorada con nervios y pinjantes queda acotado por una barandilla de forja. Recibe luz de un ventanal ubicado a su espalda que en la fachada queda sobre la puerta principal.<\/p><p>La c\u00fapula descansa sobre cuatro pechinas, con las representaciones de los evangelistas. Es bastante sobria, decorada con ocho nervios de escayola, que convergen hacia el centro en un \u00f3culo ciego con pinjante. Cada extremo termina en una moldura de escayola bajo la que se abren ocho ventanales que proporcionan parte de la iluminaci\u00f3n del edificio. La cubierta de cabecera se resuelve mediante b\u00f3veda de medio ca\u00f1\u00f3n con lunetos y molduras de escayola que imitan el estilo g\u00f3tico. A ambos lados se utilizan b\u00f3vedas de arista.<\/p>\t\t\t\t\t\t<\/div>\n\t\t\t\t<\/div>\n\t\t\t\t<div class=\"elementor-element elementor-element-65c7125 elementor-widget elementor-widget-image\" data-id=\"65c7125\" data-element_type=\"widget\" data-widget_type=\"image.default\">\n\t\t\t\t<div class=\"elementor-widget-container\">\n\t\t\t\t\t\t\t\t\t\t\t\t\t\t\t<img loading=\"lazy\" decoding=\"async\" width=\"800\" height=\"706\" src=\"https:\/\/camposdehellinqr.com\/wp-content\/uploads\/2023\/09\/sanroque.jpg\" class=\"attachment-large size-large wp-image-6086\" alt=\"\" srcset=\"https:\/\/camposdehellinqr.com\/wp-content\/uploads\/2023\/09\/sanroque.jpg 800w, https:\/\/camposdehellinqr.com\/wp-content\/uploads\/2023\/09\/sanroque-300x265.jpg 300w, https:\/\/camposdehellinqr.com\/wp-content\/uploads\/2023\/09\/sanroque-768x678.jpg 768w\" sizes=\"auto, (max-width: 800px) 100vw, 800px\" \/>\t\t\t\t\t\t\t\t\t\t\t\t\t\t\t<\/div>\n\t\t\t\t<\/div>\n\t\t\t\t<div class=\"elementor-element elementor-element-de89254 elementor-widget elementor-widget-text-editor\" data-id=\"de89254\" data-element_type=\"widget\" data-widget_type=\"text-editor.default\">\n\t\t\t\t<div class=\"elementor-widget-container\">\n\t\t\t\t\t\t\t<p>La nave de la derecha o del lado de la ep\u00edstola presenta pilares y arcos de carga, con b\u00f3vedas similares a las de la cabecera, usando el medio ca\u00f1\u00f3n con molduras de escayola. El tramo m\u00e1s cercano a la puerta principal est\u00e1 achaflanado, cubri\u00e9ndose con una pechina. La nave izquierda o del evangelio era sim\u00e9trica a la anterior, pero posteriormente fue ampliada, gan\u00e1ndole unos metros a la calle Campana. La ampliaci\u00f3n se articula mediante un muro cortina en el tramo central y arcos escarzanos a ambos lados, desembocando en un mach\u00f3n o pilar que hoy d\u00eda aparece exento, estando antes de dicha ampliaci\u00f3n embebido en los muros del templo. En el tramo correspondiente a la cabecera tenemos la entrada a la sacrist\u00eda y otras dependencias. La estructuraci\u00f3n del espacio anterior as\u00ed como el uso predominante de varios elementos formales como el arco de medio punto, las ojivas y pinjantes hacen que asignemos el interior del edificio dentro de un estilo Neocl\u00e1sico, con ciertos componentes historicistas procedentes del g\u00f3tico y rom\u00e1nico.<\/p>\t\t\t\t\t\t<\/div>\n\t\t\t\t<\/div>\n\t\t\t\t<div class=\"elementor-element elementor-element-d53201e elementor-widget elementor-widget-image\" data-id=\"d53201e\" data-element_type=\"widget\" data-widget_type=\"image.default\">\n\t\t\t\t<div class=\"elementor-widget-container\">\n\t\t\t\t\t\t\t\t\t\t\t\t\t\t\t<img loading=\"lazy\" decoding=\"async\" width=\"774\" height=\"903\" src=\"https:\/\/camposdehellinqr.com\/wp-content\/uploads\/2023\/09\/sanroque3.jpg\" class=\"attachment-large size-large wp-image-6087\" alt=\"\" srcset=\"https:\/\/camposdehellinqr.com\/wp-content\/uploads\/2023\/09\/sanroque3.jpg 774w, https:\/\/camposdehellinqr.com\/wp-content\/uploads\/2023\/09\/sanroque3-257x300.jpg 257w, https:\/\/camposdehellinqr.com\/wp-content\/uploads\/2023\/09\/sanroque3-768x896.jpg 768w\" sizes=\"auto, (max-width: 774px) 100vw, 774px\" \/>\t\t\t\t\t\t\t\t\t\t\t\t\t\t\t<\/div>\n\t\t\t\t<\/div>\n\t\t\t\t<div class=\"elementor-element elementor-element-f25fbc4 elementor-widget elementor-widget-text-editor\" data-id=\"f25fbc4\" data-element_type=\"widget\" data-widget_type=\"text-editor.default\">\n\t\t\t\t<div class=\"elementor-widget-container\">\n\t\t\t\t\t\t\t<p><span class=\"featured-image\">El <strong>Conjunto Hist\u00f3rico de Hell\u00edn<\/strong>, declarado Bien de Inter\u00e9s Cultural en 2007, ejemplifica la evoluci\u00f3n del urbanismo en los \u00faltimos mil a\u00f1os. Entorno al <strong>Castillo<\/strong>, se conserva desde su fundaci\u00f3n isl\u00e1mica una trama laber\u00edntica de calles estrechas, retorcidas y con callejones ciegos. Entre ellas surge el primer templo cristiano dedicado a Nuestra Se\u00f1ora del <strong>Rosario<\/strong>, reconstruido en los siglos XVIII y XIX. Este n\u00facleo comenz\u00f3 su expansi\u00f3n en el siglo XVI por plazas como la de la <strong>Iglesia de la Asunci\u00f3n<\/strong> y la del Convento de los <strong>Franciscanos<\/strong>. Los cerros de<strong> San Rafael<\/strong> y <strong>San Roque<\/strong> se ocuparon con viviendas sencillas en calles igualmente estrechas que abrazan las ermitas que les dan nombre. Mientras que en las laderas, junto a los huertos, se construyeron casas se\u00f1oriales, como las viviendas convertidas en el Convento de Santa Clara durante el siglo XVII. Ejemplos del XVIII son la Casa Salazar y la Casa de la Fundaci\u00f3n, del XIX es la Casa Falc\u00f3n, en el barrio de<strong> La Portal\u00ed<\/strong>, y de principios del XX es el edificio del <strong>Museo Comarcal<\/strong>. <\/span><\/p>\t\t\t\t\t\t<\/div>\n\t\t\t\t<\/div>\n\t\t\t\t\t<\/div>\n\t\t<\/div>\n\t\t\t\t\t\t\t<\/div>\n\t\t<\/section>\n\t\t\t\t\t\t\t<\/div>\n\t\t","protected":false},"excerpt":{"rendered":"<p>Iglesia de San Roque (S. XVIII) Las primeras noticias que tenemos en relaci\u00f3n al culto a San Roque en Hell\u00edn provienen de las relaciones topogr\u00e1ficas de Felipe II, del a\u00f1o 1576, donde se cita que en la poblaci\u00f3n se ven\u00edan celebrando las fiestas del Santo protector de la peste el d\u00eda 16 de agosto. Sin &hellip;<\/p>\n<p class=\"read-more\"> <a class=\"\" href=\"https:\/\/camposdehellinqr.com\/index.php\/iglesia-de-san-roque\/\"> <span class=\"screen-reader-text\">Iglesia de San Roque<\/span> Leer m\u00e1s &raquo;<\/a><\/p>\n","protected":false},"author":1,"featured_media":0,"parent":0,"menu_order":0,"comment_status":"closed","ping_status":"closed","template":"","meta":{"site-sidebar-layout":"no-sidebar","site-content-layout":"page-builder","ast-site-content-layout":"full-width-container","site-content-style":"default","site-sidebar-style":"default","ast-global-header-display":"","ast-banner-title-visibility":"","ast-main-header-display":"","ast-hfb-above-header-display":"","ast-hfb-below-header-display":"","ast-hfb-mobile-header-display":"","site-post-title":"disabled","ast-breadcrumbs-content":"","ast-featured-img":"disabled","footer-sml-layout":"","theme-transparent-header-meta":"","adv-header-id-meta":"","stick-header-meta":"","header-above-stick-meta":"","header-main-stick-meta":"","header-below-stick-meta":"","astra-migrate-meta-layouts":"set","footnotes":""},"class_list":["post-6343","page","type-page","status-publish","hentry"],"yoast_head":"<!-- This site is optimized with the Yoast SEO Premium plugin v20.0 (Yoast SEO v21.3) - https:\/\/yoast.com\/wordpress\/plugins\/seo\/ -->\n<title>Iglesia de San Roque - Campos de Hell\u00edn QR<\/title>\n<meta name=\"robots\" content=\"index, follow, max-snippet:-1, max-image-preview:large, max-video-preview:-1\" \/>\n<link rel=\"canonical\" href=\"https:\/\/camposdehellinqr.com\/index.php\/iglesia-de-san-roque\/\" \/>\n<meta property=\"og:locale\" content=\"es_ES\" \/>\n<meta property=\"og:type\" content=\"article\" \/>\n<meta property=\"og:title\" content=\"Iglesia de San Roque\" \/>\n<meta property=\"og:description\" content=\"Iglesia de San Roque (S. XVIII) Las primeras noticias que tenemos en relaci\u00f3n al culto a San Roque en Hell\u00edn provienen de las relaciones topogr\u00e1ficas de Felipe II, del a\u00f1o 1576, donde se cita que en la poblaci\u00f3n se ven\u00edan celebrando las fiestas del Santo protector de la peste el d\u00eda 16 de agosto. Sin &hellip; Iglesia de San Roque Leer m\u00e1s &raquo;\" \/>\n<meta property=\"og:url\" content=\"https:\/\/camposdehellinqr.com\/index.php\/iglesia-de-san-roque\/\" \/>\n<meta property=\"og:site_name\" content=\"Campos de Hell\u00edn QR\" \/>\n<meta property=\"article:modified_time\" content=\"2023-09-19T17:43:10+00:00\" \/>\n<meta property=\"og:image\" content=\"https:\/\/camposdehellinqr.com\/wp-content\/uploads\/2023\/09\/sanroque4.jpg\" \/>\n<meta name=\"twitter:card\" content=\"summary_large_image\" \/>\n<meta name=\"twitter:label1\" content=\"Tiempo de lectura\" \/>\n\t<meta name=\"twitter:data1\" content=\"5 minutos\" \/>\n<script type=\"application\/ld+json\" class=\"yoast-schema-graph\">{\"@context\":\"https:\/\/schema.org\",\"@graph\":[{\"@type\":\"WebPage\",\"@id\":\"https:\/\/camposdehellinqr.com\/index.php\/iglesia-de-san-roque\/\",\"url\":\"https:\/\/camposdehellinqr.com\/index.php\/iglesia-de-san-roque\/\",\"name\":\"Iglesia de San Roque - Campos de Hell\u00edn QR\",\"isPartOf\":{\"@id\":\"https:\/\/camposdehellinqr.com\/#website\"},\"datePublished\":\"2023-09-19T16:24:48+00:00\",\"dateModified\":\"2023-09-19T17:43:10+00:00\",\"breadcrumb\":{\"@id\":\"https:\/\/camposdehellinqr.com\/index.php\/iglesia-de-san-roque\/#breadcrumb\"},\"inLanguage\":\"es\",\"potentialAction\":[{\"@type\":\"ReadAction\",\"target\":[\"https:\/\/camposdehellinqr.com\/index.php\/iglesia-de-san-roque\/\"]}]},{\"@type\":\"BreadcrumbList\",\"@id\":\"https:\/\/camposdehellinqr.com\/index.php\/iglesia-de-san-roque\/#breadcrumb\",\"itemListElement\":[{\"@type\":\"ListItem\",\"position\":1,\"name\":\"Home\",\"item\":\"https:\/\/camposdehellinqr.com\/\"},{\"@type\":\"ListItem\",\"position\":2,\"name\":\"Iglesia de San Roque\"}]},{\"@type\":\"WebSite\",\"@id\":\"https:\/\/camposdehellinqr.com\/#website\",\"url\":\"https:\/\/camposdehellinqr.com\/\",\"name\":\"Campos de Hell\u00edn QR\",\"description\":\"La comarca Campos de Hell\u00edn en 360\u00ba\",\"publisher\":{\"@id\":\"https:\/\/camposdehellinqr.com\/#organization\"},\"potentialAction\":[{\"@type\":\"SearchAction\",\"target\":{\"@type\":\"EntryPoint\",\"urlTemplate\":\"https:\/\/camposdehellinqr.com\/?s={search_term_string}\"},\"query-input\":\"required name=search_term_string\"}],\"inLanguage\":\"es\"},{\"@type\":\"Organization\",\"@id\":\"https:\/\/camposdehellinqr.com\/#organization\",\"name\":\"Campos de Hell\u00edn QR\",\"url\":\"https:\/\/camposdehellinqr.com\/\",\"logo\":{\"@type\":\"ImageObject\",\"inLanguage\":\"es\",\"@id\":\"https:\/\/camposdehellinqr.com\/#\/schema\/logo\/image\/\",\"url\":\"https:\/\/camposdehellinqr.com\/wp-content\/uploads\/2020\/02\/logoqr.png\",\"contentUrl\":\"https:\/\/camposdehellinqr.com\/wp-content\/uploads\/2020\/02\/logoqr.png\",\"width\":300,\"height\":50,\"caption\":\"Campos de Hell\u00edn QR\"},\"image\":{\"@id\":\"https:\/\/camposdehellinqr.com\/#\/schema\/logo\/image\/\"}}]}<\/script>\n<!-- \/ Yoast SEO Premium plugin. -->","yoast_head_json":{"title":"Iglesia de San Roque - Campos de Hell\u00edn QR","robots":{"index":"index","follow":"follow","max-snippet":"max-snippet:-1","max-image-preview":"max-image-preview:large","max-video-preview":"max-video-preview:-1"},"canonical":"https:\/\/camposdehellinqr.com\/index.php\/iglesia-de-san-roque\/","og_locale":"es_ES","og_type":"article","og_title":"Iglesia de San Roque","og_description":"Iglesia de San Roque (S. XVIII) Las primeras noticias que tenemos en relaci\u00f3n al culto a San Roque en Hell\u00edn provienen de las relaciones topogr\u00e1ficas de Felipe II, del a\u00f1o 1576, donde se cita que en la poblaci\u00f3n se ven\u00edan celebrando las fiestas del Santo protector de la peste el d\u00eda 16 de agosto. Sin &hellip; Iglesia de San Roque Leer m\u00e1s &raquo;","og_url":"https:\/\/camposdehellinqr.com\/index.php\/iglesia-de-san-roque\/","og_site_name":"Campos de Hell\u00edn QR","article_modified_time":"2023-09-19T17:43:10+00:00","og_image":[{"url":"https:\/\/camposdehellinqr.com\/wp-content\/uploads\/2023\/09\/sanroque4.jpg"}],"twitter_card":"summary_large_image","twitter_misc":{"Tiempo de lectura":"5 minutos"},"schema":{"@context":"https:\/\/schema.org","@graph":[{"@type":"WebPage","@id":"https:\/\/camposdehellinqr.com\/index.php\/iglesia-de-san-roque\/","url":"https:\/\/camposdehellinqr.com\/index.php\/iglesia-de-san-roque\/","name":"Iglesia de San Roque - Campos de Hell\u00edn QR","isPartOf":{"@id":"https:\/\/camposdehellinqr.com\/#website"},"datePublished":"2023-09-19T16:24:48+00:00","dateModified":"2023-09-19T17:43:10+00:00","breadcrumb":{"@id":"https:\/\/camposdehellinqr.com\/index.php\/iglesia-de-san-roque\/#breadcrumb"},"inLanguage":"es","potentialAction":[{"@type":"ReadAction","target":["https:\/\/camposdehellinqr.com\/index.php\/iglesia-de-san-roque\/"]}]},{"@type":"BreadcrumbList","@id":"https:\/\/camposdehellinqr.com\/index.php\/iglesia-de-san-roque\/#breadcrumb","itemListElement":[{"@type":"ListItem","position":1,"name":"Home","item":"https:\/\/camposdehellinqr.com\/"},{"@type":"ListItem","position":2,"name":"Iglesia de San Roque"}]},{"@type":"WebSite","@id":"https:\/\/camposdehellinqr.com\/#website","url":"https:\/\/camposdehellinqr.com\/","name":"Campos de Hell\u00edn QR","description":"La comarca Campos de Hell\u00edn en 360\u00ba","publisher":{"@id":"https:\/\/camposdehellinqr.com\/#organization"},"potentialAction":[{"@type":"SearchAction","target":{"@type":"EntryPoint","urlTemplate":"https:\/\/camposdehellinqr.com\/?s={search_term_string}"},"query-input":"required name=search_term_string"}],"inLanguage":"es"},{"@type":"Organization","@id":"https:\/\/camposdehellinqr.com\/#organization","name":"Campos de Hell\u00edn QR","url":"https:\/\/camposdehellinqr.com\/","logo":{"@type":"ImageObject","inLanguage":"es","@id":"https:\/\/camposdehellinqr.com\/#\/schema\/logo\/image\/","url":"https:\/\/camposdehellinqr.com\/wp-content\/uploads\/2020\/02\/logoqr.png","contentUrl":"https:\/\/camposdehellinqr.com\/wp-content\/uploads\/2020\/02\/logoqr.png","width":300,"height":50,"caption":"Campos de Hell\u00edn QR"},"image":{"@id":"https:\/\/camposdehellinqr.com\/#\/schema\/logo\/image\/"}}]}},"_links":{"self":[{"href":"https:\/\/camposdehellinqr.com\/index.php\/wp-json\/wp\/v2\/pages\/6343","targetHints":{"allow":["GET"]}}],"collection":[{"href":"https:\/\/camposdehellinqr.com\/index.php\/wp-json\/wp\/v2\/pages"}],"about":[{"href":"https:\/\/camposdehellinqr.com\/index.php\/wp-json\/wp\/v2\/types\/page"}],"author":[{"embeddable":true,"href":"https:\/\/camposdehellinqr.com\/index.php\/wp-json\/wp\/v2\/users\/1"}],"replies":[{"embeddable":true,"href":"https:\/\/camposdehellinqr.com\/index.php\/wp-json\/wp\/v2\/comments?post=6343"}],"version-history":[{"count":5,"href":"https:\/\/camposdehellinqr.com\/index.php\/wp-json\/wp\/v2\/pages\/6343\/revisions"}],"predecessor-version":[{"id":6523,"href":"https:\/\/camposdehellinqr.com\/index.php\/wp-json\/wp\/v2\/pages\/6343\/revisions\/6523"}],"wp:attachment":[{"href":"https:\/\/camposdehellinqr.com\/index.php\/wp-json\/wp\/v2\/media?parent=6343"}],"curies":[{"name":"wp","href":"https:\/\/api.w.org\/{rel}","templated":true}]}}